{"id":9022,"date":"2025-07-14T07:51:37","date_gmt":"2025-07-14T07:51:37","guid":{"rendered":"https:\/\/www.wjwsy.com\/?post_type=product&#038;p=9022"},"modified":"2026-04-16T08:32:59","modified_gmt":"2026-04-16T08:32:59","slug":"mini-usb-cable-with-magnetic-ring-usb-2-0-type-a-to-mini-usb-5p-anti-interference-charging-cord-industrial-oem","status":"publish","type":"product","link":"https:\/\/www.wjwsy.com\/pt\/produto\/mini-usb-cable-with-magnetic-ring-usb-2-0-type-a-to-mini-usb-5p-anti-interference-charging-cord-industrial-oem\/","title":{"rendered":"Mini Cabo USB com o Anel Magn\u00e9tico \u2013 USB 2.0 Tipo A para Mini USB 5P Anti-Interfer\u00eancia de Carregamento do Cabo Industrial OEM"},"content":{"rendered":"<div class=\"column mcb-column mcb-item-7qyi8ycen four-fifth laptop-four-fifth tablet-four-fifth mobile-one column_heading\">\n<div class=\"mcb-column-inner mfn-module-wrapper mcb-column-inner-7qyi8ycen mcb-item-heading-inner\">\n<h4 class=\"title ai-optimize-6\">Detalhes T\u00e9cnicos:<\/h4>\n<\/div>\n<\/div>\n<div class=\"column mcb-column mcb-item-4ilcjjmik one laptop-one tablet-one mobile-one column_list_2\">\n<div class=\"mcb-column-inner mfn-module-wrapper mcb-column-inner-4ilcjjmik mcb-item-list_2-inner\">\n<p class=\"ai-optimize-7 ai-optimize-introduction\"><i class=\"icon-dot\" aria-hidden=\"true\"><\/i>Interface de entrada de dados: USB<\/p>\n<p class=\"ai-optimize-8\"><i class=\"icon-dot\" aria-hidden=\"true\"><\/i>Interface de sa\u00edda: USB MINI5p<\/p>\n<p class=\"ai-optimize-9\"><i class=\"icon-dot\" aria-hidden=\"true\"><\/i>Aplica\u00e7\u00e3o: Mini5p dispositivo de interface<\/p>\n<p class=\"ai-optimize-10\"><i class=\"icon-dot\" aria-hidden=\"true\"><\/i>Padr\u00e3o USB: USB 2.0 com anel magn\u00e9tico<\/p>\n<p class=\"ai-optimize-6\">Fun\u00e7\u00e3o: carga + de transmiss\u00e3o de dados<\/p>\n<p class=\"ai-optimize-7\">Tens\u00e3o de funcionamento: 5V<\/p>\n<p class=\"ai-optimize-11\">Transmiss\u00e3o de dados: \u2264480Mbps<\/p>\n<p class=\"ai-optimize-12\"><i class=\"icon-dot\" aria-hidden=\"true\"><\/i>Comprimento: o comprimento personalizado conforme necess\u00e1rio<\/p>\n<p class=\"ai-optimize-13\"><i class=\"icon-dot\" aria-hidden=\"true\"><\/i>Cor: branco\/preto\/personalizados conforme necess\u00e1rio<\/p>\n<p class=\"ai-optimize-14\"><i class=\"icon-dot\" aria-hidden=\"true\"><\/i>Bainha material: PVC<\/p>\n<p class=\"ai-optimize-15\">MOQ: 500<\/p>\n<p class=\"ai-optimize-16\"><i class=\"icon-dot\" aria-hidden=\"true\"><\/i>Inspe\u00e7\u00e3o: QC 100% da inspe\u00e7\u00e3o antes da expedi\u00e7\u00e3o<\/p>\n<\/div>\n<\/div>","protected":false},"excerpt":{"rendered":"<div class=\"trade-terms\">\n<div class=\"trade-terms\">\n<p class=\"ai-optimize-6\"><strong>Termos De Com\u00e9rcio<\/strong>:\u00a0 \u00a0 \u00a0 \u00a0 \u00a0 \u00a0 \u00a0 \u00a0 \u00a0 \u00a0 \u00a0 <span style=\"color: #666699;\">\u00a0 \u00a0 \u00a0<span style=\"color: #333333;\">Shenzhen FOB<\/span><\/span><\/p>\n<p class=\"ai-optimize-7\"><strong>OEM\/ODM:<\/strong>\u00a0 \u00a0 \u00a0 \u00a0 \u00a0 \u00a0 \u00a0 \u00a0 \u00a0 \u00a0 \u00a0 \u00a0 \u00a0 \u00a0 \u00a0 \u00a0 <span style=\"color: #333333;\">Sim<\/span><\/p>\n<p class=\"ai-optimize-8\"><strong>Produ\u00e7\u00e3o:<\/strong>\u00a0 \u00a0 \u00a0 \u00a0 \u00a0 \u00a0 \u00a0 \u00a0 \u00a0 \u00a0 \u00a0 \u00a0 \u00a0 \u00a0 \u00a0 <span style=\"color: #333333;\">De 600.000 PE\u00c7AS\/M\u00eas<\/span><\/p>\n<p class=\"ai-optimize-9\"><strong>Tempo Da Amostra:<\/strong>\u00a0 \u00a0 \u00a0 \u00a0 \u00a0 \u00a0 \u00a0 \u00a0 \u00a0 \u00a0 \u00a0 \u00a0 \u00a0 <span style=\"color: #333333;\">5-10 Dias \u00dateis<\/span><\/p>\n<p class=\"ai-optimize-10\"><strong>Ordem M\u00ednima:<\/strong>\u00a0 \u00a0 \u00a0 \u00a0 \u00a0 \u00a0 \u00a0 \u00a0 \u00a0 \u00a0 \u00a0<span style=\"color: #333333;\">500 Pieces<\/span><\/p>\n<p class=\"ai-optimize-11\"><strong>Pagamento:<\/strong>\u00a0 \u00a0 \u00a0 \u00a0 \u00a0 \u00a0 \u00a0 \u00a0 \u00a0 \u00a0 \u00a0 \u00a0 \u00a0 \u00a0 \u00a0 \u00a0 \u00a0 <span style=\"color: #333333;\">T\/T, PayPal<\/span><\/p>\n<p class=\"ai-optimize-12\"><strong>Origem:<\/strong>\u00a0 \u00a0 \u00a0 \u00a0 \u00a0 \u00a0 \u00a0 \u00a0 \u00a0 \u00a0 \u00a0 \u00a0 \u00a0 \u00a0 \u00a0 \u00a0 \u00a0 \u00a0 \u00a0 \u00a0 <span style=\"color: #333333;\">Shenzhen, China<\/span><\/p>\n<p class=\"ai-optimize-13\"><b>Modelo J-N1002<\/b><\/p>\n<\/div>\n<\/div>","protected":false},"featured_media":9032,"template":"","meta":{"_eb_attr":""},"product_brand":[],"product_cat":[1256],"product_tag":[],"class_list":{"0":"post-9022","1":"product","2":"type-product","3":"status-publish","4":"has-post-thumbnail","6":"product_cat-usb-mini-cable","8":"first","9":"instock","10":"shipping-taxable","11":"product-type-simple"},"yoast_head":"<!-- This site is optimized with the Yoast SEO Premium plugin v23.7 (Yoast SEO v23.7) - https:\/\/yoast.com\/wordpress\/plugins\/seo\/ -->\n<title>Mini USB Cable with Magnetic Ring \u2013 USB 2.0 Type A to Mini USB 5P Anti-Interference Charging Cord Industrial OEM - Professional USB cable manufacturer<\/title>\n<meta name=\"robots\" content=\"index, follow, max-snippet:-1, max-image-preview:large, max-video-preview:-1\" \/>\n<link rel=\"canonical\" href=\"https:\/\/www.wjwsy.com\/pt\/produto\/mini-usb-cable-with-magnetic-ring-usb-2-0-type-a-to-mini-usb-5p-anti-interference-charging-cord-industrial-oem\/\" \/>\n<meta property=\"og:locale\" content=\"pt_PT\" \/>\n<meta property=\"og:type\" content=\"article\" \/>\n<meta property=\"og:title\" content=\"Mini USB Cable with Magnetic Ring \u2013 USB 2.0 Type A to Mini USB 5P Anti-Interference Charging Cord Industrial OEM\" \/>\n<meta property=\"og:description\" content=\"Trade Terms:\u00a0 \u00a0 \u00a0 \u00a0 \u00a0 \u00a0 \u00a0 \u00a0 \u00a0 \u00a0 \u00a0 \u00a0 \u00a0 \u00a0FOB Shenzhen OEM\/ODM:\u00a0 \u00a0 \u00a0 \u00a0 \u00a0 \u00a0 \u00a0 \u00a0 \u00a0 \u00a0 \u00a0 \u00a0 \u00a0 \u00a0 \u00a0 \u00a0 Yes Production:\u00a0 \u00a0 \u00a0 \u00a0 \u00a0 \u00a0 \u00a0 \u00a0 \u00a0 \u00a0 \u00a0 \u00a0 \u00a0 \u00a0 \u00a0 600,000PCS\/Month Sample Time:\u00a0 \u00a0 \u00a0 \u00a0 \u00a0 \u00a0 \u00a0 \u00a0 \u00a0 \u00a0 \u00a0 \u00a0 \u00a0 5-10 Working Days Minimum Order:\u00a0 \u00a0 \u00a0 \u00a0 \u00a0 \u00a0 \u00a0 \u00a0 \u00a0 \u00a0 \u00a0500 Pieces Payment:\u00a0 \u00a0 \u00a0 \u00a0 \u00a0 \u00a0 \u00a0 \u00a0 \u00a0 \u00a0 \u00a0 \u00a0 \u00a0 \u00a0 \u00a0 \u00a0 \u00a0 T\/T, PayPal Origin:\u00a0 \u00a0 \u00a0 \u00a0 \u00a0 \u00a0 \u00a0 \u00a0 \u00a0 \u00a0 \u00a0 \u00a0 \u00a0 \u00a0 \u00a0 \u00a0 \u00a0 \u00a0 \u00a0 \u00a0 Shenzhen China Model\u00a0 \u00a0 \u00a0 \u00a0 \u00a0 \u00a0 \u00a0 \u00a0 \u00a0 \u00a0 \u00a0 \u00a0 \u00a0 \u00a0 \u00a0 \u00a0 \u00a0 \u00a0 \u00a0 \u00a0 J-N1002\" \/>\n<meta property=\"og:url\" content=\"https:\/\/www.wjwsy.com\/pt\/produto\/mini-usb-cable-with-magnetic-ring-usb-2-0-type-a-to-mini-usb-5p-anti-interference-charging-cord-industrial-oem\/\" \/>\n<meta property=\"og:site_name\" content=\"Professional USB cable manufacturer\" \/>\n<meta property=\"article:modified_time\" content=\"2026-04-16T08:32:59+00:00\" \/>\n<meta property=\"og:image\" content=\"https:\/\/www.wjwsy.com\/wp-content\/uploads\/2025\/07\/J-N1002-3.jpg\" \/>\n\t<meta property=\"og:image:width\" content=\"750\" \/>\n\t<meta property=\"og:image:height\" content=\"599\" \/>\n\t<meta property=\"og:image:type\" content=\"image\/jpeg\" \/>\n<meta name=\"twitter:card\" content=\"summary_large_image\" \/>\n<meta name=\"twitter:label1\" content=\"Est. reading time\" \/>\n\t<meta name=\"twitter:data1\" content=\"1 minuto\" \/>\n<script type=\"application\/ld+json\" class=\"yoast-schema-graph\">{\"@context\":\"https:\/\/schema.org\",\"@graph\":[{\"@type\":\"WebPage\",\"@id\":\"https:\/\/www.wjwsy.com\/product\/mini-usb-cable-with-magnetic-ring-usb-2-0-type-a-to-mini-usb-5p-anti-interference-charging-cord-industrial-oem\/\",\"url\":\"https:\/\/www.wjwsy.com\/product\/mini-usb-cable-with-magnetic-ring-usb-2-0-type-a-to-mini-usb-5p-anti-interference-charging-cord-industrial-oem\/\",\"name\":\"Mini USB Cable with Magnetic Ring \u2013 USB 2.0 Type A to Mini USB 5P Anti-Interference Charging Cord Industrial OEM - Professional USB cable manufacturer\",\"isPartOf\":{\"@id\":\"https:\/\/www.wjwsy.com\/#website\"},\"primaryImageOfPage\":{\"@id\":\"https:\/\/www.wjwsy.com\/product\/mini-usb-cable-with-magnetic-ring-usb-2-0-type-a-to-mini-usb-5p-anti-interference-charging-cord-industrial-oem\/#primaryimage\"},\"image\":{\"@id\":\"https:\/\/www.wjwsy.com\/product\/mini-usb-cable-with-magnetic-ring-usb-2-0-type-a-to-mini-usb-5p-anti-interference-charging-cord-industrial-oem\/#primaryimage\"},\"thumbnailUrl\":\"https:\/\/www.wjwsy.com\/wp-content\/uploads\/2025\/07\/J-N1002-3.jpg\",\"datePublished\":\"2025-07-14T07:51:37+00:00\",\"dateModified\":\"2026-04-16T08:32:59+00:00\",\"breadcrumb\":{\"@id\":\"https:\/\/www.wjwsy.com\/product\/mini-usb-cable-with-magnetic-ring-usb-2-0-type-a-to-mini-usb-5p-anti-interference-charging-cord-industrial-oem\/#breadcrumb\"},\"inLanguage\":\"pt-PT\",\"potentialAction\":[{\"@type\":\"ReadAction\",\"target\":[\"https:\/\/www.wjwsy.com\/product\/mini-usb-cable-with-magnetic-ring-usb-2-0-type-a-to-mini-usb-5p-anti-interference-charging-cord-industrial-oem\/\"]}]},{\"@type\":\"ImageObject\",\"inLanguage\":\"pt-PT\",\"@id\":\"https:\/\/www.wjwsy.com\/product\/mini-usb-cable-with-magnetic-ring-usb-2-0-type-a-to-mini-usb-5p-anti-interference-charging-cord-industrial-oem\/#primaryimage\",\"url\":\"https:\/\/www.wjwsy.com\/wp-content\/uploads\/2025\/07\/J-N1002-3.jpg\",\"contentUrl\":\"https:\/\/www.wjwsy.com\/wp-content\/uploads\/2025\/07\/J-N1002-3.jpg\",\"width\":750,\"height\":599,\"caption\":\"Mini USB Cable with Magnetic Ring\"},{\"@type\":\"BreadcrumbList\",\"@id\":\"https:\/\/www.wjwsy.com\/product\/mini-usb-cable-with-magnetic-ring-usb-2-0-type-a-to-mini-usb-5p-anti-interference-charging-cord-industrial-oem\/#breadcrumb\",\"itemListElement\":[{\"@type\":\"ListItem\",\"position\":1,\"name\":\"\u9996\u9875\",\"item\":\"https:\/\/www.wjwsy.com\/\"},{\"@type\":\"ListItem\",\"position\":2,\"name\":\"Products\",\"item\":\"https:\/\/www.wjwsy.com\/design-editor__trashed\/\"},{\"@type\":\"ListItem\",\"position\":3,\"name\":\"USB Mini Cable Wholesale \u2013 Legacy Device &amp; Industrial Connectivity Solutions\",\"item\":\"https:\/\/www.wjwsy.com\/category\/usb-mini-cable\/\"},{\"@type\":\"ListItem\",\"position\":4,\"name\":\"Mini USB Cable with Magnetic Ring \u2013 USB 2.0 Type A to Mini USB 5P Anti-Interference Charging Cord Industrial OEM\"}]},{\"@type\":\"WebSite\",\"@id\":\"https:\/\/www.wjwsy.com\/#website\",\"url\":\"https:\/\/www.wjwsy.com\/\",\"name\":\"wjwsy.com\",\"description\":\"Delivering High-Quality, Reliable USB Cables for Every Industry\",\"publisher\":{\"@id\":\"https:\/\/www.wjwsy.com\/#organization\"},\"potentialAction\":[{\"@type\":\"SearchAction\",\"target\":{\"@type\":\"EntryPoint\",\"urlTemplate\":\"https:\/\/www.wjwsy.com\/?s={search_term_string}\"},\"query-input\":{\"@type\":\"PropertyValueSpecification\",\"valueRequired\":true,\"valueName\":\"search_term_string\"}}],\"inLanguage\":\"pt-PT\"},{\"@type\":\"Organization\",\"@id\":\"https:\/\/www.wjwsy.com\/#organization\",\"name\":\"wjwsy.com\",\"url\":\"https:\/\/www.wjwsy.com\/\",\"logo\":{\"@type\":\"ImageObject\",\"inLanguage\":\"pt-PT\",\"@id\":\"https:\/\/www.wjwsy.com\/#\/schema\/logo\/image\/\",\"url\":\"\",\"contentUrl\":\"\",\"caption\":\"wjwsy.com\"},\"image\":{\"@id\":\"https:\/\/www.wjwsy.com\/#\/schema\/logo\/image\/\"}}]}<\/script>\n<!-- \/ Yoast SEO Premium plugin. -->","yoast_head_json":{"title":"Mini USB Cable with Magnetic Ring \u2013 USB 2.0 Type A to Mini USB 5P Anti-Interference Charging Cord Industrial OEM - Professional USB cable manufacturer","robots":{"index":"index","follow":"follow","max-snippet":"max-snippet:-1","max-image-preview":"max-image-preview:large","max-video-preview":"max-video-preview:-1"},"canonical":"https:\/\/www.wjwsy.com\/pt\/produto\/mini-usb-cable-with-magnetic-ring-usb-2-0-type-a-to-mini-usb-5p-anti-interference-charging-cord-industrial-oem\/","og_locale":"pt_PT","og_type":"article","og_title":"Mini USB Cable with Magnetic Ring \u2013 USB 2.0 Type A to Mini USB 5P Anti-Interference Charging Cord Industrial OEM","og_description":"Trade Terms:\u00a0 \u00a0 \u00a0 \u00a0 \u00a0 \u00a0 \u00a0 \u00a0 \u00a0 \u00a0 \u00a0 \u00a0 \u00a0 \u00a0FOB Shenzhen OEM\/ODM:\u00a0 \u00a0 \u00a0 \u00a0 \u00a0 \u00a0 \u00a0 \u00a0 \u00a0 \u00a0 \u00a0 \u00a0 \u00a0 \u00a0 \u00a0 \u00a0 Yes Production:\u00a0 \u00a0 \u00a0 \u00a0 \u00a0 \u00a0 \u00a0 \u00a0 \u00a0 \u00a0 \u00a0 \u00a0 \u00a0 \u00a0 \u00a0 600,000PCS\/Month Sample Time:\u00a0 \u00a0 \u00a0 \u00a0 \u00a0 \u00a0 \u00a0 \u00a0 \u00a0 \u00a0 \u00a0 \u00a0 \u00a0 5-10 Working Days Minimum Order:\u00a0 \u00a0 \u00a0 \u00a0 \u00a0 \u00a0 \u00a0 \u00a0 \u00a0 \u00a0 \u00a0500 Pieces Payment:\u00a0 \u00a0 \u00a0 \u00a0 \u00a0 \u00a0 \u00a0 \u00a0 \u00a0 \u00a0 \u00a0 \u00a0 \u00a0 \u00a0 \u00a0 \u00a0 \u00a0 T\/T, PayPal Origin:\u00a0 \u00a0 \u00a0 \u00a0 \u00a0 \u00a0 \u00a0 \u00a0 \u00a0 \u00a0 \u00a0 \u00a0 \u00a0 \u00a0 \u00a0 \u00a0 \u00a0 \u00a0 \u00a0 \u00a0 Shenzhen China Model\u00a0 \u00a0 \u00a0 \u00a0 \u00a0 \u00a0 \u00a0 \u00a0 \u00a0 \u00a0 \u00a0 \u00a0 \u00a0 \u00a0 \u00a0 \u00a0 \u00a0 \u00a0 \u00a0 \u00a0 J-N1002","og_url":"https:\/\/www.wjwsy.com\/pt\/produto\/mini-usb-cable-with-magnetic-ring-usb-2-0-type-a-to-mini-usb-5p-anti-interference-charging-cord-industrial-oem\/","og_site_name":"Professional USB cable manufacturer","article_modified_time":"2026-04-16T08:32:59+00:00","og_image":[{"width":750,"height":599,"url":"https:\/\/www.wjwsy.com\/wp-content\/uploads\/2025\/07\/J-N1002-3.jpg","type":"image\/jpeg"}],"twitter_card":"summary_large_image","twitter_misc":{"Est. reading time":"1 minuto"},"schema":{"@context":"https:\/\/schema.org","@graph":[{"@type":"WebPage","@id":"https:\/\/www.wjwsy.com\/product\/mini-usb-cable-with-magnetic-ring-usb-2-0-type-a-to-mini-usb-5p-anti-interference-charging-cord-industrial-oem\/","url":"https:\/\/www.wjwsy.com\/product\/mini-usb-cable-with-magnetic-ring-usb-2-0-type-a-to-mini-usb-5p-anti-interference-charging-cord-industrial-oem\/","name":"Mini USB Cable with Magnetic Ring \u2013 USB 2.0 Type A to Mini USB 5P Anti-Interference Charging Cord Industrial OEM - Professional USB cable manufacturer","isPartOf":{"@id":"https:\/\/www.wjwsy.com\/#website"},"primaryImageOfPage":{"@id":"https:\/\/www.wjwsy.com\/product\/mini-usb-cable-with-magnetic-ring-usb-2-0-type-a-to-mini-usb-5p-anti-interference-charging-cord-industrial-oem\/#primaryimage"},"image":{"@id":"https:\/\/www.wjwsy.com\/product\/mini-usb-cable-with-magnetic-ring-usb-2-0-type-a-to-mini-usb-5p-anti-interference-charging-cord-industrial-oem\/#primaryimage"},"thumbnailUrl":"https:\/\/www.wjwsy.com\/wp-content\/uploads\/2025\/07\/J-N1002-3.jpg","datePublished":"2025-07-14T07:51:37+00:00","dateModified":"2026-04-16T08:32:59+00:00","breadcrumb":{"@id":"https:\/\/www.wjwsy.com\/product\/mini-usb-cable-with-magnetic-ring-usb-2-0-type-a-to-mini-usb-5p-anti-interference-charging-cord-industrial-oem\/#breadcrumb"},"inLanguage":"pt-PT","potentialAction":[{"@type":"ReadAction","target":["https:\/\/www.wjwsy.com\/product\/mini-usb-cable-with-magnetic-ring-usb-2-0-type-a-to-mini-usb-5p-anti-interference-charging-cord-industrial-oem\/"]}]},{"@type":"ImageObject","inLanguage":"pt-PT","@id":"https:\/\/www.wjwsy.com\/product\/mini-usb-cable-with-magnetic-ring-usb-2-0-type-a-to-mini-usb-5p-anti-interference-charging-cord-industrial-oem\/#primaryimage","url":"https:\/\/www.wjwsy.com\/wp-content\/uploads\/2025\/07\/J-N1002-3.jpg","contentUrl":"https:\/\/www.wjwsy.com\/wp-content\/uploads\/2025\/07\/J-N1002-3.jpg","width":750,"height":599,"caption":"Mini USB Cable with Magnetic Ring"},{"@type":"BreadcrumbList","@id":"https:\/\/www.wjwsy.com\/product\/mini-usb-cable-with-magnetic-ring-usb-2-0-type-a-to-mini-usb-5p-anti-interference-charging-cord-industrial-oem\/#breadcrumb","itemListElement":[{"@type":"ListItem","position":1,"name":"\u9996\u9875","item":"https:\/\/www.wjwsy.com\/"},{"@type":"ListItem","position":2,"name":"Products","item":"https:\/\/www.wjwsy.com\/design-editor__trashed\/"},{"@type":"ListItem","position":3,"name":"USB Mini Cable Wholesale \u2013 Legacy Device &amp; Industrial Connectivity Solutions","item":"https:\/\/www.wjwsy.com\/category\/usb-mini-cable\/"},{"@type":"ListItem","position":4,"name":"Mini USB Cable with Magnetic Ring \u2013 USB 2.0 Type A to Mini USB 5P Anti-Interference Charging Cord Industrial OEM"}]},{"@type":"WebSite","@id":"https:\/\/www.wjwsy.com\/#website","url":"https:\/\/www.wjwsy.com\/","name":"wjwsy.com","description":"Delivering High-Quality, Reliable USB Cables for Every Industry","publisher":{"@id":"https:\/\/www.wjwsy.com\/#organization"},"potentialAction":[{"@type":"SearchAction","target":{"@type":"EntryPoint","urlTemplate":"https:\/\/www.wjwsy.com\/?s={search_term_string}"},"query-input":{"@type":"PropertyValueSpecification","valueRequired":true,"valueName":"search_term_string"}}],"inLanguage":"pt-PT"},{"@type":"Organization","@id":"https:\/\/www.wjwsy.com\/#organization","name":"wjwsy.com","url":"https:\/\/www.wjwsy.com\/","logo":{"@type":"ImageObject","inLanguage":"pt-PT","@id":"https:\/\/www.wjwsy.com\/#\/schema\/logo\/image\/","url":"","contentUrl":"","caption":"wjwsy.com"},"image":{"@id":"https:\/\/www.wjwsy.com\/#\/schema\/logo\/image\/"}}]}},"_links":{"self":[{"href":"https:\/\/www.wjwsy.com\/pt\/wp-json\/wp\/v2\/product\/9022","targetHints":{"allow":["GET"]}}],"collection":[{"href":"https:\/\/www.wjwsy.com\/pt\/wp-json\/wp\/v2\/product"}],"about":[{"href":"https:\/\/www.wjwsy.com\/pt\/wp-json\/wp\/v2\/types\/product"}],"wp:featuredmedia":[{"embeddable":true,"href":"https:\/\/www.wjwsy.com\/pt\/wp-json\/wp\/v2\/media\/9032"}],"wp:attachment":[{"href":"https:\/\/www.wjwsy.com\/pt\/wp-json\/wp\/v2\/media?parent=9022"}],"wp:term":[{"taxonomy":"product_brand","embeddable":true,"href":"https:\/\/www.wjwsy.com\/pt\/wp-json\/wp\/v2\/product_brand?post=9022"},{"taxonomy":"product_cat","embeddable":true,"href":"https:\/\/www.wjwsy.com\/pt\/wp-json\/wp\/v2\/product_cat?post=9022"},{"taxonomy":"product_tag","embeddable":true,"href":"https:\/\/www.wjwsy.com\/pt\/wp-json\/wp\/v2\/product_tag?post=9022"}],"curies":[{"name":"wp","href":"https:\/\/api.w.org\/{rel}","templated":true}]}}