{"id":8583,"date":"2025-06-12T06:03:20","date_gmt":"2025-06-12T06:03:20","guid":{"rendered":"https:\/\/www.wjwsy.com\/?post_type=product&#038;p=8583"},"modified":"2026-04-16T06:53:00","modified_gmt":"2026-04-16T06:53:00","slug":"usb-3-0-to-female-aux-flush-panel-mount-extension-cable-car-dashboard-marine-audio-adapter-wholesale","status":"publish","type":"product","link":"https:\/\/www.wjwsy.com\/pt\/produto\/usb-3-0-to-female-aux-flush-panel-mount-extension-cable-car-dashboard-marine-audio-adapter-wholesale\/","title":{"rendered":"USB 3.0 a Feminino AUX Flush Painel de Montagem do Cabo de Extens\u00e3o \u2013 Painel do Carro\/Marinha do Adaptador de \u00c1udio Atacado"},"content":{"rendered":"<div class=\"column mcb-column mcb-item-7qyi8ycen four-fifth laptop-four-fifth tablet-four-fifth mobile-one column_heading\">\n<div class=\"mcb-column-inner mfn-module-wrapper mcb-column-inner-7qyi8ycen mcb-item-heading-inner\">\n<h4 class=\"title\">Detalhes T\u00e9cnicos:<\/h4>\n<\/div>\n<\/div>\n<div class=\"column mcb-column mcb-item-4ilcjjmik one laptop-one tablet-one mobile-one column_list_2\">\n<div class=\"mcb-column-inner mfn-module-wrapper mcb-column-inner-4ilcjjmik mcb-item-list_2-inner\">\n<p><i class=\"icon-dot\" aria-hidden=\"true\"><\/i>Interface de entrada de dados: USB macho<\/p>\n<p><i class=\"icon-dot\" aria-hidden=\"true\"><\/i>Interface de sa\u00edda: USB f\u00eamea<\/p>\n<p><i class=\"icon-dot\" aria-hidden=\"true\"><\/i>Aplica\u00e7\u00e3o: USB2.0 cabo de extens\u00e3o<\/p>\n<p><i class=\"icon-dot\" aria-hidden=\"true\"><\/i>Fun\u00e7\u00e3o: extens\u00e3o<\/p>\n<p>Tens\u00e3o de funcionamento: 5V<\/p>\n<p><i class=\"icon-dot\" aria-hidden=\"true\"><\/i>Length: 1M\/2M<\/p>\n<p><i class=\"icon-dot\" aria-hidden=\"true\"><\/i>Cor: preto<\/p>\n<p><i class=\"icon-dot\" aria-hidden=\"true\"><\/i>Bainha material: PVC<\/p>\n<p><i class=\"icon-dot\" aria-hidden=\"true\"><\/i>Inspe\u00e7\u00e3o: QC 100% da inspe\u00e7\u00e3o antes da expedi\u00e7\u00e3o<\/p>\n<\/div>\n<\/div>","protected":false},"excerpt":{"rendered":"<div class=\"trade-terms\">\n<p><strong>Termos De Com\u00e9rcio<\/strong>: A corrente de rel\u00f3gio Shenzhen<\/p>\n<div class=\"trade-terms\">\n<p><strong>OEM\/ODM:<\/strong>\u00a0 \u00a0 \u00a0 \u00a0 \u00a0 \u00a0 \u00a0 \u00a0 \u00a0 \u00a0 \u00a0 \u00a0 \u00a0 \u00a0 \u00a0 Sim<\/p>\n<p><strong>Produ\u00e7\u00e3o:<\/strong>\u00a0 \u00a0 \u00a0 \u00a0 \u00a0 \u00a0 \u00a0 \u00a0 \u00a0 \u00a0 \u00a0 \u00a0 \u00a0 \u00a0 \u00a0De 600.000 PE\u00c7AS\/M\u00eas<\/p>\n<p><strong>Tempo Da Amostra:<\/strong>\u00a0 \u00a0 \u00a0 \u00a0 \u00a0 \u00a0 \u00a0 \u00a0 \u00a0 \u00a0 \u00a0 \u00a0 \u00a05-10 Dias \u00dateis<\/p>\n<p><strong>MOQ:<\/strong>\u00a0 \u00a0 \u00a0 \u00a0 \u00a0 \u00a0 \u00a0 \u00a0 \u00a0 \u00a0 \u00a0 \u00a0 \u00a0 \u00a0 \u00a0 \u00a0 \u00a0 \u00a0 \u00a0 \u00a0 \u00a0100 Pe\u00e7as<\/p>\n<p><strong>Pagamento:<\/strong>\u00a0 \u00a0 \u00a0 \u00a0 \u00a0 \u00a0 \u00a0 \u00a0 \u00a0 \u00a0 \u00a0 \u00a0 \u00a0 \u00a0 \u00a0 \u00a0 \u00a0 T\/T, PayPal<\/p>\n<p><strong>Origem:<\/strong>\u00a0 \u00a0 \u00a0 \u00a0 \u00a0 \u00a0 \u00a0 \u00a0 \u00a0 \u00a0 \u00a0 \u00a0 \u00a0 \u00a0 \u00a0 \u00a0 \u00a0 \u00a0 \u00a0 \u00a0 Shenzhen, China<\/p>\n<p><strong>Model\u00a0 \u00a0 \u00a0 \u00a0 \u00a0 \u00a0 \u00a0 \u00a0 \u00a0 \u00a0 \u00a0 \u00a0 \u00a0 \u00a0 \u00a0 \u00a0 \u00a0 \u00a0 \u00a0 \u00a0 \u00a0 J-CM3002<\/strong><\/p>\n<\/div>\n<\/div>","protected":false},"featured_media":8625,"template":"","meta":{"_eb_attr":""},"product_brand":[],"product_cat":[725],"product_tag":[],"class_list":{"0":"post-8583","1":"product","2":"type-product","3":"status-publish","4":"has-post-thumbnail","6":"product_cat-complex","8":"first","9":"instock","10":"shipping-taxable","11":"product-type-simple"},"yoast_head":"<!-- This site is optimized with the Yoast SEO Premium plugin v23.7 (Yoast SEO v23.7) - https:\/\/yoast.com\/wordpress\/plugins\/seo\/ -->\n<title>USB 3.0 to Female AUX Flush Panel Mount Extension Cable \u2013 Car Dashboard\/Marine Audio Adapter Wholesale - Professional USB cable manufacturer<\/title>\n<meta name=\"robots\" content=\"index, follow, max-snippet:-1, max-image-preview:large, max-video-preview:-1\" \/>\n<link rel=\"canonical\" href=\"https:\/\/www.wjwsy.com\/pt\/produto\/usb-3-0-to-female-aux-flush-panel-mount-extension-cable-car-dashboard-marine-audio-adapter-wholesale\/\" \/>\n<meta property=\"og:locale\" content=\"pt_PT\" \/>\n<meta property=\"og:type\" content=\"article\" \/>\n<meta property=\"og:title\" content=\"USB 3.0 to Female AUX Flush Panel Mount Extension Cable \u2013 Car Dashboard\/Marine Audio Adapter Wholesale\" \/>\n<meta property=\"og:description\" content=\"Trade Terms:\u00a0 \u00a0 \u00a0 \u00a0 \u00a0 \u00a0 \u00a0 \u00a0 \u00a0 \u00a0 \u00a0 \u00a0 \u00a0FOB Shenzhen   OEM\/ODM:\u00a0 \u00a0 \u00a0 \u00a0 \u00a0 \u00a0 \u00a0 \u00a0 \u00a0 \u00a0 \u00a0 \u00a0 \u00a0 \u00a0 \u00a0 Yes  Production:\u00a0 \u00a0 \u00a0 \u00a0 \u00a0 \u00a0 \u00a0 \u00a0 \u00a0 \u00a0 \u00a0 \u00a0 \u00a0 \u00a0 \u00a0600,000PCS\/Month  Sample Time:\u00a0 \u00a0 \u00a0 \u00a0 \u00a0 \u00a0 \u00a0 \u00a0 \u00a0 \u00a0 \u00a0 \u00a0 \u00a05-10 Working Days  MOQ:\u00a0 \u00a0 \u00a0 \u00a0 \u00a0 \u00a0 \u00a0 \u00a0 \u00a0 \u00a0 \u00a0 \u00a0 \u00a0 \u00a0 \u00a0 \u00a0 \u00a0 \u00a0 \u00a0 \u00a0 \u00a0100 Pieces  Payment:\u00a0 \u00a0 \u00a0 \u00a0 \u00a0 \u00a0 \u00a0 \u00a0 \u00a0 \u00a0 \u00a0 \u00a0 \u00a0 \u00a0 \u00a0 \u00a0 \u00a0 T\/T, PayPal  Origin:\u00a0 \u00a0 \u00a0 \u00a0 \u00a0 \u00a0 \u00a0 \u00a0 \u00a0 \u00a0 \u00a0 \u00a0 \u00a0 \u00a0 \u00a0 \u00a0 \u00a0 \u00a0 \u00a0 \u00a0 Shenzhen China  Model\u00a0 \u00a0 \u00a0 \u00a0 \u00a0 \u00a0 \u00a0 \u00a0 \u00a0 \u00a0 \u00a0 \u00a0 \u00a0 \u00a0 \u00a0 \u00a0 \u00a0 \u00a0 \u00a0 \u00a0 \u00a0 J-CM3002\" \/>\n<meta property=\"og:url\" content=\"https:\/\/www.wjwsy.com\/pt\/produto\/usb-3-0-to-female-aux-flush-panel-mount-extension-cable-car-dashboard-marine-audio-adapter-wholesale\/\" \/>\n<meta property=\"og:site_name\" content=\"Professional USB cable manufacturer\" \/>\n<meta property=\"article:modified_time\" content=\"2026-04-16T06:53:00+00:00\" \/>\n<meta property=\"og:image\" content=\"https:\/\/www.wjwsy.com\/wp-content\/uploads\/2025\/06\/car-dashboard-extension-cable-usb-3-0-panel-waterproof-cable-usb3-0-extension-for-car-1m-4.jpg\" \/>\n\t<meta property=\"og:image:width\" content=\"750\" \/>\n\t<meta property=\"og:image:height\" content=\"600\" \/>\n\t<meta property=\"og:image:type\" content=\"image\/jpeg\" \/>\n<meta name=\"twitter:card\" content=\"summary_large_image\" \/>\n<meta name=\"twitter:label1\" content=\"Est. reading time\" \/>\n\t<meta name=\"twitter:data1\" content=\"1 minuto\" \/>\n<script type=\"application\/ld+json\" class=\"yoast-schema-graph\">{\"@context\":\"https:\/\/schema.org\",\"@graph\":[{\"@type\":\"WebPage\",\"@id\":\"https:\/\/www.wjwsy.com\/product\/usb-3-0-to-female-aux-flush-panel-mount-extension-cable-car-dashboard-marine-audio-adapter-wholesale\/\",\"url\":\"https:\/\/www.wjwsy.com\/product\/usb-3-0-to-female-aux-flush-panel-mount-extension-cable-car-dashboard-marine-audio-adapter-wholesale\/\",\"name\":\"USB 3.0 to Female AUX Flush Panel Mount Extension Cable \u2013 Car Dashboard\/Marine Audio Adapter Wholesale - Professional USB cable manufacturer\",\"isPartOf\":{\"@id\":\"https:\/\/www.wjwsy.com\/#website\"},\"primaryImageOfPage\":{\"@id\":\"https:\/\/www.wjwsy.com\/product\/usb-3-0-to-female-aux-flush-panel-mount-extension-cable-car-dashboard-marine-audio-adapter-wholesale\/#primaryimage\"},\"image\":{\"@id\":\"https:\/\/www.wjwsy.com\/product\/usb-3-0-to-female-aux-flush-panel-mount-extension-cable-car-dashboard-marine-audio-adapter-wholesale\/#primaryimage\"},\"thumbnailUrl\":\"https:\/\/www.wjwsy.com\/wp-content\/uploads\/2025\/06\/car-dashboard-extension-cable-usb-3-0-panel-waterproof-cable-usb3-0-extension-for-car-1m-4.jpg\",\"datePublished\":\"2025-06-12T06:03:20+00:00\",\"dateModified\":\"2026-04-16T06:53:00+00:00\",\"breadcrumb\":{\"@id\":\"https:\/\/www.wjwsy.com\/product\/usb-3-0-to-female-aux-flush-panel-mount-extension-cable-car-dashboard-marine-audio-adapter-wholesale\/#breadcrumb\"},\"inLanguage\":\"pt-PT\",\"potentialAction\":[{\"@type\":\"ReadAction\",\"target\":[\"https:\/\/www.wjwsy.com\/product\/usb-3-0-to-female-aux-flush-panel-mount-extension-cable-car-dashboard-marine-audio-adapter-wholesale\/\"]}]},{\"@type\":\"ImageObject\",\"inLanguage\":\"pt-PT\",\"@id\":\"https:\/\/www.wjwsy.com\/product\/usb-3-0-to-female-aux-flush-panel-mount-extension-cable-car-dashboard-marine-audio-adapter-wholesale\/#primaryimage\",\"url\":\"https:\/\/www.wjwsy.com\/wp-content\/uploads\/2025\/06\/car-dashboard-extension-cable-usb-3-0-panel-waterproof-cable-usb3-0-extension-for-car-1m-4.jpg\",\"contentUrl\":\"https:\/\/www.wjwsy.com\/wp-content\/uploads\/2025\/06\/car-dashboard-extension-cable-usb-3-0-panel-waterproof-cable-usb3-0-extension-for-car-1m-4.jpg\",\"width\":750,\"height\":600,\"caption\":\"USB 3.0 to Female AUX Flush Panel\"},{\"@type\":\"BreadcrumbList\",\"@id\":\"https:\/\/www.wjwsy.com\/product\/usb-3-0-to-female-aux-flush-panel-mount-extension-cable-car-dashboard-marine-audio-adapter-wholesale\/#breadcrumb\",\"itemListElement\":[{\"@type\":\"ListItem\",\"position\":1,\"name\":\"\u9996\u9875\",\"item\":\"https:\/\/www.wjwsy.com\/\"},{\"@type\":\"ListItem\",\"position\":2,\"name\":\"Products\",\"item\":\"https:\/\/www.wjwsy.com\/design-editor__trashed\/\"},{\"@type\":\"ListItem\",\"position\":3,\"name\":\"Multi Charging Cable Manufacturer \u2013 3-in-1 &amp; 4-in-1 Universal Cables for European Brands\",\"item\":\"https:\/\/www.wjwsy.com\/category\/complex\/\"},{\"@type\":\"ListItem\",\"position\":4,\"name\":\"USB 3.0 to Female AUX Flush Panel Mount Extension Cable \u2013 Car Dashboard\/Marine Audio Adapter Wholesale\"}]},{\"@type\":\"WebSite\",\"@id\":\"https:\/\/www.wjwsy.com\/#website\",\"url\":\"https:\/\/www.wjwsy.com\/\",\"name\":\"wjwsy.com\",\"description\":\"Delivering High-Quality, Reliable USB Cables for Every Industry\",\"publisher\":{\"@id\":\"https:\/\/www.wjwsy.com\/#organization\"},\"potentialAction\":[{\"@type\":\"SearchAction\",\"target\":{\"@type\":\"EntryPoint\",\"urlTemplate\":\"https:\/\/www.wjwsy.com\/?s={search_term_string}\"},\"query-input\":{\"@type\":\"PropertyValueSpecification\",\"valueRequired\":true,\"valueName\":\"search_term_string\"}}],\"inLanguage\":\"pt-PT\"},{\"@type\":\"Organization\",\"@id\":\"https:\/\/www.wjwsy.com\/#organization\",\"name\":\"wjwsy.com\",\"url\":\"https:\/\/www.wjwsy.com\/\",\"logo\":{\"@type\":\"ImageObject\",\"inLanguage\":\"pt-PT\",\"@id\":\"https:\/\/www.wjwsy.com\/#\/schema\/logo\/image\/\",\"url\":\"\",\"contentUrl\":\"\",\"caption\":\"wjwsy.com\"},\"image\":{\"@id\":\"https:\/\/www.wjwsy.com\/#\/schema\/logo\/image\/\"}}]}<\/script>\n<!-- \/ Yoast SEO Premium plugin. -->","yoast_head_json":{"title":"USB 3.0 to Female AUX Flush Panel Mount Extension Cable \u2013 Car Dashboard\/Marine Audio Adapter Wholesale - Professional USB cable manufacturer","robots":{"index":"index","follow":"follow","max-snippet":"max-snippet:-1","max-image-preview":"max-image-preview:large","max-video-preview":"max-video-preview:-1"},"canonical":"https:\/\/www.wjwsy.com\/pt\/produto\/usb-3-0-to-female-aux-flush-panel-mount-extension-cable-car-dashboard-marine-audio-adapter-wholesale\/","og_locale":"pt_PT","og_type":"article","og_title":"USB 3.0 to Female AUX Flush Panel Mount Extension Cable \u2013 Car Dashboard\/Marine Audio Adapter Wholesale","og_description":"Trade Terms:\u00a0 \u00a0 \u00a0 \u00a0 \u00a0 \u00a0 \u00a0 \u00a0 \u00a0 \u00a0 \u00a0 \u00a0 \u00a0FOB Shenzhen   OEM\/ODM:\u00a0 \u00a0 \u00a0 \u00a0 \u00a0 \u00a0 \u00a0 \u00a0 \u00a0 \u00a0 \u00a0 \u00a0 \u00a0 \u00a0 \u00a0 Yes  Production:\u00a0 \u00a0 \u00a0 \u00a0 \u00a0 \u00a0 \u00a0 \u00a0 \u00a0 \u00a0 \u00a0 \u00a0 \u00a0 \u00a0 \u00a0600,000PCS\/Month  Sample Time:\u00a0 \u00a0 \u00a0 \u00a0 \u00a0 \u00a0 \u00a0 \u00a0 \u00a0 \u00a0 \u00a0 \u00a0 \u00a05-10 Working Days  MOQ:\u00a0 \u00a0 \u00a0 \u00a0 \u00a0 \u00a0 \u00a0 \u00a0 \u00a0 \u00a0 \u00a0 \u00a0 \u00a0 \u00a0 \u00a0 \u00a0 \u00a0 \u00a0 \u00a0 \u00a0 \u00a0100 Pieces  Payment:\u00a0 \u00a0 \u00a0 \u00a0 \u00a0 \u00a0 \u00a0 \u00a0 \u00a0 \u00a0 \u00a0 \u00a0 \u00a0 \u00a0 \u00a0 \u00a0 \u00a0 T\/T, PayPal  Origin:\u00a0 \u00a0 \u00a0 \u00a0 \u00a0 \u00a0 \u00a0 \u00a0 \u00a0 \u00a0 \u00a0 \u00a0 \u00a0 \u00a0 \u00a0 \u00a0 \u00a0 \u00a0 \u00a0 \u00a0 Shenzhen China  Model\u00a0 \u00a0 \u00a0 \u00a0 \u00a0 \u00a0 \u00a0 \u00a0 \u00a0 \u00a0 \u00a0 \u00a0 \u00a0 \u00a0 \u00a0 \u00a0 \u00a0 \u00a0 \u00a0 \u00a0 \u00a0 J-CM3002","og_url":"https:\/\/www.wjwsy.com\/pt\/produto\/usb-3-0-to-female-aux-flush-panel-mount-extension-cable-car-dashboard-marine-audio-adapter-wholesale\/","og_site_name":"Professional USB cable manufacturer","article_modified_time":"2026-04-16T06:53:00+00:00","og_image":[{"width":750,"height":600,"url":"https:\/\/www.wjwsy.com\/wp-content\/uploads\/2025\/06\/car-dashboard-extension-cable-usb-3-0-panel-waterproof-cable-usb3-0-extension-for-car-1m-4.jpg","type":"image\/jpeg"}],"twitter_card":"summary_large_image","twitter_misc":{"Est. reading time":"1 minuto"},"schema":{"@context":"https:\/\/schema.org","@graph":[{"@type":"WebPage","@id":"https:\/\/www.wjwsy.com\/product\/usb-3-0-to-female-aux-flush-panel-mount-extension-cable-car-dashboard-marine-audio-adapter-wholesale\/","url":"https:\/\/www.wjwsy.com\/product\/usb-3-0-to-female-aux-flush-panel-mount-extension-cable-car-dashboard-marine-audio-adapter-wholesale\/","name":"USB 3.0 to Female AUX Flush Panel Mount Extension Cable \u2013 Car Dashboard\/Marine Audio Adapter Wholesale - Professional USB cable manufacturer","isPartOf":{"@id":"https:\/\/www.wjwsy.com\/#website"},"primaryImageOfPage":{"@id":"https:\/\/www.wjwsy.com\/product\/usb-3-0-to-female-aux-flush-panel-mount-extension-cable-car-dashboard-marine-audio-adapter-wholesale\/#primaryimage"},"image":{"@id":"https:\/\/www.wjwsy.com\/product\/usb-3-0-to-female-aux-flush-panel-mount-extension-cable-car-dashboard-marine-audio-adapter-wholesale\/#primaryimage"},"thumbnailUrl":"https:\/\/www.wjwsy.com\/wp-content\/uploads\/2025\/06\/car-dashboard-extension-cable-usb-3-0-panel-waterproof-cable-usb3-0-extension-for-car-1m-4.jpg","datePublished":"2025-06-12T06:03:20+00:00","dateModified":"2026-04-16T06:53:00+00:00","breadcrumb":{"@id":"https:\/\/www.wjwsy.com\/product\/usb-3-0-to-female-aux-flush-panel-mount-extension-cable-car-dashboard-marine-audio-adapter-wholesale\/#breadcrumb"},"inLanguage":"pt-PT","potentialAction":[{"@type":"ReadAction","target":["https:\/\/www.wjwsy.com\/product\/usb-3-0-to-female-aux-flush-panel-mount-extension-cable-car-dashboard-marine-audio-adapter-wholesale\/"]}]},{"@type":"ImageObject","inLanguage":"pt-PT","@id":"https:\/\/www.wjwsy.com\/product\/usb-3-0-to-female-aux-flush-panel-mount-extension-cable-car-dashboard-marine-audio-adapter-wholesale\/#primaryimage","url":"https:\/\/www.wjwsy.com\/wp-content\/uploads\/2025\/06\/car-dashboard-extension-cable-usb-3-0-panel-waterproof-cable-usb3-0-extension-for-car-1m-4.jpg","contentUrl":"https:\/\/www.wjwsy.com\/wp-content\/uploads\/2025\/06\/car-dashboard-extension-cable-usb-3-0-panel-waterproof-cable-usb3-0-extension-for-car-1m-4.jpg","width":750,"height":600,"caption":"USB 3.0 to Female AUX Flush Panel"},{"@type":"BreadcrumbList","@id":"https:\/\/www.wjwsy.com\/product\/usb-3-0-to-female-aux-flush-panel-mount-extension-cable-car-dashboard-marine-audio-adapter-wholesale\/#breadcrumb","itemListElement":[{"@type":"ListItem","position":1,"name":"\u9996\u9875","item":"https:\/\/www.wjwsy.com\/"},{"@type":"ListItem","position":2,"name":"Products","item":"https:\/\/www.wjwsy.com\/design-editor__trashed\/"},{"@type":"ListItem","position":3,"name":"Multi Charging Cable Manufacturer \u2013 3-in-1 &amp; 4-in-1 Universal Cables for European Brands","item":"https:\/\/www.wjwsy.com\/category\/complex\/"},{"@type":"ListItem","position":4,"name":"USB 3.0 to Female AUX Flush Panel Mount Extension Cable \u2013 Car Dashboard\/Marine Audio Adapter Wholesale"}]},{"@type":"WebSite","@id":"https:\/\/www.wjwsy.com\/#website","url":"https:\/\/www.wjwsy.com\/","name":"wjwsy.com","description":"Delivering High-Quality, Reliable USB Cables for Every Industry","publisher":{"@id":"https:\/\/www.wjwsy.com\/#organization"},"potentialAction":[{"@type":"SearchAction","target":{"@type":"EntryPoint","urlTemplate":"https:\/\/www.wjwsy.com\/?s={search_term_string}"},"query-input":{"@type":"PropertyValueSpecification","valueRequired":true,"valueName":"search_term_string"}}],"inLanguage":"pt-PT"},{"@type":"Organization","@id":"https:\/\/www.wjwsy.com\/#organization","name":"wjwsy.com","url":"https:\/\/www.wjwsy.com\/","logo":{"@type":"ImageObject","inLanguage":"pt-PT","@id":"https:\/\/www.wjwsy.com\/#\/schema\/logo\/image\/","url":"","contentUrl":"","caption":"wjwsy.com"},"image":{"@id":"https:\/\/www.wjwsy.com\/#\/schema\/logo\/image\/"}}]}},"_links":{"self":[{"href":"https:\/\/www.wjwsy.com\/pt\/wp-json\/wp\/v2\/product\/8583","targetHints":{"allow":["GET"]}}],"collection":[{"href":"https:\/\/www.wjwsy.com\/pt\/wp-json\/wp\/v2\/product"}],"about":[{"href":"https:\/\/www.wjwsy.com\/pt\/wp-json\/wp\/v2\/types\/product"}],"wp:featuredmedia":[{"embeddable":true,"href":"https:\/\/www.wjwsy.com\/pt\/wp-json\/wp\/v2\/media\/8625"}],"wp:attachment":[{"href":"https:\/\/www.wjwsy.com\/pt\/wp-json\/wp\/v2\/media?parent=8583"}],"wp:term":[{"taxonomy":"product_brand","embeddable":true,"href":"https:\/\/www.wjwsy.com\/pt\/wp-json\/wp\/v2\/product_brand?post=8583"},{"taxonomy":"product_cat","embeddable":true,"href":"https:\/\/www.wjwsy.com\/pt\/wp-json\/wp\/v2\/product_cat?post=8583"},{"taxonomy":"product_tag","embeddable":true,"href":"https:\/\/www.wjwsy.com\/pt\/wp-json\/wp\/v2\/product_tag?post=8583"}],"curies":[{"name":"wp","href":"https:\/\/api.w.org\/{rel}","templated":true}]}}