{"id":8392,"date":"2025-06-10T03:59:57","date_gmt":"2025-06-10T03:59:57","guid":{"rendered":"https:\/\/www.wjwsy.com\/?post_type=product&#038;p=8392"},"modified":"2026-04-16T07:02:07","modified_gmt":"2026-04-16T07:02:07","slug":"5v-2a-power-adapter-switching-power-supply-for-cctv-router-arduino-project-wholesale","status":"publish","type":"product","link":"https:\/\/www.wjwsy.com\/pt\/produto\/5v-2a-power-adapter-switching-power-supply-for-cctv-router-arduino-project-wholesale\/","title":{"rendered":"5V 2A Adaptador de Energia \u2013 Fonte de Alimenta\u00e7\u00e3o de Comuta\u00e7\u00e3o para o CCTV\/Router\/Projeto Arduino Atacado"},"content":{"rendered":"<div class=\"trade-terms\">\n<div class=\"column mcb-column mcb-item-cnmrscmcf four-fifth laptop-four-fifth tablet-four-fifth mobile-one column_heading\">\n<div class=\"mcb-column-inner mfn-module-wrapper mcb-column-inner-cnmrscmcf mcb-item-heading-inner\">\n<div class=\"column mcb-column mcb-item-cnmrscmcf four-fifth laptop-four-fifth tablet-four-fifth mobile-one column_heading\">\n<div class=\"mcb-column-inner mfn-module-wrapper mcb-column-inner-cnmrscmcf mcb-item-heading-inner\">\n<h3 class=\"title\">Descri\u00e7\u00e3o<\/h3>\n<\/div>\n<\/div>\n<div class=\"column mcb-column mcb-item-fcmgus7vi one laptop-one tablet-one mobile-one column_list_2\">\n<div class=\"mcb-column-inner mfn-module-wrapper mcb-column-inner-fcmgus7vi mcb-item-list_2-inner\">\n<h5>Interface: DC ou TIPO-C ou MICRO<\/h5>\n<h5>Sa\u00edda: 5V-2.0<\/h5>\n<h5>Prote\u00e7\u00e3o: sobrecarga, sobrecarga, prote\u00e7\u00e3o contra curto-circuito fun\u00e7\u00e3o de<\/h5>\n<h5>Cor: branco, preto<\/h5>\n<h5>EUA\/JP\/AU tamanho: 50*35*42MM<\/h5>\n<h5><strong>Peso l\u00edquido: 63g<\/strong><\/h5>\n<h5>UE\/KR tamanho: 50*35*62MM<\/h5>\n<h5>Peso l\u00edquido: 67g<\/h5>\n<\/div>\n<\/div>\n<\/div>\n<\/div>\n<\/div>","protected":false},"excerpt":{"rendered":"<div class=\"trade-terms\">\n<p><strong>Termos De Com\u00e9rcio<\/strong>: A corrente de rel\u00f3gio Shenzhen<\/p>\n<p><strong>OEM\/ODM:<\/strong>\u00a0 \u00a0 \u00a0 \u00a0 \u00a0 \u00a0 \u00a0 \u00a0 \u00a0 \u00a0 \u00a0 \u00a0 \u00a0 \u00a0 \u00a0 \u00a0 \u00a0 Sim<\/p>\n<p><strong>Produ\u00e7\u00e3o:<\/strong>\u00a0 \u00a0 \u00a0 \u00a0 \u00a0 \u00a0 \u00a0 \u00a0 \u00a0 \u00a0 \u00a0 \u00a0 \u00a0 \u00a0 \u00a0 \u00a0 \u00a0De 600.000 PE\u00c7AS\/M\u00eas<\/p>\n<p><strong>Tempo Da Amostra:<\/strong>\u00a0 \u00a0 \u00a0 \u00a0 \u00a0 \u00a0 \u00a0 \u00a0 \u00a0 \u00a0 \u00a0 \u00a0 \u00a0 \u00a0 \u00a05-10 Dias \u00dateis<\/p>\n<p><strong>Ordem M\u00ednima:<\/strong>\u00a0 \u00a0 \u00a0 \u00a0 \u00a0 \u00a0 \u00a0 \u00a0 \u00a0 \u00a0 \u00a0 \u00a0 1000 Pe\u00e7as<\/p>\n<p><strong>Pagamento:<\/strong>\u00a0 \u00a0 \u00a0 \u00a0 \u00a0 \u00a0 \u00a0 \u00a0 \u00a0 \u00a0 \u00a0 \u00a0 \u00a0 \u00a0 \u00a0 \u00a0 \u00a0 \u00a0 \u00a0T\/T, PayPal<\/p>\n<p><strong>Origem:<\/strong>\u00a0 \u00a0 \u00a0 \u00a0 \u00a0 \u00a0 \u00a0 \u00a0 \u00a0 \u00a0 \u00a0 \u00a0 \u00a0 \u00a0 \u00a0 \u00a0 \u00a0 \u00a0 \u00a0 \u00a0 \u00a0 \u00a0Shenzhen, China<\/p>\n<p><strong>Modelo<\/strong>\u00a0 \u00a0 \u00a0 \u00a0 \u00a0 \u00a0 \u00a0 \u00a0 \u00a0 \u00a0 \u00a0 \u00a0 \u00a0 \u00a0 \u00a0 \u00a0 \u00a0 \u00a0 \u00a0 \u00a0 \u00a0 \u00a0 <a href=\"#\">GA-0502000C<\/a><\/p>\n<\/div>","protected":false},"featured_media":8393,"template":"","meta":{"_eb_attr":""},"product_brand":[],"product_cat":[1244],"product_tag":[],"class_list":{"0":"post-8392","1":"product","2":"type-product","3":"status-publish","4":"has-post-thumbnail","6":"product_cat-charger","8":"first","9":"instock","10":"shipping-taxable","11":"product-type-simple"},"yoast_head":"<!-- This site is optimized with the Yoast SEO Premium plugin v23.7 (Yoast SEO v23.7) - https:\/\/yoast.com\/wordpress\/plugins\/seo\/ -->\n<title>5V 2A Power Adapter \u2013 Switching Power Supply for CCTV\/Router\/Arduino Project Wholesale - Professional USB cable manufacturer<\/title>\n<meta name=\"robots\" content=\"index, follow, max-snippet:-1, max-image-preview:large, max-video-preview:-1\" \/>\n<link rel=\"canonical\" href=\"https:\/\/www.wjwsy.com\/pt\/produto\/5v-2a-power-adapter-switching-power-supply-for-cctv-router-arduino-project-wholesale\/\" \/>\n<meta property=\"og:locale\" content=\"pt_PT\" \/>\n<meta property=\"og:type\" content=\"article\" \/>\n<meta property=\"og:title\" content=\"5V 2A Power Adapter \u2013 Switching Power Supply for CCTV\/Router\/Arduino Project Wholesale\" \/>\n<meta property=\"og:description\" content=\"Trade Terms:\u00a0 \u00a0 \u00a0 \u00a0 \u00a0 \u00a0 \u00a0 \u00a0 \u00a0 \u00a0 \u00a0 \u00a0 \u00a0 \u00a0 \u00a0FOB Shenzhen  OEM\/ODM:\u00a0 \u00a0 \u00a0 \u00a0 \u00a0 \u00a0 \u00a0 \u00a0 \u00a0 \u00a0 \u00a0 \u00a0 \u00a0 \u00a0 \u00a0 \u00a0 \u00a0 Yes  Production:\u00a0 \u00a0 \u00a0 \u00a0 \u00a0 \u00a0 \u00a0 \u00a0 \u00a0 \u00a0 \u00a0 \u00a0 \u00a0 \u00a0 \u00a0 \u00a0 \u00a0600,000PCS\/Month  Sample Time:\u00a0 \u00a0 \u00a0 \u00a0 \u00a0 \u00a0 \u00a0 \u00a0 \u00a0 \u00a0 \u00a0 \u00a0 \u00a0 \u00a0 \u00a05-10 Working Days  Minimum Order:\u00a0 \u00a0 \u00a0 \u00a0 \u00a0 \u00a0 \u00a0 \u00a0 \u00a0 \u00a0 \u00a0 \u00a0 1000 Pieces  Payment:\u00a0 \u00a0 \u00a0 \u00a0 \u00a0 \u00a0 \u00a0 \u00a0 \u00a0 \u00a0 \u00a0 \u00a0 \u00a0 \u00a0 \u00a0 \u00a0 \u00a0 \u00a0 \u00a0T\/T, PayPal  Origin:\u00a0 \u00a0 \u00a0 \u00a0 \u00a0 \u00a0 \u00a0 \u00a0 \u00a0 \u00a0 \u00a0 \u00a0 \u00a0 \u00a0 \u00a0 \u00a0 \u00a0 \u00a0 \u00a0 \u00a0 \u00a0 \u00a0Shenzhen China  Model\u00a0 \u00a0 \u00a0 \u00a0 \u00a0 \u00a0 \u00a0 \u00a0 \u00a0 \u00a0 \u00a0 \u00a0 \u00a0 \u00a0 \u00a0 \u00a0 \u00a0 \u00a0 \u00a0 \u00a0 \u00a0 \u00a0 GA-0502000C\" \/>\n<meta property=\"og:url\" content=\"https:\/\/www.wjwsy.com\/pt\/produto\/5v-2a-power-adapter-switching-power-supply-for-cctv-router-arduino-project-wholesale\/\" \/>\n<meta property=\"og:site_name\" content=\"Professional USB cable manufacturer\" \/>\n<meta property=\"article:modified_time\" content=\"2026-04-16T07:02:07+00:00\" \/>\n<meta property=\"og:image\" content=\"https:\/\/www.wjwsy.com\/wp-content\/uploads\/2025\/06\/ga-0502000c-2.jpg\" \/>\n\t<meta property=\"og:image:width\" content=\"750\" \/>\n\t<meta property=\"og:image:height\" content=\"601\" \/>\n\t<meta property=\"og:image:type\" content=\"image\/jpeg\" \/>\n<meta name=\"twitter:card\" content=\"summary_large_image\" \/>\n<meta name=\"twitter:label1\" content=\"Est. reading time\" \/>\n\t<meta name=\"twitter:data1\" content=\"1 minuto\" \/>\n<script type=\"application\/ld+json\" class=\"yoast-schema-graph\">{\"@context\":\"https:\/\/schema.org\",\"@graph\":[{\"@type\":\"WebPage\",\"@id\":\"https:\/\/www.wjwsy.com\/product\/5v-2a-power-adapter-switching-power-supply-for-cctv-router-arduino-project-wholesale\/\",\"url\":\"https:\/\/www.wjwsy.com\/product\/5v-2a-power-adapter-switching-power-supply-for-cctv-router-arduino-project-wholesale\/\",\"name\":\"5V 2A Power Adapter \u2013 Switching Power Supply for CCTV\/Router\/Arduino Project Wholesale - Professional USB cable manufacturer\",\"isPartOf\":{\"@id\":\"https:\/\/www.wjwsy.com\/#website\"},\"primaryImageOfPage\":{\"@id\":\"https:\/\/www.wjwsy.com\/product\/5v-2a-power-adapter-switching-power-supply-for-cctv-router-arduino-project-wholesale\/#primaryimage\"},\"image\":{\"@id\":\"https:\/\/www.wjwsy.com\/product\/5v-2a-power-adapter-switching-power-supply-for-cctv-router-arduino-project-wholesale\/#primaryimage\"},\"thumbnailUrl\":\"https:\/\/www.wjwsy.com\/wp-content\/uploads\/2025\/06\/ga-0502000c-2.jpg\",\"datePublished\":\"2025-06-10T03:59:57+00:00\",\"dateModified\":\"2026-04-16T07:02:07+00:00\",\"breadcrumb\":{\"@id\":\"https:\/\/www.wjwsy.com\/product\/5v-2a-power-adapter-switching-power-supply-for-cctv-router-arduino-project-wholesale\/#breadcrumb\"},\"inLanguage\":\"pt-PT\",\"potentialAction\":[{\"@type\":\"ReadAction\",\"target\":[\"https:\/\/www.wjwsy.com\/product\/5v-2a-power-adapter-switching-power-supply-for-cctv-router-arduino-project-wholesale\/\"]}]},{\"@type\":\"ImageObject\",\"inLanguage\":\"pt-PT\",\"@id\":\"https:\/\/www.wjwsy.com\/product\/5v-2a-power-adapter-switching-power-supply-for-cctv-router-arduino-project-wholesale\/#primaryimage\",\"url\":\"https:\/\/www.wjwsy.com\/wp-content\/uploads\/2025\/06\/ga-0502000c-2.jpg\",\"contentUrl\":\"https:\/\/www.wjwsy.com\/wp-content\/uploads\/2025\/06\/ga-0502000c-2.jpg\",\"width\":750,\"height\":601,\"caption\":\"5V 2A Power Adapter\"},{\"@type\":\"BreadcrumbList\",\"@id\":\"https:\/\/www.wjwsy.com\/product\/5v-2a-power-adapter-switching-power-supply-for-cctv-router-arduino-project-wholesale\/#breadcrumb\",\"itemListElement\":[{\"@type\":\"ListItem\",\"position\":1,\"name\":\"\u9996\u9875\",\"item\":\"https:\/\/www.wjwsy.com\/\"},{\"@type\":\"ListItem\",\"position\":2,\"name\":\"Products\",\"item\":\"https:\/\/www.wjwsy.com\/design-editor__trashed\/\"},{\"@type\":\"ListItem\",\"position\":3,\"name\":\"USB Charger Manufacturer \u2013 GaN Fast Chargers &amp; Power Adapters for European Brands\",\"item\":\"https:\/\/www.wjwsy.com\/category\/charger\/\"},{\"@type\":\"ListItem\",\"position\":4,\"name\":\"5V 2A Power Adapter \u2013 Switching Power Supply for CCTV\/Router\/Arduino Project Wholesale\"}]},{\"@type\":\"WebSite\",\"@id\":\"https:\/\/www.wjwsy.com\/#website\",\"url\":\"https:\/\/www.wjwsy.com\/\",\"name\":\"wjwsy.com\",\"description\":\"Delivering High-Quality, Reliable USB Cables for Every Industry\",\"publisher\":{\"@id\":\"https:\/\/www.wjwsy.com\/#organization\"},\"potentialAction\":[{\"@type\":\"SearchAction\",\"target\":{\"@type\":\"EntryPoint\",\"urlTemplate\":\"https:\/\/www.wjwsy.com\/?s={search_term_string}\"},\"query-input\":{\"@type\":\"PropertyValueSpecification\",\"valueRequired\":true,\"valueName\":\"search_term_string\"}}],\"inLanguage\":\"pt-PT\"},{\"@type\":\"Organization\",\"@id\":\"https:\/\/www.wjwsy.com\/#organization\",\"name\":\"wjwsy.com\",\"url\":\"https:\/\/www.wjwsy.com\/\",\"logo\":{\"@type\":\"ImageObject\",\"inLanguage\":\"pt-PT\",\"@id\":\"https:\/\/www.wjwsy.com\/#\/schema\/logo\/image\/\",\"url\":\"\",\"contentUrl\":\"\",\"caption\":\"wjwsy.com\"},\"image\":{\"@id\":\"https:\/\/www.wjwsy.com\/#\/schema\/logo\/image\/\"}}]}<\/script>\n<!-- \/ Yoast SEO Premium plugin. -->","yoast_head_json":{"title":"5V 2A Power Adapter \u2013 Switching Power Supply for CCTV\/Router\/Arduino Project Wholesale - Professional USB cable manufacturer","robots":{"index":"index","follow":"follow","max-snippet":"max-snippet:-1","max-image-preview":"max-image-preview:large","max-video-preview":"max-video-preview:-1"},"canonical":"https:\/\/www.wjwsy.com\/pt\/produto\/5v-2a-power-adapter-switching-power-supply-for-cctv-router-arduino-project-wholesale\/","og_locale":"pt_PT","og_type":"article","og_title":"5V 2A Power Adapter \u2013 Switching Power Supply for CCTV\/Router\/Arduino Project Wholesale","og_description":"Trade Terms:\u00a0 \u00a0 \u00a0 \u00a0 \u00a0 \u00a0 \u00a0 \u00a0 \u00a0 \u00a0 \u00a0 \u00a0 \u00a0 \u00a0 \u00a0FOB Shenzhen  OEM\/ODM:\u00a0 \u00a0 \u00a0 \u00a0 \u00a0 \u00a0 \u00a0 \u00a0 \u00a0 \u00a0 \u00a0 \u00a0 \u00a0 \u00a0 \u00a0 \u00a0 \u00a0 Yes  Production:\u00a0 \u00a0 \u00a0 \u00a0 \u00a0 \u00a0 \u00a0 \u00a0 \u00a0 \u00a0 \u00a0 \u00a0 \u00a0 \u00a0 \u00a0 \u00a0 \u00a0600,000PCS\/Month  Sample Time:\u00a0 \u00a0 \u00a0 \u00a0 \u00a0 \u00a0 \u00a0 \u00a0 \u00a0 \u00a0 \u00a0 \u00a0 \u00a0 \u00a0 \u00a05-10 Working Days  Minimum Order:\u00a0 \u00a0 \u00a0 \u00a0 \u00a0 \u00a0 \u00a0 \u00a0 \u00a0 \u00a0 \u00a0 \u00a0 1000 Pieces  Payment:\u00a0 \u00a0 \u00a0 \u00a0 \u00a0 \u00a0 \u00a0 \u00a0 \u00a0 \u00a0 \u00a0 \u00a0 \u00a0 \u00a0 \u00a0 \u00a0 \u00a0 \u00a0 \u00a0T\/T, PayPal  Origin:\u00a0 \u00a0 \u00a0 \u00a0 \u00a0 \u00a0 \u00a0 \u00a0 \u00a0 \u00a0 \u00a0 \u00a0 \u00a0 \u00a0 \u00a0 \u00a0 \u00a0 \u00a0 \u00a0 \u00a0 \u00a0 \u00a0Shenzhen China  Model\u00a0 \u00a0 \u00a0 \u00a0 \u00a0 \u00a0 \u00a0 \u00a0 \u00a0 \u00a0 \u00a0 \u00a0 \u00a0 \u00a0 \u00a0 \u00a0 \u00a0 \u00a0 \u00a0 \u00a0 \u00a0 \u00a0 GA-0502000C","og_url":"https:\/\/www.wjwsy.com\/pt\/produto\/5v-2a-power-adapter-switching-power-supply-for-cctv-router-arduino-project-wholesale\/","og_site_name":"Professional USB cable manufacturer","article_modified_time":"2026-04-16T07:02:07+00:00","og_image":[{"width":750,"height":601,"url":"https:\/\/www.wjwsy.com\/wp-content\/uploads\/2025\/06\/ga-0502000c-2.jpg","type":"image\/jpeg"}],"twitter_card":"summary_large_image","twitter_misc":{"Est. reading time":"1 minuto"},"schema":{"@context":"https:\/\/schema.org","@graph":[{"@type":"WebPage","@id":"https:\/\/www.wjwsy.com\/product\/5v-2a-power-adapter-switching-power-supply-for-cctv-router-arduino-project-wholesale\/","url":"https:\/\/www.wjwsy.com\/product\/5v-2a-power-adapter-switching-power-supply-for-cctv-router-arduino-project-wholesale\/","name":"5V 2A Power Adapter \u2013 Switching Power Supply for CCTV\/Router\/Arduino Project Wholesale - Professional USB cable manufacturer","isPartOf":{"@id":"https:\/\/www.wjwsy.com\/#website"},"primaryImageOfPage":{"@id":"https:\/\/www.wjwsy.com\/product\/5v-2a-power-adapter-switching-power-supply-for-cctv-router-arduino-project-wholesale\/#primaryimage"},"image":{"@id":"https:\/\/www.wjwsy.com\/product\/5v-2a-power-adapter-switching-power-supply-for-cctv-router-arduino-project-wholesale\/#primaryimage"},"thumbnailUrl":"https:\/\/www.wjwsy.com\/wp-content\/uploads\/2025\/06\/ga-0502000c-2.jpg","datePublished":"2025-06-10T03:59:57+00:00","dateModified":"2026-04-16T07:02:07+00:00","breadcrumb":{"@id":"https:\/\/www.wjwsy.com\/product\/5v-2a-power-adapter-switching-power-supply-for-cctv-router-arduino-project-wholesale\/#breadcrumb"},"inLanguage":"pt-PT","potentialAction":[{"@type":"ReadAction","target":["https:\/\/www.wjwsy.com\/product\/5v-2a-power-adapter-switching-power-supply-for-cctv-router-arduino-project-wholesale\/"]}]},{"@type":"ImageObject","inLanguage":"pt-PT","@id":"https:\/\/www.wjwsy.com\/product\/5v-2a-power-adapter-switching-power-supply-for-cctv-router-arduino-project-wholesale\/#primaryimage","url":"https:\/\/www.wjwsy.com\/wp-content\/uploads\/2025\/06\/ga-0502000c-2.jpg","contentUrl":"https:\/\/www.wjwsy.com\/wp-content\/uploads\/2025\/06\/ga-0502000c-2.jpg","width":750,"height":601,"caption":"5V 2A Power Adapter"},{"@type":"BreadcrumbList","@id":"https:\/\/www.wjwsy.com\/product\/5v-2a-power-adapter-switching-power-supply-for-cctv-router-arduino-project-wholesale\/#breadcrumb","itemListElement":[{"@type":"ListItem","position":1,"name":"\u9996\u9875","item":"https:\/\/www.wjwsy.com\/"},{"@type":"ListItem","position":2,"name":"Products","item":"https:\/\/www.wjwsy.com\/design-editor__trashed\/"},{"@type":"ListItem","position":3,"name":"USB Charger Manufacturer \u2013 GaN Fast Chargers &amp; Power Adapters for European Brands","item":"https:\/\/www.wjwsy.com\/category\/charger\/"},{"@type":"ListItem","position":4,"name":"5V 2A Power Adapter \u2013 Switching Power Supply for CCTV\/Router\/Arduino Project Wholesale"}]},{"@type":"WebSite","@id":"https:\/\/www.wjwsy.com\/#website","url":"https:\/\/www.wjwsy.com\/","name":"wjwsy.com","description":"Delivering High-Quality, Reliable USB Cables for Every Industry","publisher":{"@id":"https:\/\/www.wjwsy.com\/#organization"},"potentialAction":[{"@type":"SearchAction","target":{"@type":"EntryPoint","urlTemplate":"https:\/\/www.wjwsy.com\/?s={search_term_string}"},"query-input":{"@type":"PropertyValueSpecification","valueRequired":true,"valueName":"search_term_string"}}],"inLanguage":"pt-PT"},{"@type":"Organization","@id":"https:\/\/www.wjwsy.com\/#organization","name":"wjwsy.com","url":"https:\/\/www.wjwsy.com\/","logo":{"@type":"ImageObject","inLanguage":"pt-PT","@id":"https:\/\/www.wjwsy.com\/#\/schema\/logo\/image\/","url":"","contentUrl":"","caption":"wjwsy.com"},"image":{"@id":"https:\/\/www.wjwsy.com\/#\/schema\/logo\/image\/"}}]}},"_links":{"self":[{"href":"https:\/\/www.wjwsy.com\/pt\/wp-json\/wp\/v2\/product\/8392","targetHints":{"allow":["GET"]}}],"collection":[{"href":"https:\/\/www.wjwsy.com\/pt\/wp-json\/wp\/v2\/product"}],"about":[{"href":"https:\/\/www.wjwsy.com\/pt\/wp-json\/wp\/v2\/types\/product"}],"wp:featuredmedia":[{"embeddable":true,"href":"https:\/\/www.wjwsy.com\/pt\/wp-json\/wp\/v2\/media\/8393"}],"wp:attachment":[{"href":"https:\/\/www.wjwsy.com\/pt\/wp-json\/wp\/v2\/media?parent=8392"}],"wp:term":[{"taxonomy":"product_brand","embeddable":true,"href":"https:\/\/www.wjwsy.com\/pt\/wp-json\/wp\/v2\/product_brand?post=8392"},{"taxonomy":"product_cat","embeddable":true,"href":"https:\/\/www.wjwsy.com\/pt\/wp-json\/wp\/v2\/product_cat?post=8392"},{"taxonomy":"product_tag","embeddable":true,"href":"https:\/\/www.wjwsy.com\/pt\/wp-json\/wp\/v2\/product_tag?post=8392"}],"curies":[{"name":"wp","href":"https:\/\/api.w.org\/{rel}","templated":true}]}}