{"id":6413,"date":"2025-04-17T13:28:44","date_gmt":"2025-04-17T13:28:44","guid":{"rendered":"https:\/\/www.wjwsy.com\/?post_type=product&#038;p=6413"},"modified":"2026-03-13T05:39:23","modified_gmt":"2026-03-13T05:39:23","slug":"custom-dc-power-cord-male-to-female-docking-connector-cable-for-industrial-equipment-oem-manufacturer","status":"publish","type":"product","link":"https:\/\/www.wjwsy.com\/pt\/produto\/custom-dc-power-cord-male-to-female-docking-connector-cable-for-industrial-equipment-oem-manufacturer\/","title":{"rendered":"Personalizado Cabo de Alimenta\u00e7\u00e3o CC \u2013 Macho e F\u00eamea Conector de base de Acoplamento do Cabo para Equipamentos Industriais Fabricante OEM"},"content":{"rendered":"<div class=\"trade-terms\">\n<div class=\"column mcb-column mcb-item-cnmrscmcf four-fifth laptop-four-fifth tablet-four-fifth mobile-one column_heading\">\n<div class=\"mcb-column-inner mfn-module-wrapper mcb-column-inner-cnmrscmcf mcb-item-heading-inner\">\n<div class=\"column mcb-column mcb-item-cnmrscmcf four-fifth laptop-four-fifth tablet-four-fifth mobile-one column_heading\">\n<div class=\"mcb-column-inner mfn-module-wrapper mcb-column-inner-cnmrscmcf mcb-item-heading-inner\">\n<h4 class=\"title\">Descri\u00e7\u00e3o<\/h4>\n<\/div>\n<\/div>\n<div class=\"column mcb-column mcb-item-fcmgus7vi one laptop-one tablet-one mobile-one column_list_2\">\n<div class=\"mcb-column-inner mfn-module-wrapper mcb-column-inner-fcmgus7vi mcb-item-list_2-inner\">\n<h5>A interface de entrada:<\/h5>\n<h5>Interface de sa\u00edda:DC5.5*2.1 mm f\u00eamea\/4.0*1.7 feminino\/3.5*1.35 feminino<\/h5>\n<h5>Aplica\u00e7\u00e3o: V\u00e1rios adaptadores de alimenta\u00e7\u00e3o<\/h5>\n<h5>Fun\u00e7\u00e3o: Fonte De Alimenta\u00e7\u00e3o<\/h5>\n<h5>Tens\u00e3o de funcionamento: abaixo 36V<\/h5>\n<h5>Comprimento: 1,0 M\/1,5 M\/2.0 M<\/h5>\n<h5>Cor: Preto\/Branco<\/h5>\n<h5>Bainha material: PVC<\/h5>\n<h5>Inspe\u00e7\u00e3o: QC 100% da inspe\u00e7\u00e3o antes da expedi\u00e7\u00e3o<\/h5>\n<\/div>\n<\/div>\n<\/div>\n<\/div>\n<\/div>","protected":false},"excerpt":{"rendered":"<div class=\"trade-terms\">\n<p><strong>Termos De Com\u00e9rcio<\/strong>: A corrente de rel\u00f3gio Shenzhen<\/p>\n<p><strong>OEM\/ODM:<\/strong>\u00a0 \u00a0 \u00a0 \u00a0 \u00a0 \u00a0 \u00a0 \u00a0 \u00a0 \u00a0 \u00a0 \u00a0 \u00a0 \u00a0 \u00a0 \u00a0 \u00a0 Sim<\/p>\n<p><strong>Produ\u00e7\u00e3o:<\/strong>\u00a0 \u00a0 \u00a0 \u00a0 \u00a0 \u00a0 \u00a0 \u00a0 \u00a0 \u00a0 \u00a0 \u00a0 \u00a0 \u00a0 \u00a0 \u00a0 \u00a0De 600.000 PE\u00c7AS\/M\u00eas<\/p>\n<p><strong>Tempo Da Amostra:<\/strong>\u00a0 \u00a0 \u00a0 \u00a0 \u00a0 \u00a0 \u00a0 \u00a0 \u00a0 \u00a0 \u00a0 \u00a0 \u00a0 \u00a0 \u00a05-10 Dias \u00dateis<\/p>\n<p><strong>Ordem M\u00ednima:<\/strong>\u00a0 \u00a0 \u00a0 \u00a0 \u00a0 \u00a0 \u00a0 \u00a0 \u00a0 \u00a0 \u00a0 \u00a0 1000 Pe\u00e7as<\/p>\n<p><strong>Pagamento:<\/strong>\u00a0 \u00a0 \u00a0 \u00a0 \u00a0 \u00a0 \u00a0 \u00a0 \u00a0 \u00a0 \u00a0 \u00a0 \u00a0 \u00a0 \u00a0 \u00a0 \u00a0 \u00a0 \u00a0T\/T, PayPal<\/p>\n<p><strong>Origem:<\/strong>\u00a0 \u00a0 \u00a0 \u00a0 \u00a0 \u00a0 \u00a0 \u00a0 \u00a0 \u00a0 \u00a0 \u00a0 \u00a0 \u00a0 \u00a0 \u00a0 \u00a0 \u00a0 \u00a0 \u00a0 \u00a0 \u00a0Shenzhen, China<\/p>\n<p><strong>Modelo<\/strong>\u00a0 \u00a0 \u00a0 \u00a0 \u00a0 \u00a0 \u00a0 \u00a0 \u00a0 \u00a0 \u00a0 \u00a0 \u00a0 \u00a0 \u00a0 \u00a0 \u00a0 \u00a0 \u00a0 \u00a0 \u00a0 \u00a0 J-DC2003<\/p>\n<\/div>","protected":false},"featured_media":8000,"template":"","meta":{"_eb_attr":""},"product_brand":[],"product_cat":[685],"product_tag":[],"class_list":{"0":"post-6413","1":"product","2":"type-product","3":"status-publish","4":"has-post-thumbnail","6":"product_cat-dc-cable","8":"first","9":"instock","10":"shipping-taxable","11":"product-type-simple"},"yoast_head":"<!-- This site is optimized with the Yoast SEO Premium plugin v23.7 (Yoast SEO v23.7) - https:\/\/yoast.com\/wordpress\/plugins\/seo\/ -->\n<title>Custom DC Power Cord \u2013 Male to Female Docking Connector Cable for Industrial Equipment OEM Manufacturer - Professional USB cable manufacturer<\/title>\n<meta name=\"description\" content=\"Wholesale DC-003FS DC Cable featuring durable build and stable power delivery. Ideal for bulk orders and OEM customization.\" \/>\n<meta name=\"robots\" content=\"index, follow, max-snippet:-1, max-image-preview:large, max-video-preview:-1\" \/>\n<link rel=\"canonical\" href=\"https:\/\/www.wjwsy.com\/pt\/produto\/custom-dc-power-cord-male-to-female-docking-connector-cable-for-industrial-equipment-oem-manufacturer\/\" \/>\n<meta property=\"og:locale\" content=\"pt_PT\" \/>\n<meta property=\"og:type\" content=\"article\" \/>\n<meta property=\"og:title\" content=\"Custom DC Power Cord \u2013 Male to Female Docking Connector Cable for Industrial Equipment OEM Manufacturer\" \/>\n<meta property=\"og:description\" content=\"Wholesale DC-003FS DC Cable featuring durable build and stable power delivery. Ideal for bulk orders and OEM customization.\" \/>\n<meta property=\"og:url\" content=\"https:\/\/www.wjwsy.com\/pt\/produto\/custom-dc-power-cord-male-to-female-docking-connector-cable-for-industrial-equipment-oem-manufacturer\/\" \/>\n<meta property=\"og:site_name\" content=\"Professional USB cable manufacturer\" \/>\n<meta property=\"article:modified_time\" content=\"2026-03-13T05:39:23+00:00\" \/>\n<meta property=\"og:image\" content=\"https:\/\/www.wjwsy.com\/wp-content\/uploads\/2025\/04\/dc-003fs-6.jpg\" \/>\n\t<meta property=\"og:image:width\" content=\"750\" \/>\n\t<meta property=\"og:image:height\" content=\"599\" \/>\n\t<meta property=\"og:image:type\" content=\"image\/jpeg\" \/>\n<meta name=\"twitter:card\" content=\"summary_large_image\" \/>\n<meta name=\"twitter:label1\" content=\"Est. reading time\" \/>\n\t<meta name=\"twitter:data1\" content=\"1 minuto\" \/>\n<script type=\"application\/ld+json\" class=\"yoast-schema-graph\">{\"@context\":\"https:\/\/schema.org\",\"@graph\":[{\"@type\":\"WebPage\",\"@id\":\"https:\/\/www.wjwsy.com\/product\/custom-dc-power-cord-male-to-female-docking-connector-cable-for-industrial-equipment-oem-manufacturer\/\",\"url\":\"https:\/\/www.wjwsy.com\/product\/custom-dc-power-cord-male-to-female-docking-connector-cable-for-industrial-equipment-oem-manufacturer\/\",\"name\":\"Custom DC Power Cord \u2013 Male to Female Docking Connector Cable for Industrial Equipment OEM Manufacturer - Professional USB cable manufacturer\",\"isPartOf\":{\"@id\":\"https:\/\/www.wjwsy.com\/#website\"},\"primaryImageOfPage\":{\"@id\":\"https:\/\/www.wjwsy.com\/product\/custom-dc-power-cord-male-to-female-docking-connector-cable-for-industrial-equipment-oem-manufacturer\/#primaryimage\"},\"image\":{\"@id\":\"https:\/\/www.wjwsy.com\/product\/custom-dc-power-cord-male-to-female-docking-connector-cable-for-industrial-equipment-oem-manufacturer\/#primaryimage\"},\"thumbnailUrl\":\"https:\/\/www.wjwsy.com\/wp-content\/uploads\/2025\/04\/dc-003fs-6.jpg\",\"datePublished\":\"2025-04-17T13:28:44+00:00\",\"dateModified\":\"2026-03-13T05:39:23+00:00\",\"description\":\"Wholesale DC-003FS DC Cable featuring durable build and stable power delivery. Ideal for bulk orders and OEM customization.\",\"breadcrumb\":{\"@id\":\"https:\/\/www.wjwsy.com\/product\/custom-dc-power-cord-male-to-female-docking-connector-cable-for-industrial-equipment-oem-manufacturer\/#breadcrumb\"},\"inLanguage\":\"pt-PT\",\"potentialAction\":[{\"@type\":\"ReadAction\",\"target\":[\"https:\/\/www.wjwsy.com\/product\/custom-dc-power-cord-male-to-female-docking-connector-cable-for-industrial-equipment-oem-manufacturer\/\"]}]},{\"@type\":\"ImageObject\",\"inLanguage\":\"pt-PT\",\"@id\":\"https:\/\/www.wjwsy.com\/product\/custom-dc-power-cord-male-to-female-docking-connector-cable-for-industrial-equipment-oem-manufacturer\/#primaryimage\",\"url\":\"https:\/\/www.wjwsy.com\/wp-content\/uploads\/2025\/04\/dc-003fs-6.jpg\",\"contentUrl\":\"https:\/\/www.wjwsy.com\/wp-content\/uploads\/2025\/04\/dc-003fs-6.jpg\",\"width\":750,\"height\":599},{\"@type\":\"BreadcrumbList\",\"@id\":\"https:\/\/www.wjwsy.com\/product\/custom-dc-power-cord-male-to-female-docking-connector-cable-for-industrial-equipment-oem-manufacturer\/#breadcrumb\",\"itemListElement\":[{\"@type\":\"ListItem\",\"position\":1,\"name\":\"\u9996\u9875\",\"item\":\"https:\/\/www.wjwsy.com\/\"},{\"@type\":\"ListItem\",\"position\":2,\"name\":\"Products\",\"item\":\"https:\/\/www.wjwsy.com\/design-editor__trashed\/\"},{\"@type\":\"ListItem\",\"position\":3,\"name\":\"DC Power Cable Manufacturer \u2013 Custom DC Cords for LED, CCTV &amp; Industrial Equipment\",\"item\":\"https:\/\/www.wjwsy.com\/category\/dc-cable\/\"},{\"@type\":\"ListItem\",\"position\":4,\"name\":\"Custom DC Power Cord \u2013 Male to Female Docking Connector Cable for Industrial Equipment OEM Manufacturer\"}]},{\"@type\":\"WebSite\",\"@id\":\"https:\/\/www.wjwsy.com\/#website\",\"url\":\"https:\/\/www.wjwsy.com\/\",\"name\":\"wjwsy.com\",\"description\":\"Delivering High-Quality, Reliable USB Cables for Every Industry\",\"publisher\":{\"@id\":\"https:\/\/www.wjwsy.com\/#organization\"},\"potentialAction\":[{\"@type\":\"SearchAction\",\"target\":{\"@type\":\"EntryPoint\",\"urlTemplate\":\"https:\/\/www.wjwsy.com\/?s={search_term_string}\"},\"query-input\":{\"@type\":\"PropertyValueSpecification\",\"valueRequired\":true,\"valueName\":\"search_term_string\"}}],\"inLanguage\":\"pt-PT\"},{\"@type\":\"Organization\",\"@id\":\"https:\/\/www.wjwsy.com\/#organization\",\"name\":\"wjwsy.com\",\"url\":\"https:\/\/www.wjwsy.com\/\",\"logo\":{\"@type\":\"ImageObject\",\"inLanguage\":\"pt-PT\",\"@id\":\"https:\/\/www.wjwsy.com\/#\/schema\/logo\/image\/\",\"url\":\"\",\"contentUrl\":\"\",\"caption\":\"wjwsy.com\"},\"image\":{\"@id\":\"https:\/\/www.wjwsy.com\/#\/schema\/logo\/image\/\"}}]}<\/script>\n<!-- \/ Yoast SEO Premium plugin. -->","yoast_head_json":{"title":"Custom DC Power Cord \u2013 Male to Female Docking Connector Cable for Industrial Equipment OEM Manufacturer - Professional USB cable manufacturer","description":"Wholesale DC-003FS DC Cable featuring durable build and stable power delivery. Ideal for bulk orders and OEM customization.","robots":{"index":"index","follow":"follow","max-snippet":"max-snippet:-1","max-image-preview":"max-image-preview:large","max-video-preview":"max-video-preview:-1"},"canonical":"https:\/\/www.wjwsy.com\/pt\/produto\/custom-dc-power-cord-male-to-female-docking-connector-cable-for-industrial-equipment-oem-manufacturer\/","og_locale":"pt_PT","og_type":"article","og_title":"Custom DC Power Cord \u2013 Male to Female Docking Connector Cable for Industrial Equipment OEM Manufacturer","og_description":"Wholesale DC-003FS DC Cable featuring durable build and stable power delivery. Ideal for bulk orders and OEM customization.","og_url":"https:\/\/www.wjwsy.com\/pt\/produto\/custom-dc-power-cord-male-to-female-docking-connector-cable-for-industrial-equipment-oem-manufacturer\/","og_site_name":"Professional USB cable manufacturer","article_modified_time":"2026-03-13T05:39:23+00:00","og_image":[{"width":750,"height":599,"url":"https:\/\/www.wjwsy.com\/wp-content\/uploads\/2025\/04\/dc-003fs-6.jpg","type":"image\/jpeg"}],"twitter_card":"summary_large_image","twitter_misc":{"Est. reading time":"1 minuto"},"schema":{"@context":"https:\/\/schema.org","@graph":[{"@type":"WebPage","@id":"https:\/\/www.wjwsy.com\/product\/custom-dc-power-cord-male-to-female-docking-connector-cable-for-industrial-equipment-oem-manufacturer\/","url":"https:\/\/www.wjwsy.com\/product\/custom-dc-power-cord-male-to-female-docking-connector-cable-for-industrial-equipment-oem-manufacturer\/","name":"Custom DC Power Cord \u2013 Male to Female Docking Connector Cable for Industrial Equipment OEM Manufacturer - Professional USB cable manufacturer","isPartOf":{"@id":"https:\/\/www.wjwsy.com\/#website"},"primaryImageOfPage":{"@id":"https:\/\/www.wjwsy.com\/product\/custom-dc-power-cord-male-to-female-docking-connector-cable-for-industrial-equipment-oem-manufacturer\/#primaryimage"},"image":{"@id":"https:\/\/www.wjwsy.com\/product\/custom-dc-power-cord-male-to-female-docking-connector-cable-for-industrial-equipment-oem-manufacturer\/#primaryimage"},"thumbnailUrl":"https:\/\/www.wjwsy.com\/wp-content\/uploads\/2025\/04\/dc-003fs-6.jpg","datePublished":"2025-04-17T13:28:44+00:00","dateModified":"2026-03-13T05:39:23+00:00","description":"Wholesale DC-003FS DC Cable featuring durable build and stable power delivery. Ideal for bulk orders and OEM customization.","breadcrumb":{"@id":"https:\/\/www.wjwsy.com\/product\/custom-dc-power-cord-male-to-female-docking-connector-cable-for-industrial-equipment-oem-manufacturer\/#breadcrumb"},"inLanguage":"pt-PT","potentialAction":[{"@type":"ReadAction","target":["https:\/\/www.wjwsy.com\/product\/custom-dc-power-cord-male-to-female-docking-connector-cable-for-industrial-equipment-oem-manufacturer\/"]}]},{"@type":"ImageObject","inLanguage":"pt-PT","@id":"https:\/\/www.wjwsy.com\/product\/custom-dc-power-cord-male-to-female-docking-connector-cable-for-industrial-equipment-oem-manufacturer\/#primaryimage","url":"https:\/\/www.wjwsy.com\/wp-content\/uploads\/2025\/04\/dc-003fs-6.jpg","contentUrl":"https:\/\/www.wjwsy.com\/wp-content\/uploads\/2025\/04\/dc-003fs-6.jpg","width":750,"height":599},{"@type":"BreadcrumbList","@id":"https:\/\/www.wjwsy.com\/product\/custom-dc-power-cord-male-to-female-docking-connector-cable-for-industrial-equipment-oem-manufacturer\/#breadcrumb","itemListElement":[{"@type":"ListItem","position":1,"name":"\u9996\u9875","item":"https:\/\/www.wjwsy.com\/"},{"@type":"ListItem","position":2,"name":"Products","item":"https:\/\/www.wjwsy.com\/design-editor__trashed\/"},{"@type":"ListItem","position":3,"name":"DC Power Cable Manufacturer \u2013 Custom DC Cords for LED, CCTV &amp; Industrial Equipment","item":"https:\/\/www.wjwsy.com\/category\/dc-cable\/"},{"@type":"ListItem","position":4,"name":"Custom DC Power Cord \u2013 Male to Female Docking Connector Cable for Industrial Equipment OEM Manufacturer"}]},{"@type":"WebSite","@id":"https:\/\/www.wjwsy.com\/#website","url":"https:\/\/www.wjwsy.com\/","name":"wjwsy.com","description":"Delivering High-Quality, Reliable USB Cables for Every Industry","publisher":{"@id":"https:\/\/www.wjwsy.com\/#organization"},"potentialAction":[{"@type":"SearchAction","target":{"@type":"EntryPoint","urlTemplate":"https:\/\/www.wjwsy.com\/?s={search_term_string}"},"query-input":{"@type":"PropertyValueSpecification","valueRequired":true,"valueName":"search_term_string"}}],"inLanguage":"pt-PT"},{"@type":"Organization","@id":"https:\/\/www.wjwsy.com\/#organization","name":"wjwsy.com","url":"https:\/\/www.wjwsy.com\/","logo":{"@type":"ImageObject","inLanguage":"pt-PT","@id":"https:\/\/www.wjwsy.com\/#\/schema\/logo\/image\/","url":"","contentUrl":"","caption":"wjwsy.com"},"image":{"@id":"https:\/\/www.wjwsy.com\/#\/schema\/logo\/image\/"}}]}},"_links":{"self":[{"href":"https:\/\/www.wjwsy.com\/pt\/wp-json\/wp\/v2\/product\/6413","targetHints":{"allow":["GET"]}}],"collection":[{"href":"https:\/\/www.wjwsy.com\/pt\/wp-json\/wp\/v2\/product"}],"about":[{"href":"https:\/\/www.wjwsy.com\/pt\/wp-json\/wp\/v2\/types\/product"}],"wp:featuredmedia":[{"embeddable":true,"href":"https:\/\/www.wjwsy.com\/pt\/wp-json\/wp\/v2\/media\/8000"}],"wp:attachment":[{"href":"https:\/\/www.wjwsy.com\/pt\/wp-json\/wp\/v2\/media?parent=6413"}],"wp:term":[{"taxonomy":"product_brand","embeddable":true,"href":"https:\/\/www.wjwsy.com\/pt\/wp-json\/wp\/v2\/product_brand?post=6413"},{"taxonomy":"product_cat","embeddable":true,"href":"https:\/\/www.wjwsy.com\/pt\/wp-json\/wp\/v2\/product_cat?post=6413"},{"taxonomy":"product_tag","embeddable":true,"href":"https:\/\/www.wjwsy.com\/pt\/wp-json\/wp\/v2\/product_tag?post=6413"}],"curies":[{"name":"wp","href":"https:\/\/api.w.org\/{rel}","templated":true}]}}