{"id":3268,"date":"2024-12-31T07:23:09","date_gmt":"2024-12-31T07:23:09","guid":{"rendered":"https:\/\/www.wjwsy.com\/?post_type=product&#038;p=3268"},"modified":"2026-03-13T03:08:56","modified_gmt":"2026-03-13T03:08:56","slug":"oem-micro-usb-cable-2-0-custom-tpe-pvc-micro-usb-charging-cord-with-logo-printing-factory-direct","status":"publish","type":"product","link":"https:\/\/www.wjwsy.com\/pt\/produto\/oem-micro-usb-cable-2-0-custom-tpe-pvc-micro-usb-charging-cord-with-logo-printing-factory-direct\/","title":{"rendered":"OEM Cabo Micro USB 2.0 \u2013 Personalizado TPE\/PVC de Carregamento Micro USB do Cabo com Impress\u00e3o do Logotipo Direto da F\u00e1brica"},"content":{"rendered":"<h2 class=\"mcb-wrap-background-overlay\"><span style=\"font-size: 21px;\">Detalhes T\u00e9cnicos:<\/span><\/h2>\n<div class=\"mcb-wrap-background-overlay\">Interface de entrada de dados: USB<\/div>\n<div class=\"column mcb-column mcb-item-26bhx6ty one laptop-one tablet-one mobile-one column_list_2\">\n<div class=\"mcb-column-inner mfn-module-wrapper mcb-column-inner-26bhx6ty mcb-item-list_2-inner\">\n<p><i class=\"icon-dot\" aria-hidden=\"true\"><\/i>Interface de sa\u00edda: Micro USB<\/p>\n<p><i class=\"icon-dot\" aria-hidden=\"true\"><\/i>Aplica\u00e7\u00e3o: Micro dispositivo de interface<\/p>\n<p><i class=\"icon-dot\" aria-hidden=\"true\"><\/i>Padr\u00e3o USB: USB 2.0<\/p>\n<p><i class=\"icon-dot\" aria-hidden=\"true\"><\/i>Fun\u00e7\u00e3o: Carga + de transmiss\u00e3o de dados<\/p>\n<p><i class=\"icon-dot\" aria-hidden=\"true\"><\/i>Tens\u00e3o de funcionamento: 5V<\/p>\n<p><i class=\"icon-dot\" aria-hidden=\"true\"><\/i>Transmiss\u00e3o de dados: \u2264480Mbps<\/p>\n<p><i class=\"icon-dot\" aria-hidden=\"true\"><\/i>Comprimento: o comprimento Personalizado conforme necess\u00e1rio<\/p>\n<p><i class=\"icon-dot\" aria-hidden=\"true\"><\/i>Cor: Branco\/Preto\/Personalizados conforme necess\u00e1rio<\/p>\n<p><i class=\"icon-dot\" aria-hidden=\"true\"><\/i>Material da capa: TPE ou de PVC<\/p>\n<p>MOQ: 1000<\/p>\n<p><i class=\"icon-dot\" aria-hidden=\"true\"><\/i><span class=\"mfn-list-desc\">Inspe\u00e7\u00e3o: QC 100% da inspe\u00e7\u00e3o antes da expedi\u00e7\u00e3o<\/span><\/p>\n<\/div>\n<\/div>","protected":false},"excerpt":{"rendered":"<div class=\"trade-terms\">\n<p><strong>Termos De Com\u00e9rcio<\/strong>: A corrente de rel\u00f3gio Shenzhen<\/p>\n<p><strong>OEM\/ODM:<\/strong>\u00a0 \u00a0 \u00a0 \u00a0 \u00a0 \u00a0 \u00a0 \u00a0 \u00a0 \u00a0 \u00a0 \u00a0 \u00a0 \u00a0 \u00a0 \u00a0 \u00a0 Sim<\/p>\n<p><strong>Produ\u00e7\u00e3o:<\/strong>\u00a0 \u00a0 \u00a0 \u00a0 \u00a0 \u00a0 \u00a0 \u00a0 \u00a0 \u00a0 \u00a0 \u00a0 \u00a0 \u00a0 \u00a0 \u00a0 \u00a0De 600.000 PE\u00c7AS\/M\u00eas<\/p>\n<p><strong>Tempo Da Amostra:<\/strong>\u00a0 \u00a0 \u00a0 \u00a0 \u00a0 \u00a0 \u00a0 \u00a0 \u00a0 \u00a0 \u00a0 \u00a0 \u00a0 \u00a0 \u00a05-10 Dias \u00dateis<\/p>\n<p><strong>Ordem M\u00ednima:<\/strong>\u00a0 \u00a0 \u00a0 \u00a0 \u00a0 \u00a0 \u00a0 \u00a0 \u00a0 \u00a0 \u00a0 \u00a0 1000 Pe\u00e7as<\/p>\n<p><strong>Pagamento:<\/strong>\u00a0 \u00a0 \u00a0 \u00a0 \u00a0 \u00a0 \u00a0 \u00a0 \u00a0 \u00a0 \u00a0 \u00a0 \u00a0 \u00a0 \u00a0 \u00a0 \u00a0 \u00a0 \u00a0T\/T, PayPal<\/p>\n<p><strong>Origem:<\/strong>\u00a0 \u00a0 \u00a0 \u00a0 \u00a0 \u00a0 \u00a0 \u00a0 \u00a0 \u00a0 \u00a0 \u00a0 \u00a0 \u00a0 \u00a0 \u00a0 \u00a0 \u00a0 \u00a0 \u00a0 \u00a0 \u00a0Shenzhen, China<\/p>\n<p><strong>Modelo J-M1001<\/strong><\/p>\n<\/div>","protected":false},"featured_media":8913,"template":"","meta":{"_eb_attr":""},"product_brand":[],"product_cat":[726],"product_tag":[],"class_list":{"0":"post-3268","1":"product","2":"type-product","3":"status-publish","4":"has-post-thumbnail","6":"product_cat-usb-micro-cable","8":"first","9":"instock","10":"shipping-taxable","11":"product-type-simple"},"yoast_head":"<!-- This site is optimized with the Yoast SEO Premium plugin v23.7 (Yoast SEO v23.7) - https:\/\/yoast.com\/wordpress\/plugins\/seo\/ -->\n<title>OEM Micro USB Cable 2.0 \u2013 Custom TPE\/PVC Micro USB Charging Cord with Logo Printing Factory Direct - Professional USB cable manufacturer<\/title>\n<meta name=\"description\" content=\"Wholesale USB A to Micro USB Cable with durable design, supports fast charging and data transfer. Ideal for bulk orders and OEM customization.\" \/>\n<meta name=\"robots\" content=\"index, follow, max-snippet:-1, max-image-preview:large, max-video-preview:-1\" \/>\n<link rel=\"canonical\" href=\"https:\/\/www.wjwsy.com\/pt\/produto\/oem-micro-usb-cable-2-0-custom-tpe-pvc-micro-usb-charging-cord-with-logo-printing-factory-direct\/\" \/>\n<meta property=\"og:locale\" content=\"pt_PT\" \/>\n<meta property=\"og:type\" content=\"article\" \/>\n<meta property=\"og:title\" content=\"OEM Micro USB Cable 2.0 \u2013 Custom TPE\/PVC Micro USB Charging Cord with Logo Printing Factory Direct\" \/>\n<meta property=\"og:description\" content=\"Wholesale USB A to Micro USB Cable with durable design, supports fast charging and data transfer. Ideal for bulk orders and OEM customization.\" \/>\n<meta property=\"og:url\" content=\"https:\/\/www.wjwsy.com\/pt\/produto\/oem-micro-usb-cable-2-0-custom-tpe-pvc-micro-usb-charging-cord-with-logo-printing-factory-direct\/\" \/>\n<meta property=\"og:site_name\" content=\"Professional USB cable manufacturer\" \/>\n<meta property=\"article:modified_time\" content=\"2026-03-13T03:08:56+00:00\" \/>\n<meta property=\"og:image\" content=\"https:\/\/www.wjwsy.com\/wp-content\/uploads\/2024\/12\/J-M1001-3.jpg\" \/>\n\t<meta property=\"og:image:width\" content=\"750\" \/>\n\t<meta property=\"og:image:height\" content=\"600\" \/>\n\t<meta property=\"og:image:type\" content=\"image\/jpeg\" \/>\n<meta name=\"twitter:card\" content=\"summary_large_image\" \/>\n<meta name=\"twitter:label1\" content=\"Est. reading time\" \/>\n\t<meta name=\"twitter:data1\" content=\"1 minuto\" \/>\n<script type=\"application\/ld+json\" class=\"yoast-schema-graph\">{\"@context\":\"https:\/\/schema.org\",\"@graph\":[{\"@type\":\"WebPage\",\"@id\":\"https:\/\/www.wjwsy.com\/product\/oem-micro-usb-cable-2-0-custom-tpe-pvc-micro-usb-charging-cord-with-logo-printing-factory-direct\/\",\"url\":\"https:\/\/www.wjwsy.com\/product\/oem-micro-usb-cable-2-0-custom-tpe-pvc-micro-usb-charging-cord-with-logo-printing-factory-direct\/\",\"name\":\"OEM Micro USB Cable 2.0 \u2013 Custom TPE\/PVC Micro USB Charging Cord with Logo Printing Factory Direct - Professional USB cable manufacturer\",\"isPartOf\":{\"@id\":\"https:\/\/www.wjwsy.com\/#website\"},\"primaryImageOfPage\":{\"@id\":\"https:\/\/www.wjwsy.com\/product\/oem-micro-usb-cable-2-0-custom-tpe-pvc-micro-usb-charging-cord-with-logo-printing-factory-direct\/#primaryimage\"},\"image\":{\"@id\":\"https:\/\/www.wjwsy.com\/product\/oem-micro-usb-cable-2-0-custom-tpe-pvc-micro-usb-charging-cord-with-logo-printing-factory-direct\/#primaryimage\"},\"thumbnailUrl\":\"https:\/\/www.wjwsy.com\/wp-content\/uploads\/2024\/12\/J-M1001-3.jpg\",\"datePublished\":\"2024-12-31T07:23:09+00:00\",\"dateModified\":\"2026-03-13T03:08:56+00:00\",\"description\":\"Wholesale USB A to Micro USB Cable with durable design, supports fast charging and data transfer. Ideal for bulk orders and OEM customization.\",\"breadcrumb\":{\"@id\":\"https:\/\/www.wjwsy.com\/product\/oem-micro-usb-cable-2-0-custom-tpe-pvc-micro-usb-charging-cord-with-logo-printing-factory-direct\/#breadcrumb\"},\"inLanguage\":\"pt-PT\",\"potentialAction\":[{\"@type\":\"ReadAction\",\"target\":[\"https:\/\/www.wjwsy.com\/product\/oem-micro-usb-cable-2-0-custom-tpe-pvc-micro-usb-charging-cord-with-logo-printing-factory-direct\/\"]}]},{\"@type\":\"ImageObject\",\"inLanguage\":\"pt-PT\",\"@id\":\"https:\/\/www.wjwsy.com\/product\/oem-micro-usb-cable-2-0-custom-tpe-pvc-micro-usb-charging-cord-with-logo-printing-factory-direct\/#primaryimage\",\"url\":\"https:\/\/www.wjwsy.com\/wp-content\/uploads\/2024\/12\/J-M1001-3.jpg\",\"contentUrl\":\"https:\/\/www.wjwsy.com\/wp-content\/uploads\/2024\/12\/J-M1001-3.jpg\",\"width\":750,\"height\":600},{\"@type\":\"BreadcrumbList\",\"@id\":\"https:\/\/www.wjwsy.com\/product\/oem-micro-usb-cable-2-0-custom-tpe-pvc-micro-usb-charging-cord-with-logo-printing-factory-direct\/#breadcrumb\",\"itemListElement\":[{\"@type\":\"ListItem\",\"position\":1,\"name\":\"\u9996\u9875\",\"item\":\"https:\/\/www.wjwsy.com\/\"},{\"@type\":\"ListItem\",\"position\":2,\"name\":\"Products\",\"item\":\"https:\/\/www.wjwsy.com\/design-editor__trashed\/\"},{\"@type\":\"ListItem\",\"position\":3,\"name\":\"Micro USB Cable Wholesale \u2013 Reliable Android Charging Cables for Budget &amp; Legacy Devices\",\"item\":\"https:\/\/www.wjwsy.com\/category\/usb-micro-cable\/\"},{\"@type\":\"ListItem\",\"position\":4,\"name\":\"OEM Micro USB Cable 2.0 \u2013 Custom TPE\/PVC Micro USB Charging Cord with Logo Printing Factory Direct\"}]},{\"@type\":\"WebSite\",\"@id\":\"https:\/\/www.wjwsy.com\/#website\",\"url\":\"https:\/\/www.wjwsy.com\/\",\"name\":\"wjwsy.com\",\"description\":\"Delivering High-Quality, Reliable USB Cables for Every Industry\",\"publisher\":{\"@id\":\"https:\/\/www.wjwsy.com\/#organization\"},\"potentialAction\":[{\"@type\":\"SearchAction\",\"target\":{\"@type\":\"EntryPoint\",\"urlTemplate\":\"https:\/\/www.wjwsy.com\/?s={search_term_string}\"},\"query-input\":{\"@type\":\"PropertyValueSpecification\",\"valueRequired\":true,\"valueName\":\"search_term_string\"}}],\"inLanguage\":\"pt-PT\"},{\"@type\":\"Organization\",\"@id\":\"https:\/\/www.wjwsy.com\/#organization\",\"name\":\"wjwsy.com\",\"url\":\"https:\/\/www.wjwsy.com\/\",\"logo\":{\"@type\":\"ImageObject\",\"inLanguage\":\"pt-PT\",\"@id\":\"https:\/\/www.wjwsy.com\/#\/schema\/logo\/image\/\",\"url\":\"\",\"contentUrl\":\"\",\"caption\":\"wjwsy.com\"},\"image\":{\"@id\":\"https:\/\/www.wjwsy.com\/#\/schema\/logo\/image\/\"}}]}<\/script>\n<!-- \/ Yoast SEO Premium plugin. -->","yoast_head_json":{"title":"OEM Micro USB Cable 2.0 \u2013 Custom TPE\/PVC Micro USB Charging Cord with Logo Printing Factory Direct - Professional USB cable manufacturer","description":"Wholesale USB A to Micro USB Cable with durable design, supports fast charging and data transfer. Ideal for bulk orders and OEM customization.","robots":{"index":"index","follow":"follow","max-snippet":"max-snippet:-1","max-image-preview":"max-image-preview:large","max-video-preview":"max-video-preview:-1"},"canonical":"https:\/\/www.wjwsy.com\/pt\/produto\/oem-micro-usb-cable-2-0-custom-tpe-pvc-micro-usb-charging-cord-with-logo-printing-factory-direct\/","og_locale":"pt_PT","og_type":"article","og_title":"OEM Micro USB Cable 2.0 \u2013 Custom TPE\/PVC Micro USB Charging Cord with Logo Printing Factory Direct","og_description":"Wholesale USB A to Micro USB Cable with durable design, supports fast charging and data transfer. Ideal for bulk orders and OEM customization.","og_url":"https:\/\/www.wjwsy.com\/pt\/produto\/oem-micro-usb-cable-2-0-custom-tpe-pvc-micro-usb-charging-cord-with-logo-printing-factory-direct\/","og_site_name":"Professional USB cable manufacturer","article_modified_time":"2026-03-13T03:08:56+00:00","og_image":[{"width":750,"height":600,"url":"https:\/\/www.wjwsy.com\/wp-content\/uploads\/2024\/12\/J-M1001-3.jpg","type":"image\/jpeg"}],"twitter_card":"summary_large_image","twitter_misc":{"Est. reading time":"1 minuto"},"schema":{"@context":"https:\/\/schema.org","@graph":[{"@type":"WebPage","@id":"https:\/\/www.wjwsy.com\/product\/oem-micro-usb-cable-2-0-custom-tpe-pvc-micro-usb-charging-cord-with-logo-printing-factory-direct\/","url":"https:\/\/www.wjwsy.com\/product\/oem-micro-usb-cable-2-0-custom-tpe-pvc-micro-usb-charging-cord-with-logo-printing-factory-direct\/","name":"OEM Micro USB Cable 2.0 \u2013 Custom TPE\/PVC Micro USB Charging Cord with Logo Printing Factory Direct - Professional USB cable manufacturer","isPartOf":{"@id":"https:\/\/www.wjwsy.com\/#website"},"primaryImageOfPage":{"@id":"https:\/\/www.wjwsy.com\/product\/oem-micro-usb-cable-2-0-custom-tpe-pvc-micro-usb-charging-cord-with-logo-printing-factory-direct\/#primaryimage"},"image":{"@id":"https:\/\/www.wjwsy.com\/product\/oem-micro-usb-cable-2-0-custom-tpe-pvc-micro-usb-charging-cord-with-logo-printing-factory-direct\/#primaryimage"},"thumbnailUrl":"https:\/\/www.wjwsy.com\/wp-content\/uploads\/2024\/12\/J-M1001-3.jpg","datePublished":"2024-12-31T07:23:09+00:00","dateModified":"2026-03-13T03:08:56+00:00","description":"Wholesale USB A to Micro USB Cable with durable design, supports fast charging and data transfer. Ideal for bulk orders and OEM customization.","breadcrumb":{"@id":"https:\/\/www.wjwsy.com\/product\/oem-micro-usb-cable-2-0-custom-tpe-pvc-micro-usb-charging-cord-with-logo-printing-factory-direct\/#breadcrumb"},"inLanguage":"pt-PT","potentialAction":[{"@type":"ReadAction","target":["https:\/\/www.wjwsy.com\/product\/oem-micro-usb-cable-2-0-custom-tpe-pvc-micro-usb-charging-cord-with-logo-printing-factory-direct\/"]}]},{"@type":"ImageObject","inLanguage":"pt-PT","@id":"https:\/\/www.wjwsy.com\/product\/oem-micro-usb-cable-2-0-custom-tpe-pvc-micro-usb-charging-cord-with-logo-printing-factory-direct\/#primaryimage","url":"https:\/\/www.wjwsy.com\/wp-content\/uploads\/2024\/12\/J-M1001-3.jpg","contentUrl":"https:\/\/www.wjwsy.com\/wp-content\/uploads\/2024\/12\/J-M1001-3.jpg","width":750,"height":600},{"@type":"BreadcrumbList","@id":"https:\/\/www.wjwsy.com\/product\/oem-micro-usb-cable-2-0-custom-tpe-pvc-micro-usb-charging-cord-with-logo-printing-factory-direct\/#breadcrumb","itemListElement":[{"@type":"ListItem","position":1,"name":"\u9996\u9875","item":"https:\/\/www.wjwsy.com\/"},{"@type":"ListItem","position":2,"name":"Products","item":"https:\/\/www.wjwsy.com\/design-editor__trashed\/"},{"@type":"ListItem","position":3,"name":"Micro USB Cable Wholesale \u2013 Reliable Android Charging Cables for Budget &amp; Legacy Devices","item":"https:\/\/www.wjwsy.com\/category\/usb-micro-cable\/"},{"@type":"ListItem","position":4,"name":"OEM Micro USB Cable 2.0 \u2013 Custom TPE\/PVC Micro USB Charging Cord with Logo Printing Factory Direct"}]},{"@type":"WebSite","@id":"https:\/\/www.wjwsy.com\/#website","url":"https:\/\/www.wjwsy.com\/","name":"wjwsy.com","description":"Delivering High-Quality, Reliable USB Cables for Every Industry","publisher":{"@id":"https:\/\/www.wjwsy.com\/#organization"},"potentialAction":[{"@type":"SearchAction","target":{"@type":"EntryPoint","urlTemplate":"https:\/\/www.wjwsy.com\/?s={search_term_string}"},"query-input":{"@type":"PropertyValueSpecification","valueRequired":true,"valueName":"search_term_string"}}],"inLanguage":"pt-PT"},{"@type":"Organization","@id":"https:\/\/www.wjwsy.com\/#organization","name":"wjwsy.com","url":"https:\/\/www.wjwsy.com\/","logo":{"@type":"ImageObject","inLanguage":"pt-PT","@id":"https:\/\/www.wjwsy.com\/#\/schema\/logo\/image\/","url":"","contentUrl":"","caption":"wjwsy.com"},"image":{"@id":"https:\/\/www.wjwsy.com\/#\/schema\/logo\/image\/"}}]}},"_links":{"self":[{"href":"https:\/\/www.wjwsy.com\/pt\/wp-json\/wp\/v2\/product\/3268","targetHints":{"allow":["GET"]}}],"collection":[{"href":"https:\/\/www.wjwsy.com\/pt\/wp-json\/wp\/v2\/product"}],"about":[{"href":"https:\/\/www.wjwsy.com\/pt\/wp-json\/wp\/v2\/types\/product"}],"wp:featuredmedia":[{"embeddable":true,"href":"https:\/\/www.wjwsy.com\/pt\/wp-json\/wp\/v2\/media\/8913"}],"wp:attachment":[{"href":"https:\/\/www.wjwsy.com\/pt\/wp-json\/wp\/v2\/media?parent=3268"}],"wp:term":[{"taxonomy":"product_brand","embeddable":true,"href":"https:\/\/www.wjwsy.com\/pt\/wp-json\/wp\/v2\/product_brand?post=3268"},{"taxonomy":"product_cat","embeddable":true,"href":"https:\/\/www.wjwsy.com\/pt\/wp-json\/wp\/v2\/product_cat?post=3268"},{"taxonomy":"product_tag","embeddable":true,"href":"https:\/\/www.wjwsy.com\/pt\/wp-json\/wp\/v2\/product_tag?post=3268"}],"curies":[{"name":"wp","href":"https:\/\/api.w.org\/{rel}","templated":true}]}}