{"id":3171,"date":"2024-12-23T09:31:14","date_gmt":"2024-12-23T09:31:14","guid":{"rendered":"https:\/\/www.wjwsy.com\/?post_type=product&#038;p=3171"},"modified":"2026-03-13T02:11:04","modified_gmt":"2026-03-13T02:11:04","slug":"60w-usb-c-right-angle-cable-nylon-braided-90-fast-charging-cord-for-gaming-industrial-use-usb-3-0-wholesale","status":"publish","type":"product","link":"https:\/\/www.wjwsy.com\/pt\/produto\/60w-usb-c-right-angle-cable-nylon-braided-90-fast-charging-cord-for-gaming-industrial-use-usb-3-0-wholesale\/","title":{"rendered":"60W USB C \u00c2ngulo Direito Cabo \u2013 de Nylon Tran\u00e7ado De 90\u00b0 Cabo de Carregamento R\u00e1pido para Jogos\/Uso Industrial (USB 3.0) Atacado"},"content":{"rendered":"<h2 class=\"mcb-wrap-background-overlay\"><span style=\"font-size: 21px;\">Detalhes T\u00e9cnicos:<\/span><\/h2>\n<div class=\"column mcb-column mcb-item-9ea165vm one laptop-one tablet-one mobile-one column_list_2\">\n<div class=\"mcb-column-inner mfn-module-wrapper mcb-column-inner-9ea165vm mcb-item-list_2-inner\">\n<p><i class=\"icon-dot\" aria-hidden=\"true\"><\/i><span class=\"mfn-list-desc\">Interface de entrada de dados: USB C<\/span><\/p>\n<p><i class=\"icon-dot\" aria-hidden=\"true\"><\/i><span class=\"mfn-list-desc\">Interface de sa\u00edda: USB C<\/span><\/p>\n<p><i class=\"icon-dot\" aria-hidden=\"true\"><\/i><span class=\"mfn-list-desc\">Aplica\u00e7\u00e3o:Dispositivos com interface C<\/span><\/p>\n<p><i class=\"icon-dot\" aria-hidden=\"true\"><\/i><span class=\"mfn-list-desc\">Padr\u00e3o USB: USB 3.0<\/span><\/p>\n<p><i class=\"icon-dot\" aria-hidden=\"true\"><\/i><span class=\"mfn-list-desc\">Fun\u00e7\u00e3o: Carga + de transmiss\u00e3o de Dados<\/span><\/p>\n<p><i class=\"icon-dot\" aria-hidden=\"true\"><\/i><span class=\"mfn-list-desc\">Tens\u00e3o de funcionamento: 20V\/3A(Max.)<\/span><\/p>\n<p><i class=\"icon-dot\" aria-hidden=\"true\"><\/i><span class=\"mfn-list-desc\">Transmiss\u00e3o de dados: 5Gbps<\/span><\/p>\n<p><i class=\"icon-dot\" aria-hidden=\"true\"><\/i><span class=\"mfn-list-desc\">Comprimento: o comprimento Personalizado conforme necess\u00e1rio<\/span><\/p>\n<p><i class=\"icon-dot\" aria-hidden=\"true\"><\/i><span class=\"mfn-list-desc\">Cor: Preto<\/span><\/p>\n<p><i class=\"icon-dot\" aria-hidden=\"true\"><\/i><span class=\"mfn-list-desc\">Bainha material: PVC+malha de nylon+liga de alum\u00ednio<\/span><\/p>\n<p><i class=\"icon-dot\" aria-hidden=\"true\"><\/i><span class=\"mfn-list-desc\">A blindagem da camada de folha de Alum\u00ednio<\/span><i class=\"icon-dot\" aria-hidden=\"true\"><\/i><\/p>\n<p><i class=\"icon-dot\" aria-hidden=\"true\"><\/i><span class=\"mfn-list-desc\">Inspe\u00e7\u00e3o: QC 100% da inspe\u00e7\u00e3o antes da expedi\u00e7\u00e3o<\/span><\/p>\n<\/div>\n<\/div>","protected":false},"excerpt":{"rendered":"<div class=\"trade-terms\">\n<p><strong>Termos De Com\u00e9rcio<\/strong>: A corrente de rel\u00f3gio Shenzhen<\/p>\n<p><strong>OEM\/ODM:<\/strong>\u00a0 \u00a0 \u00a0 \u00a0 \u00a0 \u00a0 \u00a0 \u00a0 \u00a0 \u00a0 \u00a0 \u00a0 \u00a0 \u00a0 \u00a0 \u00a0Sim<\/p>\n<p><strong>Produ\u00e7\u00e3o:<\/strong>\u00a0 \u00a0 \u00a0 \u00a0 \u00a0 \u00a0 \u00a0 \u00a0 \u00a0 \u00a0 \u00a0 \u00a0 \u00a0 \u00a0 \u00a0 De 600.000 PE\u00c7AS\/M\u00eas<\/p>\n<p><strong>Tempo Da Amostra:<\/strong>\u00a0 \u00a0 \u00a0 \u00a0 \u00a0 \u00a0 \u00a0 \u00a0 \u00a0 \u00a0 \u00a0 \u00a0 \u00a0 \u00a05-10 Dias \u00dateis<\/p>\n<p><strong>Ordem M\u00ednima:<\/strong>\u00a0 \u00a0 \u00a0 \u00a0 \u00a0 \u00a0 \u00a0 \u00a0 \u00a0 \u00a0 \u00a0 100 Pe\u00e7as<\/p>\n<p><strong>Pagamento:<\/strong>\u00a0 \u00a0 \u00a0 \u00a0 \u00a0 \u00a0 \u00a0 \u00a0 \u00a0 \u00a0 \u00a0 \u00a0 \u00a0 \u00a0 \u00a0 \u00a0 \u00a0 T\/T, PayPal<\/p>\n<p><strong>Origem:<\/strong>\u00a0 \u00a0 \u00a0 \u00a0 \u00a0 \u00a0 \u00a0 \u00a0 \u00a0 \u00a0 \u00a0 \u00a0 \u00a0 \u00a0 \u00a0 \u00a0 \u00a0 \u00a0 \u00a0 \u00a0 Shenzhen, China<\/p>\n<p><strong>Modelo<\/strong>\u00a0 \u00a0 \u00a0 \u00a0 \u00a0 \u00a0 \u00a0 \u00a0 \u00a0 \u00a0 \u00a0 \u00a0 \u00a0 \u00a0 \u00a0 \u00a0 \u00a0 \u00a0 \u00a0 \u00a0 J-C2002<\/p>\n<\/div>","protected":false},"featured_media":8828,"template":"","meta":{"_eb_attr":""},"product_brand":[],"product_cat":[670,668],"product_tag":[],"class_list":{"0":"post-3171","1":"product","2":"type-product","3":"status-publish","4":"has-post-thumbnail","6":"product_cat-usb-c-to-usb-c-cable","7":"product_cat-usb-type-c-cable","9":"first","10":"instock","11":"shipping-taxable","12":"product-type-simple"},"yoast_head":"<!-- This site is optimized with the Yoast SEO Premium plugin v23.7 (Yoast SEO v23.7) - https:\/\/yoast.com\/wordpress\/plugins\/seo\/ -->\n<title>60W USB C Right Angle Cable \u2013 Nylon Braided 90\u00b0 Fast Charging Cord for Gaming\/Industrial Use (USB 3.0) Wholesale - Professional USB cable manufacturer<\/title>\n<meta name=\"description\" content=\"Wholesale 90 Degree USB-C to USB-C Cable with nylon braided design, ideal for gaming, laptops, and bulk fast charging. OEM supported.\" \/>\n<meta name=\"robots\" content=\"index, follow, max-snippet:-1, max-image-preview:large, max-video-preview:-1\" \/>\n<link rel=\"canonical\" href=\"https:\/\/www.wjwsy.com\/pt\/produto\/60w-usb-c-right-angle-cable-nylon-braided-90-fast-charging-cord-for-gaming-industrial-use-usb-3-0-wholesale\/\" \/>\n<meta property=\"og:locale\" content=\"pt_PT\" \/>\n<meta property=\"og:type\" content=\"article\" \/>\n<meta property=\"og:title\" content=\"60W USB C Right Angle Cable \u2013 Nylon Braided 90\u00b0 Fast Charging Cord for Gaming\/Industrial Use (USB 3.0) Wholesale\" \/>\n<meta property=\"og:description\" content=\"Wholesale 90 Degree USB-C to USB-C Cable with nylon braided design, ideal for gaming, laptops, and bulk fast charging. OEM supported.\" \/>\n<meta property=\"og:url\" content=\"https:\/\/www.wjwsy.com\/pt\/produto\/60w-usb-c-right-angle-cable-nylon-braided-90-fast-charging-cord-for-gaming-industrial-use-usb-3-0-wholesale\/\" \/>\n<meta property=\"og:site_name\" content=\"Professional USB cable manufacturer\" \/>\n<meta property=\"article:modified_time\" content=\"2026-03-13T02:11:04+00:00\" \/>\n<meta property=\"og:image\" content=\"https:\/\/www.wjwsy.com\/wp-content\/uploads\/2024\/12\/J-C2002-1.jpg\" \/>\n\t<meta property=\"og:image:width\" content=\"750\" \/>\n\t<meta property=\"og:image:height\" content=\"600\" \/>\n\t<meta property=\"og:image:type\" content=\"image\/jpeg\" \/>\n<meta name=\"twitter:card\" content=\"summary_large_image\" \/>\n<meta name=\"twitter:label1\" content=\"Est. reading time\" \/>\n\t<meta name=\"twitter:data1\" content=\"1 minuto\" \/>\n<script type=\"application\/ld+json\" class=\"yoast-schema-graph\">{\"@context\":\"https:\/\/schema.org\",\"@graph\":[{\"@type\":\"WebPage\",\"@id\":\"https:\/\/www.wjwsy.com\/product\/60w-usb-c-right-angle-cable-nylon-braided-90-fast-charging-cord-for-gaming-industrial-use-usb-3-0-wholesale\/\",\"url\":\"https:\/\/www.wjwsy.com\/product\/60w-usb-c-right-angle-cable-nylon-braided-90-fast-charging-cord-for-gaming-industrial-use-usb-3-0-wholesale\/\",\"name\":\"60W USB C Right Angle Cable \u2013 Nylon Braided 90\u00b0 Fast Charging Cord for Gaming\/Industrial Use (USB 3.0) Wholesale - Professional USB cable manufacturer\",\"isPartOf\":{\"@id\":\"https:\/\/www.wjwsy.com\/#website\"},\"primaryImageOfPage\":{\"@id\":\"https:\/\/www.wjwsy.com\/product\/60w-usb-c-right-angle-cable-nylon-braided-90-fast-charging-cord-for-gaming-industrial-use-usb-3-0-wholesale\/#primaryimage\"},\"image\":{\"@id\":\"https:\/\/www.wjwsy.com\/product\/60w-usb-c-right-angle-cable-nylon-braided-90-fast-charging-cord-for-gaming-industrial-use-usb-3-0-wholesale\/#primaryimage\"},\"thumbnailUrl\":\"https:\/\/www.wjwsy.com\/wp-content\/uploads\/2024\/12\/J-C2002-1.jpg\",\"datePublished\":\"2024-12-23T09:31:14+00:00\",\"dateModified\":\"2026-03-13T02:11:04+00:00\",\"description\":\"Wholesale 90 Degree USB-C to USB-C Cable with nylon braided design, ideal for gaming, laptops, and bulk fast charging. OEM supported.\",\"breadcrumb\":{\"@id\":\"https:\/\/www.wjwsy.com\/product\/60w-usb-c-right-angle-cable-nylon-braided-90-fast-charging-cord-for-gaming-industrial-use-usb-3-0-wholesale\/#breadcrumb\"},\"inLanguage\":\"pt-PT\",\"potentialAction\":[{\"@type\":\"ReadAction\",\"target\":[\"https:\/\/www.wjwsy.com\/product\/60w-usb-c-right-angle-cable-nylon-braided-90-fast-charging-cord-for-gaming-industrial-use-usb-3-0-wholesale\/\"]}]},{\"@type\":\"ImageObject\",\"inLanguage\":\"pt-PT\",\"@id\":\"https:\/\/www.wjwsy.com\/product\/60w-usb-c-right-angle-cable-nylon-braided-90-fast-charging-cord-for-gaming-industrial-use-usb-3-0-wholesale\/#primaryimage\",\"url\":\"https:\/\/www.wjwsy.com\/wp-content\/uploads\/2024\/12\/J-C2002-1.jpg\",\"contentUrl\":\"https:\/\/www.wjwsy.com\/wp-content\/uploads\/2024\/12\/J-C2002-1.jpg\",\"width\":750,\"height\":600},{\"@type\":\"BreadcrumbList\",\"@id\":\"https:\/\/www.wjwsy.com\/product\/60w-usb-c-right-angle-cable-nylon-braided-90-fast-charging-cord-for-gaming-industrial-use-usb-3-0-wholesale\/#breadcrumb\",\"itemListElement\":[{\"@type\":\"ListItem\",\"position\":1,\"name\":\"\u9996\u9875\",\"item\":\"https:\/\/www.wjwsy.com\/\"},{\"@type\":\"ListItem\",\"position\":2,\"name\":\"Products\",\"item\":\"https:\/\/www.wjwsy.com\/design-editor__trashed\/\"},{\"@type\":\"ListItem\",\"position\":3,\"name\":\"USB Type C Cable Wholesale \u2013 Fast Charging &amp; Data Transfer Cables for European Brands\",\"item\":\"https:\/\/www.wjwsy.com\/category\/usb-type-c-cable\/\"},{\"@type\":\"ListItem\",\"position\":4,\"name\":\"60W USB C Right Angle Cable \u2013 Nylon Braided 90\u00b0 Fast Charging Cord for Gaming\/Industrial Use (USB 3.0) Wholesale\"}]},{\"@type\":\"WebSite\",\"@id\":\"https:\/\/www.wjwsy.com\/#website\",\"url\":\"https:\/\/www.wjwsy.com\/\",\"name\":\"wjwsy.com\",\"description\":\"Delivering High-Quality, Reliable USB Cables for Every Industry\",\"publisher\":{\"@id\":\"https:\/\/www.wjwsy.com\/#organization\"},\"potentialAction\":[{\"@type\":\"SearchAction\",\"target\":{\"@type\":\"EntryPoint\",\"urlTemplate\":\"https:\/\/www.wjwsy.com\/?s={search_term_string}\"},\"query-input\":{\"@type\":\"PropertyValueSpecification\",\"valueRequired\":true,\"valueName\":\"search_term_string\"}}],\"inLanguage\":\"pt-PT\"},{\"@type\":\"Organization\",\"@id\":\"https:\/\/www.wjwsy.com\/#organization\",\"name\":\"wjwsy.com\",\"url\":\"https:\/\/www.wjwsy.com\/\",\"logo\":{\"@type\":\"ImageObject\",\"inLanguage\":\"pt-PT\",\"@id\":\"https:\/\/www.wjwsy.com\/#\/schema\/logo\/image\/\",\"url\":\"\",\"contentUrl\":\"\",\"caption\":\"wjwsy.com\"},\"image\":{\"@id\":\"https:\/\/www.wjwsy.com\/#\/schema\/logo\/image\/\"}}]}<\/script>\n<!-- \/ Yoast SEO Premium plugin. -->","yoast_head_json":{"title":"60W USB C Right Angle Cable \u2013 Nylon Braided 90\u00b0 Fast Charging Cord for Gaming\/Industrial Use (USB 3.0) Wholesale - Professional USB cable manufacturer","description":"Wholesale 90 Degree USB-C to USB-C Cable with nylon braided design, ideal for gaming, laptops, and bulk fast charging. OEM supported.","robots":{"index":"index","follow":"follow","max-snippet":"max-snippet:-1","max-image-preview":"max-image-preview:large","max-video-preview":"max-video-preview:-1"},"canonical":"https:\/\/www.wjwsy.com\/pt\/produto\/60w-usb-c-right-angle-cable-nylon-braided-90-fast-charging-cord-for-gaming-industrial-use-usb-3-0-wholesale\/","og_locale":"pt_PT","og_type":"article","og_title":"60W USB C Right Angle Cable \u2013 Nylon Braided 90\u00b0 Fast Charging Cord for Gaming\/Industrial Use (USB 3.0) Wholesale","og_description":"Wholesale 90 Degree USB-C to USB-C Cable with nylon braided design, ideal for gaming, laptops, and bulk fast charging. OEM supported.","og_url":"https:\/\/www.wjwsy.com\/pt\/produto\/60w-usb-c-right-angle-cable-nylon-braided-90-fast-charging-cord-for-gaming-industrial-use-usb-3-0-wholesale\/","og_site_name":"Professional USB cable manufacturer","article_modified_time":"2026-03-13T02:11:04+00:00","og_image":[{"width":750,"height":600,"url":"https:\/\/www.wjwsy.com\/wp-content\/uploads\/2024\/12\/J-C2002-1.jpg","type":"image\/jpeg"}],"twitter_card":"summary_large_image","twitter_misc":{"Est. reading time":"1 minuto"},"schema":{"@context":"https:\/\/schema.org","@graph":[{"@type":"WebPage","@id":"https:\/\/www.wjwsy.com\/product\/60w-usb-c-right-angle-cable-nylon-braided-90-fast-charging-cord-for-gaming-industrial-use-usb-3-0-wholesale\/","url":"https:\/\/www.wjwsy.com\/product\/60w-usb-c-right-angle-cable-nylon-braided-90-fast-charging-cord-for-gaming-industrial-use-usb-3-0-wholesale\/","name":"60W USB C Right Angle Cable \u2013 Nylon Braided 90\u00b0 Fast Charging Cord for Gaming\/Industrial Use (USB 3.0) Wholesale - Professional USB cable manufacturer","isPartOf":{"@id":"https:\/\/www.wjwsy.com\/#website"},"primaryImageOfPage":{"@id":"https:\/\/www.wjwsy.com\/product\/60w-usb-c-right-angle-cable-nylon-braided-90-fast-charging-cord-for-gaming-industrial-use-usb-3-0-wholesale\/#primaryimage"},"image":{"@id":"https:\/\/www.wjwsy.com\/product\/60w-usb-c-right-angle-cable-nylon-braided-90-fast-charging-cord-for-gaming-industrial-use-usb-3-0-wholesale\/#primaryimage"},"thumbnailUrl":"https:\/\/www.wjwsy.com\/wp-content\/uploads\/2024\/12\/J-C2002-1.jpg","datePublished":"2024-12-23T09:31:14+00:00","dateModified":"2026-03-13T02:11:04+00:00","description":"Wholesale 90 Degree USB-C to USB-C Cable with nylon braided design, ideal for gaming, laptops, and bulk fast charging. OEM supported.","breadcrumb":{"@id":"https:\/\/www.wjwsy.com\/product\/60w-usb-c-right-angle-cable-nylon-braided-90-fast-charging-cord-for-gaming-industrial-use-usb-3-0-wholesale\/#breadcrumb"},"inLanguage":"pt-PT","potentialAction":[{"@type":"ReadAction","target":["https:\/\/www.wjwsy.com\/product\/60w-usb-c-right-angle-cable-nylon-braided-90-fast-charging-cord-for-gaming-industrial-use-usb-3-0-wholesale\/"]}]},{"@type":"ImageObject","inLanguage":"pt-PT","@id":"https:\/\/www.wjwsy.com\/product\/60w-usb-c-right-angle-cable-nylon-braided-90-fast-charging-cord-for-gaming-industrial-use-usb-3-0-wholesale\/#primaryimage","url":"https:\/\/www.wjwsy.com\/wp-content\/uploads\/2024\/12\/J-C2002-1.jpg","contentUrl":"https:\/\/www.wjwsy.com\/wp-content\/uploads\/2024\/12\/J-C2002-1.jpg","width":750,"height":600},{"@type":"BreadcrumbList","@id":"https:\/\/www.wjwsy.com\/product\/60w-usb-c-right-angle-cable-nylon-braided-90-fast-charging-cord-for-gaming-industrial-use-usb-3-0-wholesale\/#breadcrumb","itemListElement":[{"@type":"ListItem","position":1,"name":"\u9996\u9875","item":"https:\/\/www.wjwsy.com\/"},{"@type":"ListItem","position":2,"name":"Products","item":"https:\/\/www.wjwsy.com\/design-editor__trashed\/"},{"@type":"ListItem","position":3,"name":"USB Type C Cable Wholesale \u2013 Fast Charging &amp; Data Transfer Cables for European Brands","item":"https:\/\/www.wjwsy.com\/category\/usb-type-c-cable\/"},{"@type":"ListItem","position":4,"name":"60W USB C Right Angle Cable \u2013 Nylon Braided 90\u00b0 Fast Charging Cord for Gaming\/Industrial Use (USB 3.0) Wholesale"}]},{"@type":"WebSite","@id":"https:\/\/www.wjwsy.com\/#website","url":"https:\/\/www.wjwsy.com\/","name":"wjwsy.com","description":"Delivering High-Quality, Reliable USB Cables for Every Industry","publisher":{"@id":"https:\/\/www.wjwsy.com\/#organization"},"potentialAction":[{"@type":"SearchAction","target":{"@type":"EntryPoint","urlTemplate":"https:\/\/www.wjwsy.com\/?s={search_term_string}"},"query-input":{"@type":"PropertyValueSpecification","valueRequired":true,"valueName":"search_term_string"}}],"inLanguage":"pt-PT"},{"@type":"Organization","@id":"https:\/\/www.wjwsy.com\/#organization","name":"wjwsy.com","url":"https:\/\/www.wjwsy.com\/","logo":{"@type":"ImageObject","inLanguage":"pt-PT","@id":"https:\/\/www.wjwsy.com\/#\/schema\/logo\/image\/","url":"","contentUrl":"","caption":"wjwsy.com"},"image":{"@id":"https:\/\/www.wjwsy.com\/#\/schema\/logo\/image\/"}}]}},"_links":{"self":[{"href":"https:\/\/www.wjwsy.com\/pt\/wp-json\/wp\/v2\/product\/3171","targetHints":{"allow":["GET"]}}],"collection":[{"href":"https:\/\/www.wjwsy.com\/pt\/wp-json\/wp\/v2\/product"}],"about":[{"href":"https:\/\/www.wjwsy.com\/pt\/wp-json\/wp\/v2\/types\/product"}],"wp:featuredmedia":[{"embeddable":true,"href":"https:\/\/www.wjwsy.com\/pt\/wp-json\/wp\/v2\/media\/8828"}],"wp:attachment":[{"href":"https:\/\/www.wjwsy.com\/pt\/wp-json\/wp\/v2\/media?parent=3171"}],"wp:term":[{"taxonomy":"product_brand","embeddable":true,"href":"https:\/\/www.wjwsy.com\/pt\/wp-json\/wp\/v2\/product_brand?post=3171"},{"taxonomy":"product_cat","embeddable":true,"href":"https:\/\/www.wjwsy.com\/pt\/wp-json\/wp\/v2\/product_cat?post=3171"},{"taxonomy":"product_tag","embeddable":true,"href":"https:\/\/www.wjwsy.com\/pt\/wp-json\/wp\/v2\/product_tag?post=3171"}],"curies":[{"name":"wp","href":"https:\/\/api.w.org\/{rel}","templated":true}]}}