{"id":2538,"date":"2024-11-27T05:29:32","date_gmt":"2024-11-27T05:29:32","guid":{"rendered":"https:\/\/www.wjwsy.com\/?post_type=product&#038;p=2538"},"modified":"2026-03-13T02:14:46","modified_gmt":"2026-03-13T02:14:46","slug":"oem-usb-c-cable-2-0-custom-tpe-pvc-type-c-charging-cord-logo-branding-manufacturer","status":"publish","type":"product","link":"https:\/\/www.wjwsy.com\/pt\/produto\/oem-usb-c-cable-2-0-custom-tpe-pvc-type-c-charging-cord-logo-branding-manufacturer\/","title":{"rendered":"OEM C Cabo USB 2.0 \u2013 Personalizado TPE\/Tipo PVC-C Cabo de Carregamento (Logotipo\/Marca) Fabricante"},"content":{"rendered":"<div class=\"column mcb-column mcb-item-blad5mr9p four-fifth laptop-four-fifth tablet-four-fifth mobile-one column_heading\">\n<div class=\"mcb-column-inner mfn-module-wrapper mcb-column-inner-blad5mr9p mcb-item-heading-inner\">\n<h4 class=\"title\">Detalhes T\u00e9cnicos:<\/h4>\n<\/div>\n<\/div>\n<div class=\"column mcb-column mcb-item-yb2vnenrf one laptop-one tablet-one mobile-one column_list_2\">\n<div class=\"mcb-column-inner mfn-module-wrapper mcb-column-inner-yb2vnenrf mcb-item-list_2-inner\">\n<p><i class=\"icon-dot\" aria-hidden=\"true\"><\/i><span class=\"mfn-list-desc\">Interface de entrada de dados: USB<\/span><\/p>\n<p><i class=\"icon-dot\" aria-hidden=\"true\"><\/i><span class=\"mfn-list-desc\">Interface de sa\u00edda: USB C<\/span><\/p>\n<p><i class=\"icon-dot\" aria-hidden=\"true\"><\/i><span class=\"mfn-list-desc\">Aplica\u00e7\u00e3o:Dispositivos com interface C<\/span><\/p>\n<p><i class=\"icon-dot\" aria-hidden=\"true\"><\/i><span class=\"mfn-list-desc\">Padr\u00e3o USB: USB 2.0<\/span><\/p>\n<p><i class=\"icon-dot\" aria-hidden=\"true\"><\/i><span class=\"mfn-list-desc\">Fun\u00e7\u00e3o: Carga + de transmiss\u00e3o de Dados<\/span><\/p>\n<p><i class=\"icon-dot\" aria-hidden=\"true\"><\/i><span class=\"mfn-list-desc\">Tens\u00e3o de carregamento: 5v<\/span><\/p>\n<p><i class=\"icon-dot\" aria-hidden=\"true\"><\/i><span class=\"mfn-list-desc\">Transmiss\u00e3o de dados: \u2264480Mbps<\/span><\/p>\n<p><i class=\"icon-dot\" aria-hidden=\"true\"><\/i><span class=\"mfn-list-desc\">Comprimento: 1 M\/1,5 M\/2.0 M<\/span><\/p>\n<p><i class=\"icon-dot\" aria-hidden=\"true\"><\/i><span class=\"mfn-list-desc\">Cor: Laranja\/Roxo\/Cinza\/Verde\/Azul<\/span><\/p>\n<p><i class=\"icon-dot\" aria-hidden=\"true\"><\/i><span class=\"mfn-list-desc\">Bainha material: PVC+tran\u00e7a de nylon<\/span><\/p>\n<p><i class=\"icon-dot\" aria-hidden=\"true\"><\/i><span class=\"mfn-list-desc\">A blindagem da camada de folha de Alum\u00ednio<\/span><i class=\"icon-dot\" aria-hidden=\"true\"><\/i><\/p>\n<p><span class=\"mfn-list-desc\">Inspe\u00e7\u00e3o: QC 100% da inspe\u00e7\u00e3o antes da expedi\u00e7\u00e3o<\/span><\/p>\n<p>&nbsp;<\/p>\n<\/div>\n<\/div>","protected":false},"excerpt":{"rendered":"<div class=\"trade-terms\">\n<p><strong>Termos De Com\u00e9rcio<\/strong>:\u00a0 \u00a0 \u00a0 \u00a0 \u00a0 \u00a0 \u00a0 \u00a0 \u00a0 \u00a0 \u00a0 <span style=\"color: #666699;\">\u00a0 \u00a0 \u00a0<span style=\"color: #333333;\">Shenzhen FOB<\/span><\/span><\/p>\n<p><strong>OEM\/ODM:<\/strong>\u00a0 \u00a0 \u00a0 \u00a0 \u00a0 \u00a0 \u00a0 \u00a0 \u00a0 \u00a0 \u00a0 \u00a0 \u00a0 \u00a0 \u00a0 \u00a0 <span style=\"color: #333333;\">Sim<\/span><\/p>\n<p><strong>Produ\u00e7\u00e3o:<\/strong>\u00a0 \u00a0 \u00a0 \u00a0 \u00a0 \u00a0 \u00a0 \u00a0 \u00a0 \u00a0 \u00a0 \u00a0 \u00a0 \u00a0 \u00a0 <span style=\"color: #333333;\">De 600.000 PE\u00c7AS\/M\u00eas<\/span><\/p>\n<p><strong>Tempo Da Amostra:<\/strong>\u00a0 \u00a0 \u00a0 \u00a0 \u00a0 \u00a0 \u00a0 \u00a0 \u00a0 \u00a0 \u00a0 \u00a0 \u00a0 <span style=\"color: #333333;\">5-10 Dias \u00dateis<\/span><\/p>\n<p><strong>Ordem M\u00ednima:<\/strong>\u00a0 \u00a0 \u00a0 \u00a0 \u00a0 \u00a0 \u00a0 \u00a0 \u00a0 \u00a0 \u00a0<span style=\"color: #333333;\">1000 Pe\u00e7as<\/span><\/p>\n<p><strong>Pagamento:<\/strong>\u00a0 \u00a0 \u00a0 \u00a0 \u00a0 \u00a0 \u00a0 \u00a0 \u00a0 \u00a0 \u00a0 \u00a0 \u00a0 \u00a0 \u00a0 \u00a0 \u00a0 <span style=\"color: #333333;\">T\/T, PayPal<\/span><\/p>\n<p><strong>Origem:<\/strong>\u00a0 \u00a0 \u00a0 \u00a0 \u00a0 \u00a0 \u00a0 \u00a0 \u00a0 \u00a0 \u00a0 \u00a0 \u00a0 \u00a0 \u00a0 \u00a0 \u00a0 \u00a0 \u00a0 \u00a0 <span style=\"color: #333333;\">Shenzhen, China<\/span><\/p>\n<p><b>Modelo J-C1001<\/b><\/p>\n<\/div>","protected":false},"featured_media":8757,"template":"","meta":{"_eb_attr":""},"product_brand":[],"product_cat":[669,668],"product_tag":[],"class_list":{"0":"post-2538","1":"product","2":"type-product","3":"status-publish","4":"has-post-thumbnail","6":"product_cat-usb-a-to-usb-c-cable","7":"product_cat-usb-type-c-cable","9":"first","10":"instock","11":"shipping-taxable","12":"product-type-simple"},"yoast_head":"<!-- This site is optimized with the Yoast SEO Premium plugin v23.7 (Yoast SEO v23.7) - https:\/\/yoast.com\/wordpress\/plugins\/seo\/ -->\n<title>OEM USB C Cable 2.0 \u2013 Custom TPE\/PVC Type-C Charging Cord (Logo\/Branding) Manufacturer - Professional USB cable manufacturer<\/title>\n<meta name=\"description\" content=\"Wholesale TPE USB A to USB-C Cable with durable material, supports fast charging and data sync. Ideal for bulk orders and OEM supply.\" \/>\n<meta name=\"robots\" content=\"index, follow, max-snippet:-1, max-image-preview:large, max-video-preview:-1\" \/>\n<link rel=\"canonical\" href=\"https:\/\/www.wjwsy.com\/pt\/produto\/oem-usb-c-cable-2-0-custom-tpe-pvc-type-c-charging-cord-logo-branding-manufacturer\/\" \/>\n<meta property=\"og:locale\" content=\"pt_PT\" \/>\n<meta property=\"og:type\" content=\"article\" \/>\n<meta property=\"og:title\" content=\"OEM USB C Cable 2.0 \u2013 Custom TPE\/PVC Type-C Charging Cord (Logo\/Branding) Manufacturer\" \/>\n<meta property=\"og:description\" content=\"Wholesale TPE USB A to USB-C Cable with durable material, supports fast charging and data sync. Ideal for bulk orders and OEM supply.\" \/>\n<meta property=\"og:url\" content=\"https:\/\/www.wjwsy.com\/pt\/produto\/oem-usb-c-cable-2-0-custom-tpe-pvc-type-c-charging-cord-logo-branding-manufacturer\/\" \/>\n<meta property=\"og:site_name\" content=\"Professional USB cable manufacturer\" \/>\n<meta property=\"article:modified_time\" content=\"2026-03-13T02:14:46+00:00\" \/>\n<meta property=\"og:image\" content=\"https:\/\/www.wjwsy.com\/wp-content\/uploads\/2024\/11\/0.jpg\" \/>\n\t<meta property=\"og:image:width\" content=\"750\" \/>\n\t<meta property=\"og:image:height\" content=\"600\" \/>\n\t<meta property=\"og:image:type\" content=\"image\/jpeg\" \/>\n<meta name=\"twitter:card\" content=\"summary_large_image\" \/>\n<meta name=\"twitter:label1\" content=\"Est. reading time\" \/>\n\t<meta name=\"twitter:data1\" content=\"1 minuto\" \/>\n<script type=\"application\/ld+json\" class=\"yoast-schema-graph\">{\"@context\":\"https:\/\/schema.org\",\"@graph\":[{\"@type\":\"WebPage\",\"@id\":\"https:\/\/www.wjwsy.com\/product\/oem-usb-c-cable-2-0-custom-tpe-pvc-type-c-charging-cord-logo-branding-manufacturer\/\",\"url\":\"https:\/\/www.wjwsy.com\/product\/oem-usb-c-cable-2-0-custom-tpe-pvc-type-c-charging-cord-logo-branding-manufacturer\/\",\"name\":\"OEM USB C Cable 2.0 \u2013 Custom TPE\/PVC Type-C Charging Cord (Logo\/Branding) Manufacturer - Professional USB cable manufacturer\",\"isPartOf\":{\"@id\":\"https:\/\/www.wjwsy.com\/#website\"},\"primaryImageOfPage\":{\"@id\":\"https:\/\/www.wjwsy.com\/product\/oem-usb-c-cable-2-0-custom-tpe-pvc-type-c-charging-cord-logo-branding-manufacturer\/#primaryimage\"},\"image\":{\"@id\":\"https:\/\/www.wjwsy.com\/product\/oem-usb-c-cable-2-0-custom-tpe-pvc-type-c-charging-cord-logo-branding-manufacturer\/#primaryimage\"},\"thumbnailUrl\":\"https:\/\/www.wjwsy.com\/wp-content\/uploads\/2024\/11\/0.jpg\",\"datePublished\":\"2024-11-27T05:29:32+00:00\",\"dateModified\":\"2026-03-13T02:14:46+00:00\",\"description\":\"Wholesale TPE USB A to USB-C Cable with durable material, supports fast charging and data sync. Ideal for bulk orders and OEM supply.\",\"breadcrumb\":{\"@id\":\"https:\/\/www.wjwsy.com\/product\/oem-usb-c-cable-2-0-custom-tpe-pvc-type-c-charging-cord-logo-branding-manufacturer\/#breadcrumb\"},\"inLanguage\":\"pt-PT\",\"potentialAction\":[{\"@type\":\"ReadAction\",\"target\":[\"https:\/\/www.wjwsy.com\/product\/oem-usb-c-cable-2-0-custom-tpe-pvc-type-c-charging-cord-logo-branding-manufacturer\/\"]}]},{\"@type\":\"ImageObject\",\"inLanguage\":\"pt-PT\",\"@id\":\"https:\/\/www.wjwsy.com\/product\/oem-usb-c-cable-2-0-custom-tpe-pvc-type-c-charging-cord-logo-branding-manufacturer\/#primaryimage\",\"url\":\"https:\/\/www.wjwsy.com\/wp-content\/uploads\/2024\/11\/0.jpg\",\"contentUrl\":\"https:\/\/www.wjwsy.com\/wp-content\/uploads\/2024\/11\/0.jpg\",\"width\":750,\"height\":600},{\"@type\":\"BreadcrumbList\",\"@id\":\"https:\/\/www.wjwsy.com\/product\/oem-usb-c-cable-2-0-custom-tpe-pvc-type-c-charging-cord-logo-branding-manufacturer\/#breadcrumb\",\"itemListElement\":[{\"@type\":\"ListItem\",\"position\":1,\"name\":\"\u9996\u9875\",\"item\":\"https:\/\/www.wjwsy.com\/\"},{\"@type\":\"ListItem\",\"position\":2,\"name\":\"Products\",\"item\":\"https:\/\/www.wjwsy.com\/design-editor__trashed\/\"},{\"@type\":\"ListItem\",\"position\":3,\"name\":\"USB Type C Cable Wholesale \u2013 Fast Charging &amp; Data Transfer Cables for European Brands\",\"item\":\"https:\/\/www.wjwsy.com\/category\/usb-type-c-cable\/\"},{\"@type\":\"ListItem\",\"position\":4,\"name\":\"OEM USB C Cable 2.0 \u2013 Custom TPE\/PVC Type-C Charging Cord (Logo\/Branding) Manufacturer\"}]},{\"@type\":\"WebSite\",\"@id\":\"https:\/\/www.wjwsy.com\/#website\",\"url\":\"https:\/\/www.wjwsy.com\/\",\"name\":\"wjwsy.com\",\"description\":\"Delivering High-Quality, Reliable USB Cables for Every Industry\",\"publisher\":{\"@id\":\"https:\/\/www.wjwsy.com\/#organization\"},\"potentialAction\":[{\"@type\":\"SearchAction\",\"target\":{\"@type\":\"EntryPoint\",\"urlTemplate\":\"https:\/\/www.wjwsy.com\/?s={search_term_string}\"},\"query-input\":{\"@type\":\"PropertyValueSpecification\",\"valueRequired\":true,\"valueName\":\"search_term_string\"}}],\"inLanguage\":\"pt-PT\"},{\"@type\":\"Organization\",\"@id\":\"https:\/\/www.wjwsy.com\/#organization\",\"name\":\"wjwsy.com\",\"url\":\"https:\/\/www.wjwsy.com\/\",\"logo\":{\"@type\":\"ImageObject\",\"inLanguage\":\"pt-PT\",\"@id\":\"https:\/\/www.wjwsy.com\/#\/schema\/logo\/image\/\",\"url\":\"\",\"contentUrl\":\"\",\"caption\":\"wjwsy.com\"},\"image\":{\"@id\":\"https:\/\/www.wjwsy.com\/#\/schema\/logo\/image\/\"}}]}<\/script>\n<!-- \/ Yoast SEO Premium plugin. -->","yoast_head_json":{"title":"OEM USB C Cable 2.0 \u2013 Custom TPE\/PVC Type-C Charging Cord (Logo\/Branding) Manufacturer - Professional USB cable manufacturer","description":"Wholesale TPE USB A to USB-C Cable with durable material, supports fast charging and data sync. Ideal for bulk orders and OEM supply.","robots":{"index":"index","follow":"follow","max-snippet":"max-snippet:-1","max-image-preview":"max-image-preview:large","max-video-preview":"max-video-preview:-1"},"canonical":"https:\/\/www.wjwsy.com\/pt\/produto\/oem-usb-c-cable-2-0-custom-tpe-pvc-type-c-charging-cord-logo-branding-manufacturer\/","og_locale":"pt_PT","og_type":"article","og_title":"OEM USB C Cable 2.0 \u2013 Custom TPE\/PVC Type-C Charging Cord (Logo\/Branding) Manufacturer","og_description":"Wholesale TPE USB A to USB-C Cable with durable material, supports fast charging and data sync. Ideal for bulk orders and OEM supply.","og_url":"https:\/\/www.wjwsy.com\/pt\/produto\/oem-usb-c-cable-2-0-custom-tpe-pvc-type-c-charging-cord-logo-branding-manufacturer\/","og_site_name":"Professional USB cable manufacturer","article_modified_time":"2026-03-13T02:14:46+00:00","og_image":[{"width":750,"height":600,"url":"https:\/\/www.wjwsy.com\/wp-content\/uploads\/2024\/11\/0.jpg","type":"image\/jpeg"}],"twitter_card":"summary_large_image","twitter_misc":{"Est. reading time":"1 minuto"},"schema":{"@context":"https:\/\/schema.org","@graph":[{"@type":"WebPage","@id":"https:\/\/www.wjwsy.com\/product\/oem-usb-c-cable-2-0-custom-tpe-pvc-type-c-charging-cord-logo-branding-manufacturer\/","url":"https:\/\/www.wjwsy.com\/product\/oem-usb-c-cable-2-0-custom-tpe-pvc-type-c-charging-cord-logo-branding-manufacturer\/","name":"OEM USB C Cable 2.0 \u2013 Custom TPE\/PVC Type-C Charging Cord (Logo\/Branding) Manufacturer - Professional USB cable manufacturer","isPartOf":{"@id":"https:\/\/www.wjwsy.com\/#website"},"primaryImageOfPage":{"@id":"https:\/\/www.wjwsy.com\/product\/oem-usb-c-cable-2-0-custom-tpe-pvc-type-c-charging-cord-logo-branding-manufacturer\/#primaryimage"},"image":{"@id":"https:\/\/www.wjwsy.com\/product\/oem-usb-c-cable-2-0-custom-tpe-pvc-type-c-charging-cord-logo-branding-manufacturer\/#primaryimage"},"thumbnailUrl":"https:\/\/www.wjwsy.com\/wp-content\/uploads\/2024\/11\/0.jpg","datePublished":"2024-11-27T05:29:32+00:00","dateModified":"2026-03-13T02:14:46+00:00","description":"Wholesale TPE USB A to USB-C Cable with durable material, supports fast charging and data sync. Ideal for bulk orders and OEM supply.","breadcrumb":{"@id":"https:\/\/www.wjwsy.com\/product\/oem-usb-c-cable-2-0-custom-tpe-pvc-type-c-charging-cord-logo-branding-manufacturer\/#breadcrumb"},"inLanguage":"pt-PT","potentialAction":[{"@type":"ReadAction","target":["https:\/\/www.wjwsy.com\/product\/oem-usb-c-cable-2-0-custom-tpe-pvc-type-c-charging-cord-logo-branding-manufacturer\/"]}]},{"@type":"ImageObject","inLanguage":"pt-PT","@id":"https:\/\/www.wjwsy.com\/product\/oem-usb-c-cable-2-0-custom-tpe-pvc-type-c-charging-cord-logo-branding-manufacturer\/#primaryimage","url":"https:\/\/www.wjwsy.com\/wp-content\/uploads\/2024\/11\/0.jpg","contentUrl":"https:\/\/www.wjwsy.com\/wp-content\/uploads\/2024\/11\/0.jpg","width":750,"height":600},{"@type":"BreadcrumbList","@id":"https:\/\/www.wjwsy.com\/product\/oem-usb-c-cable-2-0-custom-tpe-pvc-type-c-charging-cord-logo-branding-manufacturer\/#breadcrumb","itemListElement":[{"@type":"ListItem","position":1,"name":"\u9996\u9875","item":"https:\/\/www.wjwsy.com\/"},{"@type":"ListItem","position":2,"name":"Products","item":"https:\/\/www.wjwsy.com\/design-editor__trashed\/"},{"@type":"ListItem","position":3,"name":"USB Type C Cable Wholesale \u2013 Fast Charging &amp; Data Transfer Cables for European Brands","item":"https:\/\/www.wjwsy.com\/category\/usb-type-c-cable\/"},{"@type":"ListItem","position":4,"name":"OEM USB C Cable 2.0 \u2013 Custom TPE\/PVC Type-C Charging Cord (Logo\/Branding) Manufacturer"}]},{"@type":"WebSite","@id":"https:\/\/www.wjwsy.com\/#website","url":"https:\/\/www.wjwsy.com\/","name":"wjwsy.com","description":"Delivering High-Quality, Reliable USB Cables for Every Industry","publisher":{"@id":"https:\/\/www.wjwsy.com\/#organization"},"potentialAction":[{"@type":"SearchAction","target":{"@type":"EntryPoint","urlTemplate":"https:\/\/www.wjwsy.com\/?s={search_term_string}"},"query-input":{"@type":"PropertyValueSpecification","valueRequired":true,"valueName":"search_term_string"}}],"inLanguage":"pt-PT"},{"@type":"Organization","@id":"https:\/\/www.wjwsy.com\/#organization","name":"wjwsy.com","url":"https:\/\/www.wjwsy.com\/","logo":{"@type":"ImageObject","inLanguage":"pt-PT","@id":"https:\/\/www.wjwsy.com\/#\/schema\/logo\/image\/","url":"","contentUrl":"","caption":"wjwsy.com"},"image":{"@id":"https:\/\/www.wjwsy.com\/#\/schema\/logo\/image\/"}}]}},"_links":{"self":[{"href":"https:\/\/www.wjwsy.com\/pt\/wp-json\/wp\/v2\/product\/2538","targetHints":{"allow":["GET"]}}],"collection":[{"href":"https:\/\/www.wjwsy.com\/pt\/wp-json\/wp\/v2\/product"}],"about":[{"href":"https:\/\/www.wjwsy.com\/pt\/wp-json\/wp\/v2\/types\/product"}],"wp:featuredmedia":[{"embeddable":true,"href":"https:\/\/www.wjwsy.com\/pt\/wp-json\/wp\/v2\/media\/8757"}],"wp:attachment":[{"href":"https:\/\/www.wjwsy.com\/pt\/wp-json\/wp\/v2\/media?parent=2538"}],"wp:term":[{"taxonomy":"product_brand","embeddable":true,"href":"https:\/\/www.wjwsy.com\/pt\/wp-json\/wp\/v2\/product_brand?post=2538"},{"taxonomy":"product_cat","embeddable":true,"href":"https:\/\/www.wjwsy.com\/pt\/wp-json\/wp\/v2\/product_cat?post=2538"},{"taxonomy":"product_tag","embeddable":true,"href":"https:\/\/www.wjwsy.com\/pt\/wp-json\/wp\/v2\/product_tag?post=2538"}],"curies":[{"name":"wp","href":"https:\/\/api.w.org\/{rel}","templated":true}]}}