{"id":684,"date":"2024-09-03T02:39:43","date_gmt":"2024-09-03T02:39:43","guid":{"rendered":"https:\/\/wjwsy.com\/?page_id=684"},"modified":"2025-11-07T07:43:33","modified_gmt":"2025-11-07T07:43:33","slug":"the-complete-guide-to-usb-cables-types-selection-and-applications","status":"publish","type":"page","link":"https:\/\/www.wjwsy.com\/pt\/blog-2\/the-complete-guide-to-usb-cables-types-selection-and-applications\/","title":{"rendered":"O guia para cabos USB"},"content":{"rendered":"<h2><strong><b>Vers\u00f5es USB explicadas<\/b><\/strong><\/h2>\n<p>Nos \u00faltimos 25 anos, houve v\u00e1rios cabos USB e itera\u00e7\u00f5es diferentes, consoante o protocolo USB. O USB come\u00e7ou com a vers\u00e3o 1.0, que transfere at\u00e9 12 Mbps e foi lan\u00e7ada em 1995. Atualmente, a vers\u00e3o mais recente \u00e9 a USB 4, que transfere at\u00e9 40 Gbps.<\/p>\n<p>A StarTech.com sabe que os utilizadores querem o melhor USB para o trabalho, e \u00e9 por isso que criaram uma tabela abaixo para ajudar a decifrar a velocidade e as capacidades de cada vers\u00e3o.<\/p>\n<table>\n<tbody>\n<tr>\n<td width=\"190\"><strong><b>USB tipo<\/b><\/strong><\/td>\n<td width=\"96\"><strong><b>Suporta v\u00eddeo?<\/b><\/strong><\/td>\n<td width=\"111\"><strong><b>Pode suportar o fornecimento de energia?<\/b><\/strong><\/td>\n<td width=\"96\"><strong><b>Velocidade de transfer\u00eancia de dados<\/b><\/strong><\/td>\n<\/tr>\n<tr>\n<td width=\"190\"><a href=\"https:\/\/uk.rs-online.com\/web\/c\/cables-wires\/computer-cable-assemblies\/usb-cables\/?applied-dimensions=4294845077\">USB 1.1<\/a>\u00a0(Velocidade m\u00e1xima)<\/td>\n<td width=\"96\"><strong><b>\u2718<\/b><\/strong><\/td>\n<td width=\"111\"><strong><b>\u2718<\/b><\/strong><\/td>\n<td width=\"96\">12 Mbps<\/td>\n<\/tr>\n<tr>\n<td width=\"190\"><a href=\"https:\/\/uk.rs-online.com\/web\/c\/cables-wires\/computer-cable-assemblies\/usb-cables\/?applied-dimensions=4294845120\">USB 2.0<\/a>\u00a0(Hi-Speed)<\/td>\n<td width=\"96\"><strong><b>\u2718<\/b><\/strong><\/td>\n<td width=\"111\"><strong><b>\u2714<\/b><\/strong><\/td>\n<td width=\"96\">480 Mbps<\/td>\n<\/tr>\n<tr>\n<td width=\"190\"><a href=\"https:\/\/uk.rs-online.com\/web\/c\/cables-wires\/computer-cable-assemblies\/usb-cables\/?applied-dimensions=4294709723\">USB 3.0<\/a>\u00a0(SuperSpeed)<\/td>\n<td width=\"96\"><strong><b>\u2714<\/b><\/strong><\/td>\n<td width=\"111\"><strong><b>\u2714<\/b><\/strong><\/td>\n<td width=\"96\">5 Gbps<\/td>\n<\/tr>\n<tr>\n<td width=\"190\"><a href=\"https:\/\/uk.rs-online.com\/web\/c\/cables-wires\/computer-cable-assemblies\/usb-cables\/?applied-dimensions=4293181699\">USB 3.1<\/a>\u00a0(SuperSpeed)<\/td>\n<td width=\"96\"><strong><b>\u2714<\/b><\/strong><\/td>\n<td width=\"111\"><strong><b>\u2714<\/b><\/strong><\/td>\n<td width=\"96\">10 Gpbs<\/td>\n<\/tr>\n<\/tbody>\n<\/table>\n<h2><strong><b>Explica\u00e7\u00e3o dos tipos de USB<\/b><\/strong><\/h2>\n<p>Tal como acontece com as vers\u00f5es USB, a forma da liga\u00e7\u00e3o USB tamb\u00e9m sofreu altera\u00e7\u00f5es dr\u00e1sticas ao longo dos anos. Com cada nova evolu\u00e7\u00e3o do tipo USB, o seu formato torna-se geralmente mais pequeno para se adaptar aos novos dispositivos, muito mais finos, que s\u00e3o populares na altura do lan\u00e7amento.<\/p>\n<p>O design do USB C, que \u00e9 a mais recente vers\u00e3o do USB, \u00e9 \u00fanico porque \u00e9 o \u00fanico USB que se encaixa noutro tipo de porta n\u00e3o especificamente criada para ele:\u00a0<a href=\"https:\/\/uk.rs-online.com\/web\/c\/cables-wires\/computer-cable-assemblies\/usb-cables\/?applied-dimensions=4290907726,4291129913\"><strong><u><b>Thunderbolt 3<\/b><\/u><\/strong><\/a>. Ambos t\u00eam a mesma forma e os utilizadores podem utilizar Thunderbolt 3 e\u00a0<a href=\"https:\/\/uk.rs-online.com\/web\/c\/cables-wires\/computer-cable-assemblies\/usb-cables\/?applied-dimensions=4290907726,4291221453,4291936532,4290985357,4290985389\"><strong><u><b>Cabos USB C<\/b><\/u><\/strong><\/a>\u00a0e portas de forma intercambi\u00e1vel. Todos os outros tipos de conectores USB macho e f\u00eamea apenas se adaptam \u00e0s portas macho e f\u00eamea correspondentes. Por exemplo, uma porta USB tipo b s\u00f3 aceita um conetor\u00a0<a href=\"https:\/\/uk.rs-online.com\/web\/c\/cables-wires\/computer-cable-assemblies\/usb-cables\/?applied-dimensions=4290907726,4292078400\"><strong><u><b>USB tipo B<\/b><\/u><\/strong><\/a>\u00a0conetor.<\/p>\n<p>A vers\u00e3o ou a velocidade da tecnologia \u00e9 ditada pelo dispositivo anfitri\u00e3o, pelo perif\u00e9rico de liga\u00e7\u00e3o e pela vers\u00e3o do cabo USB, e n\u00e3o pela forma da porta.<\/p>\n<h3><strong><b>O que significa compat\u00edvel com vers\u00f5es anteriores?<\/b><\/strong><\/h3>\n<p>A retrocompatibilidade significa que a vers\u00e3o mais recente de algo continua a ser capaz de utilizar vers\u00f5es anteriores. Por exemplo, uma porta USB A 3.0 \u00e9 capaz de reconhecer e utilizar um perif\u00e9rico USB A 2.0.<\/p>\n<p>Para o mais recente USB C, continua a ser poss\u00edvel ligar dispositivos mais antigos suportados por USB a uma porta ou anfitri\u00e3o USB C, atrav\u00e9s de um adaptador. A StarTech.com fornece uma vasta gama de cabos USB, que podem ser utilizados se o anfitri\u00e3o e o perif\u00e9rico tiverem tipos de portas diferentes. Os adaptadores, ou conectores, podem ser encontrados para todos os tipos de USB e n\u00e3o se limitam ao USB C.<\/p>\n<p>Quando se utilizam vers\u00f5es USB anteriores, o desempenho est\u00e1 limitado \u00e0 vers\u00e3o mais antiga que est\u00e1 a ser utilizada. Por exemplo, se pretender transferir ficheiros de um disco r\u00edgido com USB A 2.0 para um computador port\u00e1til com portas USB A 3.0, a taxa de transfer\u00eancia (velocidades USB) ser\u00e1 limitada a 480 Mbps.<\/p>\n<h2><strong><b>Quantos tipos de cabos USB existem?<\/b><\/strong><\/h2>\n<p>Segue-se uma breve explica\u00e7\u00e3o dos tipos de USB mais populares dispon\u00edveis no mercado:<\/p>\n<h3>USB tipo A<\/h3>\n<style>\/*! elementor - v3.23.0 - 05-08-2024 *\/<br \/>\n.elementor-widget-image{text-align:center}.elementor-widget-image a{display:inline-block}.elementor-widget-image a img[src$=\".svg\"]{width:48px}.elementor-widget-image img{vertical-align:middle;display:inline-block}<\/style>\n<p><img fetchpriority=\"high\" decoding=\"async\" src=\"https:\/\/wjwsy.com\/wp-content\/uploads\/2024\/09\/\u56fe\u724716-1.png\" sizes=\"(max-width:767px) 444px, 444px\" srcset=\"https:\/\/wjwsy.com\/wp-content\/uploads\/2024\/09\/\u56fe\u724716-1.png 444w, https:\/\/wjwsy.com\/wp-content\/uploads\/2024\/09\/\u56fe\u724716-1-300x300.png 300w, https:\/\/wjwsy.com\/wp-content\/uploads\/2024\/09\/\u56fe\u724716-1-150x150.png 150w, https:\/\/wjwsy.com\/wp-content\/uploads\/2024\/09\/\u56fe\u724716-1-75x75.png 75w\" alt=\"\" width=\"444\" height=\"444\" \/><\/p>\n<p>O conetor USB A \u00e9 o tipo de conetor mais conhecido e amplamente utilizado. Tem uma forma retangular e s\u00f3 pode ser inserido num sentido. Os cabos e portas USB A s\u00e3o compat\u00edveis com todas as outras vers\u00f5es, desde USB 1.0 at\u00e9 \u00e0s mais recentes normas de cabos USB. Este tipo de liga\u00e7\u00e3o por cabo USB \u00e9 normalmente utilizado para acoplar perif\u00e9ricos, como um rato, um teclado ou um controlador de jogos, a um anfitri\u00e3o, como um computador ou um hub de carregamento.<\/p>\n<p><strong><b>Encontrado habitualmente em:<\/b><\/strong><\/p>\n<ul>\n<li>Centros de carregamento de dispositivos m\u00f3veis<\/li>\n<li>Computadores e computadores port\u00e1teis<\/li>\n<li>Consolas de jogos<\/li>\n<li>Unidades flash e discos r\u00edgidos externos<\/li>\n<li>Ratos e teclados para computador<\/li>\n<li>Esta\u00e7\u00f5es de ancoragem e adaptadores multiportas<\/li>\n<\/ul>\n<h3>USB tipo B<\/h3>\n<p><img decoding=\"async\" src=\"https:\/\/wjwsy.com\/wp-content\/uploads\/2024\/09\/\u56fe\u724717-1.png\" sizes=\"(max-width:767px) 273px, 273px\" srcset=\"https:\/\/wjwsy.com\/wp-content\/uploads\/2024\/09\/\u56fe\u724717-1.png 273w, https:\/\/wjwsy.com\/wp-content\/uploads\/2024\/09\/\u56fe\u724717-1-84x75.png 84w\" alt=\"\" width=\"273\" height=\"245\" \/><\/p>\n<p>Os conectores USB Tipo B suportam todas as vers\u00f5es de USB, desde USB 1.1 a USB 3.1. Esta porta \u00e9 mais frequente em perif\u00e9ricos de computador maiores e com maior pot\u00eancia, incluindo impressoras e scanners. O USB Tipo B est\u00e1 a tornar-se menos comum \u00e0 medida que o tamanho dos dispositivos diminui.<\/p>\n<p><strong><b>Encontrado habitualmente em:<\/b><\/strong><\/p>\n<ul>\n<li>Impressoras<\/li>\n<li>Scanners<\/li>\n<li>Caixas para discos r\u00edgidos<\/li>\n<\/ul>\n<h3>USB Tipo C<\/h3>\n<p>O USB-C \u00e9 o mais recente avan\u00e7o na conetividade USB e foi apelidado por muitos como \"\u00e0 prova do futuro\". \u00c9 convenientemente revers\u00edvel e tem uma forma muito mais compacta em compara\u00e7\u00e3o com os anteriores tipos de cabos USB. Um cabo USB C n\u00e3o trata apenas de dados e energia, mas tamb\u00e9m de v\u00eddeo. Suporta v\u00e1rios protocolos e transporta sinais DisplayPort e HDMI (quando em modo Alt), bem como Thunderbolt 3 para dispositivos equipados. Al\u00e9m disso, tal como outros USB, \u00e9 compat\u00edvel com vers\u00f5es anteriores do USB 1.1, mas tamb\u00e9m funciona com os mais recentes dispositivos USB 3.2 Gen 2.2.<\/p>\n<p>Este tipo de conetor tem o mesmo aspeto e \u00e9 fisicamente igual a uma porta Thunderbolt 3. As portas e cabos Thunderbolt 3 e USB C podem ser utilizados de forma intercambi\u00e1vel e para transfer\u00eancia de dados, sa\u00edda de energia e v\u00eddeo. Ao utilizar uma porta Thunderbolt 3 com um cabo USB C, os utilizadores podem carregar aparelhos electr\u00f3nicos de tamanho normal com uma pot\u00eancia de sa\u00edda at\u00e9 100 W. Melhor ainda, a velocidade m\u00e1xima de transfer\u00eancia de dados \u00e9 de 40 Gbps com uma porta Thunderbolt 3, o que significa que pode ser mais produtivo.<\/p>\n<p>Com outros\u00a0<a href=\"https:\/\/uk.rs-online.com\/web\/c\/cables-wires\/computer-cable-assemblies\/usb-cables\/?applied-dimensions=4290907726,4291612674\"><strong><u><b>Vers\u00f5es USB at\u00e9 3.1<\/b><\/u><\/strong><\/a>O USB C pode suportar uma taxa de transfer\u00eancia m\u00e1xima de 10 Gbps.<\/p>\n<p><img decoding=\"async\" src=\"https:\/\/wjwsy.com\/wp-content\/uploads\/2024\/09\/\u56fe\u724718-1.png\" sizes=\"(max-width:767px) 480px, 500px\" srcset=\"https:\/\/wjwsy.com\/wp-content\/uploads\/2024\/09\/\u56fe\u724718-1.png 500w, https:\/\/wjwsy.com\/wp-content\/uploads\/2024\/09\/\u56fe\u724718-1-300x195.png 300w, https:\/\/wjwsy.com\/wp-content\/uploads\/2024\/09\/\u56fe\u724718-1-115x75.png 115w, https:\/\/wjwsy.com\/wp-content\/uploads\/2024\/09\/\u56fe\u724718-1-480x312.png 480w\" alt=\"\" width=\"500\" height=\"325\" \/><\/p>\n<p>Encontrado habitualmente em:<\/p>\n<ul>\n<li>Telem\u00f3veis<\/li>\n<li>Laptops<\/li>\n<li>Cubos de carga<\/li>\n<li>Esta\u00e7\u00f5es de ancoragem e adaptadores multiportas<\/li>\n<\/ul>\n<h3>Mini USB<\/h3>\n<p><img loading=\"lazy\" decoding=\"async\" src=\"https:\/\/wjwsy.com\/wp-content\/uploads\/2024\/09\/\u56fe\u724719-1.png\" sizes=\"(max-width:767px) 480px, 500px\" srcset=\"https:\/\/wjwsy.com\/wp-content\/uploads\/2024\/09\/\u56fe\u724719-1.png 500w, https:\/\/wjwsy.com\/wp-content\/uploads\/2024\/09\/\u56fe\u724719-1-300x210.png 300w, https:\/\/wjwsy.com\/wp-content\/uploads\/2024\/09\/\u56fe\u724719-1-107x75.png 107w, https:\/\/wjwsy.com\/wp-content\/uploads\/2024\/09\/\u56fe\u724719-1-480x336.png 480w\" alt=\"\" width=\"500\" height=\"350\" \/><\/p>\n<p>Lan\u00e7ado em 2000, o conetor mini USB \u00e9 normalmente encontrado em dispositivos como c\u00e2maras digitais para carregamento. Suporta\u00a0<a href=\"https:\/\/uk.rs-online.com\/web\/c\/cables-wires\/computer-cable-assemblies\/usb-cables\/?applied-dimensions=4290907726,4291185038\"><strong><u><b>USB 2.0<\/b><\/u><\/strong><\/a>.<\/p>\n<p><strong><b>Encontrado habitualmente em:<\/b><\/strong><\/p>\n<ul>\n<li>Dispositivos antigos (telem\u00f3veis antigos e leitores de MP3)<\/li>\n<li>C\u00e2maras digitais<\/li>\n<\/ul>\n<h3>Micro USB<\/h3>\n<p><img loading=\"lazy\" decoding=\"async\" src=\"https:\/\/wjwsy.com\/wp-content\/uploads\/2024\/09\/\u56fe\u724720-1.png\" sizes=\"(max-width:767px) 480px, 500px\" srcset=\"https:\/\/wjwsy.com\/wp-content\/uploads\/2024\/09\/\u56fe\u724720-1.png 500w, https:\/\/wjwsy.com\/wp-content\/uploads\/2024\/09\/\u56fe\u724720-1-300x208.png 300w, https:\/\/wjwsy.com\/wp-content\/uploads\/2024\/09\/\u56fe\u724720-1-108x75.png 108w, https:\/\/wjwsy.com\/wp-content\/uploads\/2024\/09\/\u56fe\u724720-1-480x332.png 480w\" alt=\"\" width=\"500\" height=\"346\" \/><\/p>\n<p>O Micro USB foi lan\u00e7ado mais tarde, em 2007. O que \u00e9 um Micro USB? \u00c9 uma pequena porta que se encontra em muitos dispositivos m\u00f3veis, incluindo telem\u00f3veis e tablets. Pode suportar USB 2.0 e 3.0.<\/p>\n<p><strong><b>Encontrado habitualmente em:<\/b><\/strong><\/p>\n<ul>\n<li>Telem\u00f3veis Android<\/li>\n<li>C\u00e2maras digitais<\/li>\n<li>Dispositivos GPS<\/li>\n<li>Leitores electr\u00f3nicos<\/li>\n<\/ul>\n<h3>Conector Lightning<\/h3>\n<p><img loading=\"lazy\" decoding=\"async\" src=\"https:\/\/wjwsy.com\/wp-content\/uploads\/2024\/09\/\u56fe\u724721-1.png\" sizes=\"(max-width:767px) 480px, 500px\" srcset=\"https:\/\/wjwsy.com\/wp-content\/uploads\/2024\/09\/\u56fe\u724721-1.png 500w, https:\/\/wjwsy.com\/wp-content\/uploads\/2024\/09\/\u56fe\u724721-1-300x188.png 300w, https:\/\/wjwsy.com\/wp-content\/uploads\/2024\/09\/\u56fe\u724721-1-119x75.png 119w, https:\/\/wjwsy.com\/wp-content\/uploads\/2024\/09\/\u56fe\u724721-1-480x301.png 480w\" alt=\"\" width=\"500\" height=\"314\" \/><\/p>\n<p>O conetor lightning \u00e9 exclusivo dos dispositivos Apple modernos e pode ser utilizado para ligar teclados, auscultadores e carregadores a iPhones, iPads e computadores Mac de secret\u00e1ria. Totalmente revers\u00edvel para maior comodidade de conetividade, o cabo com conetor lightning \u00e9 essencial para dispositivos e acess\u00f3rios Mac de \u00faltima gera\u00e7\u00e3o. Existem tamb\u00e9m adaptadores dispon\u00edveis para converter os conectores lightning em portas USB mais convencionais.<\/p>","protected":false},"excerpt":{"rendered":"<p>USB Versions Explained Over the last 25 years, there have been several different USB cables and iterations, depending on the USB protocol. The USB started with<span class=\"excerpt-hellip\"> [...]<\/span><\/p>","protected":false},"author":1,"featured_media":1353,"parent":11,"menu_order":0,"comment_status":"closed","ping_status":"closed","template":"","meta":{"_eb_attr":"","footnotes":""},"class_list":["post-684","page","type-page","status-publish","has-post-thumbnail","hentry"],"yoast_head":"<!-- This site is optimized with the Yoast SEO Premium plugin v23.7 (Yoast SEO v23.7) - https:\/\/yoast.com\/wordpress\/plugins\/seo\/ -->\n<title>Professional USB cable manufacturer - The Guide to USB Cables<\/title>\n<meta name=\"description\" content=\"USB cable types and selection tips to help you quickly find the right connection solution for your devices.\" \/>\n<meta name=\"robots\" content=\"index, follow, max-snippet:-1, max-image-preview:large, max-video-preview:-1\" \/>\n<link rel=\"canonical\" href=\"https:\/\/www.wjwsy.com\/pt\/blog-2\/the-complete-guide-to-usb-cables-types-selection-and-applications\/\" \/>\n<meta property=\"og:locale\" content=\"pt_PT\" \/>\n<meta property=\"og:type\" content=\"article\" \/>\n<meta property=\"og:title\" content=\"Professional USB cable manufacturer - The Guide to USB Cables\" \/>\n<meta property=\"og:description\" content=\"USB cable types and selection tips to help you quickly find the right connection solution for your devices.\" \/>\n<meta property=\"og:url\" content=\"https:\/\/www.wjwsy.com\/pt\/blog-2\/the-complete-guide-to-usb-cables-types-selection-and-applications\/\" \/>\n<meta property=\"og:site_name\" content=\"Professional USB cable manufacturer\" \/>\n<meta property=\"article:modified_time\" content=\"2025-11-07T07:43:33+00:00\" \/>\n<meta property=\"og:image\" content=\"https:\/\/www.wjwsy.com\/wp-content\/uploads\/2024\/09\/\u56fe\u724716-3.png\" \/>\n\t<meta property=\"og:image:width\" content=\"444\" \/>\n\t<meta property=\"og:image:height\" content=\"444\" \/>\n\t<meta property=\"og:image:type\" content=\"image\/png\" \/>\n<meta name=\"twitter:card\" content=\"summary_large_image\" \/>\n<meta name=\"twitter:label1\" content=\"Est. reading time\" \/>\n\t<meta name=\"twitter:data1\" content=\"6 minutos\" \/>\n<script type=\"application\/ld+json\" class=\"yoast-schema-graph\">{\"@context\":\"https:\/\/schema.org\",\"@graph\":[{\"@type\":\"WebPage\",\"@id\":\"https:\/\/www.wjwsy.com\/blog-2\/the-complete-guide-to-usb-cables-types-selection-and-applications\/\",\"url\":\"https:\/\/www.wjwsy.com\/blog-2\/the-complete-guide-to-usb-cables-types-selection-and-applications\/\",\"name\":\"Professional USB cable manufacturer - The Guide to USB Cables\",\"isPartOf\":{\"@id\":\"https:\/\/www.wjwsy.com\/#website\"},\"primaryImageOfPage\":{\"@id\":\"https:\/\/www.wjwsy.com\/blog-2\/the-complete-guide-to-usb-cables-types-selection-and-applications\/#primaryimage\"},\"image\":{\"@id\":\"https:\/\/www.wjwsy.com\/blog-2\/the-complete-guide-to-usb-cables-types-selection-and-applications\/#primaryimage\"},\"thumbnailUrl\":\"https:\/\/www.wjwsy.com\/wp-content\/uploads\/2024\/09\/\u56fe\u724716-3.png\",\"datePublished\":\"2024-09-03T02:39:43+00:00\",\"dateModified\":\"2025-11-07T07:43:33+00:00\",\"description\":\"USB cable types and selection tips to help you quickly find the right connection solution for your devices.\",\"breadcrumb\":{\"@id\":\"https:\/\/www.wjwsy.com\/blog-2\/the-complete-guide-to-usb-cables-types-selection-and-applications\/#breadcrumb\"},\"inLanguage\":\"pt-PT\",\"potentialAction\":[{\"@type\":\"ReadAction\",\"target\":[\"https:\/\/www.wjwsy.com\/blog-2\/the-complete-guide-to-usb-cables-types-selection-and-applications\/\"]}]},{\"@type\":\"ImageObject\",\"inLanguage\":\"pt-PT\",\"@id\":\"https:\/\/www.wjwsy.com\/blog-2\/the-complete-guide-to-usb-cables-types-selection-and-applications\/#primaryimage\",\"url\":\"https:\/\/www.wjwsy.com\/wp-content\/uploads\/2024\/09\/\u56fe\u724716-3.png\",\"contentUrl\":\"https:\/\/www.wjwsy.com\/wp-content\/uploads\/2024\/09\/\u56fe\u724716-3.png\",\"width\":444,\"height\":444},{\"@type\":\"BreadcrumbList\",\"@id\":\"https:\/\/www.wjwsy.com\/blog-2\/the-complete-guide-to-usb-cables-types-selection-and-applications\/#breadcrumb\",\"itemListElement\":[{\"@type\":\"ListItem\",\"position\":1,\"name\":\"\u9996\u9875\",\"item\":\"https:\/\/www.wjwsy.com\/\"},{\"@type\":\"ListItem\",\"position\":2,\"name\":\"Blog\",\"item\":\"https:\/\/www.wjwsy.com\/blog-2\/\"},{\"@type\":\"ListItem\",\"position\":3,\"name\":\"The Guide to USB Cables\"}]},{\"@type\":\"WebSite\",\"@id\":\"https:\/\/www.wjwsy.com\/#website\",\"url\":\"https:\/\/www.wjwsy.com\/\",\"name\":\"wjwsy.com\",\"description\":\"Delivering High-Quality, Reliable USB Cables for Every Industry\",\"publisher\":{\"@id\":\"https:\/\/www.wjwsy.com\/#organization\"},\"potentialAction\":[{\"@type\":\"SearchAction\",\"target\":{\"@type\":\"EntryPoint\",\"urlTemplate\":\"https:\/\/www.wjwsy.com\/?s={search_term_string}\"},\"query-input\":{\"@type\":\"PropertyValueSpecification\",\"valueRequired\":true,\"valueName\":\"search_term_string\"}}],\"inLanguage\":\"pt-PT\"},{\"@type\":\"Organization\",\"@id\":\"https:\/\/www.wjwsy.com\/#organization\",\"name\":\"wjwsy.com\",\"url\":\"https:\/\/www.wjwsy.com\/\",\"logo\":{\"@type\":\"ImageObject\",\"inLanguage\":\"pt-PT\",\"@id\":\"https:\/\/www.wjwsy.com\/#\/schema\/logo\/image\/\",\"url\":\"\",\"contentUrl\":\"\",\"caption\":\"wjwsy.com\"},\"image\":{\"@id\":\"https:\/\/www.wjwsy.com\/#\/schema\/logo\/image\/\"}}]}<\/script>\n<!-- \/ Yoast SEO Premium plugin. -->","yoast_head_json":{"title":"Professional USB cable manufacturer - The Guide to USB Cables","description":"USB cable types and selection tips to help you quickly find the right connection solution for your devices.","robots":{"index":"index","follow":"follow","max-snippet":"max-snippet:-1","max-image-preview":"max-image-preview:large","max-video-preview":"max-video-preview:-1"},"canonical":"https:\/\/www.wjwsy.com\/pt\/blog-2\/the-complete-guide-to-usb-cables-types-selection-and-applications\/","og_locale":"pt_PT","og_type":"article","og_title":"Professional USB cable manufacturer - The Guide to USB Cables","og_description":"USB cable types and selection tips to help you quickly find the right connection solution for your devices.","og_url":"https:\/\/www.wjwsy.com\/pt\/blog-2\/the-complete-guide-to-usb-cables-types-selection-and-applications\/","og_site_name":"Professional USB cable manufacturer","article_modified_time":"2025-11-07T07:43:33+00:00","og_image":[{"width":444,"height":444,"url":"https:\/\/www.wjwsy.com\/wp-content\/uploads\/2024\/09\/\u56fe\u724716-3.png","type":"image\/png"}],"twitter_card":"summary_large_image","twitter_misc":{"Est. reading time":"6 minutos"},"schema":{"@context":"https:\/\/schema.org","@graph":[{"@type":"WebPage","@id":"https:\/\/www.wjwsy.com\/blog-2\/the-complete-guide-to-usb-cables-types-selection-and-applications\/","url":"https:\/\/www.wjwsy.com\/blog-2\/the-complete-guide-to-usb-cables-types-selection-and-applications\/","name":"Professional USB cable manufacturer - The Guide to USB Cables","isPartOf":{"@id":"https:\/\/www.wjwsy.com\/#website"},"primaryImageOfPage":{"@id":"https:\/\/www.wjwsy.com\/blog-2\/the-complete-guide-to-usb-cables-types-selection-and-applications\/#primaryimage"},"image":{"@id":"https:\/\/www.wjwsy.com\/blog-2\/the-complete-guide-to-usb-cables-types-selection-and-applications\/#primaryimage"},"thumbnailUrl":"https:\/\/www.wjwsy.com\/wp-content\/uploads\/2024\/09\/\u56fe\u724716-3.png","datePublished":"2024-09-03T02:39:43+00:00","dateModified":"2025-11-07T07:43:33+00:00","description":"USB cable types and selection tips to help you quickly find the right connection solution for your devices.","breadcrumb":{"@id":"https:\/\/www.wjwsy.com\/blog-2\/the-complete-guide-to-usb-cables-types-selection-and-applications\/#breadcrumb"},"inLanguage":"pt-PT","potentialAction":[{"@type":"ReadAction","target":["https:\/\/www.wjwsy.com\/blog-2\/the-complete-guide-to-usb-cables-types-selection-and-applications\/"]}]},{"@type":"ImageObject","inLanguage":"pt-PT","@id":"https:\/\/www.wjwsy.com\/blog-2\/the-complete-guide-to-usb-cables-types-selection-and-applications\/#primaryimage","url":"https:\/\/www.wjwsy.com\/wp-content\/uploads\/2024\/09\/\u56fe\u724716-3.png","contentUrl":"https:\/\/www.wjwsy.com\/wp-content\/uploads\/2024\/09\/\u56fe\u724716-3.png","width":444,"height":444},{"@type":"BreadcrumbList","@id":"https:\/\/www.wjwsy.com\/blog-2\/the-complete-guide-to-usb-cables-types-selection-and-applications\/#breadcrumb","itemListElement":[{"@type":"ListItem","position":1,"name":"\u9996\u9875","item":"https:\/\/www.wjwsy.com\/"},{"@type":"ListItem","position":2,"name":"Blog","item":"https:\/\/www.wjwsy.com\/blog-2\/"},{"@type":"ListItem","position":3,"name":"The Guide to USB Cables"}]},{"@type":"WebSite","@id":"https:\/\/www.wjwsy.com\/#website","url":"https:\/\/www.wjwsy.com\/","name":"wjwsy.com","description":"Delivering High-Quality, Reliable USB Cables for Every Industry","publisher":{"@id":"https:\/\/www.wjwsy.com\/#organization"},"potentialAction":[{"@type":"SearchAction","target":{"@type":"EntryPoint","urlTemplate":"https:\/\/www.wjwsy.com\/?s={search_term_string}"},"query-input":{"@type":"PropertyValueSpecification","valueRequired":true,"valueName":"search_term_string"}}],"inLanguage":"pt-PT"},{"@type":"Organization","@id":"https:\/\/www.wjwsy.com\/#organization","name":"wjwsy.com","url":"https:\/\/www.wjwsy.com\/","logo":{"@type":"ImageObject","inLanguage":"pt-PT","@id":"https:\/\/www.wjwsy.com\/#\/schema\/logo\/image\/","url":"","contentUrl":"","caption":"wjwsy.com"},"image":{"@id":"https:\/\/www.wjwsy.com\/#\/schema\/logo\/image\/"}}]}},"_links":{"self":[{"href":"https:\/\/www.wjwsy.com\/pt\/wp-json\/wp\/v2\/pages\/684","targetHints":{"allow":["GET"]}}],"collection":[{"href":"https:\/\/www.wjwsy.com\/pt\/wp-json\/wp\/v2\/pages"}],"about":[{"href":"https:\/\/www.wjwsy.com\/pt\/wp-json\/wp\/v2\/types\/page"}],"author":[{"embeddable":true,"href":"https:\/\/www.wjwsy.com\/pt\/wp-json\/wp\/v2\/users\/1"}],"replies":[{"embeddable":true,"href":"https:\/\/www.wjwsy.com\/pt\/wp-json\/wp\/v2\/comments?post=684"}],"version-history":[{"count":0,"href":"https:\/\/www.wjwsy.com\/pt\/wp-json\/wp\/v2\/pages\/684\/revisions"}],"up":[{"embeddable":true,"href":"https:\/\/www.wjwsy.com\/pt\/wp-json\/wp\/v2\/pages\/11"}],"wp:featuredmedia":[{"embeddable":true,"href":"https:\/\/www.wjwsy.com\/pt\/wp-json\/wp\/v2\/media\/1353"}],"wp:attachment":[{"href":"https:\/\/www.wjwsy.com\/pt\/wp-json\/wp\/v2\/media?parent=684"}],"curies":[{"name":"wp","href":"https:\/\/api.w.org\/{rel}","templated":true}]}}