{"id":5670,"date":"2025-04-09T06:50:06","date_gmt":"2025-04-09T06:50:06","guid":{"rendered":"https:\/\/www.wjwsy.com\/?page_id=5670"},"modified":"2025-04-09T06:50:07","modified_gmt":"2025-04-09T06:50:07","slug":"privacy-policy","status":"publish","type":"page","link":"https:\/\/www.wjwsy.com\/pt\/privacy-policy\/","title":{"rendered":"Pol\u00edtica De Privacidade"},"content":{"rendered":"<h2 class=\"wp-block-heading\">Who we are<\/h2>\n\n\n\n<p>Recommended text: Our site address is: https:\/\/www.wjwsy.com.<\/p>\n\n\n\n<h2 class=\"wp-block-heading\">Comment<\/h2>\n\n\n\n<p>Recommended text: When visitors leave comments, we collect the data shown in the comments form, and also the visitor\u2019s IP address and browser User-Agent string to help spam detection.<\/p>\n\n\n\n<p>An anonymized string created from your email address (also called a hash) may be provided to the Gravatar service to see if you are using it. The Gravatar service privacy policy is here: https:\/\/automattic.com\/privacy\/. After approval of your comment, your profile picture will be visible to the public next to your comment.<\/p>\n\n\n\n<h2 class=\"wp-block-heading\">media<\/h2>\n\n\n\n<p>Recommended text: If you upload images to this site, you should avoid uploading images with embedded location data (EXIF GPS) included. Visitors to this site will be able to download and extract location data from images on this site.<\/p>\n\n\n\n<h2 class=\"wp-block-heading\">Cookies<\/h2>\n\n\n\n<p>Recommended text: If you leave a comment on our site, you can choose to save your name, email address and website in cookies. This is for your convenience by not having to fill in these details again when you leave a comment. These cookies will last for one year.<\/p>\n\n\n\n<p>If you visit our login page, we will set a temporary cookie to determine if your browser accepts cookies. This cookie contains no personal data and is discarded when you close your browser.<\/p>\n\n\n\n<p>When you are logged in, we will also set several cookies to remember your login information and screen display preferences. Login cookies last for two days, while screen display preferences cookies last for a year. If you select &#8220;Remember me&#8221;, your login status will be retained for two weeks. If you log out of your account, the login cookies will be removed.<\/p>\n\n\n\n<p>Se voc\u00ea editar ou publicar um artigo, vamos salvar um adicional de cookie no seu navegador. Este cookie n\u00e3o cont\u00e9m dados pessoais e s\u00f3 lembra-se de que o ID do artigo que voc\u00ea editou. Este cookie tem a dura\u00e7\u00e3o de um dia.<\/p>\n\n\n\n<h2 class=\"wp-block-heading\">Conte\u00fado incorporado a partir de outros websites<\/h2>\n\n\n\n<p>Texto recomendado: Artigos sobre este site poder\u00e1 incluir conte\u00fado incorporado (por exemplo, v\u00eddeos, imagens, artigos, etc.). Conte\u00fado incorporado a partir de outros websites se comporta da mesma maneira como se voc\u00ea tivesse visitado outros sites diretamente.<\/p>\n\n\n\n<p>Esses sites podem coletar informa\u00e7\u00f5es sobre voc\u00ea, usar cookies, incorporar adicionais de rastreamento de terceiros, e monitorar a sua intera\u00e7\u00e3o com o conte\u00fado incorporado, incluindo o acompanhamento de sua intera\u00e7\u00e3o com o conte\u00fado incorporado, se voc\u00ea tem uma conta e login no site.<\/p>\n\n\n\n<h2 class=\"wp-block-heading\">Quem compartilhamos suas informa\u00e7\u00f5es com<\/h2>\n\n\n\n<p>Texto recomendado: Se voc\u00ea solicitar um pedido de redefini\u00e7\u00e3o de senha, seu endere\u00e7o IP ser\u00e1 inclu\u00eddo na redefini\u00e7\u00e3o de senha e-mail.<\/p>\n\n\n\n<h2 class=\"wp-block-heading\">Quanto tempo vamos manter as suas informa\u00e7\u00f5es<\/h2>\n\n\n\n<p>Texto recomendado: Se voc\u00ea deixar um coment\u00e1rio, o coment\u00e1rio e seus metadados s\u00e3o mantidos indefinidamente. Fazemos isso para que possamos reconhecer e aprovar automaticamente quaisquer coment\u00e1rios de acompanhamento, em vez de mant\u00ea-las em uma fila de modera\u00e7\u00e3o.<\/p>\n\n\n\n<p>Para os usu\u00e1rios que se registram no site, tamb\u00e9m armazenamos as informa\u00e7\u00f5es pessoais que fornecer no seu perfil. Todos os usu\u00e1rios podem visualizar, editar, ou excluir suas informa\u00e7\u00f5es pessoais a qualquer tempo (exceto que eles n\u00e3o \u00e9 poss\u00edvel alterar seu nome de usu\u00e1rio); os administradores do site tamb\u00e9m pode ver e editar informa\u00e7\u00f5es.<\/p>\n\n\n\n<h2 class=\"wp-block-heading\">Quais os direitos que voc\u00ea tem sobre as suas informa\u00e7\u00f5es<\/h2>\n\n\n\n<p>Texto recomendado: Se voc\u00ea tem uma conta no site, ou deixaram coment\u00e1rios, voc\u00ea pode pedir para receber um arquivo exportado de dados pessoais que temos sobre voc\u00ea, incluindo quaisquer dados que voc\u00ea forneceu para n\u00f3s. Voc\u00ea tamb\u00e9m poder\u00e1 solicitar a apagar quaisquer dados pessoais que temos sobre voc\u00ea. Isso n\u00e3o inclui quaisquer dados que s\u00e3o obrigados a manter-se para administrativo, jur\u00eddico, ou por raz\u00f5es de seguran\u00e7a.<\/p>\n\n\n\n<h2 class=\"wp-block-heading\">Onde os dados s\u00e3o enviados<\/h2>\n\n\n\n<p><strong class=\"privacy-policy-tutorial\">\u63a8\u8350\u7684\u6587\u672c\uff1a <\/strong>\u8bbf\u5ba2\u8bc4\u8bba\u53ef\u80fd\u4f1a\u88ab\u81ea\u52a8\u5783\u573e\u8bc4\u8bba\u76d1\u6d4b\u670d\u52a1\u68c0\u67e5\u3002<\/p>","protected":false},"excerpt":{"rendered":"<p>Who we are Recommended text: Our site address is: https:\/\/www.wjwsy.com. Comment Recommended text: When visitors leave comments, we collect the data shown in the comments form,<span class=\"excerpt-hellip\"> [...]<\/span><\/p>","protected":false},"author":1,"featured_media":0,"parent":0,"menu_order":0,"comment_status":"closed","ping_status":"closed","template":"","meta":{"_eb_attr":"","footnotes":""},"class_list":["post-5670","page","type-page","status-publish","hentry"],"yoast_head":"<!-- This site is optimized with the Yoast SEO Premium plugin v23.7 (Yoast SEO v23.7) - https:\/\/yoast.com\/wordpress\/plugins\/seo\/ -->\n<title>Privacy Policy - Professional USB cable manufacturer<\/title>\n<meta name=\"robots\" content=\"index, follow, max-snippet:-1, max-image-preview:large, max-video-preview:-1\" \/>\n<link rel=\"canonical\" href=\"https:\/\/www.wjwsy.com\/pt\/privacy-policy\/\" \/>\n<meta property=\"og:locale\" content=\"pt_PT\" \/>\n<meta property=\"og:type\" content=\"article\" \/>\n<meta property=\"og:title\" content=\"Privacy Policy - Professional USB cable manufacturer\" \/>\n<meta property=\"og:description\" content=\"Who we are Recommended text: Our site address is: https:\/\/www.wjwsy.com. Comment Recommended text: When visitors leave comments, we collect the data shown in the comments form, [\u2026]\" \/>\n<meta property=\"og:url\" content=\"https:\/\/www.wjwsy.com\/pt\/privacy-policy\/\" \/>\n<meta property=\"og:site_name\" content=\"Professional USB cable manufacturer\" \/>\n<meta property=\"article:modified_time\" content=\"2025-04-09T06:50:07+00:00\" \/>\n<meta name=\"twitter:card\" content=\"summary_large_image\" \/>\n<meta name=\"twitter:label1\" content=\"Est. reading time\" \/>\n\t<meta name=\"twitter:data1\" content=\"3 minutos\" \/>\n<script type=\"application\/ld+json\" class=\"yoast-schema-graph\">{\"@context\":\"https:\/\/schema.org\",\"@graph\":[{\"@type\":\"WebPage\",\"@id\":\"https:\/\/www.wjwsy.com\/privacy-policy\/\",\"url\":\"https:\/\/www.wjwsy.com\/privacy-policy\/\",\"name\":\"Privacy Policy - Professional USB cable manufacturer\",\"isPartOf\":{\"@id\":\"https:\/\/www.wjwsy.com\/#website\"},\"datePublished\":\"2025-04-09T06:50:06+00:00\",\"dateModified\":\"2025-04-09T06:50:07+00:00\",\"breadcrumb\":{\"@id\":\"https:\/\/www.wjwsy.com\/privacy-policy\/#breadcrumb\"},\"inLanguage\":\"pt-PT\",\"potentialAction\":[{\"@type\":\"ReadAction\",\"target\":[\"https:\/\/www.wjwsy.com\/privacy-policy\/\"]}]},{\"@type\":\"BreadcrumbList\",\"@id\":\"https:\/\/www.wjwsy.com\/privacy-policy\/#breadcrumb\",\"itemListElement\":[{\"@type\":\"ListItem\",\"position\":1,\"name\":\"\u9996\u9875\",\"item\":\"https:\/\/www.wjwsy.com\/\"},{\"@type\":\"ListItem\",\"position\":2,\"name\":\"Privacy Policy\"}]},{\"@type\":\"WebSite\",\"@id\":\"https:\/\/www.wjwsy.com\/#website\",\"url\":\"https:\/\/www.wjwsy.com\/\",\"name\":\"wjwsy.com\",\"description\":\"Delivering High-Quality, Reliable USB Cables for Every Industry\",\"publisher\":{\"@id\":\"https:\/\/www.wjwsy.com\/#organization\"},\"potentialAction\":[{\"@type\":\"SearchAction\",\"target\":{\"@type\":\"EntryPoint\",\"urlTemplate\":\"https:\/\/www.wjwsy.com\/?s={search_term_string}\"},\"query-input\":{\"@type\":\"PropertyValueSpecification\",\"valueRequired\":true,\"valueName\":\"search_term_string\"}}],\"inLanguage\":\"pt-PT\"},{\"@type\":\"Organization\",\"@id\":\"https:\/\/www.wjwsy.com\/#organization\",\"name\":\"wjwsy.com\",\"url\":\"https:\/\/www.wjwsy.com\/\",\"logo\":{\"@type\":\"ImageObject\",\"inLanguage\":\"pt-PT\",\"@id\":\"https:\/\/www.wjwsy.com\/#\/schema\/logo\/image\/\",\"url\":\"\",\"contentUrl\":\"\",\"caption\":\"wjwsy.com\"},\"image\":{\"@id\":\"https:\/\/www.wjwsy.com\/#\/schema\/logo\/image\/\"}}]}<\/script>\n<!-- \/ Yoast SEO Premium plugin. -->","yoast_head_json":{"title":"Privacy Policy - Professional USB cable manufacturer","robots":{"index":"index","follow":"follow","max-snippet":"max-snippet:-1","max-image-preview":"max-image-preview:large","max-video-preview":"max-video-preview:-1"},"canonical":"https:\/\/www.wjwsy.com\/pt\/privacy-policy\/","og_locale":"pt_PT","og_type":"article","og_title":"Privacy Policy - Professional USB cable manufacturer","og_description":"Who we are Recommended text: Our site address is: https:\/\/www.wjwsy.com. Comment Recommended text: When visitors leave comments, we collect the data shown in the comments form, [\u2026]","og_url":"https:\/\/www.wjwsy.com\/pt\/privacy-policy\/","og_site_name":"Professional USB cable manufacturer","article_modified_time":"2025-04-09T06:50:07+00:00","twitter_card":"summary_large_image","twitter_misc":{"Est. reading time":"3 minutos"},"schema":{"@context":"https:\/\/schema.org","@graph":[{"@type":"WebPage","@id":"https:\/\/www.wjwsy.com\/privacy-policy\/","url":"https:\/\/www.wjwsy.com\/privacy-policy\/","name":"Privacy Policy - Professional USB cable manufacturer","isPartOf":{"@id":"https:\/\/www.wjwsy.com\/#website"},"datePublished":"2025-04-09T06:50:06+00:00","dateModified":"2025-04-09T06:50:07+00:00","breadcrumb":{"@id":"https:\/\/www.wjwsy.com\/privacy-policy\/#breadcrumb"},"inLanguage":"pt-PT","potentialAction":[{"@type":"ReadAction","target":["https:\/\/www.wjwsy.com\/privacy-policy\/"]}]},{"@type":"BreadcrumbList","@id":"https:\/\/www.wjwsy.com\/privacy-policy\/#breadcrumb","itemListElement":[{"@type":"ListItem","position":1,"name":"\u9996\u9875","item":"https:\/\/www.wjwsy.com\/"},{"@type":"ListItem","position":2,"name":"Privacy Policy"}]},{"@type":"WebSite","@id":"https:\/\/www.wjwsy.com\/#website","url":"https:\/\/www.wjwsy.com\/","name":"wjwsy.com","description":"Delivering High-Quality, Reliable USB Cables for Every Industry","publisher":{"@id":"https:\/\/www.wjwsy.com\/#organization"},"potentialAction":[{"@type":"SearchAction","target":{"@type":"EntryPoint","urlTemplate":"https:\/\/www.wjwsy.com\/?s={search_term_string}"},"query-input":{"@type":"PropertyValueSpecification","valueRequired":true,"valueName":"search_term_string"}}],"inLanguage":"pt-PT"},{"@type":"Organization","@id":"https:\/\/www.wjwsy.com\/#organization","name":"wjwsy.com","url":"https:\/\/www.wjwsy.com\/","logo":{"@type":"ImageObject","inLanguage":"pt-PT","@id":"https:\/\/www.wjwsy.com\/#\/schema\/logo\/image\/","url":"","contentUrl":"","caption":"wjwsy.com"},"image":{"@id":"https:\/\/www.wjwsy.com\/#\/schema\/logo\/image\/"}}]}},"_links":{"self":[{"href":"https:\/\/www.wjwsy.com\/pt\/wp-json\/wp\/v2\/pages\/5670","targetHints":{"allow":["GET"]}}],"collection":[{"href":"https:\/\/www.wjwsy.com\/pt\/wp-json\/wp\/v2\/pages"}],"about":[{"href":"https:\/\/www.wjwsy.com\/pt\/wp-json\/wp\/v2\/types\/page"}],"author":[{"embeddable":true,"href":"https:\/\/www.wjwsy.com\/pt\/wp-json\/wp\/v2\/users\/1"}],"replies":[{"embeddable":true,"href":"https:\/\/www.wjwsy.com\/pt\/wp-json\/wp\/v2\/comments?post=5670"}],"version-history":[{"count":0,"href":"https:\/\/www.wjwsy.com\/pt\/wp-json\/wp\/v2\/pages\/5670\/revisions"}],"wp:attachment":[{"href":"https:\/\/www.wjwsy.com\/pt\/wp-json\/wp\/v2\/media?parent=5670"}],"curies":[{"name":"wp","href":"https:\/\/api.w.org\/{rel}","templated":true}]}}