{"id":15368,"date":"2026-01-04T09:28:59","date_gmt":"2026-01-04T09:28:59","guid":{"rendered":"https:\/\/www.wjwsy.com\/?page_id=15368"},"modified":"2026-04-17T08:47:58","modified_gmt":"2026-04-17T08:47:58","slug":"faq","status":"publish","type":"page","link":"https:\/\/www.wjwsy.com\/pt\/faq\/","title":{"rendered":"Perguntas frequentes"},"content":{"rendered":"<div data-elementor-type=\"wp-page\" data-elementor-id=\"15368\" class=\"elementor elementor-15368\" data-elementor-post-type=\"page\">\n\t\t\t\t\t\t<section data-particle_enable=\"false\" data-particle-mobile-disabled=\"false\" class=\"elementor-section elementor-top-section elementor-element elementor-element-0adc68e elementor-section-stretched elementor-section-boxed elementor-section-height-default elementor-section-height-default\" data-id=\"0adc68e\" data-element_type=\"section\" data-settings=\"{&quot;stretch_section&quot;:&quot;section-stretched&quot;}\">\n\t\t\t\t\t\t<div class=\"elementor-container elementor-column-gap-default\">\n\t\t\t\t\t<div class=\"elementor-column elementor-col-100 elementor-top-column elementor-element elementor-element-89b7bf5\" data-id=\"89b7bf5\" data-element_type=\"column\">\n\t\t\t<div class=\"elementor-widget-wrap elementor-element-populated\">\n\t\t\t\t<div data-particle_enable=\"false\" data-particle-mobile-disabled=\"false\" class=\"elementor-element elementor-element-ea0d24d e-flex e-con-boxed e-con e-parent\" data-id=\"ea0d24d\" data-element_type=\"container\">\n\t\t\t\t\t<div class=\"e-con-inner\">\n\t\t\t\t<div class=\"elementor-element elementor-element-90e0da7 elementor-widget elementor-widget-mfn_faq\" data-id=\"90e0da7\" data-element_type=\"widget\" data-widget_type=\"mfn_faq.default\">\n\t\t\t\t<div class=\"elementor-widget-container\">\n\t\t\t\t\t<div class=\"faq\"><div class=\"mfn-acc faq_wrapper  openAll\"><div class=\"question\" tabindex=\"0\" role=\"link\"><div class=\"title\"><span class=\"num\">1<\/span><i class=\"icon-plus acc-icon-plus\" aria-hidden=\"true\"><\/i><i class=\"icon-minus acc-icon-minus\" aria-hidden=\"true\"><\/i>O que voc\u00ea escolheu?<\/div><div class=\"answer\"><p>\u2460 Servi\u00e7o OEM\/ODM \u2461 Resposta r\u00e1pida \u2462 Entrega r\u00e1pida \u2463 Melhor qualidade \u2464 Excelente atendimento \u2465 1 ano de garantia<\/p><\/div><\/div>\n<div class=\"question\" tabindex=\"0\" role=\"link\"><div class=\"title\"><span class=\"num\">2<\/span><i class=\"icon-plus acc-icon-plus\" aria-hidden=\"true\"><\/i><i class=\"icon-minus acc-icon-minus\" aria-hidden=\"true\"><\/i>Qual \u00e9 a sua quantidade m\u00ednima de encomenda (MOQ)?<\/div><div class=\"answer\"><p>Cada produto tem uma quantidade m\u00ednima de encomenda (MOQ) diferente. Para encomendas OEM, a nossa MOQ \u00e9 de 1000 unidades, mas podemos aceitar quantidades menores para produtos que temos em stock.<\/p><\/div><\/div>\n<div class=\"question\" tabindex=\"0\" role=\"link\"><div class=\"title\"><span class=\"num\">3<\/span><i class=\"icon-plus acc-icon-plus\" aria-hidden=\"true\"><\/i><i class=\"icon-minus acc-icon-minus\" aria-hidden=\"true\"><\/i>Voc\u00eas podem imprimir nosso logotipo no produto?<\/div><div class=\"answer\"><p>Sim, como fabricantes de cabos de carregamento, oferecemos servi\u00e7os de OEM\/ODM. Podemos imprimir seu logotipo, nome da empresa, etiqueta, etc., conforme sua solicita\u00e7\u00e3o. Nosso foco \u00e9 ajudar voc\u00ea a construir sua marca e expandir o mercado.<\/p><\/div><\/div>\n<div class=\"question\" tabindex=\"0\" role=\"link\"><div class=\"title\"><span class=\"num\">4<\/span><i class=\"icon-plus acc-icon-plus\" aria-hidden=\"true\"><\/i><i class=\"icon-minus acc-icon-minus\" aria-hidden=\"true\"><\/i>Que tipo de embalagem voc\u00eas oferecem?<\/div><div class=\"answer\"><p>Temos dispon\u00edveis caixas coloridas, sacos com fecho zip e sacos OPP. A embalagem padr\u00e3o \u00e9 o saco com fecho zip. Caso prefira a embalagem em caixa colorida, podemos enviar o molde para que voc\u00ea possa personaliz\u00e1-la com seu logotipo.<\/p><\/div><\/div>\n<div class=\"question\" tabindex=\"0\" role=\"link\"><div class=\"title\"><span class=\"num\">5<\/span><i class=\"icon-plus acc-icon-plus\" aria-hidden=\"true\"><\/i><i class=\"icon-minus acc-icon-minus\" aria-hidden=\"true\"><\/i>Qual \u00e9 o prazo de entrega do pedido?<\/div><div class=\"answer\"><p>Se tivermos o produto em estoque, o envio poder\u00e1 ser preparado em at\u00e9 2 dias \u00fateis. Para encomendas OEM, entre em contato conosco para obter mais detalhes.<\/p><\/div><\/div>\n<div class=\"question\" tabindex=\"0\" role=\"link\"><div class=\"title\"><span class=\"num\">6<\/span><i class=\"icon-plus acc-icon-plus\" aria-hidden=\"true\"><\/i><i class=\"icon-minus acc-icon-minus\" aria-hidden=\"true\"><\/i>Poderia me enviar amostras para o teste antes de fazer o pedido?<\/div><div class=\"answer\"><p>Yes, we offer free samples for quality tests or other business purposes.<\/p><\/div><\/div>\n<div class=\"question\" tabindex=\"0\" role=\"link\"><div class=\"title\"><span class=\"num\">7<\/span><i class=\"icon-plus acc-icon-plus\" aria-hidden=\"true\"><\/i><i class=\"icon-minus acc-icon-minus\" aria-hidden=\"true\"><\/i>Voc\u00ea possui certifica\u00e7\u00e3o MFI\/CE\/RoHS?<\/div><div class=\"answer\"><p>\u00a0Sim, possu\u00edmos certifica\u00e7\u00e3o MFI\/CE\/RoHS. Entre em contato conosco para obter mais detalhes.<\/p><\/div><\/div>\n<div class=\"question\" tabindex=\"0\" role=\"link\"><div class=\"title\"><span class=\"num\">8<\/span><i class=\"icon-plus acc-icon-plus\" aria-hidden=\"true\"><\/i><i class=\"icon-minus acc-icon-minus\" aria-hidden=\"true\"><\/i>Quais s\u00e3o as condi\u00e7\u00f5es de pagamento?<\/div><div class=\"answer\"><p>Dep\u00f3sito de 30% adiantado, saldo restante mediante inspe\u00e7\u00e3o antes do envio.<\/p><\/div><\/div>\n<div class=\"question\" tabindex=\"0\" role=\"link\"><div class=\"title\"><span class=\"num\">9<\/span><i class=\"icon-plus acc-icon-plus\" aria-hidden=\"true\"><\/i><i class=\"icon-minus acc-icon-minus\" aria-hidden=\"true\"><\/i>Quais m\u00e9todos de pagamento voc\u00eas aceitam?<\/div><div class=\"answer\"><p>Paypal, TT<\/p><\/div><\/div>\n<div class=\"question\" tabindex=\"0\" role=\"link\"><div class=\"title\"><span class=\"num\">10<\/span><i class=\"icon-plus acc-icon-plus\" aria-hidden=\"true\"><\/i><i class=\"icon-minus acc-icon-minus\" aria-hidden=\"true\"><\/i>Quanto \u00e9 o custo de envio?<\/div><div class=\"answer\"><p>O custo do frete depende do peso e do volume da remessa. Podemos enviar a sua encomenda por DHL\/UPS (3 a 5 dias), FedEx\/TNT\/EMS (5 a 7 dias), via mar\u00edtima ou ferrovi\u00e1ria (25 a 38 dias). Escolheremos a forma de envio mais adequada e segura, conforme a sua necessidade. Tamb\u00e9m podemos enviar a sua encomenda para o armaz\u00e9m do seu agente de carga em Shenzhen.<\/p><\/div><\/div>\n<div class=\"question\" tabindex=\"0\" role=\"link\"><div class=\"title\"><span class=\"num\">11<\/span><i class=\"icon-plus acc-icon-plus\" aria-hidden=\"true\"><\/i><i class=\"icon-minus acc-icon-minus\" aria-hidden=\"true\"><\/i>How about a warranty:<\/div><div class=\"answer\"><p>We offer 12 months warranty.<\/p><\/div><\/div>\n<\/div><\/div>\n\t\t\t\t<\/div>\n\t\t\t\t<\/div>\n\t\t\t\t\t<\/div>\n\t\t\t\t<\/div>\n\t\t\t\t\t<\/div>\n\t\t<\/div>\n\t\t\t\t\t<\/div>\n\t\t<\/section>\n\t\t\t\t<section data-particle_enable=\"false\" data-particle-mobile-disabled=\"false\" class=\"elementor-section elementor-top-section elementor-element elementor-element-eaff3ff elementor-section-boxed elementor-section-height-default elementor-section-height-default\" data-id=\"eaff3ff\" data-element_type=\"section\">\n\t\t\t\t\t\t<div class=\"elementor-container elementor-column-gap-default\">\n\t\t\t\t\t<div class=\"elementor-column elementor-col-100 elementor-top-column elementor-element elementor-element-ff5283d\" data-id=\"ff5283d\" data-element_type=\"column\">\n\t\t\t<div class=\"elementor-widget-wrap elementor-element-populated\">\n\t\t\t\t<div data-particle_enable=\"false\" data-particle-mobile-disabled=\"false\" class=\"elementor-element elementor-element-7a2e4d9 e-grid e-con-boxed e-con e-parent\" data-id=\"7a2e4d9\" data-element_type=\"container\">\n\t\t\t\t\t<div class=\"e-con-inner\">\n\t\t\t\t<div class=\"elementor-element elementor-element-ca83398 elementor-align-center elementor-widget elementor-widget-button\" data-id=\"ca83398\" data-element_type=\"widget\" data-widget_type=\"button.default\">\n\t\t\t\t<div class=\"elementor-widget-container\">\n\t\t\t\t\t\t\t\t\t<div class=\"elementor-button-wrapper\">\n\t\t\t\t\t<a class=\"elementor-button elementor-button-link elementor-size-sm\" href=\"https:\/\/www.wjwsy.com\/pt\/our-factory\/\">\n\t\t\t\t\t\t<span class=\"elementor-button-content-wrapper\">\n\t\t\t\t\t\t\t\t\t<span class=\"elementor-button-text\">Visita \u00e0 f\u00e1brica<\/span>\n\t\t\t\t\t<\/span>\n\t\t\t\t\t<\/a>\n\t\t\t\t<\/div>\n\t\t\t\t\t\t\t\t<\/div>\n\t\t\t\t<\/div>\n\t\t\t\t<div class=\"elementor-element elementor-element-9886a4b elementor-align-center elementor-widget elementor-widget-button\" data-id=\"9886a4b\" data-element_type=\"widget\" data-widget_type=\"button.default\">\n\t\t\t\t<div class=\"elementor-widget-container\">\n\t\t\t\t\t\t\t\t\t<div class=\"elementor-button-wrapper\">\n\t\t\t\t\t<a class=\"elementor-button elementor-button-link elementor-size-sm\" href=\"https:\/\/www.wjwsy.com\/pt\/about-wjwsy\/product-quality-assurance-and-certification\/\">\n\t\t\t\t\t\t<span class=\"elementor-button-content-wrapper\">\n\t\t\t\t\t\t\t\t\t<span class=\"elementor-button-text\">Certifica\u00e7\u00e3o<\/span>\n\t\t\t\t\t<\/span>\n\t\t\t\t\t<\/a>\n\t\t\t\t<\/div>\n\t\t\t\t\t\t\t\t<\/div>\n\t\t\t\t<\/div>\n\t\t\t\t<div class=\"elementor-element elementor-element-6d4d204 elementor-align-center elementor-widget elementor-widget-button\" data-id=\"6d4d204\" data-element_type=\"widget\" data-widget_type=\"button.default\">\n\t\t\t\t<div class=\"elementor-widget-container\">\n\t\t\t\t\t\t\t\t\t<div class=\"elementor-button-wrapper\">\n\t\t\t\t\t<a class=\"elementor-button elementor-button-link elementor-size-sm\" href=\"https:\/\/www.wjwsy.com\/pt\/contact-us\/\">\n\t\t\t\t\t\t<span class=\"elementor-button-content-wrapper\">\n\t\t\t\t\t\t\t\t\t<span class=\"elementor-button-text\">Entre em contato conosco<\/span>\n\t\t\t\t\t<\/span>\n\t\t\t\t\t<\/a>\n\t\t\t\t<\/div>\n\t\t\t\t\t\t\t\t<\/div>\n\t\t\t\t<\/div>\n\t\t\t\t\t<\/div>\n\t\t\t\t<\/div>\n\t\t\t\t\t<\/div>\n\t\t<\/div>\n\t\t\t\t\t<\/div>\n\t\t<\/section>\n\t\t\t\t<section data-particle_enable=\"false\" data-particle-mobile-disabled=\"false\" class=\"elementor-section elementor-top-section elementor-element elementor-element-81eb835 elementor-section-boxed elementor-section-height-default elementor-section-height-default\" data-id=\"81eb835\" data-element_type=\"section\">\n\t\t\t\t\t\t<div class=\"elementor-container elementor-column-gap-default\">\n\t\t\t\t\t<div class=\"elementor-column elementor-col-100 elementor-top-column elementor-element elementor-element-5ec2f48\" data-id=\"5ec2f48\" data-element_type=\"column\">\n\t\t\t<div class=\"elementor-widget-wrap\">\n\t\t\t\t\t\t\t<\/div>\n\t\t<\/div>\n\t\t\t\t\t<\/div>\n\t\t<\/section>\n\t\t\t\t<\/div>","protected":false},"excerpt":{"rendered":"<p>1What choose you? \u2460OEM\/ODM Service\u00a0 \u00a0 \u00a0\u2461Prompt response \u00a0\u00a0\u00a0\u00a0\u00a0\u2462Fast delivery\u00a0 \u00a0 \u00a0 \u00a0\u2463Best Quality\u00a0 \u00a0 \u00a0 \u00a0 \u2464Excellent service\u00a0 \u00a0 \u00a0 \u00a0 \u24651 year warranty 2What<span class=\"excerpt-hellip\"> [...]<\/span><\/p>","protected":false},"author":1,"featured_media":0,"parent":0,"menu_order":0,"comment_status":"closed","ping_status":"closed","template":"","meta":{"_eb_attr":"","footnotes":""},"class_list":["post-15368","page","type-page","status-publish","hentry"],"yoast_head":"<!-- This site is optimized with the Yoast SEO Premium plugin v23.7 (Yoast SEO v23.7) - https:\/\/yoast.com\/wordpress\/plugins\/seo\/ -->\n<title>FAQ - Professional USB cable manufacturer<\/title>\n<meta name=\"robots\" content=\"index, follow, max-snippet:-1, max-image-preview:large, max-video-preview:-1\" \/>\n<link rel=\"canonical\" href=\"https:\/\/www.wjwsy.com\/pt\/faq\/\" \/>\n<meta property=\"og:locale\" content=\"pt_PT\" \/>\n<meta property=\"og:type\" content=\"article\" \/>\n<meta property=\"og:title\" content=\"FAQ - Professional USB cable manufacturer\" \/>\n<meta property=\"og:description\" content=\"1What choose you? \u2460OEM\/ODM Service\u00a0 \u00a0 \u00a0\u2461Prompt response \u00a0\u00a0\u00a0\u00a0\u00a0\u2462Fast delivery\u00a0 \u00a0 \u00a0 \u00a0\u2463Best Quality\u00a0 \u00a0 \u00a0 \u00a0 \u2464Excellent service\u00a0 \u00a0 \u00a0 \u00a0 \u24651 year warranty 2What [\u2026]\" \/>\n<meta property=\"og:url\" content=\"https:\/\/www.wjwsy.com\/pt\/faq\/\" \/>\n<meta property=\"og:site_name\" content=\"Professional USB cable manufacturer\" \/>\n<meta property=\"article:modified_time\" content=\"2026-04-17T08:47:58+00:00\" \/>\n<meta name=\"twitter:card\" content=\"summary_large_image\" \/>\n<meta name=\"twitter:label1\" content=\"Est. reading time\" \/>\n\t<meta name=\"twitter:data1\" content=\"2 minutos\" \/>\n<script type=\"application\/ld+json\" class=\"yoast-schema-graph\">{\"@context\":\"https:\/\/schema.org\",\"@graph\":[{\"@type\":\"WebPage\",\"@id\":\"https:\/\/www.wjwsy.com\/faq\/\",\"url\":\"https:\/\/www.wjwsy.com\/faq\/\",\"name\":\"FAQ - Professional USB cable manufacturer\",\"isPartOf\":{\"@id\":\"https:\/\/www.wjwsy.com\/#website\"},\"datePublished\":\"2026-01-04T09:28:59+00:00\",\"dateModified\":\"2026-04-17T08:47:58+00:00\",\"breadcrumb\":{\"@id\":\"https:\/\/www.wjwsy.com\/faq\/#breadcrumb\"},\"inLanguage\":\"pt-PT\",\"potentialAction\":[{\"@type\":\"ReadAction\",\"target\":[\"https:\/\/www.wjwsy.com\/faq\/\"]}]},{\"@type\":\"BreadcrumbList\",\"@id\":\"https:\/\/www.wjwsy.com\/faq\/#breadcrumb\",\"itemListElement\":[{\"@type\":\"ListItem\",\"position\":1,\"name\":\"\u9996\u9875\",\"item\":\"https:\/\/www.wjwsy.com\/\"},{\"@type\":\"ListItem\",\"position\":2,\"name\":\"FAQ\"}]},{\"@type\":\"WebSite\",\"@id\":\"https:\/\/www.wjwsy.com\/#website\",\"url\":\"https:\/\/www.wjwsy.com\/\",\"name\":\"wjwsy.com\",\"description\":\"Delivering High-Quality, Reliable USB Cables for Every Industry\",\"publisher\":{\"@id\":\"https:\/\/www.wjwsy.com\/#organization\"},\"potentialAction\":[{\"@type\":\"SearchAction\",\"target\":{\"@type\":\"EntryPoint\",\"urlTemplate\":\"https:\/\/www.wjwsy.com\/?s={search_term_string}\"},\"query-input\":{\"@type\":\"PropertyValueSpecification\",\"valueRequired\":true,\"valueName\":\"search_term_string\"}}],\"inLanguage\":\"pt-PT\"},{\"@type\":\"Organization\",\"@id\":\"https:\/\/www.wjwsy.com\/#organization\",\"name\":\"wjwsy.com\",\"url\":\"https:\/\/www.wjwsy.com\/\",\"logo\":{\"@type\":\"ImageObject\",\"inLanguage\":\"pt-PT\",\"@id\":\"https:\/\/www.wjwsy.com\/#\/schema\/logo\/image\/\",\"url\":\"\",\"contentUrl\":\"\",\"caption\":\"wjwsy.com\"},\"image\":{\"@id\":\"https:\/\/www.wjwsy.com\/#\/schema\/logo\/image\/\"}}]}<\/script>\n<!-- \/ Yoast SEO Premium plugin. -->","yoast_head_json":{"title":"FAQ - Professional USB cable manufacturer","robots":{"index":"index","follow":"follow","max-snippet":"max-snippet:-1","max-image-preview":"max-image-preview:large","max-video-preview":"max-video-preview:-1"},"canonical":"https:\/\/www.wjwsy.com\/pt\/faq\/","og_locale":"pt_PT","og_type":"article","og_title":"FAQ - Professional USB cable manufacturer","og_description":"1What choose you? \u2460OEM\/ODM Service\u00a0 \u00a0 \u00a0\u2461Prompt response \u00a0\u00a0\u00a0\u00a0\u00a0\u2462Fast delivery\u00a0 \u00a0 \u00a0 \u00a0\u2463Best Quality\u00a0 \u00a0 \u00a0 \u00a0 \u2464Excellent service\u00a0 \u00a0 \u00a0 \u00a0 \u24651 year warranty 2What [\u2026]","og_url":"https:\/\/www.wjwsy.com\/pt\/faq\/","og_site_name":"Professional USB cable manufacturer","article_modified_time":"2026-04-17T08:47:58+00:00","twitter_card":"summary_large_image","twitter_misc":{"Est. reading time":"2 minutos"},"schema":{"@context":"https:\/\/schema.org","@graph":[{"@type":"WebPage","@id":"https:\/\/www.wjwsy.com\/faq\/","url":"https:\/\/www.wjwsy.com\/faq\/","name":"FAQ - Professional USB cable manufacturer","isPartOf":{"@id":"https:\/\/www.wjwsy.com\/#website"},"datePublished":"2026-01-04T09:28:59+00:00","dateModified":"2026-04-17T08:47:58+00:00","breadcrumb":{"@id":"https:\/\/www.wjwsy.com\/faq\/#breadcrumb"},"inLanguage":"pt-PT","potentialAction":[{"@type":"ReadAction","target":["https:\/\/www.wjwsy.com\/faq\/"]}]},{"@type":"BreadcrumbList","@id":"https:\/\/www.wjwsy.com\/faq\/#breadcrumb","itemListElement":[{"@type":"ListItem","position":1,"name":"\u9996\u9875","item":"https:\/\/www.wjwsy.com\/"},{"@type":"ListItem","position":2,"name":"FAQ"}]},{"@type":"WebSite","@id":"https:\/\/www.wjwsy.com\/#website","url":"https:\/\/www.wjwsy.com\/","name":"wjwsy.com","description":"Delivering High-Quality, Reliable USB Cables for Every Industry","publisher":{"@id":"https:\/\/www.wjwsy.com\/#organization"},"potentialAction":[{"@type":"SearchAction","target":{"@type":"EntryPoint","urlTemplate":"https:\/\/www.wjwsy.com\/?s={search_term_string}"},"query-input":{"@type":"PropertyValueSpecification","valueRequired":true,"valueName":"search_term_string"}}],"inLanguage":"pt-PT"},{"@type":"Organization","@id":"https:\/\/www.wjwsy.com\/#organization","name":"wjwsy.com","url":"https:\/\/www.wjwsy.com\/","logo":{"@type":"ImageObject","inLanguage":"pt-PT","@id":"https:\/\/www.wjwsy.com\/#\/schema\/logo\/image\/","url":"","contentUrl":"","caption":"wjwsy.com"},"image":{"@id":"https:\/\/www.wjwsy.com\/#\/schema\/logo\/image\/"}}]}},"_links":{"self":[{"href":"https:\/\/www.wjwsy.com\/pt\/wp-json\/wp\/v2\/pages\/15368","targetHints":{"allow":["GET"]}}],"collection":[{"href":"https:\/\/www.wjwsy.com\/pt\/wp-json\/wp\/v2\/pages"}],"about":[{"href":"https:\/\/www.wjwsy.com\/pt\/wp-json\/wp\/v2\/types\/page"}],"author":[{"embeddable":true,"href":"https:\/\/www.wjwsy.com\/pt\/wp-json\/wp\/v2\/users\/1"}],"replies":[{"embeddable":true,"href":"https:\/\/www.wjwsy.com\/pt\/wp-json\/wp\/v2\/comments?post=15368"}],"version-history":[{"count":0,"href":"https:\/\/www.wjwsy.com\/pt\/wp-json\/wp\/v2\/pages\/15368\/revisions"}],"wp:attachment":[{"href":"https:\/\/www.wjwsy.com\/pt\/wp-json\/wp\/v2\/media?parent=15368"}],"curies":[{"name":"wp","href":"https:\/\/api.w.org\/{rel}","templated":true}]}}