{"id":8989,"date":"2025-07-14T07:38:51","date_gmt":"2025-07-14T07:38:51","guid":{"rendered":"https:\/\/www.wjwsy.com\/?post_type=product&#038;p=8989"},"modified":"2026-03-13T03:11:56","modified_gmt":"2026-03-13T03:11:56","slug":"mini-usb-5pin-female-to-mini-usb-male-micro-usb-male-combo-adapter-cable-multi-device-charging-cord-oem","status":"publish","type":"product","link":"https:\/\/www.wjwsy.com\/fr\/produit\/mini-usb-5pin-female-to-mini-usb-male-micro-usb-male-combo-adapter-cable-multi-device-charging-cord-oem\/","title":{"rendered":"Mini USB 5 broches Femelle vers Mini USB M\u00e2le + Micro USB M\u00e2le Combo Adaptateur de C\u00e2ble \u2013 Multi-Device Cordon de Charge OEM"},"content":{"rendered":"<div class=\"column mcb-column mcb-item-7qyi8ycen four-fifth laptop-four-fifth tablet-four-fifth mobile-one column_heading\">\n<div class=\"mcb-column-inner mfn-module-wrapper mcb-column-inner-7qyi8ycen mcb-item-heading-inner\">\n<h4 class=\"title ai-optimize-6\">D\u00e9tails Techniques:<\/h4>\n<\/div>\n<\/div>\n<div class=\"column mcb-column mcb-item-4ilcjjmik one laptop-one tablet-one mobile-one column_list_2\">\n<div class=\"mcb-column-inner mfn-module-wrapper mcb-column-inner-4ilcjjmik mcb-item-list_2-inner\">\n<p class=\"ai-optimize-7 ai-optimize-introduction\"><i class=\"icon-dot\" aria-hidden=\"true\"><\/i>L'interface d'entr\u00e9e: mini femme<\/p>\n<p class=\"ai-optimize-8\"><i class=\"icon-dot\" aria-hidden=\"true\"><\/i>Interface de sortie: mini5p m\u00e2le + micro5p<\/p>\n<p class=\"ai-optimize-9\"><i class=\"icon-dot\" aria-hidden=\"true\"><\/i>Application: mini5p, micro5p p\u00e9riph\u00e9riques d'interface utilisateur<\/p>\n<p class=\"ai-optimize-10\"><i class=\"icon-dot\" aria-hidden=\"true\"><\/i>Standard USB: USB 2.0<\/p>\n<p class=\"ai-optimize-6\">Fonction: charge<\/p>\n<p class=\"ai-optimize-7\">Tension de fonctionnement: 5V<\/p>\n<p class=\"ai-optimize-11\">Transmission de donn\u00e9es: \u2264480 mbits \/ s<\/p>\n<p class=\"ai-optimize-12\"><i class=\"icon-dot\" aria-hidden=\"true\"><\/i>Longueur: 30CM<\/p>\n<p class=\"ai-optimize-13\"><i class=\"icon-dot\" aria-hidden=\"true\"><\/i>Couleur: noir<\/p>\n<p class=\"ai-optimize-14\"><i class=\"icon-dot\" aria-hidden=\"true\"><\/i>Mat\u00e9riau de gaine: PVC<\/p>\n<p class=\"ai-optimize-15\">MOQ: 100<\/p>\n<p class=\"ai-optimize-16\"><i class=\"icon-dot\" aria-hidden=\"true\"><\/i>Inspection: 100% inspection de QC avant exp\u00e9dition<\/p>\n<\/div>\n<\/div>","protected":false},"excerpt":{"rendered":"<div class=\"trade-terms\">\n<div class=\"trade-terms\">\n<p class=\"ai-optimize-6\"><strong>Des Termes De L'\u00c9change<\/strong>:\u00a0 \u00a0 \u00a0 \u00a0 \u00a0 \u00a0 \u00a0 \u00a0 \u00a0 \u00a0 \u00a0 <span style=\"color: #666699;\">\u00a0 \u00a0 \u00a0<span style=\"color: #333333;\">FOB Shenzhen<\/span><\/span><\/p>\n<p class=\"ai-optimize-7\"><strong>OEM\/ODM:<\/strong>\u00a0 \u00a0 \u00a0 \u00a0 \u00a0 \u00a0 \u00a0 \u00a0 \u00a0 \u00a0 \u00a0 \u00a0 \u00a0 \u00a0 \u00a0 \u00a0 <span style=\"color: #333333;\">Oui<\/span><\/p>\n<p class=\"ai-optimize-8\"><strong>Production:<\/strong>\u00a0 \u00a0 \u00a0 \u00a0 \u00a0 \u00a0 \u00a0 \u00a0 \u00a0 \u00a0 \u00a0 \u00a0 \u00a0 \u00a0 \u00a0 <span style=\"color: #333333;\">De 600 000 PI\u00c8CES\/Mois<\/span><\/p>\n<p class=\"ai-optimize-9\"><strong>Temps D'\u00c9chantillon:<\/strong>\u00a0 \u00a0 \u00a0 \u00a0 \u00a0 \u00a0 \u00a0 \u00a0 \u00a0 \u00a0 \u00a0 \u00a0 \u00a0 <span style=\"color: #333333;\">5-10 Jours Ouvrables<\/span><\/p>\n<p class=\"ai-optimize-10\"><strong>Minimum De Commande:<\/strong>\u00a0 \u00a0 \u00a0 \u00a0 \u00a0 \u00a0 \u00a0 \u00a0 \u00a0 \u00a0 \u00a0<span style=\"color: #333333;\">100 pi\u00e8ces<\/span><\/p>\n<p class=\"ai-optimize-11\"><strong>Paiement:<\/strong>\u00a0 \u00a0 \u00a0 \u00a0 \u00a0 \u00a0 \u00a0 \u00a0 \u00a0 \u00a0 \u00a0 \u00a0 \u00a0 \u00a0 \u00a0 \u00a0 \u00a0 <span style=\"color: #333333;\">T\/T, PayPal<\/span><\/p>\n<p class=\"ai-optimize-12\"><strong>Origine:<\/strong>\u00a0 \u00a0 \u00a0 \u00a0 \u00a0 \u00a0 \u00a0 \u00a0 \u00a0 \u00a0 \u00a0 \u00a0 \u00a0 \u00a0 \u00a0 \u00a0 \u00a0 \u00a0 \u00a0 \u00a0 <span style=\"color: #333333;\">Shenzhen, Chine<\/span><\/p>\n<p class=\"ai-optimize-13\"><b>Mod\u00e8le J-N1008<\/b><\/p>\n<\/div>\n<\/div>","protected":false},"featured_media":8991,"template":"","meta":{"_eb_attr":""},"product_brand":[],"product_cat":[1256],"product_tag":[],"class_list":{"0":"post-8989","1":"product","2":"type-product","3":"status-publish","4":"has-post-thumbnail","6":"product_cat-usb-mini-cable","8":"first","9":"instock","10":"shipping-taxable","11":"product-type-simple"},"yoast_head":"<!-- This site is optimized with the Yoast SEO Premium plugin v23.7 (Yoast SEO v23.7) - https:\/\/yoast.com\/wordpress\/plugins\/seo\/ -->\n<title>Mini USB 5Pin Female to Mini USB Male + Micro USB Male Combo Adapter Cable \u2013 Multi-Device Charging Cord OEM - Professional USB cable manufacturer<\/title>\n<meta name=\"robots\" content=\"index, follow, max-snippet:-1, max-image-preview:large, max-video-preview:-1\" \/>\n<link rel=\"canonical\" href=\"https:\/\/www.wjwsy.com\/fr\/produit\/mini-usb-5pin-female-to-mini-usb-male-micro-usb-male-combo-adapter-cable-multi-device-charging-cord-oem\/\" \/>\n<meta property=\"og:locale\" content=\"fr_FR\" \/>\n<meta property=\"og:type\" content=\"article\" \/>\n<meta property=\"og:title\" content=\"Mini USB 5Pin Female to Mini USB Male + Micro USB Male Combo Adapter Cable \u2013 Multi-Device Charging Cord OEM\" \/>\n<meta property=\"og:description\" content=\"Trade Terms:\u00a0 \u00a0 \u00a0 \u00a0 \u00a0 \u00a0 \u00a0 \u00a0 \u00a0 \u00a0 \u00a0 \u00a0 \u00a0 \u00a0FOB Shenzhen OEM\/ODM:\u00a0 \u00a0 \u00a0 \u00a0 \u00a0 \u00a0 \u00a0 \u00a0 \u00a0 \u00a0 \u00a0 \u00a0 \u00a0 \u00a0 \u00a0 \u00a0 Yes Production:\u00a0 \u00a0 \u00a0 \u00a0 \u00a0 \u00a0 \u00a0 \u00a0 \u00a0 \u00a0 \u00a0 \u00a0 \u00a0 \u00a0 \u00a0 600,000PCS\/Month Sample Time:\u00a0 \u00a0 \u00a0 \u00a0 \u00a0 \u00a0 \u00a0 \u00a0 \u00a0 \u00a0 \u00a0 \u00a0 \u00a0 5-10 Working Days Minimum Order:\u00a0 \u00a0 \u00a0 \u00a0 \u00a0 \u00a0 \u00a0 \u00a0 \u00a0 \u00a0 \u00a0100 Pieces Payment:\u00a0 \u00a0 \u00a0 \u00a0 \u00a0 \u00a0 \u00a0 \u00a0 \u00a0 \u00a0 \u00a0 \u00a0 \u00a0 \u00a0 \u00a0 \u00a0 \u00a0 T\/T, PayPal Origin:\u00a0 \u00a0 \u00a0 \u00a0 \u00a0 \u00a0 \u00a0 \u00a0 \u00a0 \u00a0 \u00a0 \u00a0 \u00a0 \u00a0 \u00a0 \u00a0 \u00a0 \u00a0 \u00a0 \u00a0 Shenzhen China Model\u00a0 \u00a0 \u00a0 \u00a0 \u00a0 \u00a0 \u00a0 \u00a0 \u00a0 \u00a0 \u00a0 \u00a0 \u00a0 \u00a0 \u00a0 \u00a0 \u00a0 \u00a0 \u00a0 \u00a0 J-N1008\" \/>\n<meta property=\"og:url\" content=\"https:\/\/www.wjwsy.com\/fr\/produit\/mini-usb-5pin-female-to-mini-usb-male-micro-usb-male-combo-adapter-cable-multi-device-charging-cord-oem\/\" \/>\n<meta property=\"og:site_name\" content=\"Professional USB cable manufacturer\" \/>\n<meta property=\"article:modified_time\" content=\"2026-03-13T03:11:56+00:00\" \/>\n<meta property=\"og:image\" content=\"https:\/\/www.wjwsy.com\/wp-content\/uploads\/2025\/07\/J-N1008-1.jpg\" \/>\n\t<meta property=\"og:image:width\" content=\"750\" \/>\n\t<meta property=\"og:image:height\" content=\"599\" \/>\n\t<meta property=\"og:image:type\" content=\"image\/jpeg\" \/>\n<meta name=\"twitter:card\" content=\"summary_large_image\" \/>\n<meta name=\"twitter:label1\" content=\"Dur\u00e9e de lecture estim\u00e9e\" \/>\n\t<meta name=\"twitter:data1\" content=\"1 minute\" \/>\n<script type=\"application\/ld+json\" class=\"yoast-schema-graph\">{\"@context\":\"https:\/\/schema.org\",\"@graph\":[{\"@type\":\"WebPage\",\"@id\":\"https:\/\/www.wjwsy.com\/product\/mini-usb-5pin-female-to-mini-usb-male-micro-usb-male-combo-adapter-cable-multi-device-charging-cord-oem\/\",\"url\":\"https:\/\/www.wjwsy.com\/product\/mini-usb-5pin-female-to-mini-usb-male-micro-usb-male-combo-adapter-cable-multi-device-charging-cord-oem\/\",\"name\":\"Mini USB 5Pin Female to Mini USB Male + Micro USB Male Combo Adapter Cable \u2013 Multi-Device Charging Cord OEM - Professional USB cable manufacturer\",\"isPartOf\":{\"@id\":\"https:\/\/www.wjwsy.com\/#website\"},\"primaryImageOfPage\":{\"@id\":\"https:\/\/www.wjwsy.com\/product\/mini-usb-5pin-female-to-mini-usb-male-micro-usb-male-combo-adapter-cable-multi-device-charging-cord-oem\/#primaryimage\"},\"image\":{\"@id\":\"https:\/\/www.wjwsy.com\/product\/mini-usb-5pin-female-to-mini-usb-male-micro-usb-male-combo-adapter-cable-multi-device-charging-cord-oem\/#primaryimage\"},\"thumbnailUrl\":\"https:\/\/www.wjwsy.com\/wp-content\/uploads\/2025\/07\/J-N1008-1.jpg\",\"datePublished\":\"2025-07-14T07:38:51+00:00\",\"dateModified\":\"2026-03-13T03:11:56+00:00\",\"breadcrumb\":{\"@id\":\"https:\/\/www.wjwsy.com\/product\/mini-usb-5pin-female-to-mini-usb-male-micro-usb-male-combo-adapter-cable-multi-device-charging-cord-oem\/#breadcrumb\"},\"inLanguage\":\"fr-FR\",\"potentialAction\":[{\"@type\":\"ReadAction\",\"target\":[\"https:\/\/www.wjwsy.com\/product\/mini-usb-5pin-female-to-mini-usb-male-micro-usb-male-combo-adapter-cable-multi-device-charging-cord-oem\/\"]}]},{\"@type\":\"ImageObject\",\"inLanguage\":\"fr-FR\",\"@id\":\"https:\/\/www.wjwsy.com\/product\/mini-usb-5pin-female-to-mini-usb-male-micro-usb-male-combo-adapter-cable-multi-device-charging-cord-oem\/#primaryimage\",\"url\":\"https:\/\/www.wjwsy.com\/wp-content\/uploads\/2025\/07\/J-N1008-1.jpg\",\"contentUrl\":\"https:\/\/www.wjwsy.com\/wp-content\/uploads\/2025\/07\/J-N1008-1.jpg\",\"width\":750,\"height\":599},{\"@type\":\"BreadcrumbList\",\"@id\":\"https:\/\/www.wjwsy.com\/product\/mini-usb-5pin-female-to-mini-usb-male-micro-usb-male-combo-adapter-cable-multi-device-charging-cord-oem\/#breadcrumb\",\"itemListElement\":[{\"@type\":\"ListItem\",\"position\":1,\"name\":\"\u9996\u9875\",\"item\":\"https:\/\/www.wjwsy.com\/\"},{\"@type\":\"ListItem\",\"position\":2,\"name\":\"Products\",\"item\":\"https:\/\/www.wjwsy.com\/design-editor__trashed\/\"},{\"@type\":\"ListItem\",\"position\":3,\"name\":\"USB Mini Cable Wholesale \u2013 Legacy Device &amp; Industrial Connectivity Solutions\",\"item\":\"https:\/\/www.wjwsy.com\/category\/usb-mini-cable\/\"},{\"@type\":\"ListItem\",\"position\":4,\"name\":\"Mini USB 5Pin Female to Mini USB Male + Micro USB Male Combo Adapter Cable \u2013 Multi-Device Charging Cord OEM\"}]},{\"@type\":\"WebSite\",\"@id\":\"https:\/\/www.wjwsy.com\/#website\",\"url\":\"https:\/\/www.wjwsy.com\/\",\"name\":\"wjwsy.com\",\"description\":\"Delivering High-Quality, Reliable USB Cables for Every Industry\",\"publisher\":{\"@id\":\"https:\/\/www.wjwsy.com\/#organization\"},\"potentialAction\":[{\"@type\":\"SearchAction\",\"target\":{\"@type\":\"EntryPoint\",\"urlTemplate\":\"https:\/\/www.wjwsy.com\/?s={search_term_string}\"},\"query-input\":{\"@type\":\"PropertyValueSpecification\",\"valueRequired\":true,\"valueName\":\"search_term_string\"}}],\"inLanguage\":\"fr-FR\"},{\"@type\":\"Organization\",\"@id\":\"https:\/\/www.wjwsy.com\/#organization\",\"name\":\"wjwsy.com\",\"url\":\"https:\/\/www.wjwsy.com\/\",\"logo\":{\"@type\":\"ImageObject\",\"inLanguage\":\"fr-FR\",\"@id\":\"https:\/\/www.wjwsy.com\/#\/schema\/logo\/image\/\",\"url\":\"\",\"contentUrl\":\"\",\"caption\":\"wjwsy.com\"},\"image\":{\"@id\":\"https:\/\/www.wjwsy.com\/#\/schema\/logo\/image\/\"}}]}<\/script>\n<!-- \/ Yoast SEO Premium plugin. -->","yoast_head_json":{"title":"Mini USB 5Pin Female to Mini USB Male + Micro USB Male Combo Adapter Cable \u2013 Multi-Device Charging Cord OEM - Professional USB cable manufacturer","robots":{"index":"index","follow":"follow","max-snippet":"max-snippet:-1","max-image-preview":"max-image-preview:large","max-video-preview":"max-video-preview:-1"},"canonical":"https:\/\/www.wjwsy.com\/fr\/produit\/mini-usb-5pin-female-to-mini-usb-male-micro-usb-male-combo-adapter-cable-multi-device-charging-cord-oem\/","og_locale":"fr_FR","og_type":"article","og_title":"Mini USB 5Pin Female to Mini USB Male + Micro USB Male Combo Adapter Cable \u2013 Multi-Device Charging Cord OEM","og_description":"Trade Terms:\u00a0 \u00a0 \u00a0 \u00a0 \u00a0 \u00a0 \u00a0 \u00a0 \u00a0 \u00a0 \u00a0 \u00a0 \u00a0 \u00a0FOB Shenzhen OEM\/ODM:\u00a0 \u00a0 \u00a0 \u00a0 \u00a0 \u00a0 \u00a0 \u00a0 \u00a0 \u00a0 \u00a0 \u00a0 \u00a0 \u00a0 \u00a0 \u00a0 Yes Production:\u00a0 \u00a0 \u00a0 \u00a0 \u00a0 \u00a0 \u00a0 \u00a0 \u00a0 \u00a0 \u00a0 \u00a0 \u00a0 \u00a0 \u00a0 600,000PCS\/Month Sample Time:\u00a0 \u00a0 \u00a0 \u00a0 \u00a0 \u00a0 \u00a0 \u00a0 \u00a0 \u00a0 \u00a0 \u00a0 \u00a0 5-10 Working Days Minimum Order:\u00a0 \u00a0 \u00a0 \u00a0 \u00a0 \u00a0 \u00a0 \u00a0 \u00a0 \u00a0 \u00a0100 Pieces Payment:\u00a0 \u00a0 \u00a0 \u00a0 \u00a0 \u00a0 \u00a0 \u00a0 \u00a0 \u00a0 \u00a0 \u00a0 \u00a0 \u00a0 \u00a0 \u00a0 \u00a0 T\/T, PayPal Origin:\u00a0 \u00a0 \u00a0 \u00a0 \u00a0 \u00a0 \u00a0 \u00a0 \u00a0 \u00a0 \u00a0 \u00a0 \u00a0 \u00a0 \u00a0 \u00a0 \u00a0 \u00a0 \u00a0 \u00a0 Shenzhen China Model\u00a0 \u00a0 \u00a0 \u00a0 \u00a0 \u00a0 \u00a0 \u00a0 \u00a0 \u00a0 \u00a0 \u00a0 \u00a0 \u00a0 \u00a0 \u00a0 \u00a0 \u00a0 \u00a0 \u00a0 J-N1008","og_url":"https:\/\/www.wjwsy.com\/fr\/produit\/mini-usb-5pin-female-to-mini-usb-male-micro-usb-male-combo-adapter-cable-multi-device-charging-cord-oem\/","og_site_name":"Professional USB cable manufacturer","article_modified_time":"2026-03-13T03:11:56+00:00","og_image":[{"width":750,"height":599,"url":"https:\/\/www.wjwsy.com\/wp-content\/uploads\/2025\/07\/J-N1008-1.jpg","type":"image\/jpeg"}],"twitter_card":"summary_large_image","twitter_misc":{"Dur\u00e9e de lecture estim\u00e9e":"1 minute"},"schema":{"@context":"https:\/\/schema.org","@graph":[{"@type":"WebPage","@id":"https:\/\/www.wjwsy.com\/product\/mini-usb-5pin-female-to-mini-usb-male-micro-usb-male-combo-adapter-cable-multi-device-charging-cord-oem\/","url":"https:\/\/www.wjwsy.com\/product\/mini-usb-5pin-female-to-mini-usb-male-micro-usb-male-combo-adapter-cable-multi-device-charging-cord-oem\/","name":"Mini USB 5Pin Female to Mini USB Male + Micro USB Male Combo Adapter Cable \u2013 Multi-Device Charging Cord OEM - Professional USB cable manufacturer","isPartOf":{"@id":"https:\/\/www.wjwsy.com\/#website"},"primaryImageOfPage":{"@id":"https:\/\/www.wjwsy.com\/product\/mini-usb-5pin-female-to-mini-usb-male-micro-usb-male-combo-adapter-cable-multi-device-charging-cord-oem\/#primaryimage"},"image":{"@id":"https:\/\/www.wjwsy.com\/product\/mini-usb-5pin-female-to-mini-usb-male-micro-usb-male-combo-adapter-cable-multi-device-charging-cord-oem\/#primaryimage"},"thumbnailUrl":"https:\/\/www.wjwsy.com\/wp-content\/uploads\/2025\/07\/J-N1008-1.jpg","datePublished":"2025-07-14T07:38:51+00:00","dateModified":"2026-03-13T03:11:56+00:00","breadcrumb":{"@id":"https:\/\/www.wjwsy.com\/product\/mini-usb-5pin-female-to-mini-usb-male-micro-usb-male-combo-adapter-cable-multi-device-charging-cord-oem\/#breadcrumb"},"inLanguage":"fr-FR","potentialAction":[{"@type":"ReadAction","target":["https:\/\/www.wjwsy.com\/product\/mini-usb-5pin-female-to-mini-usb-male-micro-usb-male-combo-adapter-cable-multi-device-charging-cord-oem\/"]}]},{"@type":"ImageObject","inLanguage":"fr-FR","@id":"https:\/\/www.wjwsy.com\/product\/mini-usb-5pin-female-to-mini-usb-male-micro-usb-male-combo-adapter-cable-multi-device-charging-cord-oem\/#primaryimage","url":"https:\/\/www.wjwsy.com\/wp-content\/uploads\/2025\/07\/J-N1008-1.jpg","contentUrl":"https:\/\/www.wjwsy.com\/wp-content\/uploads\/2025\/07\/J-N1008-1.jpg","width":750,"height":599},{"@type":"BreadcrumbList","@id":"https:\/\/www.wjwsy.com\/product\/mini-usb-5pin-female-to-mini-usb-male-micro-usb-male-combo-adapter-cable-multi-device-charging-cord-oem\/#breadcrumb","itemListElement":[{"@type":"ListItem","position":1,"name":"\u9996\u9875","item":"https:\/\/www.wjwsy.com\/"},{"@type":"ListItem","position":2,"name":"Products","item":"https:\/\/www.wjwsy.com\/design-editor__trashed\/"},{"@type":"ListItem","position":3,"name":"USB Mini Cable Wholesale \u2013 Legacy Device &amp; Industrial Connectivity Solutions","item":"https:\/\/www.wjwsy.com\/category\/usb-mini-cable\/"},{"@type":"ListItem","position":4,"name":"Mini USB 5Pin Female to Mini USB Male + Micro USB Male Combo Adapter Cable \u2013 Multi-Device Charging Cord OEM"}]},{"@type":"WebSite","@id":"https:\/\/www.wjwsy.com\/#website","url":"https:\/\/www.wjwsy.com\/","name":"wjwsy.com","description":"Delivering High-Quality, Reliable USB Cables for Every Industry","publisher":{"@id":"https:\/\/www.wjwsy.com\/#organization"},"potentialAction":[{"@type":"SearchAction","target":{"@type":"EntryPoint","urlTemplate":"https:\/\/www.wjwsy.com\/?s={search_term_string}"},"query-input":{"@type":"PropertyValueSpecification","valueRequired":true,"valueName":"search_term_string"}}],"inLanguage":"fr-FR"},{"@type":"Organization","@id":"https:\/\/www.wjwsy.com\/#organization","name":"wjwsy.com","url":"https:\/\/www.wjwsy.com\/","logo":{"@type":"ImageObject","inLanguage":"fr-FR","@id":"https:\/\/www.wjwsy.com\/#\/schema\/logo\/image\/","url":"","contentUrl":"","caption":"wjwsy.com"},"image":{"@id":"https:\/\/www.wjwsy.com\/#\/schema\/logo\/image\/"}}]}},"_links":{"self":[{"href":"https:\/\/www.wjwsy.com\/fr\/wp-json\/wp\/v2\/product\/8989","targetHints":{"allow":["GET"]}}],"collection":[{"href":"https:\/\/www.wjwsy.com\/fr\/wp-json\/wp\/v2\/product"}],"about":[{"href":"https:\/\/www.wjwsy.com\/fr\/wp-json\/wp\/v2\/types\/product"}],"wp:featuredmedia":[{"embeddable":true,"href":"https:\/\/www.wjwsy.com\/fr\/wp-json\/wp\/v2\/media\/8991"}],"wp:attachment":[{"href":"https:\/\/www.wjwsy.com\/fr\/wp-json\/wp\/v2\/media?parent=8989"}],"wp:term":[{"taxonomy":"product_brand","embeddable":true,"href":"https:\/\/www.wjwsy.com\/fr\/wp-json\/wp\/v2\/product_brand?post=8989"},{"taxonomy":"product_cat","embeddable":true,"href":"https:\/\/www.wjwsy.com\/fr\/wp-json\/wp\/v2\/product_cat?post=8989"},{"taxonomy":"product_tag","embeddable":true,"href":"https:\/\/www.wjwsy.com\/fr\/wp-json\/wp\/v2\/product_tag?post=8989"}],"curies":[{"name":"wp","href":"https:\/\/api.w.org\/{rel}","templated":true}]}}