{"id":8943,"date":"2025-07-14T06:51:18","date_gmt":"2025-07-14T06:51:18","guid":{"rendered":"https:\/\/www.wjwsy.com\/?post_type=product&#038;p=8943"},"modified":"2026-03-27T07:54:01","modified_gmt":"2026-03-27T07:54:01","slug":"dc-3-5mm-to-micro-usb-5p-male-audio-charging-cable-power-cord-for-phones-speakers-industrial-oem","status":"publish","type":"product","link":"https:\/\/www.wjwsy.com\/fr\/produit\/dc-3-5mm-to-micro-usb-5p-male-audio-charging-cable-power-cord-for-phones-speakers-industrial-oem\/","title":{"rendered":"DC 3.5 mm pour Micro USB 5P M\u00e2le Audio C\u00e2ble de Recharge \u2013 c\u00e2ble d'Alimentation pour T\u00e9l\u00e9phones\/haut-Parleurs Industriel d'OEM"},"content":{"rendered":"<div class=\"mcb-wrap-background-overlay\"><span style=\"font-size: 30px;\">D\u00e9tails Techniques:<\/span><\/div>\n<div class=\"column mcb-column mcb-item-qnz5s5p8w one laptop-one tablet-one mobile-one column_list_2\">\n<div class=\"mcb-column-inner mfn-module-wrapper mcb-column-inner-qnz5s5p8w mcb-item-list_2-inner\">\n<h5><i class=\"icon-dot\" aria-hidden=\"true\"><\/i>L'interface d'entr\u00e9e: Micro USB<\/h5>\n<h5><i class=\"icon-dot\" aria-hidden=\"true\"><\/i>Interface de sortie: DC3.5mm femelle<\/h5>\n<h5><i class=\"icon-dot\" aria-hidden=\"true\"><\/i>Application: AV c\u00e2ble audio et vid\u00e9o<\/h5>\n<h5><i class=\"icon-dot\" aria-hidden=\"true\"><\/i>Fonction: c\u00e2ble audio<\/h5>\n<h5><i class=\"icon-dot\" aria-hidden=\"true\"><\/i>Tension de fonctionnement: 5V<\/h5>\n<h5><i class=\"icon-dot\" aria-hidden=\"true\"><\/i>Longueur: 0,3 M<\/h5>\n<h5><i class=\"icon-dot\" aria-hidden=\"true\"><\/i>Couleur: noir<\/h5>\n<h5><i class=\"icon-dot\" aria-hidden=\"true\"><\/i>Mat\u00e9riau de gaine: PVC<\/h5>\n<h5><i class=\"icon-dot\" aria-hidden=\"true\"><\/i>MOQ: 100<\/h5>\n<h5>Inspection: 100% inspection de QC avant exp\u00e9dition<\/h5>\n<\/div>\n<\/div>","protected":false},"excerpt":{"rendered":"<div class=\"trade-terms\">\n<p><strong>Des Termes De L'\u00c9change<\/strong>: FOB Shenzhen<\/p>\n<p><strong>OEM\/ODM:<\/strong>\u00a0 \u00a0 \u00a0 \u00a0 \u00a0 \u00a0 \u00a0 \u00a0 \u00a0 \u00a0 \u00a0 \u00a0 \u00a0 \u00a0 \u00a0 \u00a0 \u00a0 Oui<\/p>\n<p><strong>Production:<\/strong>\u00a0 \u00a0 \u00a0 \u00a0 \u00a0 \u00a0 \u00a0 \u00a0 \u00a0 \u00a0 \u00a0 \u00a0 \u00a0 \u00a0 \u00a0 \u00a0 \u00a0De 600 000 PI\u00c8CES\/Mois<\/p>\n<p><strong>Temps D'\u00c9chantillon:<\/strong>\u00a0 \u00a0 \u00a0 \u00a0 \u00a0 \u00a0 \u00a0 \u00a0 \u00a0 \u00a0 \u00a0 \u00a0 \u00a0 \u00a0 \u00a05-10 Jours Ouvrables<\/p>\n<p><strong>Minimum De Commande:<\/strong>\u00a0 \u00a0 \u00a0 \u00a0 \u00a0 \u00a0 \u00a0 \u00a0 \u00a0 \u00a0 \u00a0 \u00a0 100 pi\u00e8ces<\/p>\n<p><strong>Paiement:<\/strong>\u00a0 \u00a0 \u00a0 \u00a0 \u00a0 \u00a0 \u00a0 \u00a0 \u00a0 \u00a0 \u00a0 \u00a0 \u00a0 \u00a0 \u00a0 \u00a0 \u00a0 \u00a0 \u00a0T\/T, PayPal<\/p>\n<p><strong>Origine:<\/strong>\u00a0 \u00a0 \u00a0 \u00a0 \u00a0 \u00a0 \u00a0 \u00a0 \u00a0 \u00a0 \u00a0 \u00a0 \u00a0 \u00a0 \u00a0 \u00a0 \u00a0 \u00a0 \u00a0 \u00a0 \u00a0 \u00a0Shenzhen, Chine<\/p>\n<p><strong>Mod\u00e8le J-M3002<\/strong><\/p>\n<\/div>","protected":false},"featured_media":8944,"template":"","meta":{"_eb_attr":""},"product_brand":[],"product_cat":[726],"product_tag":[],"class_list":{"0":"post-8943","1":"product","2":"type-product","3":"status-publish","4":"has-post-thumbnail","6":"product_cat-usb-micro-cable","8":"first","9":"instock","10":"shipping-taxable","11":"product-type-simple"},"yoast_head":"<!-- This site is optimized with the Yoast SEO Premium plugin v23.7 (Yoast SEO v23.7) - https:\/\/yoast.com\/wordpress\/plugins\/seo\/ -->\n<title>DC 3.5mm to Micro USB 5P Male Audio Charging Cable \u2013 Power Cord for Phones\/Speakers Industrial OEM - Professional USB cable manufacturer<\/title>\n<meta name=\"robots\" content=\"index, follow, max-snippet:-1, max-image-preview:large, max-video-preview:-1\" \/>\n<link rel=\"canonical\" href=\"https:\/\/www.wjwsy.com\/fr\/produit\/dc-3-5mm-to-micro-usb-5p-male-audio-charging-cable-power-cord-for-phones-speakers-industrial-oem\/\" \/>\n<meta property=\"og:locale\" content=\"fr_FR\" \/>\n<meta property=\"og:type\" content=\"article\" \/>\n<meta property=\"og:title\" content=\"DC 3.5mm to Micro USB 5P Male Audio Charging Cable \u2013 Power Cord for Phones\/Speakers Industrial OEM\" \/>\n<meta property=\"og:description\" content=\"Trade Terms:\u00a0 \u00a0 \u00a0 \u00a0 \u00a0 \u00a0 \u00a0 \u00a0 \u00a0 \u00a0 \u00a0 \u00a0 \u00a0 \u00a0 \u00a0FOB Shenzhen  OEM\/ODM:\u00a0 \u00a0 \u00a0 \u00a0 \u00a0 \u00a0 \u00a0 \u00a0 \u00a0 \u00a0 \u00a0 \u00a0 \u00a0 \u00a0 \u00a0 \u00a0 \u00a0 Yes  Production:\u00a0 \u00a0 \u00a0 \u00a0 \u00a0 \u00a0 \u00a0 \u00a0 \u00a0 \u00a0 \u00a0 \u00a0 \u00a0 \u00a0 \u00a0 \u00a0 \u00a0600,000PCS\/Month  Sample Time:\u00a0 \u00a0 \u00a0 \u00a0 \u00a0 \u00a0 \u00a0 \u00a0 \u00a0 \u00a0 \u00a0 \u00a0 \u00a0 \u00a0 \u00a05-10 Working Days  Minimum Order:\u00a0 \u00a0 \u00a0 \u00a0 \u00a0 \u00a0 \u00a0 \u00a0 \u00a0 \u00a0 \u00a0 \u00a0 100 Pieces  Payment:\u00a0 \u00a0 \u00a0 \u00a0 \u00a0 \u00a0 \u00a0 \u00a0 \u00a0 \u00a0 \u00a0 \u00a0 \u00a0 \u00a0 \u00a0 \u00a0 \u00a0 \u00a0 \u00a0T\/T, PayPal  Origin:\u00a0 \u00a0 \u00a0 \u00a0 \u00a0 \u00a0 \u00a0 \u00a0 \u00a0 \u00a0 \u00a0 \u00a0 \u00a0 \u00a0 \u00a0 \u00a0 \u00a0 \u00a0 \u00a0 \u00a0 \u00a0 \u00a0Shenzhen China  Model\u00a0 \u00a0 \u00a0 \u00a0 \u00a0 \u00a0 \u00a0 \u00a0 \u00a0 \u00a0 \u00a0 \u00a0 \u00a0 \u00a0 \u00a0 \u00a0 \u00a0 \u00a0 \u00a0 \u00a0 \u00a0 \u00a0 J-M3002\" \/>\n<meta property=\"og:url\" content=\"https:\/\/www.wjwsy.com\/fr\/produit\/dc-3-5mm-to-micro-usb-5p-male-audio-charging-cable-power-cord-for-phones-speakers-industrial-oem\/\" \/>\n<meta property=\"og:site_name\" content=\"Professional USB cable manufacturer\" \/>\n<meta property=\"article:modified_time\" content=\"2026-03-27T07:54:01+00:00\" \/>\n<meta property=\"og:image\" content=\"https:\/\/www.wjwsy.com\/wp-content\/uploads\/2025\/07\/J-M3002-4.jpg\" \/>\n\t<meta property=\"og:image:width\" content=\"1264\" \/>\n\t<meta property=\"og:image:height\" content=\"1010\" \/>\n\t<meta property=\"og:image:type\" content=\"image\/jpeg\" \/>\n<meta name=\"twitter:card\" content=\"summary_large_image\" \/>\n<meta name=\"twitter:label1\" content=\"Dur\u00e9e de lecture estim\u00e9e\" \/>\n\t<meta name=\"twitter:data1\" content=\"1 minute\" \/>\n<script type=\"application\/ld+json\" class=\"yoast-schema-graph\">{\"@context\":\"https:\/\/schema.org\",\"@graph\":[{\"@type\":\"WebPage\",\"@id\":\"https:\/\/www.wjwsy.com\/product\/dc-3-5mm-to-micro-usb-5p-male-audio-charging-cable-power-cord-for-phones-speakers-industrial-oem\/\",\"url\":\"https:\/\/www.wjwsy.com\/product\/dc-3-5mm-to-micro-usb-5p-male-audio-charging-cable-power-cord-for-phones-speakers-industrial-oem\/\",\"name\":\"DC 3.5mm to Micro USB 5P Male Audio Charging Cable \u2013 Power Cord for Phones\/Speakers Industrial OEM - Professional USB cable manufacturer\",\"isPartOf\":{\"@id\":\"https:\/\/www.wjwsy.com\/#website\"},\"primaryImageOfPage\":{\"@id\":\"https:\/\/www.wjwsy.com\/product\/dc-3-5mm-to-micro-usb-5p-male-audio-charging-cable-power-cord-for-phones-speakers-industrial-oem\/#primaryimage\"},\"image\":{\"@id\":\"https:\/\/www.wjwsy.com\/product\/dc-3-5mm-to-micro-usb-5p-male-audio-charging-cable-power-cord-for-phones-speakers-industrial-oem\/#primaryimage\"},\"thumbnailUrl\":\"https:\/\/www.wjwsy.com\/wp-content\/uploads\/2025\/07\/J-M3002-4.jpg\",\"datePublished\":\"2025-07-14T06:51:18+00:00\",\"dateModified\":\"2026-03-27T07:54:01+00:00\",\"breadcrumb\":{\"@id\":\"https:\/\/www.wjwsy.com\/product\/dc-3-5mm-to-micro-usb-5p-male-audio-charging-cable-power-cord-for-phones-speakers-industrial-oem\/#breadcrumb\"},\"inLanguage\":\"fr-FR\",\"potentialAction\":[{\"@type\":\"ReadAction\",\"target\":[\"https:\/\/www.wjwsy.com\/product\/dc-3-5mm-to-micro-usb-5p-male-audio-charging-cable-power-cord-for-phones-speakers-industrial-oem\/\"]}]},{\"@type\":\"ImageObject\",\"inLanguage\":\"fr-FR\",\"@id\":\"https:\/\/www.wjwsy.com\/product\/dc-3-5mm-to-micro-usb-5p-male-audio-charging-cable-power-cord-for-phones-speakers-industrial-oem\/#primaryimage\",\"url\":\"https:\/\/www.wjwsy.com\/wp-content\/uploads\/2025\/07\/J-M3002-4.jpg\",\"contentUrl\":\"https:\/\/www.wjwsy.com\/wp-content\/uploads\/2025\/07\/J-M3002-4.jpg\",\"width\":1264,\"height\":1010},{\"@type\":\"BreadcrumbList\",\"@id\":\"https:\/\/www.wjwsy.com\/product\/dc-3-5mm-to-micro-usb-5p-male-audio-charging-cable-power-cord-for-phones-speakers-industrial-oem\/#breadcrumb\",\"itemListElement\":[{\"@type\":\"ListItem\",\"position\":1,\"name\":\"\u9996\u9875\",\"item\":\"https:\/\/www.wjwsy.com\/\"},{\"@type\":\"ListItem\",\"position\":2,\"name\":\"Products\",\"item\":\"https:\/\/www.wjwsy.com\/design-editor__trashed\/\"},{\"@type\":\"ListItem\",\"position\":3,\"name\":\"Micro USB Cable Wholesale \u2013 Reliable Android Charging Cables for Budget &amp; Legacy Devices\",\"item\":\"https:\/\/www.wjwsy.com\/category\/usb-micro-cable\/\"},{\"@type\":\"ListItem\",\"position\":4,\"name\":\"DC 3.5mm to Micro USB 5P Male Audio Charging Cable \u2013 Power Cord for Phones\/Speakers Industrial OEM\"}]},{\"@type\":\"WebSite\",\"@id\":\"https:\/\/www.wjwsy.com\/#website\",\"url\":\"https:\/\/www.wjwsy.com\/\",\"name\":\"wjwsy.com\",\"description\":\"Delivering High-Quality, Reliable USB Cables for Every Industry\",\"publisher\":{\"@id\":\"https:\/\/www.wjwsy.com\/#organization\"},\"potentialAction\":[{\"@type\":\"SearchAction\",\"target\":{\"@type\":\"EntryPoint\",\"urlTemplate\":\"https:\/\/www.wjwsy.com\/?s={search_term_string}\"},\"query-input\":{\"@type\":\"PropertyValueSpecification\",\"valueRequired\":true,\"valueName\":\"search_term_string\"}}],\"inLanguage\":\"fr-FR\"},{\"@type\":\"Organization\",\"@id\":\"https:\/\/www.wjwsy.com\/#organization\",\"name\":\"wjwsy.com\",\"url\":\"https:\/\/www.wjwsy.com\/\",\"logo\":{\"@type\":\"ImageObject\",\"inLanguage\":\"fr-FR\",\"@id\":\"https:\/\/www.wjwsy.com\/#\/schema\/logo\/image\/\",\"url\":\"\",\"contentUrl\":\"\",\"caption\":\"wjwsy.com\"},\"image\":{\"@id\":\"https:\/\/www.wjwsy.com\/#\/schema\/logo\/image\/\"}}]}<\/script>\n<!-- \/ Yoast SEO Premium plugin. -->","yoast_head_json":{"title":"DC 3.5mm to Micro USB 5P Male Audio Charging Cable \u2013 Power Cord for Phones\/Speakers Industrial OEM - Professional USB cable manufacturer","robots":{"index":"index","follow":"follow","max-snippet":"max-snippet:-1","max-image-preview":"max-image-preview:large","max-video-preview":"max-video-preview:-1"},"canonical":"https:\/\/www.wjwsy.com\/fr\/produit\/dc-3-5mm-to-micro-usb-5p-male-audio-charging-cable-power-cord-for-phones-speakers-industrial-oem\/","og_locale":"fr_FR","og_type":"article","og_title":"DC 3.5mm to Micro USB 5P Male Audio Charging Cable \u2013 Power Cord for Phones\/Speakers Industrial OEM","og_description":"Trade Terms:\u00a0 \u00a0 \u00a0 \u00a0 \u00a0 \u00a0 \u00a0 \u00a0 \u00a0 \u00a0 \u00a0 \u00a0 \u00a0 \u00a0 \u00a0FOB Shenzhen  OEM\/ODM:\u00a0 \u00a0 \u00a0 \u00a0 \u00a0 \u00a0 \u00a0 \u00a0 \u00a0 \u00a0 \u00a0 \u00a0 \u00a0 \u00a0 \u00a0 \u00a0 \u00a0 Yes  Production:\u00a0 \u00a0 \u00a0 \u00a0 \u00a0 \u00a0 \u00a0 \u00a0 \u00a0 \u00a0 \u00a0 \u00a0 \u00a0 \u00a0 \u00a0 \u00a0 \u00a0600,000PCS\/Month  Sample Time:\u00a0 \u00a0 \u00a0 \u00a0 \u00a0 \u00a0 \u00a0 \u00a0 \u00a0 \u00a0 \u00a0 \u00a0 \u00a0 \u00a0 \u00a05-10 Working Days  Minimum Order:\u00a0 \u00a0 \u00a0 \u00a0 \u00a0 \u00a0 \u00a0 \u00a0 \u00a0 \u00a0 \u00a0 \u00a0 100 Pieces  Payment:\u00a0 \u00a0 \u00a0 \u00a0 \u00a0 \u00a0 \u00a0 \u00a0 \u00a0 \u00a0 \u00a0 \u00a0 \u00a0 \u00a0 \u00a0 \u00a0 \u00a0 \u00a0 \u00a0T\/T, PayPal  Origin:\u00a0 \u00a0 \u00a0 \u00a0 \u00a0 \u00a0 \u00a0 \u00a0 \u00a0 \u00a0 \u00a0 \u00a0 \u00a0 \u00a0 \u00a0 \u00a0 \u00a0 \u00a0 \u00a0 \u00a0 \u00a0 \u00a0Shenzhen China  Model\u00a0 \u00a0 \u00a0 \u00a0 \u00a0 \u00a0 \u00a0 \u00a0 \u00a0 \u00a0 \u00a0 \u00a0 \u00a0 \u00a0 \u00a0 \u00a0 \u00a0 \u00a0 \u00a0 \u00a0 \u00a0 \u00a0 J-M3002","og_url":"https:\/\/www.wjwsy.com\/fr\/produit\/dc-3-5mm-to-micro-usb-5p-male-audio-charging-cable-power-cord-for-phones-speakers-industrial-oem\/","og_site_name":"Professional USB cable manufacturer","article_modified_time":"2026-03-27T07:54:01+00:00","og_image":[{"width":1264,"height":1010,"url":"https:\/\/www.wjwsy.com\/wp-content\/uploads\/2025\/07\/J-M3002-4.jpg","type":"image\/jpeg"}],"twitter_card":"summary_large_image","twitter_misc":{"Dur\u00e9e de lecture estim\u00e9e":"1 minute"},"schema":{"@context":"https:\/\/schema.org","@graph":[{"@type":"WebPage","@id":"https:\/\/www.wjwsy.com\/product\/dc-3-5mm-to-micro-usb-5p-male-audio-charging-cable-power-cord-for-phones-speakers-industrial-oem\/","url":"https:\/\/www.wjwsy.com\/product\/dc-3-5mm-to-micro-usb-5p-male-audio-charging-cable-power-cord-for-phones-speakers-industrial-oem\/","name":"DC 3.5mm to Micro USB 5P Male Audio Charging Cable \u2013 Power Cord for Phones\/Speakers Industrial OEM - Professional USB cable manufacturer","isPartOf":{"@id":"https:\/\/www.wjwsy.com\/#website"},"primaryImageOfPage":{"@id":"https:\/\/www.wjwsy.com\/product\/dc-3-5mm-to-micro-usb-5p-male-audio-charging-cable-power-cord-for-phones-speakers-industrial-oem\/#primaryimage"},"image":{"@id":"https:\/\/www.wjwsy.com\/product\/dc-3-5mm-to-micro-usb-5p-male-audio-charging-cable-power-cord-for-phones-speakers-industrial-oem\/#primaryimage"},"thumbnailUrl":"https:\/\/www.wjwsy.com\/wp-content\/uploads\/2025\/07\/J-M3002-4.jpg","datePublished":"2025-07-14T06:51:18+00:00","dateModified":"2026-03-27T07:54:01+00:00","breadcrumb":{"@id":"https:\/\/www.wjwsy.com\/product\/dc-3-5mm-to-micro-usb-5p-male-audio-charging-cable-power-cord-for-phones-speakers-industrial-oem\/#breadcrumb"},"inLanguage":"fr-FR","potentialAction":[{"@type":"ReadAction","target":["https:\/\/www.wjwsy.com\/product\/dc-3-5mm-to-micro-usb-5p-male-audio-charging-cable-power-cord-for-phones-speakers-industrial-oem\/"]}]},{"@type":"ImageObject","inLanguage":"fr-FR","@id":"https:\/\/www.wjwsy.com\/product\/dc-3-5mm-to-micro-usb-5p-male-audio-charging-cable-power-cord-for-phones-speakers-industrial-oem\/#primaryimage","url":"https:\/\/www.wjwsy.com\/wp-content\/uploads\/2025\/07\/J-M3002-4.jpg","contentUrl":"https:\/\/www.wjwsy.com\/wp-content\/uploads\/2025\/07\/J-M3002-4.jpg","width":1264,"height":1010},{"@type":"BreadcrumbList","@id":"https:\/\/www.wjwsy.com\/product\/dc-3-5mm-to-micro-usb-5p-male-audio-charging-cable-power-cord-for-phones-speakers-industrial-oem\/#breadcrumb","itemListElement":[{"@type":"ListItem","position":1,"name":"\u9996\u9875","item":"https:\/\/www.wjwsy.com\/"},{"@type":"ListItem","position":2,"name":"Products","item":"https:\/\/www.wjwsy.com\/design-editor__trashed\/"},{"@type":"ListItem","position":3,"name":"Micro USB Cable Wholesale \u2013 Reliable Android Charging Cables for Budget &amp; Legacy Devices","item":"https:\/\/www.wjwsy.com\/category\/usb-micro-cable\/"},{"@type":"ListItem","position":4,"name":"DC 3.5mm to Micro USB 5P Male Audio Charging Cable \u2013 Power Cord for Phones\/Speakers Industrial OEM"}]},{"@type":"WebSite","@id":"https:\/\/www.wjwsy.com\/#website","url":"https:\/\/www.wjwsy.com\/","name":"wjwsy.com","description":"Delivering High-Quality, Reliable USB Cables for Every Industry","publisher":{"@id":"https:\/\/www.wjwsy.com\/#organization"},"potentialAction":[{"@type":"SearchAction","target":{"@type":"EntryPoint","urlTemplate":"https:\/\/www.wjwsy.com\/?s={search_term_string}"},"query-input":{"@type":"PropertyValueSpecification","valueRequired":true,"valueName":"search_term_string"}}],"inLanguage":"fr-FR"},{"@type":"Organization","@id":"https:\/\/www.wjwsy.com\/#organization","name":"wjwsy.com","url":"https:\/\/www.wjwsy.com\/","logo":{"@type":"ImageObject","inLanguage":"fr-FR","@id":"https:\/\/www.wjwsy.com\/#\/schema\/logo\/image\/","url":"","contentUrl":"","caption":"wjwsy.com"},"image":{"@id":"https:\/\/www.wjwsy.com\/#\/schema\/logo\/image\/"}}]}},"_links":{"self":[{"href":"https:\/\/www.wjwsy.com\/fr\/wp-json\/wp\/v2\/product\/8943","targetHints":{"allow":["GET"]}}],"collection":[{"href":"https:\/\/www.wjwsy.com\/fr\/wp-json\/wp\/v2\/product"}],"about":[{"href":"https:\/\/www.wjwsy.com\/fr\/wp-json\/wp\/v2\/types\/product"}],"wp:featuredmedia":[{"embeddable":true,"href":"https:\/\/www.wjwsy.com\/fr\/wp-json\/wp\/v2\/media\/8944"}],"wp:attachment":[{"href":"https:\/\/www.wjwsy.com\/fr\/wp-json\/wp\/v2\/media?parent=8943"}],"wp:term":[{"taxonomy":"product_brand","embeddable":true,"href":"https:\/\/www.wjwsy.com\/fr\/wp-json\/wp\/v2\/product_brand?post=8943"},{"taxonomy":"product_cat","embeddable":true,"href":"https:\/\/www.wjwsy.com\/fr\/wp-json\/wp\/v2\/product_cat?post=8943"},{"taxonomy":"product_tag","embeddable":true,"href":"https:\/\/www.wjwsy.com\/fr\/wp-json\/wp\/v2\/product_tag?post=8943"}],"curies":[{"name":"wp","href":"https:\/\/api.w.org\/{rel}","templated":true}]}}