{"id":8397,"date":"2025-01-10T05:43:45","date_gmt":"2025-01-10T05:43:45","guid":{"rendered":"https:\/\/www.wjwsy.com\/?post_type=product&#038;p=8397"},"modified":"2026-04-22T01:34:13","modified_gmt":"2026-04-22T01:34:13","slug":"9v-1a-power-adapter-ac-dc-charger-for-guitar-pedal-modem-security-camera-oem-manufacturer","status":"publish","type":"product","link":"https:\/\/www.wjwsy.com\/fr\/produit\/9v-1a-power-adapter-ac-dc-charger-for-guitar-pedal-modem-security-camera-oem-manufacturer\/","title":{"rendered":"9V 1A Adaptateur secteur \u2013 Chargeur CA\/CC pour P\u00e9dale de Guitare\/Modem\/Cam\u00e9ra de S\u00e9curit\u00e9 du Fabricant OEM"},"content":{"rendered":"","protected":false},"excerpt":{"rendered":"<div class=\"trade-terms\">\n<p>Type: DC or TYPE-C or MICRO<br \/>\nFunction: Overcurrent, overload, short circuit protection<br \/>\nSortie: 9V-1,0 A<br \/>\nColor: White, black<br \/>\nTaille: 50*42*35 MM<br \/>\nPoids Net: 63g<\/p>\n<\/div>","protected":false},"featured_media":8398,"template":"","meta":{"_eb_attr":""},"product_brand":[],"product_cat":[1244],"product_tag":[],"class_list":{"0":"post-8397","1":"product","2":"type-product","3":"status-publish","4":"has-post-thumbnail","6":"product_cat-charger","8":"first","9":"instock","10":"shipping-taxable","11":"product-type-simple"},"yoast_head":"<!-- This site is optimized with the Yoast SEO Premium plugin v23.7 (Yoast SEO v23.7) - https:\/\/yoast.com\/wordpress\/plugins\/seo\/ -->\n<title>9V 1A Power Adapter \u2013 AC\/DC Charger for Guitar Pedal\/Modem\/Security Camera OEM Manufacturer - Professional USB cable manufacturer<\/title>\n<meta name=\"robots\" content=\"index, follow, max-snippet:-1, max-image-preview:large, max-video-preview:-1\" \/>\n<link rel=\"canonical\" href=\"https:\/\/www.wjwsy.com\/fr\/produit\/9v-1a-power-adapter-ac-dc-charger-for-guitar-pedal-modem-security-camera-oem-manufacturer\/\" \/>\n<meta property=\"og:locale\" content=\"fr_FR\" \/>\n<meta property=\"og:type\" content=\"article\" \/>\n<meta property=\"og:title\" content=\"9V 1A Power Adapter \u2013 AC\/DC Charger for Guitar Pedal\/Modem\/Security Camera OEM Manufacturer\" \/>\n<meta property=\"og:description\" content=\"Type: DC or TYPE-C or MICRO Function: Overcurrent, overload, short circuit protection Output: 9V-1.0A Color: White, black Size: 50*42*35MM Net weight: 63g\" \/>\n<meta property=\"og:url\" content=\"https:\/\/www.wjwsy.com\/fr\/produit\/9v-1a-power-adapter-ac-dc-charger-for-guitar-pedal-modem-security-camera-oem-manufacturer\/\" \/>\n<meta property=\"og:site_name\" content=\"Professional USB cable manufacturer\" \/>\n<meta property=\"article:modified_time\" content=\"2026-04-22T01:34:13+00:00\" \/>\n<meta property=\"og:image\" content=\"https:\/\/www.wjwsy.com\/wp-content\/uploads\/2025\/06\/ga-0901000c-2.jpg\" \/>\n\t<meta property=\"og:image:width\" content=\"750\" \/>\n\t<meta property=\"og:image:height\" content=\"601\" \/>\n\t<meta property=\"og:image:type\" content=\"image\/jpeg\" \/>\n<meta name=\"twitter:card\" content=\"summary_large_image\" \/>\n<meta name=\"twitter:label1\" content=\"Dur\u00e9e de lecture estim\u00e9e\" \/>\n\t<meta name=\"twitter:data1\" content=\"1 minute\" \/>\n<script type=\"application\/ld+json\" class=\"yoast-schema-graph\">{\"@context\":\"https:\/\/schema.org\",\"@graph\":[{\"@type\":\"WebPage\",\"@id\":\"https:\/\/www.wjwsy.com\/product\/9v-1a-power-adapter-ac-dc-charger-for-guitar-pedal-modem-security-camera-oem-manufacturer\/\",\"url\":\"https:\/\/www.wjwsy.com\/product\/9v-1a-power-adapter-ac-dc-charger-for-guitar-pedal-modem-security-camera-oem-manufacturer\/\",\"name\":\"9V 1A Power Adapter \u2013 AC\/DC Charger for Guitar Pedal\/Modem\/Security Camera OEM Manufacturer - Professional USB cable manufacturer\",\"isPartOf\":{\"@id\":\"https:\/\/www.wjwsy.com\/#website\"},\"primaryImageOfPage\":{\"@id\":\"https:\/\/www.wjwsy.com\/product\/9v-1a-power-adapter-ac-dc-charger-for-guitar-pedal-modem-security-camera-oem-manufacturer\/#primaryimage\"},\"image\":{\"@id\":\"https:\/\/www.wjwsy.com\/product\/9v-1a-power-adapter-ac-dc-charger-for-guitar-pedal-modem-security-camera-oem-manufacturer\/#primaryimage\"},\"thumbnailUrl\":\"https:\/\/www.wjwsy.com\/wp-content\/uploads\/2025\/06\/ga-0901000c-2.jpg\",\"datePublished\":\"2025-01-10T05:43:45+00:00\",\"dateModified\":\"2026-04-22T01:34:13+00:00\",\"breadcrumb\":{\"@id\":\"https:\/\/www.wjwsy.com\/product\/9v-1a-power-adapter-ac-dc-charger-for-guitar-pedal-modem-security-camera-oem-manufacturer\/#breadcrumb\"},\"inLanguage\":\"fr-FR\",\"potentialAction\":[{\"@type\":\"ReadAction\",\"target\":[\"https:\/\/www.wjwsy.com\/product\/9v-1a-power-adapter-ac-dc-charger-for-guitar-pedal-modem-security-camera-oem-manufacturer\/\"]}]},{\"@type\":\"ImageObject\",\"inLanguage\":\"fr-FR\",\"@id\":\"https:\/\/www.wjwsy.com\/product\/9v-1a-power-adapter-ac-dc-charger-for-guitar-pedal-modem-security-camera-oem-manufacturer\/#primaryimage\",\"url\":\"https:\/\/www.wjwsy.com\/wp-content\/uploads\/2025\/06\/ga-0901000c-2.jpg\",\"contentUrl\":\"https:\/\/www.wjwsy.com\/wp-content\/uploads\/2025\/06\/ga-0901000c-2.jpg\",\"width\":750,\"height\":601,\"caption\":\"9V 1A Power Adapter\"},{\"@type\":\"BreadcrumbList\",\"@id\":\"https:\/\/www.wjwsy.com\/product\/9v-1a-power-adapter-ac-dc-charger-for-guitar-pedal-modem-security-camera-oem-manufacturer\/#breadcrumb\",\"itemListElement\":[{\"@type\":\"ListItem\",\"position\":1,\"name\":\"\u9996\u9875\",\"item\":\"https:\/\/www.wjwsy.com\/\"},{\"@type\":\"ListItem\",\"position\":2,\"name\":\"Products\",\"item\":\"https:\/\/www.wjwsy.com\/design-editor__trashed\/\"},{\"@type\":\"ListItem\",\"position\":3,\"name\":\"Charger\",\"item\":\"https:\/\/www.wjwsy.com\/category\/charger\/\"},{\"@type\":\"ListItem\",\"position\":4,\"name\":\"9V 1A Power Adapter \u2013 AC\/DC Charger for Guitar Pedal\/Modem\/Security Camera OEM Manufacturer\"}]},{\"@type\":\"WebSite\",\"@id\":\"https:\/\/www.wjwsy.com\/#website\",\"url\":\"https:\/\/www.wjwsy.com\/\",\"name\":\"wjwsy.com\",\"description\":\"Delivering High-Quality, Reliable USB Cables for Every Industry\",\"publisher\":{\"@id\":\"https:\/\/www.wjwsy.com\/#organization\"},\"potentialAction\":[{\"@type\":\"SearchAction\",\"target\":{\"@type\":\"EntryPoint\",\"urlTemplate\":\"https:\/\/www.wjwsy.com\/?s={search_term_string}\"},\"query-input\":{\"@type\":\"PropertyValueSpecification\",\"valueRequired\":true,\"valueName\":\"search_term_string\"}}],\"inLanguage\":\"fr-FR\"},{\"@type\":\"Organization\",\"@id\":\"https:\/\/www.wjwsy.com\/#organization\",\"name\":\"wjwsy.com\",\"url\":\"https:\/\/www.wjwsy.com\/\",\"logo\":{\"@type\":\"ImageObject\",\"inLanguage\":\"fr-FR\",\"@id\":\"https:\/\/www.wjwsy.com\/#\/schema\/logo\/image\/\",\"url\":\"\",\"contentUrl\":\"\",\"caption\":\"wjwsy.com\"},\"image\":{\"@id\":\"https:\/\/www.wjwsy.com\/#\/schema\/logo\/image\/\"}}]}<\/script>\n<!-- \/ Yoast SEO Premium plugin. -->","yoast_head_json":{"title":"9V 1A Power Adapter \u2013 AC\/DC Charger for Guitar Pedal\/Modem\/Security Camera OEM Manufacturer - Professional USB cable manufacturer","robots":{"index":"index","follow":"follow","max-snippet":"max-snippet:-1","max-image-preview":"max-image-preview:large","max-video-preview":"max-video-preview:-1"},"canonical":"https:\/\/www.wjwsy.com\/fr\/produit\/9v-1a-power-adapter-ac-dc-charger-for-guitar-pedal-modem-security-camera-oem-manufacturer\/","og_locale":"fr_FR","og_type":"article","og_title":"9V 1A Power Adapter \u2013 AC\/DC Charger for Guitar Pedal\/Modem\/Security Camera OEM Manufacturer","og_description":"Type: DC or TYPE-C or MICRO Function: Overcurrent, overload, short circuit protection Output: 9V-1.0A Color: White, black Size: 50*42*35MM Net weight: 63g","og_url":"https:\/\/www.wjwsy.com\/fr\/produit\/9v-1a-power-adapter-ac-dc-charger-for-guitar-pedal-modem-security-camera-oem-manufacturer\/","og_site_name":"Professional USB cable manufacturer","article_modified_time":"2026-04-22T01:34:13+00:00","og_image":[{"width":750,"height":601,"url":"https:\/\/www.wjwsy.com\/wp-content\/uploads\/2025\/06\/ga-0901000c-2.jpg","type":"image\/jpeg"}],"twitter_card":"summary_large_image","twitter_misc":{"Dur\u00e9e de lecture estim\u00e9e":"1 minute"},"schema":{"@context":"https:\/\/schema.org","@graph":[{"@type":"WebPage","@id":"https:\/\/www.wjwsy.com\/product\/9v-1a-power-adapter-ac-dc-charger-for-guitar-pedal-modem-security-camera-oem-manufacturer\/","url":"https:\/\/www.wjwsy.com\/product\/9v-1a-power-adapter-ac-dc-charger-for-guitar-pedal-modem-security-camera-oem-manufacturer\/","name":"9V 1A Power Adapter \u2013 AC\/DC Charger for Guitar Pedal\/Modem\/Security Camera OEM Manufacturer - Professional USB cable manufacturer","isPartOf":{"@id":"https:\/\/www.wjwsy.com\/#website"},"primaryImageOfPage":{"@id":"https:\/\/www.wjwsy.com\/product\/9v-1a-power-adapter-ac-dc-charger-for-guitar-pedal-modem-security-camera-oem-manufacturer\/#primaryimage"},"image":{"@id":"https:\/\/www.wjwsy.com\/product\/9v-1a-power-adapter-ac-dc-charger-for-guitar-pedal-modem-security-camera-oem-manufacturer\/#primaryimage"},"thumbnailUrl":"https:\/\/www.wjwsy.com\/wp-content\/uploads\/2025\/06\/ga-0901000c-2.jpg","datePublished":"2025-01-10T05:43:45+00:00","dateModified":"2026-04-22T01:34:13+00:00","breadcrumb":{"@id":"https:\/\/www.wjwsy.com\/product\/9v-1a-power-adapter-ac-dc-charger-for-guitar-pedal-modem-security-camera-oem-manufacturer\/#breadcrumb"},"inLanguage":"fr-FR","potentialAction":[{"@type":"ReadAction","target":["https:\/\/www.wjwsy.com\/product\/9v-1a-power-adapter-ac-dc-charger-for-guitar-pedal-modem-security-camera-oem-manufacturer\/"]}]},{"@type":"ImageObject","inLanguage":"fr-FR","@id":"https:\/\/www.wjwsy.com\/product\/9v-1a-power-adapter-ac-dc-charger-for-guitar-pedal-modem-security-camera-oem-manufacturer\/#primaryimage","url":"https:\/\/www.wjwsy.com\/wp-content\/uploads\/2025\/06\/ga-0901000c-2.jpg","contentUrl":"https:\/\/www.wjwsy.com\/wp-content\/uploads\/2025\/06\/ga-0901000c-2.jpg","width":750,"height":601,"caption":"9V 1A Power Adapter"},{"@type":"BreadcrumbList","@id":"https:\/\/www.wjwsy.com\/product\/9v-1a-power-adapter-ac-dc-charger-for-guitar-pedal-modem-security-camera-oem-manufacturer\/#breadcrumb","itemListElement":[{"@type":"ListItem","position":1,"name":"\u9996\u9875","item":"https:\/\/www.wjwsy.com\/"},{"@type":"ListItem","position":2,"name":"Products","item":"https:\/\/www.wjwsy.com\/design-editor__trashed\/"},{"@type":"ListItem","position":3,"name":"Charger","item":"https:\/\/www.wjwsy.com\/category\/charger\/"},{"@type":"ListItem","position":4,"name":"9V 1A Power Adapter \u2013 AC\/DC Charger for Guitar Pedal\/Modem\/Security Camera OEM Manufacturer"}]},{"@type":"WebSite","@id":"https:\/\/www.wjwsy.com\/#website","url":"https:\/\/www.wjwsy.com\/","name":"wjwsy.com","description":"Delivering High-Quality, Reliable USB Cables for Every Industry","publisher":{"@id":"https:\/\/www.wjwsy.com\/#organization"},"potentialAction":[{"@type":"SearchAction","target":{"@type":"EntryPoint","urlTemplate":"https:\/\/www.wjwsy.com\/?s={search_term_string}"},"query-input":{"@type":"PropertyValueSpecification","valueRequired":true,"valueName":"search_term_string"}}],"inLanguage":"fr-FR"},{"@type":"Organization","@id":"https:\/\/www.wjwsy.com\/#organization","name":"wjwsy.com","url":"https:\/\/www.wjwsy.com\/","logo":{"@type":"ImageObject","inLanguage":"fr-FR","@id":"https:\/\/www.wjwsy.com\/#\/schema\/logo\/image\/","url":"","contentUrl":"","caption":"wjwsy.com"},"image":{"@id":"https:\/\/www.wjwsy.com\/#\/schema\/logo\/image\/"}}]}},"_links":{"self":[{"href":"https:\/\/www.wjwsy.com\/fr\/wp-json\/wp\/v2\/product\/8397","targetHints":{"allow":["GET"]}}],"collection":[{"href":"https:\/\/www.wjwsy.com\/fr\/wp-json\/wp\/v2\/product"}],"about":[{"href":"https:\/\/www.wjwsy.com\/fr\/wp-json\/wp\/v2\/types\/product"}],"wp:featuredmedia":[{"embeddable":true,"href":"https:\/\/www.wjwsy.com\/fr\/wp-json\/wp\/v2\/media\/8398"}],"wp:attachment":[{"href":"https:\/\/www.wjwsy.com\/fr\/wp-json\/wp\/v2\/media?parent=8397"}],"wp:term":[{"taxonomy":"product_brand","embeddable":true,"href":"https:\/\/www.wjwsy.com\/fr\/wp-json\/wp\/v2\/product_brand?post=8397"},{"taxonomy":"product_cat","embeddable":true,"href":"https:\/\/www.wjwsy.com\/fr\/wp-json\/wp\/v2\/product_cat?post=8397"},{"taxonomy":"product_tag","embeddable":true,"href":"https:\/\/www.wjwsy.com\/fr\/wp-json\/wp\/v2\/product_tag?post=8397"}],"curies":[{"name":"wp","href":"https:\/\/api.w.org\/{rel}","templated":true}]}}