{"id":8318,"date":"2025-06-09T02:40:30","date_gmt":"2025-06-09T02:40:30","guid":{"rendered":"https:\/\/www.wjwsy.com\/?post_type=product&#038;p=8318"},"modified":"2026-04-16T07:11:53","modified_gmt":"2026-04-16T07:11:53","slug":"custom-micro-usb-charging-cable-2-0-oem-tpe-pvc-data-sync-cord-for-android-devices-bulk-wholesale","status":"publish","type":"product","link":"https:\/\/www.wjwsy.com\/fr\/produit\/custom-micro-usb-charging-cable-2-0-oem-tpe-pvc-data-sync-cord-for-android-devices-bulk-wholesale\/","title":{"rendered":"Personnalis\u00e9 Micro C\u00e2ble de Recharge USB 2.0 \u2013 OEM TPE\/PVC Cordon de Synchronisation de Donn\u00e9es pour les Appareils Android en Gros en Vrac"},"content":{"rendered":"<div class=\"column mcb-column mcb-item-7qyi8ycen four-fifth laptop-four-fifth tablet-four-fifth mobile-one column_heading\">\n<div class=\"mcb-column-inner mfn-module-wrapper mcb-column-inner-7qyi8ycen mcb-item-heading-inner\">\n<h4 class=\"title\">D\u00e9tails Techniques:<\/h4>\n<\/div>\n<\/div>\n<div class=\"column mcb-column mcb-item-4ilcjjmik one laptop-one tablet-one mobile-one column_list_2\">\n<div class=\"mcb-column-inner mfn-module-wrapper mcb-column-inner-4ilcjjmik mcb-item-list_2-inner\">\n<p><i class=\"icon-dot\" aria-hidden=\"true\"><\/i>L'interface d'entr\u00e9e: USB A<\/p>\n<p><i class=\"icon-dot\" aria-hidden=\"true\"><\/i>Interface de sortie: USB Micro<\/p>\n<p><i class=\"icon-dot\" aria-hidden=\"true\"><\/i>Application: Micro-interface de l'appareil<\/p>\n<p><i class=\"icon-dot\" aria-hidden=\"true\"><\/i>Standard USB: USB 2.0<\/p>\n<p><i class=\"icon-dot\" aria-hidden=\"true\"><\/i>Fonction: charge + de transmission de donn\u00e9es<\/p>\n<p><i class=\"icon-dot\" aria-hidden=\"true\"><\/i>Tension de fonctionnement: 5V<\/p>\n<p><i class=\"icon-dot\" aria-hidden=\"true\"><\/i>Transmission de donn\u00e9es: \u2264480 mbits \/ s<\/p>\n<p><i class=\"icon-dot\" aria-hidden=\"true\"><\/i>Longueur: sur mesure \u00e0 la longueur d\u00e9sir\u00e9e<\/p>\n<p>Couleur: blanc\/noir\/adapt\u00e9es au besoin<\/p>\n<p>Mat\u00e9riau de gaine: PVC<\/p>\n<p><i class=\"icon-dot\" aria-hidden=\"true\"><\/i>MOQ: 3000<\/p>\n<p><i class=\"icon-dot\" aria-hidden=\"true\"><\/i>Inspection: 100% inspection de QC avant exp\u00e9dition<\/p>\n<\/div>\n<\/div>","protected":false},"excerpt":{"rendered":"<div class=\"trade-terms\">\n<p><strong>Des Termes De L'\u00c9change<\/strong>: FOB Shenzhen<\/p>\n<div class=\"trade-terms\">\n<p><strong>OEM\/ODM:<\/strong>\u00a0 \u00a0 \u00a0 \u00a0 \u00a0 \u00a0 \u00a0 \u00a0 \u00a0 \u00a0 \u00a0 \u00a0 \u00a0 \u00a0 \u00a0 Oui<\/p>\n<p><strong>Production:<\/strong>\u00a0 \u00a0 \u00a0 \u00a0 \u00a0 \u00a0 \u00a0 \u00a0 \u00a0 \u00a0 \u00a0 \u00a0 \u00a0 \u00a0 \u00a0De 600 000 PI\u00c8CES\/Mois<\/p>\n<p><strong>Temps D'\u00c9chantillon:<\/strong>\u00a0 \u00a0 \u00a0 \u00a0 \u00a0 \u00a0 \u00a0 \u00a0 \u00a0 \u00a0 \u00a0 \u00a0 \u00a05-10 Jours Ouvrables<\/p>\n<p><strong>Minimum De Commande:<\/strong>\u00a0 \u00a0 \u00a0 \u00a0 \u00a0 \u00a0 \u00a0 \u00a0 \u00a0 \u00a0 \u00a0Plus de 3000 Pi\u00e8ces<\/p>\n<p><strong>Paiement:<\/strong>\u00a0 \u00a0 \u00a0 \u00a0 \u00a0 \u00a0 \u00a0 \u00a0 \u00a0 \u00a0 \u00a0 \u00a0 \u00a0 \u00a0 \u00a0 \u00a0 \u00a0 T\/T, PayPal<\/p>\n<p><strong>Origine:<\/strong>\u00a0 \u00a0 \u00a0 \u00a0 \u00a0 \u00a0 \u00a0 \u00a0 \u00a0 \u00a0 \u00a0 \u00a0 \u00a0 \u00a0 \u00a0 \u00a0 \u00a0 \u00a0 \u00a0 \u00a0 Shenzhen, Chine<\/p>\n<p><strong>Mod\u00e8le<\/strong>\u00a0 \u00a0 \u00a0 \u00a0 \u00a0 \u00a0 \u00a0 \u00a0 \u00a0 \u00a0 \u00a0 \u00a0 \u00a0 \u00a0 \u00a0 \u00a0 \u00a0 \u00a0 \u00a0 \u00a0 \u00a0<a href=\"#\">J-M1002<\/a><\/p>\n<\/div>\n<\/div>","protected":false},"featured_media":8319,"template":"","meta":{"_eb_attr":""},"product_brand":[],"product_cat":[726,1260],"product_tag":[],"class_list":{"0":"post-8318","1":"product","2":"type-product","3":"status-publish","4":"has-post-thumbnail","6":"product_cat-usb-micro-cable","7":"product_cat-usb-a-to-micro-usb-cable","9":"first","10":"instock","11":"shipping-taxable","12":"product-type-simple"},"yoast_head":"<!-- This site is optimized with the Yoast SEO Premium plugin v23.7 (Yoast SEO v23.7) - https:\/\/yoast.com\/wordpress\/plugins\/seo\/ -->\n<title>Custom Micro USB Charging Cable 2.0 \u2013 OEM TPE\/PVC Data Sync Cord for Android Devices Bulk Wholesale - Professional USB cable manufacturer<\/title>\n<meta name=\"robots\" content=\"index, follow, max-snippet:-1, max-image-preview:large, max-video-preview:-1\" \/>\n<link rel=\"canonical\" href=\"https:\/\/www.wjwsy.com\/fr\/produit\/custom-micro-usb-charging-cable-2-0-oem-tpe-pvc-data-sync-cord-for-android-devices-bulk-wholesale\/\" \/>\n<meta property=\"og:locale\" content=\"fr_FR\" \/>\n<meta property=\"og:type\" content=\"article\" \/>\n<meta property=\"og:title\" content=\"Custom Micro USB Charging Cable 2.0 \u2013 OEM TPE\/PVC Data Sync Cord for Android Devices Bulk Wholesale\" \/>\n<meta property=\"og:description\" content=\"Trade Terms:\u00a0 \u00a0 \u00a0 \u00a0 \u00a0 \u00a0 \u00a0 \u00a0 \u00a0 \u00a0 \u00a0 \u00a0 \u00a0FOB Shenzhen   OEM\/ODM:\u00a0 \u00a0 \u00a0 \u00a0 \u00a0 \u00a0 \u00a0 \u00a0 \u00a0 \u00a0 \u00a0 \u00a0 \u00a0 \u00a0 \u00a0 Yes  Production:\u00a0 \u00a0 \u00a0 \u00a0 \u00a0 \u00a0 \u00a0 \u00a0 \u00a0 \u00a0 \u00a0 \u00a0 \u00a0 \u00a0 \u00a0600,000PCS\/Month  Sample Time:\u00a0 \u00a0 \u00a0 \u00a0 \u00a0 \u00a0 \u00a0 \u00a0 \u00a0 \u00a0 \u00a0 \u00a0 \u00a05-10 Working Days  Minimum Order:\u00a0 \u00a0 \u00a0 \u00a0 \u00a0 \u00a0 \u00a0 \u00a0 \u00a0 \u00a0 \u00a03000 Pieces  Payment:\u00a0 \u00a0 \u00a0 \u00a0 \u00a0 \u00a0 \u00a0 \u00a0 \u00a0 \u00a0 \u00a0 \u00a0 \u00a0 \u00a0 \u00a0 \u00a0 \u00a0 T\/T, PayPal  Origin:\u00a0 \u00a0 \u00a0 \u00a0 \u00a0 \u00a0 \u00a0 \u00a0 \u00a0 \u00a0 \u00a0 \u00a0 \u00a0 \u00a0 \u00a0 \u00a0 \u00a0 \u00a0 \u00a0 \u00a0 Shenzhen China  Model\u00a0 \u00a0 \u00a0 \u00a0 \u00a0 \u00a0 \u00a0 \u00a0 \u00a0 \u00a0 \u00a0 \u00a0 \u00a0 \u00a0 \u00a0 \u00a0 \u00a0 \u00a0 \u00a0 \u00a0 \u00a0J-M1002\" \/>\n<meta property=\"og:url\" content=\"https:\/\/www.wjwsy.com\/fr\/produit\/custom-micro-usb-charging-cable-2-0-oem-tpe-pvc-data-sync-cord-for-android-devices-bulk-wholesale\/\" \/>\n<meta property=\"og:site_name\" content=\"Professional USB cable manufacturer\" \/>\n<meta property=\"article:modified_time\" content=\"2026-04-16T07:11:53+00:00\" \/>\n<meta property=\"og:image\" content=\"https:\/\/www.wjwsy.com\/wp-content\/uploads\/2025\/06\/micro-usb-data-charging-cable-2.jpg\" \/>\n\t<meta property=\"og:image:width\" content=\"786\" \/>\n\t<meta property=\"og:image:height\" content=\"629\" \/>\n\t<meta property=\"og:image:type\" content=\"image\/jpeg\" \/>\n<meta name=\"twitter:card\" content=\"summary_large_image\" \/>\n<meta name=\"twitter:label1\" content=\"Dur\u00e9e de lecture estim\u00e9e\" \/>\n\t<meta name=\"twitter:data1\" content=\"1 minute\" \/>\n<script type=\"application\/ld+json\" class=\"yoast-schema-graph\">{\"@context\":\"https:\/\/schema.org\",\"@graph\":[{\"@type\":\"WebPage\",\"@id\":\"https:\/\/www.wjwsy.com\/product\/custom-micro-usb-charging-cable-2-0-oem-tpe-pvc-data-sync-cord-for-android-devices-bulk-wholesale\/\",\"url\":\"https:\/\/www.wjwsy.com\/product\/custom-micro-usb-charging-cable-2-0-oem-tpe-pvc-data-sync-cord-for-android-devices-bulk-wholesale\/\",\"name\":\"Custom Micro USB Charging Cable 2.0 \u2013 OEM TPE\/PVC Data Sync Cord for Android Devices Bulk Wholesale - Professional USB cable manufacturer\",\"isPartOf\":{\"@id\":\"https:\/\/www.wjwsy.com\/#website\"},\"primaryImageOfPage\":{\"@id\":\"https:\/\/www.wjwsy.com\/product\/custom-micro-usb-charging-cable-2-0-oem-tpe-pvc-data-sync-cord-for-android-devices-bulk-wholesale\/#primaryimage\"},\"image\":{\"@id\":\"https:\/\/www.wjwsy.com\/product\/custom-micro-usb-charging-cable-2-0-oem-tpe-pvc-data-sync-cord-for-android-devices-bulk-wholesale\/#primaryimage\"},\"thumbnailUrl\":\"https:\/\/www.wjwsy.com\/wp-content\/uploads\/2025\/06\/micro-usb-data-charging-cable-2.jpg\",\"datePublished\":\"2025-06-09T02:40:30+00:00\",\"dateModified\":\"2026-04-16T07:11:53+00:00\",\"breadcrumb\":{\"@id\":\"https:\/\/www.wjwsy.com\/product\/custom-micro-usb-charging-cable-2-0-oem-tpe-pvc-data-sync-cord-for-android-devices-bulk-wholesale\/#breadcrumb\"},\"inLanguage\":\"fr-FR\",\"potentialAction\":[{\"@type\":\"ReadAction\",\"target\":[\"https:\/\/www.wjwsy.com\/product\/custom-micro-usb-charging-cable-2-0-oem-tpe-pvc-data-sync-cord-for-android-devices-bulk-wholesale\/\"]}]},{\"@type\":\"ImageObject\",\"inLanguage\":\"fr-FR\",\"@id\":\"https:\/\/www.wjwsy.com\/product\/custom-micro-usb-charging-cable-2-0-oem-tpe-pvc-data-sync-cord-for-android-devices-bulk-wholesale\/#primaryimage\",\"url\":\"https:\/\/www.wjwsy.com\/wp-content\/uploads\/2025\/06\/micro-usb-data-charging-cable-2.jpg\",\"contentUrl\":\"https:\/\/www.wjwsy.com\/wp-content\/uploads\/2025\/06\/micro-usb-data-charging-cable-2.jpg\",\"width\":786,\"height\":629,\"caption\":\"Custom Micro USB Charging Cable 2.0\"},{\"@type\":\"BreadcrumbList\",\"@id\":\"https:\/\/www.wjwsy.com\/product\/custom-micro-usb-charging-cable-2-0-oem-tpe-pvc-data-sync-cord-for-android-devices-bulk-wholesale\/#breadcrumb\",\"itemListElement\":[{\"@type\":\"ListItem\",\"position\":1,\"name\":\"\u9996\u9875\",\"item\":\"https:\/\/www.wjwsy.com\/\"},{\"@type\":\"ListItem\",\"position\":2,\"name\":\"Products\",\"item\":\"https:\/\/www.wjwsy.com\/design-editor__trashed\/\"},{\"@type\":\"ListItem\",\"position\":3,\"name\":\"Micro USB Cable Wholesale \u2013 Reliable Android Charging Cables for Budget &amp; Legacy Devices\",\"item\":\"https:\/\/www.wjwsy.com\/category\/usb-micro-cable\/\"},{\"@type\":\"ListItem\",\"position\":4,\"name\":\"Custom Micro USB Charging Cable 2.0 \u2013 OEM TPE\/PVC Data Sync Cord for Android Devices Bulk Wholesale\"}]},{\"@type\":\"WebSite\",\"@id\":\"https:\/\/www.wjwsy.com\/#website\",\"url\":\"https:\/\/www.wjwsy.com\/\",\"name\":\"wjwsy.com\",\"description\":\"Delivering High-Quality, Reliable USB Cables for Every Industry\",\"publisher\":{\"@id\":\"https:\/\/www.wjwsy.com\/#organization\"},\"potentialAction\":[{\"@type\":\"SearchAction\",\"target\":{\"@type\":\"EntryPoint\",\"urlTemplate\":\"https:\/\/www.wjwsy.com\/?s={search_term_string}\"},\"query-input\":{\"@type\":\"PropertyValueSpecification\",\"valueRequired\":true,\"valueName\":\"search_term_string\"}}],\"inLanguage\":\"fr-FR\"},{\"@type\":\"Organization\",\"@id\":\"https:\/\/www.wjwsy.com\/#organization\",\"name\":\"wjwsy.com\",\"url\":\"https:\/\/www.wjwsy.com\/\",\"logo\":{\"@type\":\"ImageObject\",\"inLanguage\":\"fr-FR\",\"@id\":\"https:\/\/www.wjwsy.com\/#\/schema\/logo\/image\/\",\"url\":\"\",\"contentUrl\":\"\",\"caption\":\"wjwsy.com\"},\"image\":{\"@id\":\"https:\/\/www.wjwsy.com\/#\/schema\/logo\/image\/\"}}]}<\/script>\n<!-- \/ Yoast SEO Premium plugin. -->","yoast_head_json":{"title":"Custom Micro USB Charging Cable 2.0 \u2013 OEM TPE\/PVC Data Sync Cord for Android Devices Bulk Wholesale - Professional USB cable manufacturer","robots":{"index":"index","follow":"follow","max-snippet":"max-snippet:-1","max-image-preview":"max-image-preview:large","max-video-preview":"max-video-preview:-1"},"canonical":"https:\/\/www.wjwsy.com\/fr\/produit\/custom-micro-usb-charging-cable-2-0-oem-tpe-pvc-data-sync-cord-for-android-devices-bulk-wholesale\/","og_locale":"fr_FR","og_type":"article","og_title":"Custom Micro USB Charging Cable 2.0 \u2013 OEM TPE\/PVC Data Sync Cord for Android Devices Bulk Wholesale","og_description":"Trade Terms:\u00a0 \u00a0 \u00a0 \u00a0 \u00a0 \u00a0 \u00a0 \u00a0 \u00a0 \u00a0 \u00a0 \u00a0 \u00a0FOB Shenzhen   OEM\/ODM:\u00a0 \u00a0 \u00a0 \u00a0 \u00a0 \u00a0 \u00a0 \u00a0 \u00a0 \u00a0 \u00a0 \u00a0 \u00a0 \u00a0 \u00a0 Yes  Production:\u00a0 \u00a0 \u00a0 \u00a0 \u00a0 \u00a0 \u00a0 \u00a0 \u00a0 \u00a0 \u00a0 \u00a0 \u00a0 \u00a0 \u00a0600,000PCS\/Month  Sample Time:\u00a0 \u00a0 \u00a0 \u00a0 \u00a0 \u00a0 \u00a0 \u00a0 \u00a0 \u00a0 \u00a0 \u00a0 \u00a05-10 Working Days  Minimum Order:\u00a0 \u00a0 \u00a0 \u00a0 \u00a0 \u00a0 \u00a0 \u00a0 \u00a0 \u00a0 \u00a03000 Pieces  Payment:\u00a0 \u00a0 \u00a0 \u00a0 \u00a0 \u00a0 \u00a0 \u00a0 \u00a0 \u00a0 \u00a0 \u00a0 \u00a0 \u00a0 \u00a0 \u00a0 \u00a0 T\/T, PayPal  Origin:\u00a0 \u00a0 \u00a0 \u00a0 \u00a0 \u00a0 \u00a0 \u00a0 \u00a0 \u00a0 \u00a0 \u00a0 \u00a0 \u00a0 \u00a0 \u00a0 \u00a0 \u00a0 \u00a0 \u00a0 Shenzhen China  Model\u00a0 \u00a0 \u00a0 \u00a0 \u00a0 \u00a0 \u00a0 \u00a0 \u00a0 \u00a0 \u00a0 \u00a0 \u00a0 \u00a0 \u00a0 \u00a0 \u00a0 \u00a0 \u00a0 \u00a0 \u00a0J-M1002","og_url":"https:\/\/www.wjwsy.com\/fr\/produit\/custom-micro-usb-charging-cable-2-0-oem-tpe-pvc-data-sync-cord-for-android-devices-bulk-wholesale\/","og_site_name":"Professional USB cable manufacturer","article_modified_time":"2026-04-16T07:11:53+00:00","og_image":[{"width":786,"height":629,"url":"https:\/\/www.wjwsy.com\/wp-content\/uploads\/2025\/06\/micro-usb-data-charging-cable-2.jpg","type":"image\/jpeg"}],"twitter_card":"summary_large_image","twitter_misc":{"Dur\u00e9e de lecture estim\u00e9e":"1 minute"},"schema":{"@context":"https:\/\/schema.org","@graph":[{"@type":"WebPage","@id":"https:\/\/www.wjwsy.com\/product\/custom-micro-usb-charging-cable-2-0-oem-tpe-pvc-data-sync-cord-for-android-devices-bulk-wholesale\/","url":"https:\/\/www.wjwsy.com\/product\/custom-micro-usb-charging-cable-2-0-oem-tpe-pvc-data-sync-cord-for-android-devices-bulk-wholesale\/","name":"Custom Micro USB Charging Cable 2.0 \u2013 OEM TPE\/PVC Data Sync Cord for Android Devices Bulk Wholesale - Professional USB cable manufacturer","isPartOf":{"@id":"https:\/\/www.wjwsy.com\/#website"},"primaryImageOfPage":{"@id":"https:\/\/www.wjwsy.com\/product\/custom-micro-usb-charging-cable-2-0-oem-tpe-pvc-data-sync-cord-for-android-devices-bulk-wholesale\/#primaryimage"},"image":{"@id":"https:\/\/www.wjwsy.com\/product\/custom-micro-usb-charging-cable-2-0-oem-tpe-pvc-data-sync-cord-for-android-devices-bulk-wholesale\/#primaryimage"},"thumbnailUrl":"https:\/\/www.wjwsy.com\/wp-content\/uploads\/2025\/06\/micro-usb-data-charging-cable-2.jpg","datePublished":"2025-06-09T02:40:30+00:00","dateModified":"2026-04-16T07:11:53+00:00","breadcrumb":{"@id":"https:\/\/www.wjwsy.com\/product\/custom-micro-usb-charging-cable-2-0-oem-tpe-pvc-data-sync-cord-for-android-devices-bulk-wholesale\/#breadcrumb"},"inLanguage":"fr-FR","potentialAction":[{"@type":"ReadAction","target":["https:\/\/www.wjwsy.com\/product\/custom-micro-usb-charging-cable-2-0-oem-tpe-pvc-data-sync-cord-for-android-devices-bulk-wholesale\/"]}]},{"@type":"ImageObject","inLanguage":"fr-FR","@id":"https:\/\/www.wjwsy.com\/product\/custom-micro-usb-charging-cable-2-0-oem-tpe-pvc-data-sync-cord-for-android-devices-bulk-wholesale\/#primaryimage","url":"https:\/\/www.wjwsy.com\/wp-content\/uploads\/2025\/06\/micro-usb-data-charging-cable-2.jpg","contentUrl":"https:\/\/www.wjwsy.com\/wp-content\/uploads\/2025\/06\/micro-usb-data-charging-cable-2.jpg","width":786,"height":629,"caption":"Custom Micro USB Charging Cable 2.0"},{"@type":"BreadcrumbList","@id":"https:\/\/www.wjwsy.com\/product\/custom-micro-usb-charging-cable-2-0-oem-tpe-pvc-data-sync-cord-for-android-devices-bulk-wholesale\/#breadcrumb","itemListElement":[{"@type":"ListItem","position":1,"name":"\u9996\u9875","item":"https:\/\/www.wjwsy.com\/"},{"@type":"ListItem","position":2,"name":"Products","item":"https:\/\/www.wjwsy.com\/design-editor__trashed\/"},{"@type":"ListItem","position":3,"name":"Micro USB Cable Wholesale \u2013 Reliable Android Charging Cables for Budget &amp; Legacy Devices","item":"https:\/\/www.wjwsy.com\/category\/usb-micro-cable\/"},{"@type":"ListItem","position":4,"name":"Custom Micro USB Charging Cable 2.0 \u2013 OEM TPE\/PVC Data Sync Cord for Android Devices Bulk Wholesale"}]},{"@type":"WebSite","@id":"https:\/\/www.wjwsy.com\/#website","url":"https:\/\/www.wjwsy.com\/","name":"wjwsy.com","description":"Delivering High-Quality, Reliable USB Cables for Every Industry","publisher":{"@id":"https:\/\/www.wjwsy.com\/#organization"},"potentialAction":[{"@type":"SearchAction","target":{"@type":"EntryPoint","urlTemplate":"https:\/\/www.wjwsy.com\/?s={search_term_string}"},"query-input":{"@type":"PropertyValueSpecification","valueRequired":true,"valueName":"search_term_string"}}],"inLanguage":"fr-FR"},{"@type":"Organization","@id":"https:\/\/www.wjwsy.com\/#organization","name":"wjwsy.com","url":"https:\/\/www.wjwsy.com\/","logo":{"@type":"ImageObject","inLanguage":"fr-FR","@id":"https:\/\/www.wjwsy.com\/#\/schema\/logo\/image\/","url":"","contentUrl":"","caption":"wjwsy.com"},"image":{"@id":"https:\/\/www.wjwsy.com\/#\/schema\/logo\/image\/"}}]}},"_links":{"self":[{"href":"https:\/\/www.wjwsy.com\/fr\/wp-json\/wp\/v2\/product\/8318","targetHints":{"allow":["GET"]}}],"collection":[{"href":"https:\/\/www.wjwsy.com\/fr\/wp-json\/wp\/v2\/product"}],"about":[{"href":"https:\/\/www.wjwsy.com\/fr\/wp-json\/wp\/v2\/types\/product"}],"wp:featuredmedia":[{"embeddable":true,"href":"https:\/\/www.wjwsy.com\/fr\/wp-json\/wp\/v2\/media\/8319"}],"wp:attachment":[{"href":"https:\/\/www.wjwsy.com\/fr\/wp-json\/wp\/v2\/media?parent=8318"}],"wp:term":[{"taxonomy":"product_brand","embeddable":true,"href":"https:\/\/www.wjwsy.com\/fr\/wp-json\/wp\/v2\/product_brand?post=8318"},{"taxonomy":"product_cat","embeddable":true,"href":"https:\/\/www.wjwsy.com\/fr\/wp-json\/wp\/v2\/product_cat?post=8318"},{"taxonomy":"product_tag","embeddable":true,"href":"https:\/\/www.wjwsy.com\/fr\/wp-json\/wp\/v2\/product_tag?post=8318"}],"curies":[{"name":"wp","href":"https:\/\/api.w.org\/{rel}","templated":true}]}}