{"id":6603,"date":"2025-04-22T08:18:41","date_gmt":"2025-04-22T08:18:41","guid":{"rendered":"https:\/\/www.wjwsy.com\/?post_type=product&#038;p=6603"},"modified":"2026-03-13T06:23:19","modified_gmt":"2026-03-13T06:23:19","slug":"12v-1a-power-adapter-ac-dc-switching-charger-for-led-strip-cctv-security-camera-wholesale","status":"publish","type":"product","link":"https:\/\/www.wjwsy.com\/fr\/produit\/12v-1a-power-adapter-ac-dc-switching-charger-for-led-strip-cctv-security-camera-wholesale\/","title":{"rendered":"12V 1A Adaptateur d'Alimentation AC\/DC Chargeur pour la Bande de LED\/CCTV\/Cam\u00e9ra de S\u00e9curit\u00e9 de Gros"},"content":{"rendered":"<div class=\"trade-terms\">\n<div class=\"column mcb-column mcb-item-cnmrscmcf four-fifth laptop-four-fifth tablet-four-fifth mobile-one column_heading\">\n<div class=\"mcb-column-inner mfn-module-wrapper mcb-column-inner-cnmrscmcf mcb-item-heading-inner\">\n<div class=\"column mcb-column mcb-item-cnmrscmcf four-fifth laptop-four-fifth tablet-four-fifth mobile-one column_heading\">\n<div class=\"mcb-column-inner mfn-module-wrapper mcb-column-inner-cnmrscmcf mcb-item-heading-inner\">\n<h4 class=\"title\">Description<\/h4>\n<\/div>\n<\/div>\n<div class=\"column mcb-column mcb-item-fcmgus7vi one laptop-one tablet-one mobile-one column_list_2\">\n<div class=\"mcb-column-inner mfn-module-wrapper mcb-column-inner-fcmgus7vi mcb-item-list_2-inner\">\n<h5>Interface: DC ou de TYPE C ou MICRO<\/h5>\n<h5>Entr\u00e9e: 100-240V, 50\/60 hz, 0,6 A<\/h5>\n<h5>Sortie: 12V-1,0 A<\/h5>\n<h5>Protection: surintensit\u00e9, surcharge, protection de court-circuit de la fonction<\/h5>\n<h5>Couleur: Blanc, Noir<\/h5>\n<h5>Taille: 50*42*35 MM<\/h5>\n<h5>Poids Net: 63g<\/h5>\n<\/div>\n<\/div>\n<\/div>\n<\/div>\n<\/div>","protected":false},"excerpt":{"rendered":"<div class=\"trade-terms\">\n<p><strong>Des Termes De L'\u00c9change<\/strong>: FOB Shenzhen<\/p>\n<p><strong>OEM\/ODM:<\/strong>\u00a0 \u00a0 \u00a0 \u00a0 \u00a0 \u00a0 \u00a0 \u00a0 \u00a0 \u00a0 \u00a0 \u00a0 \u00a0 \u00a0 \u00a0 \u00a0 \u00a0 Oui<\/p>\n<p><strong>Production:<\/strong>\u00a0 \u00a0 \u00a0 \u00a0 \u00a0 \u00a0 \u00a0 \u00a0 \u00a0 \u00a0 \u00a0 \u00a0 \u00a0 \u00a0 \u00a0 \u00a0 \u00a0De 600 000 PI\u00c8CES\/Mois<\/p>\n<p><strong>Temps D'\u00c9chantillon:<\/strong>\u00a0 \u00a0 \u00a0 \u00a0 \u00a0 \u00a0 \u00a0 \u00a0 \u00a0 \u00a0 \u00a0 \u00a0 \u00a0 \u00a0 \u00a05-10 Jours Ouvrables<\/p>\n<p><strong>Minimum De Commande:<\/strong>\u00a0 \u00a0 \u00a0 \u00a0 \u00a0 \u00a0 \u00a0 \u00a0 \u00a0 \u00a0 \u00a0 \u00a0 1000 Pi\u00e8ces<\/p>\n<p><strong>Paiement:<\/strong>\u00a0 \u00a0 \u00a0 \u00a0 \u00a0 \u00a0 \u00a0 \u00a0 \u00a0 \u00a0 \u00a0 \u00a0 \u00a0 \u00a0 \u00a0 \u00a0 \u00a0 \u00a0 \u00a0T\/T, PayPal<\/p>\n<p><strong>Origine:<\/strong>\u00a0 \u00a0 \u00a0 \u00a0 \u00a0 \u00a0 \u00a0 \u00a0 \u00a0 \u00a0 \u00a0 \u00a0 \u00a0 \u00a0 \u00a0 \u00a0 \u00a0 \u00a0 \u00a0 \u00a0 \u00a0 \u00a0Shenzhen, Chine<\/p>\n<p><strong>Mod\u00e8le<\/strong>\u00a0 \u00a0 \u00a0 \u00a0 \u00a0 \u00a0 \u00a0 \u00a0 \u00a0 \u00a0 \u00a0 \u00a0 \u00a0 \u00a0 \u00a0 \u00a0 \u00a0 \u00a0 \u00a0 \u00a0 \u00a0 \u00a0 <a href=\"#\">GA-1201000C<\/a><\/p>\n<\/div>","protected":false},"featured_media":8072,"template":"","meta":{"_eb_attr":""},"product_brand":[],"product_cat":[1244],"product_tag":[],"class_list":{"0":"post-6603","1":"product","2":"type-product","3":"status-publish","4":"has-post-thumbnail","6":"product_cat-charger","8":"first","9":"instock","10":"shipping-taxable","11":"product-type-simple"},"yoast_head":"<!-- This site is optimized with the Yoast SEO Premium plugin v23.7 (Yoast SEO v23.7) - https:\/\/yoast.com\/wordpress\/plugins\/seo\/ -->\n<title>12V 1A Power Adapter \u2013 AC\/DC Switching Charger for LED Strip\/CCTV\/Security Camera Wholesale - Professional USB cable manufacturer<\/title>\n<meta name=\"description\" content=\"Wholesale 12V 1A Power Adapter offering reliable power supply and stable performance. Ideal for bulk orders and OEM customization.\" \/>\n<meta name=\"robots\" content=\"index, follow, max-snippet:-1, max-image-preview:large, max-video-preview:-1\" \/>\n<link rel=\"canonical\" href=\"https:\/\/www.wjwsy.com\/fr\/produit\/12v-1a-power-adapter-ac-dc-switching-charger-for-led-strip-cctv-security-camera-wholesale\/\" \/>\n<meta property=\"og:locale\" content=\"fr_FR\" \/>\n<meta property=\"og:type\" content=\"article\" \/>\n<meta property=\"og:title\" content=\"12V 1A Power Adapter \u2013 AC\/DC Switching Charger for LED Strip\/CCTV\/Security Camera Wholesale\" \/>\n<meta property=\"og:description\" content=\"Wholesale 12V 1A Power Adapter offering reliable power supply and stable performance. Ideal for bulk orders and OEM customization.\" \/>\n<meta property=\"og:url\" content=\"https:\/\/www.wjwsy.com\/fr\/produit\/12v-1a-power-adapter-ac-dc-switching-charger-for-led-strip-cctv-security-camera-wholesale\/\" \/>\n<meta property=\"og:site_name\" content=\"Professional USB cable manufacturer\" \/>\n<meta property=\"article:modified_time\" content=\"2026-03-13T06:23:19+00:00\" \/>\n<meta property=\"og:image\" content=\"https:\/\/www.wjwsy.com\/wp-content\/uploads\/2025\/04\/power-adapter-12v-1a-6.jpg\" \/>\n\t<meta property=\"og:image:width\" content=\"750\" \/>\n\t<meta property=\"og:image:height\" content=\"600\" \/>\n\t<meta property=\"og:image:type\" content=\"image\/jpeg\" \/>\n<meta name=\"twitter:card\" content=\"summary_large_image\" \/>\n<meta name=\"twitter:label1\" content=\"Dur\u00e9e de lecture estim\u00e9e\" \/>\n\t<meta name=\"twitter:data1\" content=\"1 minute\" \/>\n<script type=\"application\/ld+json\" class=\"yoast-schema-graph\">{\"@context\":\"https:\/\/schema.org\",\"@graph\":[{\"@type\":\"WebPage\",\"@id\":\"https:\/\/www.wjwsy.com\/product\/12v-1a-power-adapter-ac-dc-switching-charger-for-led-strip-cctv-security-camera-wholesale\/\",\"url\":\"https:\/\/www.wjwsy.com\/product\/12v-1a-power-adapter-ac-dc-switching-charger-for-led-strip-cctv-security-camera-wholesale\/\",\"name\":\"12V 1A Power Adapter \u2013 AC\/DC Switching Charger for LED Strip\/CCTV\/Security Camera Wholesale - Professional USB cable manufacturer\",\"isPartOf\":{\"@id\":\"https:\/\/www.wjwsy.com\/#website\"},\"primaryImageOfPage\":{\"@id\":\"https:\/\/www.wjwsy.com\/product\/12v-1a-power-adapter-ac-dc-switching-charger-for-led-strip-cctv-security-camera-wholesale\/#primaryimage\"},\"image\":{\"@id\":\"https:\/\/www.wjwsy.com\/product\/12v-1a-power-adapter-ac-dc-switching-charger-for-led-strip-cctv-security-camera-wholesale\/#primaryimage\"},\"thumbnailUrl\":\"https:\/\/www.wjwsy.com\/wp-content\/uploads\/2025\/04\/power-adapter-12v-1a-6.jpg\",\"datePublished\":\"2025-04-22T08:18:41+00:00\",\"dateModified\":\"2026-03-13T06:23:19+00:00\",\"description\":\"Wholesale 12V 1A Power Adapter offering reliable power supply and stable performance. Ideal for bulk orders and OEM customization.\",\"breadcrumb\":{\"@id\":\"https:\/\/www.wjwsy.com\/product\/12v-1a-power-adapter-ac-dc-switching-charger-for-led-strip-cctv-security-camera-wholesale\/#breadcrumb\"},\"inLanguage\":\"fr-FR\",\"potentialAction\":[{\"@type\":\"ReadAction\",\"target\":[\"https:\/\/www.wjwsy.com\/product\/12v-1a-power-adapter-ac-dc-switching-charger-for-led-strip-cctv-security-camera-wholesale\/\"]}]},{\"@type\":\"ImageObject\",\"inLanguage\":\"fr-FR\",\"@id\":\"https:\/\/www.wjwsy.com\/product\/12v-1a-power-adapter-ac-dc-switching-charger-for-led-strip-cctv-security-camera-wholesale\/#primaryimage\",\"url\":\"https:\/\/www.wjwsy.com\/wp-content\/uploads\/2025\/04\/power-adapter-12v-1a-6.jpg\",\"contentUrl\":\"https:\/\/www.wjwsy.com\/wp-content\/uploads\/2025\/04\/power-adapter-12v-1a-6.jpg\",\"width\":750,\"height\":600},{\"@type\":\"BreadcrumbList\",\"@id\":\"https:\/\/www.wjwsy.com\/product\/12v-1a-power-adapter-ac-dc-switching-charger-for-led-strip-cctv-security-camera-wholesale\/#breadcrumb\",\"itemListElement\":[{\"@type\":\"ListItem\",\"position\":1,\"name\":\"\u9996\u9875\",\"item\":\"https:\/\/www.wjwsy.com\/\"},{\"@type\":\"ListItem\",\"position\":2,\"name\":\"Products\",\"item\":\"https:\/\/www.wjwsy.com\/design-editor__trashed\/\"},{\"@type\":\"ListItem\",\"position\":3,\"name\":\"USB Charger Manufacturer \u2013 GaN Fast Chargers &amp; Power Adapters for European Brands\",\"item\":\"https:\/\/www.wjwsy.com\/category\/charger\/\"},{\"@type\":\"ListItem\",\"position\":4,\"name\":\"12V 1A Power Adapter \u2013 AC\/DC Switching Charger for LED Strip\/CCTV\/Security Camera Wholesale\"}]},{\"@type\":\"WebSite\",\"@id\":\"https:\/\/www.wjwsy.com\/#website\",\"url\":\"https:\/\/www.wjwsy.com\/\",\"name\":\"wjwsy.com\",\"description\":\"Delivering High-Quality, Reliable USB Cables for Every Industry\",\"publisher\":{\"@id\":\"https:\/\/www.wjwsy.com\/#organization\"},\"potentialAction\":[{\"@type\":\"SearchAction\",\"target\":{\"@type\":\"EntryPoint\",\"urlTemplate\":\"https:\/\/www.wjwsy.com\/?s={search_term_string}\"},\"query-input\":{\"@type\":\"PropertyValueSpecification\",\"valueRequired\":true,\"valueName\":\"search_term_string\"}}],\"inLanguage\":\"fr-FR\"},{\"@type\":\"Organization\",\"@id\":\"https:\/\/www.wjwsy.com\/#organization\",\"name\":\"wjwsy.com\",\"url\":\"https:\/\/www.wjwsy.com\/\",\"logo\":{\"@type\":\"ImageObject\",\"inLanguage\":\"fr-FR\",\"@id\":\"https:\/\/www.wjwsy.com\/#\/schema\/logo\/image\/\",\"url\":\"\",\"contentUrl\":\"\",\"caption\":\"wjwsy.com\"},\"image\":{\"@id\":\"https:\/\/www.wjwsy.com\/#\/schema\/logo\/image\/\"}}]}<\/script>\n<!-- \/ Yoast SEO Premium plugin. -->","yoast_head_json":{"title":"12V 1A Power Adapter \u2013 AC\/DC Switching Charger for LED Strip\/CCTV\/Security Camera Wholesale - Professional USB cable manufacturer","description":"Wholesale 12V 1A Power Adapter offering reliable power supply and stable performance. Ideal for bulk orders and OEM customization.","robots":{"index":"index","follow":"follow","max-snippet":"max-snippet:-1","max-image-preview":"max-image-preview:large","max-video-preview":"max-video-preview:-1"},"canonical":"https:\/\/www.wjwsy.com\/fr\/produit\/12v-1a-power-adapter-ac-dc-switching-charger-for-led-strip-cctv-security-camera-wholesale\/","og_locale":"fr_FR","og_type":"article","og_title":"12V 1A Power Adapter \u2013 AC\/DC Switching Charger for LED Strip\/CCTV\/Security Camera Wholesale","og_description":"Wholesale 12V 1A Power Adapter offering reliable power supply and stable performance. Ideal for bulk orders and OEM customization.","og_url":"https:\/\/www.wjwsy.com\/fr\/produit\/12v-1a-power-adapter-ac-dc-switching-charger-for-led-strip-cctv-security-camera-wholesale\/","og_site_name":"Professional USB cable manufacturer","article_modified_time":"2026-03-13T06:23:19+00:00","og_image":[{"width":750,"height":600,"url":"https:\/\/www.wjwsy.com\/wp-content\/uploads\/2025\/04\/power-adapter-12v-1a-6.jpg","type":"image\/jpeg"}],"twitter_card":"summary_large_image","twitter_misc":{"Dur\u00e9e de lecture estim\u00e9e":"1 minute"},"schema":{"@context":"https:\/\/schema.org","@graph":[{"@type":"WebPage","@id":"https:\/\/www.wjwsy.com\/product\/12v-1a-power-adapter-ac-dc-switching-charger-for-led-strip-cctv-security-camera-wholesale\/","url":"https:\/\/www.wjwsy.com\/product\/12v-1a-power-adapter-ac-dc-switching-charger-for-led-strip-cctv-security-camera-wholesale\/","name":"12V 1A Power Adapter \u2013 AC\/DC Switching Charger for LED Strip\/CCTV\/Security Camera Wholesale - Professional USB cable manufacturer","isPartOf":{"@id":"https:\/\/www.wjwsy.com\/#website"},"primaryImageOfPage":{"@id":"https:\/\/www.wjwsy.com\/product\/12v-1a-power-adapter-ac-dc-switching-charger-for-led-strip-cctv-security-camera-wholesale\/#primaryimage"},"image":{"@id":"https:\/\/www.wjwsy.com\/product\/12v-1a-power-adapter-ac-dc-switching-charger-for-led-strip-cctv-security-camera-wholesale\/#primaryimage"},"thumbnailUrl":"https:\/\/www.wjwsy.com\/wp-content\/uploads\/2025\/04\/power-adapter-12v-1a-6.jpg","datePublished":"2025-04-22T08:18:41+00:00","dateModified":"2026-03-13T06:23:19+00:00","description":"Wholesale 12V 1A Power Adapter offering reliable power supply and stable performance. Ideal for bulk orders and OEM customization.","breadcrumb":{"@id":"https:\/\/www.wjwsy.com\/product\/12v-1a-power-adapter-ac-dc-switching-charger-for-led-strip-cctv-security-camera-wholesale\/#breadcrumb"},"inLanguage":"fr-FR","potentialAction":[{"@type":"ReadAction","target":["https:\/\/www.wjwsy.com\/product\/12v-1a-power-adapter-ac-dc-switching-charger-for-led-strip-cctv-security-camera-wholesale\/"]}]},{"@type":"ImageObject","inLanguage":"fr-FR","@id":"https:\/\/www.wjwsy.com\/product\/12v-1a-power-adapter-ac-dc-switching-charger-for-led-strip-cctv-security-camera-wholesale\/#primaryimage","url":"https:\/\/www.wjwsy.com\/wp-content\/uploads\/2025\/04\/power-adapter-12v-1a-6.jpg","contentUrl":"https:\/\/www.wjwsy.com\/wp-content\/uploads\/2025\/04\/power-adapter-12v-1a-6.jpg","width":750,"height":600},{"@type":"BreadcrumbList","@id":"https:\/\/www.wjwsy.com\/product\/12v-1a-power-adapter-ac-dc-switching-charger-for-led-strip-cctv-security-camera-wholesale\/#breadcrumb","itemListElement":[{"@type":"ListItem","position":1,"name":"\u9996\u9875","item":"https:\/\/www.wjwsy.com\/"},{"@type":"ListItem","position":2,"name":"Products","item":"https:\/\/www.wjwsy.com\/design-editor__trashed\/"},{"@type":"ListItem","position":3,"name":"USB Charger Manufacturer \u2013 GaN Fast Chargers &amp; Power Adapters for European Brands","item":"https:\/\/www.wjwsy.com\/category\/charger\/"},{"@type":"ListItem","position":4,"name":"12V 1A Power Adapter \u2013 AC\/DC Switching Charger for LED Strip\/CCTV\/Security Camera Wholesale"}]},{"@type":"WebSite","@id":"https:\/\/www.wjwsy.com\/#website","url":"https:\/\/www.wjwsy.com\/","name":"wjwsy.com","description":"Delivering High-Quality, Reliable USB Cables for Every Industry","publisher":{"@id":"https:\/\/www.wjwsy.com\/#organization"},"potentialAction":[{"@type":"SearchAction","target":{"@type":"EntryPoint","urlTemplate":"https:\/\/www.wjwsy.com\/?s={search_term_string}"},"query-input":{"@type":"PropertyValueSpecification","valueRequired":true,"valueName":"search_term_string"}}],"inLanguage":"fr-FR"},{"@type":"Organization","@id":"https:\/\/www.wjwsy.com\/#organization","name":"wjwsy.com","url":"https:\/\/www.wjwsy.com\/","logo":{"@type":"ImageObject","inLanguage":"fr-FR","@id":"https:\/\/www.wjwsy.com\/#\/schema\/logo\/image\/","url":"","contentUrl":"","caption":"wjwsy.com"},"image":{"@id":"https:\/\/www.wjwsy.com\/#\/schema\/logo\/image\/"}}]}},"_links":{"self":[{"href":"https:\/\/www.wjwsy.com\/fr\/wp-json\/wp\/v2\/product\/6603","targetHints":{"allow":["GET"]}}],"collection":[{"href":"https:\/\/www.wjwsy.com\/fr\/wp-json\/wp\/v2\/product"}],"about":[{"href":"https:\/\/www.wjwsy.com\/fr\/wp-json\/wp\/v2\/types\/product"}],"wp:featuredmedia":[{"embeddable":true,"href":"https:\/\/www.wjwsy.com\/fr\/wp-json\/wp\/v2\/media\/8072"}],"wp:attachment":[{"href":"https:\/\/www.wjwsy.com\/fr\/wp-json\/wp\/v2\/media?parent=6603"}],"wp:term":[{"taxonomy":"product_brand","embeddable":true,"href":"https:\/\/www.wjwsy.com\/fr\/wp-json\/wp\/v2\/product_brand?post=6603"},{"taxonomy":"product_cat","embeddable":true,"href":"https:\/\/www.wjwsy.com\/fr\/wp-json\/wp\/v2\/product_cat?post=6603"},{"taxonomy":"product_tag","embeddable":true,"href":"https:\/\/www.wjwsy.com\/fr\/wp-json\/wp\/v2\/product_tag?post=6603"}],"curies":[{"name":"wp","href":"https:\/\/api.w.org\/{rel}","templated":true}]}}