{"id":3268,"date":"2024-12-31T07:23:09","date_gmt":"2024-12-31T07:23:09","guid":{"rendered":"https:\/\/www.wjwsy.com\/?post_type=product&#038;p=3268"},"modified":"2026-03-13T03:08:56","modified_gmt":"2026-03-13T03:08:56","slug":"oem-micro-usb-cable-2-0-custom-tpe-pvc-micro-usb-charging-cord-with-logo-printing-factory-direct","status":"publish","type":"product","link":"https:\/\/www.wjwsy.com\/fr\/produit\/oem-micro-usb-cable-2-0-custom-tpe-pvc-micro-usb-charging-cord-with-logo-printing-factory-direct\/","title":{"rendered":"OEM C\u00e2ble Micro USB 2.0 \u2013 Custom TPE\/PVC Micro USB c\u00e2ble de Recharge avec l'Impression de Logo Direct d'Usine"},"content":{"rendered":"<h2 class=\"mcb-wrap-background-overlay\"><span style=\"font-size: 21px;\">D\u00e9tails Techniques:<\/span><\/h2>\n<div class=\"mcb-wrap-background-overlay\">L'interface d'entr\u00e9e: USB A<\/div>\n<div class=\"column mcb-column mcb-item-26bhx6ty one laptop-one tablet-one mobile-one column_list_2\">\n<div class=\"mcb-column-inner mfn-module-wrapper mcb-column-inner-26bhx6ty mcb-item-list_2-inner\">\n<p><i class=\"icon-dot\" aria-hidden=\"true\"><\/i>Interface de sortie: USB Micro<\/p>\n<p><i class=\"icon-dot\" aria-hidden=\"true\"><\/i>Application: Micro-interface de l'appareil<\/p>\n<p><i class=\"icon-dot\" aria-hidden=\"true\"><\/i>Standard USB: USB 2.0<\/p>\n<p><i class=\"icon-dot\" aria-hidden=\"true\"><\/i>Fonction: Charge + de transmission de donn\u00e9es<\/p>\n<p><i class=\"icon-dot\" aria-hidden=\"true\"><\/i>Tension de fonctionnement: 5V<\/p>\n<p><i class=\"icon-dot\" aria-hidden=\"true\"><\/i>Transmission de donn\u00e9es: \u2264480 mbits \/ s<\/p>\n<p><i class=\"icon-dot\" aria-hidden=\"true\"><\/i>Longueur: sur mesure \u00e0 la longueur d\u00e9sir\u00e9e<\/p>\n<p><i class=\"icon-dot\" aria-hidden=\"true\"><\/i>Couleur: Blanc\/Noir\/Adapt\u00e9es au besoin<\/p>\n<p><i class=\"icon-dot\" aria-hidden=\"true\"><\/i>Mat\u00e9riau de gaine: TPE ou en PVC<\/p>\n<p>MOQ: 1000<\/p>\n<p><i class=\"icon-dot\" aria-hidden=\"true\"><\/i><span class=\"mfn-list-desc\">Inspection: 100% inspection de QC avant exp\u00e9dition<\/span><\/p>\n<\/div>\n<\/div>","protected":false},"excerpt":{"rendered":"<div class=\"trade-terms\">\n<p><strong>Des Termes De L'\u00c9change<\/strong>: FOB Shenzhen<\/p>\n<p><strong>OEM\/ODM:<\/strong>\u00a0 \u00a0 \u00a0 \u00a0 \u00a0 \u00a0 \u00a0 \u00a0 \u00a0 \u00a0 \u00a0 \u00a0 \u00a0 \u00a0 \u00a0 \u00a0 \u00a0 Oui<\/p>\n<p><strong>Production:<\/strong>\u00a0 \u00a0 \u00a0 \u00a0 \u00a0 \u00a0 \u00a0 \u00a0 \u00a0 \u00a0 \u00a0 \u00a0 \u00a0 \u00a0 \u00a0 \u00a0 \u00a0De 600 000 PI\u00c8CES\/Mois<\/p>\n<p><strong>Temps D'\u00c9chantillon:<\/strong>\u00a0 \u00a0 \u00a0 \u00a0 \u00a0 \u00a0 \u00a0 \u00a0 \u00a0 \u00a0 \u00a0 \u00a0 \u00a0 \u00a0 \u00a05-10 Jours Ouvrables<\/p>\n<p><strong>Minimum De Commande:<\/strong>\u00a0 \u00a0 \u00a0 \u00a0 \u00a0 \u00a0 \u00a0 \u00a0 \u00a0 \u00a0 \u00a0 \u00a0 1000 Pi\u00e8ces<\/p>\n<p><strong>Paiement:<\/strong>\u00a0 \u00a0 \u00a0 \u00a0 \u00a0 \u00a0 \u00a0 \u00a0 \u00a0 \u00a0 \u00a0 \u00a0 \u00a0 \u00a0 \u00a0 \u00a0 \u00a0 \u00a0 \u00a0T\/T, PayPal<\/p>\n<p><strong>Origine:<\/strong>\u00a0 \u00a0 \u00a0 \u00a0 \u00a0 \u00a0 \u00a0 \u00a0 \u00a0 \u00a0 \u00a0 \u00a0 \u00a0 \u00a0 \u00a0 \u00a0 \u00a0 \u00a0 \u00a0 \u00a0 \u00a0 \u00a0Shenzhen, Chine<\/p>\n<p><strong>Mod\u00e8le J-M1001<\/strong><\/p>\n<\/div>","protected":false},"featured_media":8913,"template":"","meta":{"_eb_attr":""},"product_brand":[],"product_cat":[726],"product_tag":[],"class_list":{"0":"post-3268","1":"product","2":"type-product","3":"status-publish","4":"has-post-thumbnail","6":"product_cat-usb-micro-cable","8":"first","9":"instock","10":"shipping-taxable","11":"product-type-simple"},"yoast_head":"<!-- This site is optimized with the Yoast SEO Premium plugin v23.7 (Yoast SEO v23.7) - https:\/\/yoast.com\/wordpress\/plugins\/seo\/ -->\n<title>OEM Micro USB Cable 2.0 \u2013 Custom TPE\/PVC Micro USB Charging Cord with Logo Printing Factory Direct - Professional USB cable manufacturer<\/title>\n<meta name=\"description\" content=\"Wholesale USB A to Micro USB Cable with durable design, supports fast charging and data transfer. Ideal for bulk orders and OEM customization.\" \/>\n<meta name=\"robots\" content=\"index, follow, max-snippet:-1, max-image-preview:large, max-video-preview:-1\" \/>\n<link rel=\"canonical\" href=\"https:\/\/www.wjwsy.com\/fr\/produit\/oem-micro-usb-cable-2-0-custom-tpe-pvc-micro-usb-charging-cord-with-logo-printing-factory-direct\/\" \/>\n<meta property=\"og:locale\" content=\"fr_FR\" \/>\n<meta property=\"og:type\" content=\"article\" \/>\n<meta property=\"og:title\" content=\"OEM Micro USB Cable 2.0 \u2013 Custom TPE\/PVC Micro USB Charging Cord with Logo Printing Factory Direct\" \/>\n<meta property=\"og:description\" content=\"Wholesale USB A to Micro USB Cable with durable design, supports fast charging and data transfer. Ideal for bulk orders and OEM customization.\" \/>\n<meta property=\"og:url\" content=\"https:\/\/www.wjwsy.com\/fr\/produit\/oem-micro-usb-cable-2-0-custom-tpe-pvc-micro-usb-charging-cord-with-logo-printing-factory-direct\/\" \/>\n<meta property=\"og:site_name\" content=\"Professional USB cable manufacturer\" \/>\n<meta property=\"article:modified_time\" content=\"2026-03-13T03:08:56+00:00\" \/>\n<meta property=\"og:image\" content=\"https:\/\/www.wjwsy.com\/wp-content\/uploads\/2024\/12\/J-M1001-3.jpg\" \/>\n\t<meta property=\"og:image:width\" content=\"750\" \/>\n\t<meta property=\"og:image:height\" content=\"600\" \/>\n\t<meta property=\"og:image:type\" content=\"image\/jpeg\" \/>\n<meta name=\"twitter:card\" content=\"summary_large_image\" \/>\n<meta name=\"twitter:label1\" content=\"Dur\u00e9e de lecture estim\u00e9e\" \/>\n\t<meta name=\"twitter:data1\" content=\"1 minute\" \/>\n<script type=\"application\/ld+json\" class=\"yoast-schema-graph\">{\"@context\":\"https:\/\/schema.org\",\"@graph\":[{\"@type\":\"WebPage\",\"@id\":\"https:\/\/www.wjwsy.com\/product\/oem-micro-usb-cable-2-0-custom-tpe-pvc-micro-usb-charging-cord-with-logo-printing-factory-direct\/\",\"url\":\"https:\/\/www.wjwsy.com\/product\/oem-micro-usb-cable-2-0-custom-tpe-pvc-micro-usb-charging-cord-with-logo-printing-factory-direct\/\",\"name\":\"OEM Micro USB Cable 2.0 \u2013 Custom TPE\/PVC Micro USB Charging Cord with Logo Printing Factory Direct - Professional USB cable manufacturer\",\"isPartOf\":{\"@id\":\"https:\/\/www.wjwsy.com\/#website\"},\"primaryImageOfPage\":{\"@id\":\"https:\/\/www.wjwsy.com\/product\/oem-micro-usb-cable-2-0-custom-tpe-pvc-micro-usb-charging-cord-with-logo-printing-factory-direct\/#primaryimage\"},\"image\":{\"@id\":\"https:\/\/www.wjwsy.com\/product\/oem-micro-usb-cable-2-0-custom-tpe-pvc-micro-usb-charging-cord-with-logo-printing-factory-direct\/#primaryimage\"},\"thumbnailUrl\":\"https:\/\/www.wjwsy.com\/wp-content\/uploads\/2024\/12\/J-M1001-3.jpg\",\"datePublished\":\"2024-12-31T07:23:09+00:00\",\"dateModified\":\"2026-03-13T03:08:56+00:00\",\"description\":\"Wholesale USB A to Micro USB Cable with durable design, supports fast charging and data transfer. Ideal for bulk orders and OEM customization.\",\"breadcrumb\":{\"@id\":\"https:\/\/www.wjwsy.com\/product\/oem-micro-usb-cable-2-0-custom-tpe-pvc-micro-usb-charging-cord-with-logo-printing-factory-direct\/#breadcrumb\"},\"inLanguage\":\"fr-FR\",\"potentialAction\":[{\"@type\":\"ReadAction\",\"target\":[\"https:\/\/www.wjwsy.com\/product\/oem-micro-usb-cable-2-0-custom-tpe-pvc-micro-usb-charging-cord-with-logo-printing-factory-direct\/\"]}]},{\"@type\":\"ImageObject\",\"inLanguage\":\"fr-FR\",\"@id\":\"https:\/\/www.wjwsy.com\/product\/oem-micro-usb-cable-2-0-custom-tpe-pvc-micro-usb-charging-cord-with-logo-printing-factory-direct\/#primaryimage\",\"url\":\"https:\/\/www.wjwsy.com\/wp-content\/uploads\/2024\/12\/J-M1001-3.jpg\",\"contentUrl\":\"https:\/\/www.wjwsy.com\/wp-content\/uploads\/2024\/12\/J-M1001-3.jpg\",\"width\":750,\"height\":600},{\"@type\":\"BreadcrumbList\",\"@id\":\"https:\/\/www.wjwsy.com\/product\/oem-micro-usb-cable-2-0-custom-tpe-pvc-micro-usb-charging-cord-with-logo-printing-factory-direct\/#breadcrumb\",\"itemListElement\":[{\"@type\":\"ListItem\",\"position\":1,\"name\":\"\u9996\u9875\",\"item\":\"https:\/\/www.wjwsy.com\/\"},{\"@type\":\"ListItem\",\"position\":2,\"name\":\"Products\",\"item\":\"https:\/\/www.wjwsy.com\/design-editor__trashed\/\"},{\"@type\":\"ListItem\",\"position\":3,\"name\":\"Micro USB Cable Wholesale \u2013 Reliable Android Charging Cables for Budget &amp; Legacy Devices\",\"item\":\"https:\/\/www.wjwsy.com\/category\/usb-micro-cable\/\"},{\"@type\":\"ListItem\",\"position\":4,\"name\":\"OEM Micro USB Cable 2.0 \u2013 Custom TPE\/PVC Micro USB Charging Cord with Logo Printing Factory Direct\"}]},{\"@type\":\"WebSite\",\"@id\":\"https:\/\/www.wjwsy.com\/#website\",\"url\":\"https:\/\/www.wjwsy.com\/\",\"name\":\"wjwsy.com\",\"description\":\"Delivering High-Quality, Reliable USB Cables for Every Industry\",\"publisher\":{\"@id\":\"https:\/\/www.wjwsy.com\/#organization\"},\"potentialAction\":[{\"@type\":\"SearchAction\",\"target\":{\"@type\":\"EntryPoint\",\"urlTemplate\":\"https:\/\/www.wjwsy.com\/?s={search_term_string}\"},\"query-input\":{\"@type\":\"PropertyValueSpecification\",\"valueRequired\":true,\"valueName\":\"search_term_string\"}}],\"inLanguage\":\"fr-FR\"},{\"@type\":\"Organization\",\"@id\":\"https:\/\/www.wjwsy.com\/#organization\",\"name\":\"wjwsy.com\",\"url\":\"https:\/\/www.wjwsy.com\/\",\"logo\":{\"@type\":\"ImageObject\",\"inLanguage\":\"fr-FR\",\"@id\":\"https:\/\/www.wjwsy.com\/#\/schema\/logo\/image\/\",\"url\":\"\",\"contentUrl\":\"\",\"caption\":\"wjwsy.com\"},\"image\":{\"@id\":\"https:\/\/www.wjwsy.com\/#\/schema\/logo\/image\/\"}}]}<\/script>\n<!-- \/ Yoast SEO Premium plugin. -->","yoast_head_json":{"title":"OEM Micro USB Cable 2.0 \u2013 Custom TPE\/PVC Micro USB Charging Cord with Logo Printing Factory Direct - Professional USB cable manufacturer","description":"Wholesale USB A to Micro USB Cable with durable design, supports fast charging and data transfer. Ideal for bulk orders and OEM customization.","robots":{"index":"index","follow":"follow","max-snippet":"max-snippet:-1","max-image-preview":"max-image-preview:large","max-video-preview":"max-video-preview:-1"},"canonical":"https:\/\/www.wjwsy.com\/fr\/produit\/oem-micro-usb-cable-2-0-custom-tpe-pvc-micro-usb-charging-cord-with-logo-printing-factory-direct\/","og_locale":"fr_FR","og_type":"article","og_title":"OEM Micro USB Cable 2.0 \u2013 Custom TPE\/PVC Micro USB Charging Cord with Logo Printing Factory Direct","og_description":"Wholesale USB A to Micro USB Cable with durable design, supports fast charging and data transfer. Ideal for bulk orders and OEM customization.","og_url":"https:\/\/www.wjwsy.com\/fr\/produit\/oem-micro-usb-cable-2-0-custom-tpe-pvc-micro-usb-charging-cord-with-logo-printing-factory-direct\/","og_site_name":"Professional USB cable manufacturer","article_modified_time":"2026-03-13T03:08:56+00:00","og_image":[{"width":750,"height":600,"url":"https:\/\/www.wjwsy.com\/wp-content\/uploads\/2024\/12\/J-M1001-3.jpg","type":"image\/jpeg"}],"twitter_card":"summary_large_image","twitter_misc":{"Dur\u00e9e de lecture estim\u00e9e":"1 minute"},"schema":{"@context":"https:\/\/schema.org","@graph":[{"@type":"WebPage","@id":"https:\/\/www.wjwsy.com\/product\/oem-micro-usb-cable-2-0-custom-tpe-pvc-micro-usb-charging-cord-with-logo-printing-factory-direct\/","url":"https:\/\/www.wjwsy.com\/product\/oem-micro-usb-cable-2-0-custom-tpe-pvc-micro-usb-charging-cord-with-logo-printing-factory-direct\/","name":"OEM Micro USB Cable 2.0 \u2013 Custom TPE\/PVC Micro USB Charging Cord with Logo Printing Factory Direct - Professional USB cable manufacturer","isPartOf":{"@id":"https:\/\/www.wjwsy.com\/#website"},"primaryImageOfPage":{"@id":"https:\/\/www.wjwsy.com\/product\/oem-micro-usb-cable-2-0-custom-tpe-pvc-micro-usb-charging-cord-with-logo-printing-factory-direct\/#primaryimage"},"image":{"@id":"https:\/\/www.wjwsy.com\/product\/oem-micro-usb-cable-2-0-custom-tpe-pvc-micro-usb-charging-cord-with-logo-printing-factory-direct\/#primaryimage"},"thumbnailUrl":"https:\/\/www.wjwsy.com\/wp-content\/uploads\/2024\/12\/J-M1001-3.jpg","datePublished":"2024-12-31T07:23:09+00:00","dateModified":"2026-03-13T03:08:56+00:00","description":"Wholesale USB A to Micro USB Cable with durable design, supports fast charging and data transfer. Ideal for bulk orders and OEM customization.","breadcrumb":{"@id":"https:\/\/www.wjwsy.com\/product\/oem-micro-usb-cable-2-0-custom-tpe-pvc-micro-usb-charging-cord-with-logo-printing-factory-direct\/#breadcrumb"},"inLanguage":"fr-FR","potentialAction":[{"@type":"ReadAction","target":["https:\/\/www.wjwsy.com\/product\/oem-micro-usb-cable-2-0-custom-tpe-pvc-micro-usb-charging-cord-with-logo-printing-factory-direct\/"]}]},{"@type":"ImageObject","inLanguage":"fr-FR","@id":"https:\/\/www.wjwsy.com\/product\/oem-micro-usb-cable-2-0-custom-tpe-pvc-micro-usb-charging-cord-with-logo-printing-factory-direct\/#primaryimage","url":"https:\/\/www.wjwsy.com\/wp-content\/uploads\/2024\/12\/J-M1001-3.jpg","contentUrl":"https:\/\/www.wjwsy.com\/wp-content\/uploads\/2024\/12\/J-M1001-3.jpg","width":750,"height":600},{"@type":"BreadcrumbList","@id":"https:\/\/www.wjwsy.com\/product\/oem-micro-usb-cable-2-0-custom-tpe-pvc-micro-usb-charging-cord-with-logo-printing-factory-direct\/#breadcrumb","itemListElement":[{"@type":"ListItem","position":1,"name":"\u9996\u9875","item":"https:\/\/www.wjwsy.com\/"},{"@type":"ListItem","position":2,"name":"Products","item":"https:\/\/www.wjwsy.com\/design-editor__trashed\/"},{"@type":"ListItem","position":3,"name":"Micro USB Cable Wholesale \u2013 Reliable Android Charging Cables for Budget &amp; Legacy Devices","item":"https:\/\/www.wjwsy.com\/category\/usb-micro-cable\/"},{"@type":"ListItem","position":4,"name":"OEM Micro USB Cable 2.0 \u2013 Custom TPE\/PVC Micro USB Charging Cord with Logo Printing Factory Direct"}]},{"@type":"WebSite","@id":"https:\/\/www.wjwsy.com\/#website","url":"https:\/\/www.wjwsy.com\/","name":"wjwsy.com","description":"Delivering High-Quality, Reliable USB Cables for Every Industry","publisher":{"@id":"https:\/\/www.wjwsy.com\/#organization"},"potentialAction":[{"@type":"SearchAction","target":{"@type":"EntryPoint","urlTemplate":"https:\/\/www.wjwsy.com\/?s={search_term_string}"},"query-input":{"@type":"PropertyValueSpecification","valueRequired":true,"valueName":"search_term_string"}}],"inLanguage":"fr-FR"},{"@type":"Organization","@id":"https:\/\/www.wjwsy.com\/#organization","name":"wjwsy.com","url":"https:\/\/www.wjwsy.com\/","logo":{"@type":"ImageObject","inLanguage":"fr-FR","@id":"https:\/\/www.wjwsy.com\/#\/schema\/logo\/image\/","url":"","contentUrl":"","caption":"wjwsy.com"},"image":{"@id":"https:\/\/www.wjwsy.com\/#\/schema\/logo\/image\/"}}]}},"_links":{"self":[{"href":"https:\/\/www.wjwsy.com\/fr\/wp-json\/wp\/v2\/product\/3268","targetHints":{"allow":["GET"]}}],"collection":[{"href":"https:\/\/www.wjwsy.com\/fr\/wp-json\/wp\/v2\/product"}],"about":[{"href":"https:\/\/www.wjwsy.com\/fr\/wp-json\/wp\/v2\/types\/product"}],"wp:featuredmedia":[{"embeddable":true,"href":"https:\/\/www.wjwsy.com\/fr\/wp-json\/wp\/v2\/media\/8913"}],"wp:attachment":[{"href":"https:\/\/www.wjwsy.com\/fr\/wp-json\/wp\/v2\/media?parent=3268"}],"wp:term":[{"taxonomy":"product_brand","embeddable":true,"href":"https:\/\/www.wjwsy.com\/fr\/wp-json\/wp\/v2\/product_brand?post=3268"},{"taxonomy":"product_cat","embeddable":true,"href":"https:\/\/www.wjwsy.com\/fr\/wp-json\/wp\/v2\/product_cat?post=3268"},{"taxonomy":"product_tag","embeddable":true,"href":"https:\/\/www.wjwsy.com\/fr\/wp-json\/wp\/v2\/product_tag?post=3268"}],"curies":[{"name":"wp","href":"https:\/\/api.w.org\/{rel}","templated":true}]}}