{"id":3170,"date":"2024-12-23T09:17:57","date_gmt":"2024-12-23T09:17:57","guid":{"rendered":"https:\/\/www.wjwsy.com\/?post_type=product&#038;p=3170"},"modified":"2026-03-13T02:10:20","modified_gmt":"2026-03-13T02:10:20","slug":"60w-pd-usb-c-to-c-fast-charging-cable-type-c-data-sync-cord-for-phones-laptops-oem-manufacturer","status":"publish","type":"product","link":"https:\/\/www.wjwsy.com\/fr\/produit\/60w-pd-usb-c-to-c-fast-charging-cable-type-c-data-sync-cord-for-phones-laptops-oem-manufacturer\/","title":{"rendered":"60W PD USB C \u00e0 C de Charge Rapide C\u00e2ble \u2013 Type-C Cordon de Synchronisation de Donn\u00e9es pour les T\u00e9l\u00e9phones\/ordinateurs Portables du Fabricant OEM"},"content":{"rendered":"<div class=\"column mcb-column mcb-item-8dtj5vmb four-fifth laptop-four-fifth tablet-four-fifth mobile-one column_heading\">\n<div class=\"mcb-column-inner mfn-module-wrapper mcb-column-inner-8dtj5vmb mcb-item-heading-inner\">\n<h4 class=\"title\">D\u00e9tails Techniques:<\/h4>\n<\/div>\n<\/div>\n<div class=\"column mcb-column mcb-item-zupssoucy one laptop-one tablet-one mobile-one column_list_2\">\n<div class=\"mcb-column-inner mfn-module-wrapper mcb-column-inner-zupssoucy mcb-item-list_2-inner\">\n<p><i class=\"icon-dot\" aria-hidden=\"true\"><\/i><span class=\"mfn-list-desc\">L'interface d'entr\u00e9e: USB C<\/span><\/p>\n<p><i class=\"icon-dot\" aria-hidden=\"true\"><\/i><span class=\"mfn-list-desc\">Interface de sortie: USB C<\/span><\/p>\n<p><i class=\"icon-dot\" aria-hidden=\"true\"><\/i><span class=\"mfn-list-desc\">Application:Appareils de Type C de l'interface<\/span><\/p>\n<p><i class=\"icon-dot\" aria-hidden=\"true\"><\/i><span class=\"mfn-list-desc\">USB norme: USB 3.0<\/span><\/p>\n<p><i class=\"icon-dot\" aria-hidden=\"true\"><\/i><span class=\"mfn-list-desc\">Fonction: Charge + de transmission de Donn\u00e9es<\/span><\/p>\n<p><i class=\"icon-dot\" aria-hidden=\"true\"><\/i><span class=\"mfn-list-desc\">Tension de fonctionnement: 20V\/3A(Max)<\/span><\/p>\n<p><i class=\"icon-dot\" aria-hidden=\"true\"><\/i><span class=\"mfn-list-desc\">Transmission de donn\u00e9es: 5 gbps<\/span><\/p>\n<p><i class=\"icon-dot\" aria-hidden=\"true\"><\/i><span class=\"mfn-list-desc\">Longueur: 1M\/1.5 M\/2,0 M<\/span><\/p>\n<p><i class=\"icon-dot\" aria-hidden=\"true\"><\/i><span class=\"mfn-list-desc\">Couleur: Orange\/Violet\/Gris\/Vert\/Bleu<\/span><\/p>\n<p><i class=\"icon-dot\" aria-hidden=\"true\"><\/i><span class=\"mfn-list-desc\">Mat\u00e9riau de gaine: PVC+tressage en nylon<\/span><\/p>\n<p><i class=\"icon-dot\" aria-hidden=\"true\"><\/i><span class=\"mfn-list-desc\">La couche de blindage: feuille d'Aluminium<\/span><i class=\"icon-dot\" aria-hidden=\"true\"><\/i><\/p>\n<p><i class=\"icon-dot\" aria-hidden=\"true\"><\/i><span class=\"mfn-list-desc\">Inspection: 100% inspection de QC avant exp\u00e9dition<\/span><\/p>\n<\/div>\n<\/div>","protected":false},"excerpt":{"rendered":"<div class=\"trade-terms\">\n<p><strong>Des Termes De L'\u00c9change<\/strong>: FOB Shenzhen<\/p>\n<p><strong>OEM\/ODM:<\/strong>\u00a0 \u00a0 \u00a0 \u00a0 \u00a0 \u00a0 \u00a0 \u00a0 \u00a0 \u00a0 \u00a0 \u00a0 \u00a0 \u00a0 \u00a0 \u00a0Oui<\/p>\n<p><strong>Production:<\/strong>\u00a0 \u00a0 \u00a0 \u00a0 \u00a0 \u00a0 \u00a0 \u00a0 \u00a0 \u00a0 \u00a0 \u00a0 \u00a0 \u00a0 \u00a0 De 600 000 PI\u00c8CES\/Mois<\/p>\n<p><strong>Temps D'\u00c9chantillon:<\/strong>\u00a0 \u00a0 \u00a0 \u00a0 \u00a0 \u00a0 \u00a0 \u00a0 \u00a0 \u00a0 \u00a0 \u00a0 \u00a0 5-10 Jours Ouvrables<\/p>\n<p><strong>Minimum De Commande:<\/strong>\u00a0 \u00a0 \u00a0 \u00a0 \u00a0 \u00a0 \u00a0 \u00a0 \u00a0 \u00a0 \u00a0500 Pi\u00e8ces<\/p>\n<p><strong>Paiement:<\/strong>\u00a0 \u00a0 \u00a0 \u00a0 \u00a0 \u00a0 \u00a0 \u00a0 \u00a0 \u00a0 \u00a0 \u00a0 \u00a0 \u00a0 \u00a0 \u00a0 \u00a0 T\/T, PayPal<\/p>\n<p><strong>Origine:<\/strong>\u00a0 \u00a0 \u00a0 \u00a0 \u00a0 \u00a0 \u00a0 \u00a0 \u00a0 \u00a0 \u00a0 \u00a0 \u00a0 \u00a0 \u00a0 \u00a0 \u00a0 \u00a0 \u00a0 \u00a0 Shenzhen, Chine<\/p>\n<p><strong>Mod\u00e8le<\/strong>\u00a0 \u00a0 \u00a0 \u00a0 \u00a0 \u00a0 \u00a0 \u00a0 \u00a0 \u00a0 \u00a0 \u00a0 \u00a0 \u00a0 \u00a0 \u00a0 \u00a0 \u00a0 \u00a0 \u00a0 J-C1006<\/p>\n<\/div>","protected":false},"featured_media":8790,"template":"","meta":{"_eb_attr":""},"product_brand":[],"product_cat":[670,668],"product_tag":[],"class_list":{"0":"post-3170","1":"product","2":"type-product","3":"status-publish","4":"has-post-thumbnail","6":"product_cat-usb-c-to-usb-c-cable","7":"product_cat-usb-type-c-cable","9":"first","10":"instock","11":"shipping-taxable","12":"product-type-simple"},"yoast_head":"<!-- This site is optimized with the Yoast SEO Premium plugin v23.7 (Yoast SEO v23.7) - https:\/\/yoast.com\/wordpress\/plugins\/seo\/ -->\n<title>60W PD USB C to C Fast Charging Cable \u2013 Type-C Data Sync Cord for Phones\/Laptops OEM Manufacturer - Professional USB cable manufacturer<\/title>\n<meta name=\"description\" content=\"Durable Braided PD 60W 3A USB Type C to USB C Cable for fast charging and high-speed data transfer. Ideal for USB-C devices with reliable performance.\" \/>\n<meta name=\"robots\" content=\"index, follow, max-snippet:-1, max-image-preview:large, max-video-preview:-1\" \/>\n<link rel=\"canonical\" href=\"https:\/\/www.wjwsy.com\/fr\/produit\/60w-pd-usb-c-to-c-fast-charging-cable-type-c-data-sync-cord-for-phones-laptops-oem-manufacturer\/\" \/>\n<meta property=\"og:locale\" content=\"fr_FR\" \/>\n<meta property=\"og:type\" content=\"article\" \/>\n<meta property=\"og:title\" content=\"60W PD USB C to C Fast Charging Cable \u2013 Type-C Data Sync Cord for Phones\/Laptops OEM Manufacturer\" \/>\n<meta property=\"og:description\" content=\"Durable Braided PD 60W 3A USB Type C to USB C Cable for fast charging and high-speed data transfer. Ideal for USB-C devices with reliable performance.\" \/>\n<meta property=\"og:url\" content=\"https:\/\/www.wjwsy.com\/fr\/produit\/60w-pd-usb-c-to-c-fast-charging-cable-type-c-data-sync-cord-for-phones-laptops-oem-manufacturer\/\" \/>\n<meta property=\"og:site_name\" content=\"Professional USB cable manufacturer\" \/>\n<meta property=\"article:modified_time\" content=\"2026-03-13T02:10:20+00:00\" \/>\n<meta property=\"og:image\" content=\"https:\/\/www.wjwsy.com\/wp-content\/uploads\/2024\/12\/J-C1006-1.jpg\" \/>\n\t<meta property=\"og:image:width\" content=\"750\" \/>\n\t<meta property=\"og:image:height\" content=\"600\" \/>\n\t<meta property=\"og:image:type\" content=\"image\/jpeg\" \/>\n<meta name=\"twitter:card\" content=\"summary_large_image\" \/>\n<meta name=\"twitter:label1\" content=\"Dur\u00e9e de lecture estim\u00e9e\" \/>\n\t<meta name=\"twitter:data1\" content=\"1 minute\" \/>\n<script type=\"application\/ld+json\" class=\"yoast-schema-graph\">{\"@context\":\"https:\/\/schema.org\",\"@graph\":[{\"@type\":\"WebPage\",\"@id\":\"https:\/\/www.wjwsy.com\/product\/60w-pd-usb-c-to-c-fast-charging-cable-type-c-data-sync-cord-for-phones-laptops-oem-manufacturer\/\",\"url\":\"https:\/\/www.wjwsy.com\/product\/60w-pd-usb-c-to-c-fast-charging-cable-type-c-data-sync-cord-for-phones-laptops-oem-manufacturer\/\",\"name\":\"60W PD USB C to C Fast Charging Cable \u2013 Type-C Data Sync Cord for Phones\/Laptops OEM Manufacturer - Professional USB cable manufacturer\",\"isPartOf\":{\"@id\":\"https:\/\/www.wjwsy.com\/#website\"},\"primaryImageOfPage\":{\"@id\":\"https:\/\/www.wjwsy.com\/product\/60w-pd-usb-c-to-c-fast-charging-cable-type-c-data-sync-cord-for-phones-laptops-oem-manufacturer\/#primaryimage\"},\"image\":{\"@id\":\"https:\/\/www.wjwsy.com\/product\/60w-pd-usb-c-to-c-fast-charging-cable-type-c-data-sync-cord-for-phones-laptops-oem-manufacturer\/#primaryimage\"},\"thumbnailUrl\":\"https:\/\/www.wjwsy.com\/wp-content\/uploads\/2024\/12\/J-C1006-1.jpg\",\"datePublished\":\"2024-12-23T09:17:57+00:00\",\"dateModified\":\"2026-03-13T02:10:20+00:00\",\"description\":\"Durable Braided PD 60W 3A USB Type C to USB C Cable for fast charging and high-speed data transfer. Ideal for USB-C devices with reliable performance.\",\"breadcrumb\":{\"@id\":\"https:\/\/www.wjwsy.com\/product\/60w-pd-usb-c-to-c-fast-charging-cable-type-c-data-sync-cord-for-phones-laptops-oem-manufacturer\/#breadcrumb\"},\"inLanguage\":\"fr-FR\",\"potentialAction\":[{\"@type\":\"ReadAction\",\"target\":[\"https:\/\/www.wjwsy.com\/product\/60w-pd-usb-c-to-c-fast-charging-cable-type-c-data-sync-cord-for-phones-laptops-oem-manufacturer\/\"]}]},{\"@type\":\"ImageObject\",\"inLanguage\":\"fr-FR\",\"@id\":\"https:\/\/www.wjwsy.com\/product\/60w-pd-usb-c-to-c-fast-charging-cable-type-c-data-sync-cord-for-phones-laptops-oem-manufacturer\/#primaryimage\",\"url\":\"https:\/\/www.wjwsy.com\/wp-content\/uploads\/2024\/12\/J-C1006-1.jpg\",\"contentUrl\":\"https:\/\/www.wjwsy.com\/wp-content\/uploads\/2024\/12\/J-C1006-1.jpg\",\"width\":750,\"height\":600},{\"@type\":\"BreadcrumbList\",\"@id\":\"https:\/\/www.wjwsy.com\/product\/60w-pd-usb-c-to-c-fast-charging-cable-type-c-data-sync-cord-for-phones-laptops-oem-manufacturer\/#breadcrumb\",\"itemListElement\":[{\"@type\":\"ListItem\",\"position\":1,\"name\":\"\u9996\u9875\",\"item\":\"https:\/\/www.wjwsy.com\/\"},{\"@type\":\"ListItem\",\"position\":2,\"name\":\"Products\",\"item\":\"https:\/\/www.wjwsy.com\/design-editor__trashed\/\"},{\"@type\":\"ListItem\",\"position\":3,\"name\":\"USB Type C Cable Wholesale \u2013 Fast Charging &amp; Data Transfer Cables for European Brands\",\"item\":\"https:\/\/www.wjwsy.com\/category\/usb-type-c-cable\/\"},{\"@type\":\"ListItem\",\"position\":4,\"name\":\"60W PD USB C to C Fast Charging Cable \u2013 Type-C Data Sync Cord for Phones\/Laptops OEM Manufacturer\"}]},{\"@type\":\"WebSite\",\"@id\":\"https:\/\/www.wjwsy.com\/#website\",\"url\":\"https:\/\/www.wjwsy.com\/\",\"name\":\"wjwsy.com\",\"description\":\"Delivering High-Quality, Reliable USB Cables for Every Industry\",\"publisher\":{\"@id\":\"https:\/\/www.wjwsy.com\/#organization\"},\"potentialAction\":[{\"@type\":\"SearchAction\",\"target\":{\"@type\":\"EntryPoint\",\"urlTemplate\":\"https:\/\/www.wjwsy.com\/?s={search_term_string}\"},\"query-input\":{\"@type\":\"PropertyValueSpecification\",\"valueRequired\":true,\"valueName\":\"search_term_string\"}}],\"inLanguage\":\"fr-FR\"},{\"@type\":\"Organization\",\"@id\":\"https:\/\/www.wjwsy.com\/#organization\",\"name\":\"wjwsy.com\",\"url\":\"https:\/\/www.wjwsy.com\/\",\"logo\":{\"@type\":\"ImageObject\",\"inLanguage\":\"fr-FR\",\"@id\":\"https:\/\/www.wjwsy.com\/#\/schema\/logo\/image\/\",\"url\":\"\",\"contentUrl\":\"\",\"caption\":\"wjwsy.com\"},\"image\":{\"@id\":\"https:\/\/www.wjwsy.com\/#\/schema\/logo\/image\/\"}}]}<\/script>\n<!-- \/ Yoast SEO Premium plugin. -->","yoast_head_json":{"title":"60W PD USB C to C Fast Charging Cable \u2013 Type-C Data Sync Cord for Phones\/Laptops OEM Manufacturer - Professional USB cable manufacturer","description":"Durable Braided PD 60W 3A USB Type C to USB C Cable for fast charging and high-speed data transfer. Ideal for USB-C devices with reliable performance.","robots":{"index":"index","follow":"follow","max-snippet":"max-snippet:-1","max-image-preview":"max-image-preview:large","max-video-preview":"max-video-preview:-1"},"canonical":"https:\/\/www.wjwsy.com\/fr\/produit\/60w-pd-usb-c-to-c-fast-charging-cable-type-c-data-sync-cord-for-phones-laptops-oem-manufacturer\/","og_locale":"fr_FR","og_type":"article","og_title":"60W PD USB C to C Fast Charging Cable \u2013 Type-C Data Sync Cord for Phones\/Laptops OEM Manufacturer","og_description":"Durable Braided PD 60W 3A USB Type C to USB C Cable for fast charging and high-speed data transfer. Ideal for USB-C devices with reliable performance.","og_url":"https:\/\/www.wjwsy.com\/fr\/produit\/60w-pd-usb-c-to-c-fast-charging-cable-type-c-data-sync-cord-for-phones-laptops-oem-manufacturer\/","og_site_name":"Professional USB cable manufacturer","article_modified_time":"2026-03-13T02:10:20+00:00","og_image":[{"width":750,"height":600,"url":"https:\/\/www.wjwsy.com\/wp-content\/uploads\/2024\/12\/J-C1006-1.jpg","type":"image\/jpeg"}],"twitter_card":"summary_large_image","twitter_misc":{"Dur\u00e9e de lecture estim\u00e9e":"1 minute"},"schema":{"@context":"https:\/\/schema.org","@graph":[{"@type":"WebPage","@id":"https:\/\/www.wjwsy.com\/product\/60w-pd-usb-c-to-c-fast-charging-cable-type-c-data-sync-cord-for-phones-laptops-oem-manufacturer\/","url":"https:\/\/www.wjwsy.com\/product\/60w-pd-usb-c-to-c-fast-charging-cable-type-c-data-sync-cord-for-phones-laptops-oem-manufacturer\/","name":"60W PD USB C to C Fast Charging Cable \u2013 Type-C Data Sync Cord for Phones\/Laptops OEM Manufacturer - Professional USB cable manufacturer","isPartOf":{"@id":"https:\/\/www.wjwsy.com\/#website"},"primaryImageOfPage":{"@id":"https:\/\/www.wjwsy.com\/product\/60w-pd-usb-c-to-c-fast-charging-cable-type-c-data-sync-cord-for-phones-laptops-oem-manufacturer\/#primaryimage"},"image":{"@id":"https:\/\/www.wjwsy.com\/product\/60w-pd-usb-c-to-c-fast-charging-cable-type-c-data-sync-cord-for-phones-laptops-oem-manufacturer\/#primaryimage"},"thumbnailUrl":"https:\/\/www.wjwsy.com\/wp-content\/uploads\/2024\/12\/J-C1006-1.jpg","datePublished":"2024-12-23T09:17:57+00:00","dateModified":"2026-03-13T02:10:20+00:00","description":"Durable Braided PD 60W 3A USB Type C to USB C Cable for fast charging and high-speed data transfer. Ideal for USB-C devices with reliable performance.","breadcrumb":{"@id":"https:\/\/www.wjwsy.com\/product\/60w-pd-usb-c-to-c-fast-charging-cable-type-c-data-sync-cord-for-phones-laptops-oem-manufacturer\/#breadcrumb"},"inLanguage":"fr-FR","potentialAction":[{"@type":"ReadAction","target":["https:\/\/www.wjwsy.com\/product\/60w-pd-usb-c-to-c-fast-charging-cable-type-c-data-sync-cord-for-phones-laptops-oem-manufacturer\/"]}]},{"@type":"ImageObject","inLanguage":"fr-FR","@id":"https:\/\/www.wjwsy.com\/product\/60w-pd-usb-c-to-c-fast-charging-cable-type-c-data-sync-cord-for-phones-laptops-oem-manufacturer\/#primaryimage","url":"https:\/\/www.wjwsy.com\/wp-content\/uploads\/2024\/12\/J-C1006-1.jpg","contentUrl":"https:\/\/www.wjwsy.com\/wp-content\/uploads\/2024\/12\/J-C1006-1.jpg","width":750,"height":600},{"@type":"BreadcrumbList","@id":"https:\/\/www.wjwsy.com\/product\/60w-pd-usb-c-to-c-fast-charging-cable-type-c-data-sync-cord-for-phones-laptops-oem-manufacturer\/#breadcrumb","itemListElement":[{"@type":"ListItem","position":1,"name":"\u9996\u9875","item":"https:\/\/www.wjwsy.com\/"},{"@type":"ListItem","position":2,"name":"Products","item":"https:\/\/www.wjwsy.com\/design-editor__trashed\/"},{"@type":"ListItem","position":3,"name":"USB Type C Cable Wholesale \u2013 Fast Charging &amp; Data Transfer Cables for European Brands","item":"https:\/\/www.wjwsy.com\/category\/usb-type-c-cable\/"},{"@type":"ListItem","position":4,"name":"60W PD USB C to C Fast Charging Cable \u2013 Type-C Data Sync Cord for Phones\/Laptops OEM Manufacturer"}]},{"@type":"WebSite","@id":"https:\/\/www.wjwsy.com\/#website","url":"https:\/\/www.wjwsy.com\/","name":"wjwsy.com","description":"Delivering High-Quality, Reliable USB Cables for Every Industry","publisher":{"@id":"https:\/\/www.wjwsy.com\/#organization"},"potentialAction":[{"@type":"SearchAction","target":{"@type":"EntryPoint","urlTemplate":"https:\/\/www.wjwsy.com\/?s={search_term_string}"},"query-input":{"@type":"PropertyValueSpecification","valueRequired":true,"valueName":"search_term_string"}}],"inLanguage":"fr-FR"},{"@type":"Organization","@id":"https:\/\/www.wjwsy.com\/#organization","name":"wjwsy.com","url":"https:\/\/www.wjwsy.com\/","logo":{"@type":"ImageObject","inLanguage":"fr-FR","@id":"https:\/\/www.wjwsy.com\/#\/schema\/logo\/image\/","url":"","contentUrl":"","caption":"wjwsy.com"},"image":{"@id":"https:\/\/www.wjwsy.com\/#\/schema\/logo\/image\/"}}]}},"_links":{"self":[{"href":"https:\/\/www.wjwsy.com\/fr\/wp-json\/wp\/v2\/product\/3170","targetHints":{"allow":["GET"]}}],"collection":[{"href":"https:\/\/www.wjwsy.com\/fr\/wp-json\/wp\/v2\/product"}],"about":[{"href":"https:\/\/www.wjwsy.com\/fr\/wp-json\/wp\/v2\/types\/product"}],"wp:featuredmedia":[{"embeddable":true,"href":"https:\/\/www.wjwsy.com\/fr\/wp-json\/wp\/v2\/media\/8790"}],"wp:attachment":[{"href":"https:\/\/www.wjwsy.com\/fr\/wp-json\/wp\/v2\/media?parent=3170"}],"wp:term":[{"taxonomy":"product_brand","embeddable":true,"href":"https:\/\/www.wjwsy.com\/fr\/wp-json\/wp\/v2\/product_brand?post=3170"},{"taxonomy":"product_cat","embeddable":true,"href":"https:\/\/www.wjwsy.com\/fr\/wp-json\/wp\/v2\/product_cat?post=3170"},{"taxonomy":"product_tag","embeddable":true,"href":"https:\/\/www.wjwsy.com\/fr\/wp-json\/wp\/v2\/product_tag?post=3170"}],"curies":[{"name":"wp","href":"https:\/\/api.w.org\/{rel}","templated":true}]}}