{"id":9029,"date":"2025-07-14T07:52:49","date_gmt":"2025-07-14T07:52:49","guid":{"rendered":"https:\/\/www.wjwsy.com\/?post_type=product&#038;p=9029"},"modified":"2026-03-13T03:12:21","modified_gmt":"2026-03-13T03:12:21","slug":"mini-usb-data-charging-cable-usb-2-0-type-a-male-to-mini-usb-5p-sync-cord-for-legacy-devices-wholesale","status":"publish","type":"product","link":"https:\/\/www.wjwsy.com\/es\/producto\/mini-usb-data-charging-cable-usb-2-0-type-a-male-to-mini-usb-5p-sync-cord-for-legacy-devices-wholesale\/","title":{"rendered":"De Datos Mini USB Cable de Carga USB 2.0 Tipo a Macho a Mini USB 5P Cable de Sincronizaci\u00f3n para Dispositivos Heredados de Mayoreo"},"content":{"rendered":"<div class=\"column mcb-column mcb-item-7qyi8ycen four-fifth laptop-four-fifth tablet-four-fifth mobile-one column_heading\">\n<div class=\"mcb-column-inner mfn-module-wrapper mcb-column-inner-7qyi8ycen mcb-item-heading-inner\">\n<h4 class=\"title ai-optimize-6\">Detalles T\u00e9cnicos:<\/h4>\n<\/div>\n<\/div>\n<div class=\"column mcb-column mcb-item-4ilcjjmik one laptop-one tablet-one mobile-one column_list_2\">\n<div class=\"mcb-column-inner mfn-module-wrapper mcb-column-inner-4ilcjjmik mcb-item-list_2-inner\">\n<p class=\"ai-optimize-7 ai-optimize-introduction\"><i class=\"icon-dot\" aria-hidden=\"true\"><\/i>Interfaz de entrada: USB<\/p>\n<p class=\"ai-optimize-8\"><i class=\"icon-dot\" aria-hidden=\"true\"><\/i>Interfaz de salida: USB MINI5p<\/p>\n<p class=\"ai-optimize-9\"><i class=\"icon-dot\" aria-hidden=\"true\"><\/i>Aplicaci\u00f3n: Mini5p dispositivo de interfaz<\/p>\n<p class=\"ai-optimize-10\"><i class=\"icon-dot\" aria-hidden=\"true\"><\/i>USB est\u00e1ndar: USB 2.0<\/p>\n<p class=\"ai-optimize-6\">Funci\u00f3n: carga + transmisi\u00f3n de datos<\/p>\n<p class=\"ai-optimize-7\">Voltaje de funcionamiento: 5 V<\/p>\n<p class=\"ai-optimize-11\">Los datos de transmisi\u00f3n: \u2264480Mbps<\/p>\n<p class=\"ai-optimize-12\"><i class=\"icon-dot\" aria-hidden=\"true\"><\/i>Longitud: modificado para requisitos particulares longitud seg\u00fan sea necesario<\/p>\n<p class=\"ai-optimize-13\"><i class=\"icon-dot\" aria-hidden=\"true\"><\/i>Color: blanco\/negro\/adaptadas seg\u00fan sea necesario<\/p>\n<p class=\"ai-optimize-14\"><i class=\"icon-dot\" aria-hidden=\"true\"><\/i>Vaina de material: TPE, PVC<\/p>\n<p class=\"ai-optimize-15\">MOQ: 500<\/p>\n<p class=\"ai-optimize-16\"><i class=\"icon-dot\" aria-hidden=\"true\"><\/i>Inspecci\u00f3n: inspecci\u00f3n de control de calidad al 100 % antes del env\u00edo.<\/p>\n<\/div>\n<\/div>","protected":false},"excerpt":{"rendered":"<div class=\"trade-terms\">\n<div class=\"trade-terms\">\n<p class=\"ai-optimize-6\"><strong>T\u00e9rminos De Comercio<\/strong>:\u00a0 \u00a0 \u00a0 \u00a0 \u00a0 \u00a0 \u00a0 \u00a0 \u00a0 \u00a0 \u00a0 <span style=\"color: #666699;\">\u00a0 \u00a0 \u00a0<span style=\"color: #333333;\">FOB Shenzhen<\/span><\/span><\/p>\n<p class=\"ai-optimize-7\"><strong>OEM\/ODM:<\/strong>\u00a0 \u00a0 \u00a0 \u00a0 \u00a0 \u00a0 \u00a0 \u00a0 \u00a0 \u00a0 \u00a0 \u00a0 \u00a0 \u00a0 \u00a0 \u00a0 <span style=\"color: #333333;\">S\u00ed<\/span><\/p>\n<p class=\"ai-optimize-8\"><strong>Producci\u00f3n:<\/strong>\u00a0 \u00a0 \u00a0 \u00a0 \u00a0 \u00a0 \u00a0 \u00a0 \u00a0 \u00a0 \u00a0 \u00a0 \u00a0 \u00a0 \u00a0 <span style=\"color: #333333;\">600,000 UNIDADES\/Mes<\/span><\/p>\n<p class=\"ai-optimize-9\"><strong>Tiempo De La Muestra:<\/strong>\u00a0 \u00a0 \u00a0 \u00a0 \u00a0 \u00a0 \u00a0 \u00a0 \u00a0 \u00a0 \u00a0 \u00a0 \u00a0 <span style=\"color: #333333;\">5-10 D\u00edas H\u00e1biles<\/span><\/p>\n<p class=\"ai-optimize-10\"><strong>Pedido M\u00ednimo:<\/strong>\u00a0 \u00a0 \u00a0 \u00a0 \u00a0 \u00a0 \u00a0 \u00a0 \u00a0 \u00a0 \u00a0<span style=\"color: #333333;\">500 Piezas<\/span><\/p>\n<p class=\"ai-optimize-11\"><strong>Forma de pago:<\/strong>\u00a0 \u00a0 \u00a0 \u00a0 \u00a0 \u00a0 \u00a0 \u00a0 \u00a0 \u00a0 \u00a0 \u00a0 \u00a0 \u00a0 \u00a0 \u00a0 \u00a0 <span style=\"color: #333333;\">Transferencia bancaria, PayPal<\/span><\/p>\n<p class=\"ai-optimize-12\"><strong>Origen:<\/strong>\u00a0 \u00a0 \u00a0 \u00a0 \u00a0 \u00a0 \u00a0 \u00a0 \u00a0 \u00a0 \u00a0 \u00a0 \u00a0 \u00a0 \u00a0 \u00a0 \u00a0 \u00a0 \u00a0 \u00a0 <span style=\"color: #333333;\">Shenzhen, China<\/span><\/p>\n<p class=\"ai-optimize-13\"><b>Modelo J-N1001<\/b><\/p>\n<\/div>\n<\/div>","protected":false},"featured_media":9035,"template":"","meta":{"_eb_attr":""},"product_brand":[],"product_cat":[1256],"product_tag":[],"class_list":{"0":"post-9029","1":"product","2":"type-product","3":"status-publish","4":"has-post-thumbnail","6":"product_cat-usb-mini-cable","8":"first","9":"instock","10":"shipping-taxable","11":"product-type-simple"},"yoast_head":"<!-- This site is optimized with the Yoast SEO Premium plugin v23.7 (Yoast SEO v23.7) - https:\/\/yoast.com\/wordpress\/plugins\/seo\/ -->\n<title>Mini USB Data Charging Cable \u2013 USB 2.0 Type A Male to Mini USB 5P Sync Cord for Legacy Devices Wholesale - Professional USB cable manufacturer<\/title>\n<meta name=\"robots\" content=\"index, follow, max-snippet:-1, max-image-preview:large, max-video-preview:-1\" \/>\n<link rel=\"canonical\" href=\"https:\/\/www.wjwsy.com\/es\/producto\/mini-usb-data-charging-cable-usb-2-0-type-a-male-to-mini-usb-5p-sync-cord-for-legacy-devices-wholesale\/\" \/>\n<meta property=\"og:locale\" content=\"es_ES\" \/>\n<meta property=\"og:type\" content=\"article\" \/>\n<meta property=\"og:title\" content=\"Mini USB Data Charging Cable \u2013 USB 2.0 Type A Male to Mini USB 5P Sync Cord for Legacy Devices Wholesale\" \/>\n<meta property=\"og:description\" content=\"Trade Terms:\u00a0 \u00a0 \u00a0 \u00a0 \u00a0 \u00a0 \u00a0 \u00a0 \u00a0 \u00a0 \u00a0 \u00a0 \u00a0 \u00a0FOB Shenzhen OEM\/ODM:\u00a0 \u00a0 \u00a0 \u00a0 \u00a0 \u00a0 \u00a0 \u00a0 \u00a0 \u00a0 \u00a0 \u00a0 \u00a0 \u00a0 \u00a0 \u00a0 Yes Production:\u00a0 \u00a0 \u00a0 \u00a0 \u00a0 \u00a0 \u00a0 \u00a0 \u00a0 \u00a0 \u00a0 \u00a0 \u00a0 \u00a0 \u00a0 600,000PCS\/Month Sample Time:\u00a0 \u00a0 \u00a0 \u00a0 \u00a0 \u00a0 \u00a0 \u00a0 \u00a0 \u00a0 \u00a0 \u00a0 \u00a0 5-10 Working Days Minimum Order:\u00a0 \u00a0 \u00a0 \u00a0 \u00a0 \u00a0 \u00a0 \u00a0 \u00a0 \u00a0 \u00a0500 Pieces Payment:\u00a0 \u00a0 \u00a0 \u00a0 \u00a0 \u00a0 \u00a0 \u00a0 \u00a0 \u00a0 \u00a0 \u00a0 \u00a0 \u00a0 \u00a0 \u00a0 \u00a0 T\/T, PayPal Origin:\u00a0 \u00a0 \u00a0 \u00a0 \u00a0 \u00a0 \u00a0 \u00a0 \u00a0 \u00a0 \u00a0 \u00a0 \u00a0 \u00a0 \u00a0 \u00a0 \u00a0 \u00a0 \u00a0 \u00a0 Shenzhen China Model\u00a0 \u00a0 \u00a0 \u00a0 \u00a0 \u00a0 \u00a0 \u00a0 \u00a0 \u00a0 \u00a0 \u00a0 \u00a0 \u00a0 \u00a0 \u00a0 \u00a0 \u00a0 \u00a0 \u00a0 J-N1001\" \/>\n<meta property=\"og:url\" content=\"https:\/\/www.wjwsy.com\/es\/producto\/mini-usb-data-charging-cable-usb-2-0-type-a-male-to-mini-usb-5p-sync-cord-for-legacy-devices-wholesale\/\" \/>\n<meta property=\"og:site_name\" content=\"Professional USB cable manufacturer\" \/>\n<meta property=\"article:modified_time\" content=\"2026-03-13T03:12:21+00:00\" \/>\n<meta property=\"og:image\" content=\"https:\/\/www.wjwsy.com\/wp-content\/uploads\/2025\/07\/J-N1001-1.jpg\" \/>\n\t<meta property=\"og:image:width\" content=\"750\" \/>\n\t<meta property=\"og:image:height\" content=\"600\" \/>\n\t<meta property=\"og:image:type\" content=\"image\/jpeg\" \/>\n<meta name=\"twitter:card\" content=\"summary_large_image\" \/>\n<meta name=\"twitter:label1\" content=\"Tiempo de lectura\" \/>\n\t<meta name=\"twitter:data1\" content=\"1 minuto\" \/>\n<script type=\"application\/ld+json\" class=\"yoast-schema-graph\">{\"@context\":\"https:\/\/schema.org\",\"@graph\":[{\"@type\":\"WebPage\",\"@id\":\"https:\/\/www.wjwsy.com\/product\/mini-usb-data-charging-cable-usb-2-0-type-a-male-to-mini-usb-5p-sync-cord-for-legacy-devices-wholesale\/\",\"url\":\"https:\/\/www.wjwsy.com\/product\/mini-usb-data-charging-cable-usb-2-0-type-a-male-to-mini-usb-5p-sync-cord-for-legacy-devices-wholesale\/\",\"name\":\"Mini USB Data Charging Cable \u2013 USB 2.0 Type A Male to Mini USB 5P Sync Cord for Legacy Devices Wholesale - Professional USB cable manufacturer\",\"isPartOf\":{\"@id\":\"https:\/\/www.wjwsy.com\/#website\"},\"primaryImageOfPage\":{\"@id\":\"https:\/\/www.wjwsy.com\/product\/mini-usb-data-charging-cable-usb-2-0-type-a-male-to-mini-usb-5p-sync-cord-for-legacy-devices-wholesale\/#primaryimage\"},\"image\":{\"@id\":\"https:\/\/www.wjwsy.com\/product\/mini-usb-data-charging-cable-usb-2-0-type-a-male-to-mini-usb-5p-sync-cord-for-legacy-devices-wholesale\/#primaryimage\"},\"thumbnailUrl\":\"https:\/\/www.wjwsy.com\/wp-content\/uploads\/2025\/07\/J-N1001-1.jpg\",\"datePublished\":\"2025-07-14T07:52:49+00:00\",\"dateModified\":\"2026-03-13T03:12:21+00:00\",\"breadcrumb\":{\"@id\":\"https:\/\/www.wjwsy.com\/product\/mini-usb-data-charging-cable-usb-2-0-type-a-male-to-mini-usb-5p-sync-cord-for-legacy-devices-wholesale\/#breadcrumb\"},\"inLanguage\":\"es\",\"potentialAction\":[{\"@type\":\"ReadAction\",\"target\":[\"https:\/\/www.wjwsy.com\/product\/mini-usb-data-charging-cable-usb-2-0-type-a-male-to-mini-usb-5p-sync-cord-for-legacy-devices-wholesale\/\"]}]},{\"@type\":\"ImageObject\",\"inLanguage\":\"es\",\"@id\":\"https:\/\/www.wjwsy.com\/product\/mini-usb-data-charging-cable-usb-2-0-type-a-male-to-mini-usb-5p-sync-cord-for-legacy-devices-wholesale\/#primaryimage\",\"url\":\"https:\/\/www.wjwsy.com\/wp-content\/uploads\/2025\/07\/J-N1001-1.jpg\",\"contentUrl\":\"https:\/\/www.wjwsy.com\/wp-content\/uploads\/2025\/07\/J-N1001-1.jpg\",\"width\":750,\"height\":600},{\"@type\":\"BreadcrumbList\",\"@id\":\"https:\/\/www.wjwsy.com\/product\/mini-usb-data-charging-cable-usb-2-0-type-a-male-to-mini-usb-5p-sync-cord-for-legacy-devices-wholesale\/#breadcrumb\",\"itemListElement\":[{\"@type\":\"ListItem\",\"position\":1,\"name\":\"\u9996\u9875\",\"item\":\"https:\/\/www.wjwsy.com\/\"},{\"@type\":\"ListItem\",\"position\":2,\"name\":\"Products\",\"item\":\"https:\/\/www.wjwsy.com\/design-editor__trashed\/\"},{\"@type\":\"ListItem\",\"position\":3,\"name\":\"USB Mini Cable Wholesale \u2013 Legacy Device &amp; Industrial Connectivity Solutions\",\"item\":\"https:\/\/www.wjwsy.com\/category\/usb-mini-cable\/\"},{\"@type\":\"ListItem\",\"position\":4,\"name\":\"Mini USB Data Charging Cable \u2013 USB 2.0 Type A Male to Mini USB 5P Sync Cord for Legacy Devices Wholesale\"}]},{\"@type\":\"WebSite\",\"@id\":\"https:\/\/www.wjwsy.com\/#website\",\"url\":\"https:\/\/www.wjwsy.com\/\",\"name\":\"wjwsy.com\",\"description\":\"Delivering High-Quality, Reliable USB Cables for Every Industry\",\"publisher\":{\"@id\":\"https:\/\/www.wjwsy.com\/#organization\"},\"potentialAction\":[{\"@type\":\"SearchAction\",\"target\":{\"@type\":\"EntryPoint\",\"urlTemplate\":\"https:\/\/www.wjwsy.com\/?s={search_term_string}\"},\"query-input\":{\"@type\":\"PropertyValueSpecification\",\"valueRequired\":true,\"valueName\":\"search_term_string\"}}],\"inLanguage\":\"es\"},{\"@type\":\"Organization\",\"@id\":\"https:\/\/www.wjwsy.com\/#organization\",\"name\":\"wjwsy.com\",\"url\":\"https:\/\/www.wjwsy.com\/\",\"logo\":{\"@type\":\"ImageObject\",\"inLanguage\":\"es\",\"@id\":\"https:\/\/www.wjwsy.com\/#\/schema\/logo\/image\/\",\"url\":\"\",\"contentUrl\":\"\",\"caption\":\"wjwsy.com\"},\"image\":{\"@id\":\"https:\/\/www.wjwsy.com\/#\/schema\/logo\/image\/\"}}]}<\/script>\n<!-- \/ Yoast SEO Premium plugin. -->","yoast_head_json":{"title":"Mini USB Data Charging Cable \u2013 USB 2.0 Type A Male to Mini USB 5P Sync Cord for Legacy Devices Wholesale - Professional USB cable manufacturer","robots":{"index":"index","follow":"follow","max-snippet":"max-snippet:-1","max-image-preview":"max-image-preview:large","max-video-preview":"max-video-preview:-1"},"canonical":"https:\/\/www.wjwsy.com\/es\/producto\/mini-usb-data-charging-cable-usb-2-0-type-a-male-to-mini-usb-5p-sync-cord-for-legacy-devices-wholesale\/","og_locale":"es_ES","og_type":"article","og_title":"Mini USB Data Charging Cable \u2013 USB 2.0 Type A Male to Mini USB 5P Sync Cord for Legacy Devices Wholesale","og_description":"Trade Terms:\u00a0 \u00a0 \u00a0 \u00a0 \u00a0 \u00a0 \u00a0 \u00a0 \u00a0 \u00a0 \u00a0 \u00a0 \u00a0 \u00a0FOB Shenzhen OEM\/ODM:\u00a0 \u00a0 \u00a0 \u00a0 \u00a0 \u00a0 \u00a0 \u00a0 \u00a0 \u00a0 \u00a0 \u00a0 \u00a0 \u00a0 \u00a0 \u00a0 Yes Production:\u00a0 \u00a0 \u00a0 \u00a0 \u00a0 \u00a0 \u00a0 \u00a0 \u00a0 \u00a0 \u00a0 \u00a0 \u00a0 \u00a0 \u00a0 600,000PCS\/Month Sample Time:\u00a0 \u00a0 \u00a0 \u00a0 \u00a0 \u00a0 \u00a0 \u00a0 \u00a0 \u00a0 \u00a0 \u00a0 \u00a0 5-10 Working Days Minimum Order:\u00a0 \u00a0 \u00a0 \u00a0 \u00a0 \u00a0 \u00a0 \u00a0 \u00a0 \u00a0 \u00a0500 Pieces Payment:\u00a0 \u00a0 \u00a0 \u00a0 \u00a0 \u00a0 \u00a0 \u00a0 \u00a0 \u00a0 \u00a0 \u00a0 \u00a0 \u00a0 \u00a0 \u00a0 \u00a0 T\/T, PayPal Origin:\u00a0 \u00a0 \u00a0 \u00a0 \u00a0 \u00a0 \u00a0 \u00a0 \u00a0 \u00a0 \u00a0 \u00a0 \u00a0 \u00a0 \u00a0 \u00a0 \u00a0 \u00a0 \u00a0 \u00a0 Shenzhen China Model\u00a0 \u00a0 \u00a0 \u00a0 \u00a0 \u00a0 \u00a0 \u00a0 \u00a0 \u00a0 \u00a0 \u00a0 \u00a0 \u00a0 \u00a0 \u00a0 \u00a0 \u00a0 \u00a0 \u00a0 J-N1001","og_url":"https:\/\/www.wjwsy.com\/es\/producto\/mini-usb-data-charging-cable-usb-2-0-type-a-male-to-mini-usb-5p-sync-cord-for-legacy-devices-wholesale\/","og_site_name":"Professional USB cable manufacturer","article_modified_time":"2026-03-13T03:12:21+00:00","og_image":[{"width":750,"height":600,"url":"https:\/\/www.wjwsy.com\/wp-content\/uploads\/2025\/07\/J-N1001-1.jpg","type":"image\/jpeg"}],"twitter_card":"summary_large_image","twitter_misc":{"Tiempo de lectura":"1 minuto"},"schema":{"@context":"https:\/\/schema.org","@graph":[{"@type":"WebPage","@id":"https:\/\/www.wjwsy.com\/product\/mini-usb-data-charging-cable-usb-2-0-type-a-male-to-mini-usb-5p-sync-cord-for-legacy-devices-wholesale\/","url":"https:\/\/www.wjwsy.com\/product\/mini-usb-data-charging-cable-usb-2-0-type-a-male-to-mini-usb-5p-sync-cord-for-legacy-devices-wholesale\/","name":"Mini USB Data Charging Cable \u2013 USB 2.0 Type A Male to Mini USB 5P Sync Cord for Legacy Devices Wholesale - Professional USB cable manufacturer","isPartOf":{"@id":"https:\/\/www.wjwsy.com\/#website"},"primaryImageOfPage":{"@id":"https:\/\/www.wjwsy.com\/product\/mini-usb-data-charging-cable-usb-2-0-type-a-male-to-mini-usb-5p-sync-cord-for-legacy-devices-wholesale\/#primaryimage"},"image":{"@id":"https:\/\/www.wjwsy.com\/product\/mini-usb-data-charging-cable-usb-2-0-type-a-male-to-mini-usb-5p-sync-cord-for-legacy-devices-wholesale\/#primaryimage"},"thumbnailUrl":"https:\/\/www.wjwsy.com\/wp-content\/uploads\/2025\/07\/J-N1001-1.jpg","datePublished":"2025-07-14T07:52:49+00:00","dateModified":"2026-03-13T03:12:21+00:00","breadcrumb":{"@id":"https:\/\/www.wjwsy.com\/product\/mini-usb-data-charging-cable-usb-2-0-type-a-male-to-mini-usb-5p-sync-cord-for-legacy-devices-wholesale\/#breadcrumb"},"inLanguage":"es","potentialAction":[{"@type":"ReadAction","target":["https:\/\/www.wjwsy.com\/product\/mini-usb-data-charging-cable-usb-2-0-type-a-male-to-mini-usb-5p-sync-cord-for-legacy-devices-wholesale\/"]}]},{"@type":"ImageObject","inLanguage":"es","@id":"https:\/\/www.wjwsy.com\/product\/mini-usb-data-charging-cable-usb-2-0-type-a-male-to-mini-usb-5p-sync-cord-for-legacy-devices-wholesale\/#primaryimage","url":"https:\/\/www.wjwsy.com\/wp-content\/uploads\/2025\/07\/J-N1001-1.jpg","contentUrl":"https:\/\/www.wjwsy.com\/wp-content\/uploads\/2025\/07\/J-N1001-1.jpg","width":750,"height":600},{"@type":"BreadcrumbList","@id":"https:\/\/www.wjwsy.com\/product\/mini-usb-data-charging-cable-usb-2-0-type-a-male-to-mini-usb-5p-sync-cord-for-legacy-devices-wholesale\/#breadcrumb","itemListElement":[{"@type":"ListItem","position":1,"name":"\u9996\u9875","item":"https:\/\/www.wjwsy.com\/"},{"@type":"ListItem","position":2,"name":"Products","item":"https:\/\/www.wjwsy.com\/design-editor__trashed\/"},{"@type":"ListItem","position":3,"name":"USB Mini Cable Wholesale \u2013 Legacy Device &amp; Industrial Connectivity Solutions","item":"https:\/\/www.wjwsy.com\/category\/usb-mini-cable\/"},{"@type":"ListItem","position":4,"name":"Mini USB Data Charging Cable \u2013 USB 2.0 Type A Male to Mini USB 5P Sync Cord for Legacy Devices Wholesale"}]},{"@type":"WebSite","@id":"https:\/\/www.wjwsy.com\/#website","url":"https:\/\/www.wjwsy.com\/","name":"wjwsy.com","description":"Delivering High-Quality, Reliable USB Cables for Every Industry","publisher":{"@id":"https:\/\/www.wjwsy.com\/#organization"},"potentialAction":[{"@type":"SearchAction","target":{"@type":"EntryPoint","urlTemplate":"https:\/\/www.wjwsy.com\/?s={search_term_string}"},"query-input":{"@type":"PropertyValueSpecification","valueRequired":true,"valueName":"search_term_string"}}],"inLanguage":"es"},{"@type":"Organization","@id":"https:\/\/www.wjwsy.com\/#organization","name":"wjwsy.com","url":"https:\/\/www.wjwsy.com\/","logo":{"@type":"ImageObject","inLanguage":"es","@id":"https:\/\/www.wjwsy.com\/#\/schema\/logo\/image\/","url":"","contentUrl":"","caption":"wjwsy.com"},"image":{"@id":"https:\/\/www.wjwsy.com\/#\/schema\/logo\/image\/"}}]}},"_links":{"self":[{"href":"https:\/\/www.wjwsy.com\/es\/wp-json\/wp\/v2\/product\/9029","targetHints":{"allow":["GET"]}}],"collection":[{"href":"https:\/\/www.wjwsy.com\/es\/wp-json\/wp\/v2\/product"}],"about":[{"href":"https:\/\/www.wjwsy.com\/es\/wp-json\/wp\/v2\/types\/product"}],"wp:featuredmedia":[{"embeddable":true,"href":"https:\/\/www.wjwsy.com\/es\/wp-json\/wp\/v2\/media\/9035"}],"wp:attachment":[{"href":"https:\/\/www.wjwsy.com\/es\/wp-json\/wp\/v2\/media?parent=9029"}],"wp:term":[{"taxonomy":"product_brand","embeddable":true,"href":"https:\/\/www.wjwsy.com\/es\/wp-json\/wp\/v2\/product_brand?post=9029"},{"taxonomy":"product_cat","embeddable":true,"href":"https:\/\/www.wjwsy.com\/es\/wp-json\/wp\/v2\/product_cat?post=9029"},{"taxonomy":"product_tag","embeddable":true,"href":"https:\/\/www.wjwsy.com\/es\/wp-json\/wp\/v2\/product_tag?post=9029"}],"curies":[{"name":"wp","href":"https:\/\/api.w.org\/{rel}","templated":true}]}}