{"id":8973,"date":"2025-07-14T07:08:04","date_gmt":"2025-07-14T07:08:04","guid":{"rendered":"https:\/\/www.wjwsy.com\/?post_type=product&#038;p=8973"},"modified":"2026-03-13T03:09:26","modified_gmt":"2026-03-13T03:09:26","slug":"usb-2-0-to-micro-usb-female-adapter-type-a-to-micro-b-converter-cord-for-charging-data-sync-wholesale","status":"publish","type":"product","link":"https:\/\/www.wjwsy.com\/es\/producto\/usb-2-0-to-micro-usb-female-adapter-type-a-to-micro-b-converter-cord-for-charging-data-sync-wholesale\/","title":{"rendered":"USB 2.0 a Micro USB Hembra Adaptador \u2013 de Tipo a a Micro B Convertidor de Cable de Carga\/Sincronizaci\u00f3n de Datos del Mayorista"},"content":{"rendered":"<div class=\"mcb-wrap-background-overlay\"><span style=\"font-size: 30px;\">Detalles T\u00e9cnicos:<\/span><\/div>\n<div class=\"column mcb-column mcb-item-qnz5s5p8w one laptop-one tablet-one mobile-one column_list_2\">\n<div class=\"mcb-column-inner mfn-module-wrapper mcb-column-inner-qnz5s5p8w mcb-item-list_2-inner\">\n<h5><i class=\"icon-dot\" aria-hidden=\"true\"><\/i>Interfaz de entrada: USB macho<\/h5>\n<h5><i class=\"icon-dot\" aria-hidden=\"true\"><\/i>Interfaz de salida: micro 5p hembra<\/h5>\n<h5><i class=\"icon-dot\" aria-hidden=\"true\"><\/i>Aplicaci\u00f3n: Adecuado para los dispositivos con interfaz MicroUSB<\/h5>\n<h5><i class=\"icon-dot\" aria-hidden=\"true\"><\/i>Funci\u00f3n: los datos de carga + carga de extensi\u00f3n<\/h5>\n<h5><i class=\"icon-dot\" aria-hidden=\"true\"><\/i>Voltaje de funcionamiento: 5 V<\/h5>\n<h5><i class=\"icon-dot\" aria-hidden=\"true\"><\/i>Color: negro<\/h5>\n<h5><i class=\"icon-dot\" aria-hidden=\"true\"><\/i>Material de la funda: PVC<i class=\"icon-dot\" aria-hidden=\"true\"><\/i><\/h5>\n<h5><i class=\"icon-dot\" aria-hidden=\"true\"><\/i>MOQ: 100<\/h5>\n<h5>Inspecci\u00f3n: inspecci\u00f3n de control de calidad al 100 % antes del env\u00edo.<\/h5>\n<\/div>\n<\/div>","protected":false},"excerpt":{"rendered":"<div class=\"trade-terms\">\n<p><strong>T\u00e9rminos De Comercio<\/strong>: FOB Shenzhen<\/p>\n<p><strong>OEM\/ODM:<\/strong>\u00a0 \u00a0 \u00a0 \u00a0 \u00a0 \u00a0 \u00a0 \u00a0 \u00a0 \u00a0 \u00a0 \u00a0 \u00a0 \u00a0 \u00a0 \u00a0 \u00a0 S\u00ed<\/p>\n<p><strong>Producci\u00f3n:<\/strong>\u00a0 \u00a0 \u00a0 \u00a0 \u00a0 \u00a0 \u00a0 \u00a0 \u00a0 \u00a0 \u00a0 \u00a0 \u00a0 \u00a0 \u00a0 \u00a0 \u00a0600,000 UNIDADES\/Mes<\/p>\n<p><strong>Tiempo De La Muestra:<\/strong>\u00a0 \u00a0 \u00a0 \u00a0 \u00a0 \u00a0 \u00a0 \u00a0 \u00a0 \u00a0 \u00a0 \u00a0 \u00a0 \u00a0 \u00a05-10 D\u00edas H\u00e1biles<\/p>\n<p><strong>Pedido M\u00ednimo:<\/strong>\u00a0 \u00a0 \u00a0 \u00a0 \u00a0 \u00a0 \u00a0 \u00a0 \u00a0 \u00a0 \u00a0 \u00a0 100 Piezas<\/p>\n<p><strong>Forma de pago:<\/strong>\u00a0 \u00a0 \u00a0 \u00a0 \u00a0 \u00a0 \u00a0 \u00a0 \u00a0 \u00a0 \u00a0 \u00a0 \u00a0 \u00a0 \u00a0 \u00a0 \u00a0 \u00a0 \u00a0Transferencia bancaria, PayPal<\/p>\n<p><strong>Origen:<\/strong>\u00a0 \u00a0 \u00a0 \u00a0 \u00a0 \u00a0 \u00a0 \u00a0 \u00a0 \u00a0 \u00a0 \u00a0 \u00a0 \u00a0 \u00a0 \u00a0 \u00a0 \u00a0 \u00a0 \u00a0 \u00a0 \u00a0Shenzhen, China<\/p>\n<p><strong>Modelo J-M4003<\/strong><\/p>\n<\/div>","protected":false},"featured_media":8974,"template":"","meta":{"_eb_attr":""},"product_brand":[],"product_cat":[726],"product_tag":[],"class_list":{"0":"post-8973","1":"product","2":"type-product","3":"status-publish","4":"has-post-thumbnail","6":"product_cat-usb-micro-cable","8":"first","9":"instock","10":"shipping-taxable","11":"product-type-simple"},"yoast_head":"<!-- This site is optimized with the Yoast SEO Premium plugin v23.7 (Yoast SEO v23.7) - https:\/\/yoast.com\/wordpress\/plugins\/seo\/ -->\n<title>USB 2.0 to Micro USB Female Adapter \u2013 Type-A to Micro B Converter Cord for Charging\/Data Sync Wholesale - Professional USB cable manufacturer<\/title>\n<meta name=\"robots\" content=\"index, follow, max-snippet:-1, max-image-preview:large, max-video-preview:-1\" \/>\n<link rel=\"canonical\" href=\"https:\/\/www.wjwsy.com\/es\/producto\/usb-2-0-to-micro-usb-female-adapter-type-a-to-micro-b-converter-cord-for-charging-data-sync-wholesale\/\" \/>\n<meta property=\"og:locale\" content=\"es_ES\" \/>\n<meta property=\"og:type\" content=\"article\" \/>\n<meta property=\"og:title\" content=\"USB 2.0 to Micro USB Female Adapter \u2013 Type-A to Micro B Converter Cord for Charging\/Data Sync Wholesale\" \/>\n<meta property=\"og:description\" content=\"Trade Terms:\u00a0 \u00a0 \u00a0 \u00a0 \u00a0 \u00a0 \u00a0 \u00a0 \u00a0 \u00a0 \u00a0 \u00a0 \u00a0 \u00a0 \u00a0FOB Shenzhen  OEM\/ODM:\u00a0 \u00a0 \u00a0 \u00a0 \u00a0 \u00a0 \u00a0 \u00a0 \u00a0 \u00a0 \u00a0 \u00a0 \u00a0 \u00a0 \u00a0 \u00a0 \u00a0 Yes  Production:\u00a0 \u00a0 \u00a0 \u00a0 \u00a0 \u00a0 \u00a0 \u00a0 \u00a0 \u00a0 \u00a0 \u00a0 \u00a0 \u00a0 \u00a0 \u00a0 \u00a0600,000PCS\/Month  Sample Time:\u00a0 \u00a0 \u00a0 \u00a0 \u00a0 \u00a0 \u00a0 \u00a0 \u00a0 \u00a0 \u00a0 \u00a0 \u00a0 \u00a0 \u00a05-10 Working Days  Minimum Order:\u00a0 \u00a0 \u00a0 \u00a0 \u00a0 \u00a0 \u00a0 \u00a0 \u00a0 \u00a0 \u00a0 \u00a0 100 Pieces  Payment:\u00a0 \u00a0 \u00a0 \u00a0 \u00a0 \u00a0 \u00a0 \u00a0 \u00a0 \u00a0 \u00a0 \u00a0 \u00a0 \u00a0 \u00a0 \u00a0 \u00a0 \u00a0 \u00a0T\/T, PayPal  Origin:\u00a0 \u00a0 \u00a0 \u00a0 \u00a0 \u00a0 \u00a0 \u00a0 \u00a0 \u00a0 \u00a0 \u00a0 \u00a0 \u00a0 \u00a0 \u00a0 \u00a0 \u00a0 \u00a0 \u00a0 \u00a0 \u00a0Shenzhen China  Model\u00a0 \u00a0 \u00a0 \u00a0 \u00a0 \u00a0 \u00a0 \u00a0 \u00a0 \u00a0 \u00a0 \u00a0 \u00a0 \u00a0 \u00a0 \u00a0 \u00a0 \u00a0 \u00a0 \u00a0 \u00a0 \u00a0 J-M4003\" \/>\n<meta property=\"og:url\" content=\"https:\/\/www.wjwsy.com\/es\/producto\/usb-2-0-to-micro-usb-female-adapter-type-a-to-micro-b-converter-cord-for-charging-data-sync-wholesale\/\" \/>\n<meta property=\"og:site_name\" content=\"Professional USB cable manufacturer\" \/>\n<meta property=\"article:modified_time\" content=\"2026-03-13T03:09:26+00:00\" \/>\n<meta property=\"og:image\" content=\"https:\/\/www.wjwsy.com\/wp-content\/uploads\/2025\/07\/J-M4003-1.jpg\" \/>\n\t<meta property=\"og:image:width\" content=\"750\" \/>\n\t<meta property=\"og:image:height\" content=\"599\" \/>\n\t<meta property=\"og:image:type\" content=\"image\/jpeg\" \/>\n<meta name=\"twitter:card\" content=\"summary_large_image\" \/>\n<meta name=\"twitter:label1\" content=\"Tiempo de lectura\" \/>\n\t<meta name=\"twitter:data1\" content=\"1 minuto\" \/>\n<script type=\"application\/ld+json\" class=\"yoast-schema-graph\">{\"@context\":\"https:\/\/schema.org\",\"@graph\":[{\"@type\":\"WebPage\",\"@id\":\"https:\/\/www.wjwsy.com\/product\/usb-2-0-to-micro-usb-female-adapter-type-a-to-micro-b-converter-cord-for-charging-data-sync-wholesale\/\",\"url\":\"https:\/\/www.wjwsy.com\/product\/usb-2-0-to-micro-usb-female-adapter-type-a-to-micro-b-converter-cord-for-charging-data-sync-wholesale\/\",\"name\":\"USB 2.0 to Micro USB Female Adapter \u2013 Type-A to Micro B Converter Cord for Charging\/Data Sync Wholesale - Professional USB cable manufacturer\",\"isPartOf\":{\"@id\":\"https:\/\/www.wjwsy.com\/#website\"},\"primaryImageOfPage\":{\"@id\":\"https:\/\/www.wjwsy.com\/product\/usb-2-0-to-micro-usb-female-adapter-type-a-to-micro-b-converter-cord-for-charging-data-sync-wholesale\/#primaryimage\"},\"image\":{\"@id\":\"https:\/\/www.wjwsy.com\/product\/usb-2-0-to-micro-usb-female-adapter-type-a-to-micro-b-converter-cord-for-charging-data-sync-wholesale\/#primaryimage\"},\"thumbnailUrl\":\"https:\/\/www.wjwsy.com\/wp-content\/uploads\/2025\/07\/J-M4003-1.jpg\",\"datePublished\":\"2025-07-14T07:08:04+00:00\",\"dateModified\":\"2026-03-13T03:09:26+00:00\",\"breadcrumb\":{\"@id\":\"https:\/\/www.wjwsy.com\/product\/usb-2-0-to-micro-usb-female-adapter-type-a-to-micro-b-converter-cord-for-charging-data-sync-wholesale\/#breadcrumb\"},\"inLanguage\":\"es\",\"potentialAction\":[{\"@type\":\"ReadAction\",\"target\":[\"https:\/\/www.wjwsy.com\/product\/usb-2-0-to-micro-usb-female-adapter-type-a-to-micro-b-converter-cord-for-charging-data-sync-wholesale\/\"]}]},{\"@type\":\"ImageObject\",\"inLanguage\":\"es\",\"@id\":\"https:\/\/www.wjwsy.com\/product\/usb-2-0-to-micro-usb-female-adapter-type-a-to-micro-b-converter-cord-for-charging-data-sync-wholesale\/#primaryimage\",\"url\":\"https:\/\/www.wjwsy.com\/wp-content\/uploads\/2025\/07\/J-M4003-1.jpg\",\"contentUrl\":\"https:\/\/www.wjwsy.com\/wp-content\/uploads\/2025\/07\/J-M4003-1.jpg\",\"width\":750,\"height\":599},{\"@type\":\"BreadcrumbList\",\"@id\":\"https:\/\/www.wjwsy.com\/product\/usb-2-0-to-micro-usb-female-adapter-type-a-to-micro-b-converter-cord-for-charging-data-sync-wholesale\/#breadcrumb\",\"itemListElement\":[{\"@type\":\"ListItem\",\"position\":1,\"name\":\"\u9996\u9875\",\"item\":\"https:\/\/www.wjwsy.com\/\"},{\"@type\":\"ListItem\",\"position\":2,\"name\":\"Products\",\"item\":\"https:\/\/www.wjwsy.com\/design-editor__trashed\/\"},{\"@type\":\"ListItem\",\"position\":3,\"name\":\"Micro USB Cable Wholesale \u2013 Reliable Android Charging Cables for Budget &amp; Legacy Devices\",\"item\":\"https:\/\/www.wjwsy.com\/category\/usb-micro-cable\/\"},{\"@type\":\"ListItem\",\"position\":4,\"name\":\"USB 2.0 to Micro USB Female Adapter \u2013 Type-A to Micro B Converter Cord for Charging\/Data Sync Wholesale\"}]},{\"@type\":\"WebSite\",\"@id\":\"https:\/\/www.wjwsy.com\/#website\",\"url\":\"https:\/\/www.wjwsy.com\/\",\"name\":\"wjwsy.com\",\"description\":\"Delivering High-Quality, Reliable USB Cables for Every Industry\",\"publisher\":{\"@id\":\"https:\/\/www.wjwsy.com\/#organization\"},\"potentialAction\":[{\"@type\":\"SearchAction\",\"target\":{\"@type\":\"EntryPoint\",\"urlTemplate\":\"https:\/\/www.wjwsy.com\/?s={search_term_string}\"},\"query-input\":{\"@type\":\"PropertyValueSpecification\",\"valueRequired\":true,\"valueName\":\"search_term_string\"}}],\"inLanguage\":\"es\"},{\"@type\":\"Organization\",\"@id\":\"https:\/\/www.wjwsy.com\/#organization\",\"name\":\"wjwsy.com\",\"url\":\"https:\/\/www.wjwsy.com\/\",\"logo\":{\"@type\":\"ImageObject\",\"inLanguage\":\"es\",\"@id\":\"https:\/\/www.wjwsy.com\/#\/schema\/logo\/image\/\",\"url\":\"\",\"contentUrl\":\"\",\"caption\":\"wjwsy.com\"},\"image\":{\"@id\":\"https:\/\/www.wjwsy.com\/#\/schema\/logo\/image\/\"}}]}<\/script>\n<!-- \/ Yoast SEO Premium plugin. -->","yoast_head_json":{"title":"USB 2.0 to Micro USB Female Adapter \u2013 Type-A to Micro B Converter Cord for Charging\/Data Sync Wholesale - Professional USB cable manufacturer","robots":{"index":"index","follow":"follow","max-snippet":"max-snippet:-1","max-image-preview":"max-image-preview:large","max-video-preview":"max-video-preview:-1"},"canonical":"https:\/\/www.wjwsy.com\/es\/producto\/usb-2-0-to-micro-usb-female-adapter-type-a-to-micro-b-converter-cord-for-charging-data-sync-wholesale\/","og_locale":"es_ES","og_type":"article","og_title":"USB 2.0 to Micro USB Female Adapter \u2013 Type-A to Micro B Converter Cord for Charging\/Data Sync Wholesale","og_description":"Trade Terms:\u00a0 \u00a0 \u00a0 \u00a0 \u00a0 \u00a0 \u00a0 \u00a0 \u00a0 \u00a0 \u00a0 \u00a0 \u00a0 \u00a0 \u00a0FOB Shenzhen  OEM\/ODM:\u00a0 \u00a0 \u00a0 \u00a0 \u00a0 \u00a0 \u00a0 \u00a0 \u00a0 \u00a0 \u00a0 \u00a0 \u00a0 \u00a0 \u00a0 \u00a0 \u00a0 Yes  Production:\u00a0 \u00a0 \u00a0 \u00a0 \u00a0 \u00a0 \u00a0 \u00a0 \u00a0 \u00a0 \u00a0 \u00a0 \u00a0 \u00a0 \u00a0 \u00a0 \u00a0600,000PCS\/Month  Sample Time:\u00a0 \u00a0 \u00a0 \u00a0 \u00a0 \u00a0 \u00a0 \u00a0 \u00a0 \u00a0 \u00a0 \u00a0 \u00a0 \u00a0 \u00a05-10 Working Days  Minimum Order:\u00a0 \u00a0 \u00a0 \u00a0 \u00a0 \u00a0 \u00a0 \u00a0 \u00a0 \u00a0 \u00a0 \u00a0 100 Pieces  Payment:\u00a0 \u00a0 \u00a0 \u00a0 \u00a0 \u00a0 \u00a0 \u00a0 \u00a0 \u00a0 \u00a0 \u00a0 \u00a0 \u00a0 \u00a0 \u00a0 \u00a0 \u00a0 \u00a0T\/T, PayPal  Origin:\u00a0 \u00a0 \u00a0 \u00a0 \u00a0 \u00a0 \u00a0 \u00a0 \u00a0 \u00a0 \u00a0 \u00a0 \u00a0 \u00a0 \u00a0 \u00a0 \u00a0 \u00a0 \u00a0 \u00a0 \u00a0 \u00a0Shenzhen China  Model\u00a0 \u00a0 \u00a0 \u00a0 \u00a0 \u00a0 \u00a0 \u00a0 \u00a0 \u00a0 \u00a0 \u00a0 \u00a0 \u00a0 \u00a0 \u00a0 \u00a0 \u00a0 \u00a0 \u00a0 \u00a0 \u00a0 J-M4003","og_url":"https:\/\/www.wjwsy.com\/es\/producto\/usb-2-0-to-micro-usb-female-adapter-type-a-to-micro-b-converter-cord-for-charging-data-sync-wholesale\/","og_site_name":"Professional USB cable manufacturer","article_modified_time":"2026-03-13T03:09:26+00:00","og_image":[{"width":750,"height":599,"url":"https:\/\/www.wjwsy.com\/wp-content\/uploads\/2025\/07\/J-M4003-1.jpg","type":"image\/jpeg"}],"twitter_card":"summary_large_image","twitter_misc":{"Tiempo de lectura":"1 minuto"},"schema":{"@context":"https:\/\/schema.org","@graph":[{"@type":"WebPage","@id":"https:\/\/www.wjwsy.com\/product\/usb-2-0-to-micro-usb-female-adapter-type-a-to-micro-b-converter-cord-for-charging-data-sync-wholesale\/","url":"https:\/\/www.wjwsy.com\/product\/usb-2-0-to-micro-usb-female-adapter-type-a-to-micro-b-converter-cord-for-charging-data-sync-wholesale\/","name":"USB 2.0 to Micro USB Female Adapter \u2013 Type-A to Micro B Converter Cord for Charging\/Data Sync Wholesale - Professional USB cable manufacturer","isPartOf":{"@id":"https:\/\/www.wjwsy.com\/#website"},"primaryImageOfPage":{"@id":"https:\/\/www.wjwsy.com\/product\/usb-2-0-to-micro-usb-female-adapter-type-a-to-micro-b-converter-cord-for-charging-data-sync-wholesale\/#primaryimage"},"image":{"@id":"https:\/\/www.wjwsy.com\/product\/usb-2-0-to-micro-usb-female-adapter-type-a-to-micro-b-converter-cord-for-charging-data-sync-wholesale\/#primaryimage"},"thumbnailUrl":"https:\/\/www.wjwsy.com\/wp-content\/uploads\/2025\/07\/J-M4003-1.jpg","datePublished":"2025-07-14T07:08:04+00:00","dateModified":"2026-03-13T03:09:26+00:00","breadcrumb":{"@id":"https:\/\/www.wjwsy.com\/product\/usb-2-0-to-micro-usb-female-adapter-type-a-to-micro-b-converter-cord-for-charging-data-sync-wholesale\/#breadcrumb"},"inLanguage":"es","potentialAction":[{"@type":"ReadAction","target":["https:\/\/www.wjwsy.com\/product\/usb-2-0-to-micro-usb-female-adapter-type-a-to-micro-b-converter-cord-for-charging-data-sync-wholesale\/"]}]},{"@type":"ImageObject","inLanguage":"es","@id":"https:\/\/www.wjwsy.com\/product\/usb-2-0-to-micro-usb-female-adapter-type-a-to-micro-b-converter-cord-for-charging-data-sync-wholesale\/#primaryimage","url":"https:\/\/www.wjwsy.com\/wp-content\/uploads\/2025\/07\/J-M4003-1.jpg","contentUrl":"https:\/\/www.wjwsy.com\/wp-content\/uploads\/2025\/07\/J-M4003-1.jpg","width":750,"height":599},{"@type":"BreadcrumbList","@id":"https:\/\/www.wjwsy.com\/product\/usb-2-0-to-micro-usb-female-adapter-type-a-to-micro-b-converter-cord-for-charging-data-sync-wholesale\/#breadcrumb","itemListElement":[{"@type":"ListItem","position":1,"name":"\u9996\u9875","item":"https:\/\/www.wjwsy.com\/"},{"@type":"ListItem","position":2,"name":"Products","item":"https:\/\/www.wjwsy.com\/design-editor__trashed\/"},{"@type":"ListItem","position":3,"name":"Micro USB Cable Wholesale \u2013 Reliable Android Charging Cables for Budget &amp; Legacy Devices","item":"https:\/\/www.wjwsy.com\/category\/usb-micro-cable\/"},{"@type":"ListItem","position":4,"name":"USB 2.0 to Micro USB Female Adapter \u2013 Type-A to Micro B Converter Cord for Charging\/Data Sync Wholesale"}]},{"@type":"WebSite","@id":"https:\/\/www.wjwsy.com\/#website","url":"https:\/\/www.wjwsy.com\/","name":"wjwsy.com","description":"Delivering High-Quality, Reliable USB Cables for Every Industry","publisher":{"@id":"https:\/\/www.wjwsy.com\/#organization"},"potentialAction":[{"@type":"SearchAction","target":{"@type":"EntryPoint","urlTemplate":"https:\/\/www.wjwsy.com\/?s={search_term_string}"},"query-input":{"@type":"PropertyValueSpecification","valueRequired":true,"valueName":"search_term_string"}}],"inLanguage":"es"},{"@type":"Organization","@id":"https:\/\/www.wjwsy.com\/#organization","name":"wjwsy.com","url":"https:\/\/www.wjwsy.com\/","logo":{"@type":"ImageObject","inLanguage":"es","@id":"https:\/\/www.wjwsy.com\/#\/schema\/logo\/image\/","url":"","contentUrl":"","caption":"wjwsy.com"},"image":{"@id":"https:\/\/www.wjwsy.com\/#\/schema\/logo\/image\/"}}]}},"_links":{"self":[{"href":"https:\/\/www.wjwsy.com\/es\/wp-json\/wp\/v2\/product\/8973","targetHints":{"allow":["GET"]}}],"collection":[{"href":"https:\/\/www.wjwsy.com\/es\/wp-json\/wp\/v2\/product"}],"about":[{"href":"https:\/\/www.wjwsy.com\/es\/wp-json\/wp\/v2\/types\/product"}],"wp:featuredmedia":[{"embeddable":true,"href":"https:\/\/www.wjwsy.com\/es\/wp-json\/wp\/v2\/media\/8974"}],"wp:attachment":[{"href":"https:\/\/www.wjwsy.com\/es\/wp-json\/wp\/v2\/media?parent=8973"}],"wp:term":[{"taxonomy":"product_brand","embeddable":true,"href":"https:\/\/www.wjwsy.com\/es\/wp-json\/wp\/v2\/product_brand?post=8973"},{"taxonomy":"product_cat","embeddable":true,"href":"https:\/\/www.wjwsy.com\/es\/wp-json\/wp\/v2\/product_cat?post=8973"},{"taxonomy":"product_tag","embeddable":true,"href":"https:\/\/www.wjwsy.com\/es\/wp-json\/wp\/v2\/product_tag?post=8973"}],"curies":[{"name":"wp","href":"https:\/\/api.w.org\/{rel}","templated":true}]}}