{"id":8904,"date":"2025-07-14T03:35:12","date_gmt":"2025-07-14T03:35:12","guid":{"rendered":"https:\/\/www.wjwsy.com\/?post_type=product&#038;p=8904"},"modified":"2026-03-13T02:14:17","modified_gmt":"2026-03-13T02:14:17","slug":"mini-usb-to-usb-c-adapter-cable-type-c-converter-cord-for-legacy-devices-wholesale","status":"publish","type":"product","link":"https:\/\/www.wjwsy.com\/es\/producto\/mini-usb-to-usb-c-adapter-cable-type-c-converter-cord-for-legacy-devices-wholesale\/","title":{"rendered":"Mini USB a USB Cable Adaptador de Tipo-C Convertidor de Cable para Dispositivos Heredados de Mayoreo"},"content":{"rendered":"<h3 class=\"mcb-wrap-background-overlay\"><strong><span style=\"font-size: 21px;\">Detalles T\u00e9cnicos:<\/span><\/strong><\/h3>\n<div class=\"column mcb-column mcb-item-fysgxm9k one laptop-one tablet-one mobile-one column_list_2\">\n<div class=\"mcb-column-inner mfn-module-wrapper mcb-column-inner-fysgxm9k mcb-item-list_2-inner\">\n<p><i class=\"icon-dot\" aria-hidden=\"true\"><\/i>Interfaz de entrada: TIPO-C hembra<\/p>\n<p><i class=\"icon-dot\" aria-hidden=\"true\"><\/i>Interfaz de salida: mini5p enchufe macho<\/p>\n<p><i class=\"icon-dot\" aria-hidden=\"true\"><\/i>Aplicaci\u00f3n: mini5p dispositivo de interfaz<\/p>\n<p><i class=\"icon-dot\" aria-hidden=\"true\"><\/i>USB est\u00e1ndar: USB 2.0<\/p>\n<p><i class=\"icon-dot\" aria-hidden=\"true\"><\/i>Funci\u00f3n: carga + transmisi\u00f3n de datos<\/p>\n<p><i class=\"icon-dot\" aria-hidden=\"true\"><\/i>Voltaje de funcionamiento: 5 V<\/p>\n<p><i class=\"icon-dot\" aria-hidden=\"true\"><\/i>Los datos de transmisi\u00f3n: \u2264480Mbps<\/p>\n<p><i class=\"icon-dot\" aria-hidden=\"true\"><\/i>Longitud: 20 CM<\/p>\n<p><i class=\"icon-dot\" aria-hidden=\"true\"><\/i>Color: negro<\/p>\n<p><i class=\"icon-dot\" aria-hidden=\"true\"><\/i>Material de la funda: PVC<i class=\"icon-dot\" aria-hidden=\"true\"><\/i><\/p>\n<p><i class=\"icon-dot\" aria-hidden=\"true\"><\/i>Inspecci\u00f3n: inspecci\u00f3n de control de calidad al 100 % antes del env\u00edo.<\/p>\n<\/div>\n<\/div>","protected":false},"excerpt":{"rendered":"<div class=\"trade-terms\">\n<p><strong>T\u00e9rminos De Comercio<\/strong>: FOB Shenzhen<\/p>\n<p><strong>OEM\/ODM:<\/strong>\u00a0 \u00a0 \u00a0 \u00a0 \u00a0 \u00a0 \u00a0 \u00a0 \u00a0 \u00a0 \u00a0 \u00a0 \u00a0 \u00a0 \u00a0 \u00a0S\u00ed<\/p>\n<p><strong>Producci\u00f3n:<\/strong>\u00a0 \u00a0 \u00a0 \u00a0 \u00a0 \u00a0 \u00a0 \u00a0 \u00a0 \u00a0 \u00a0 \u00a0 \u00a0 \u00a0 \u00a0 600,000 UNIDADES\/Mes<\/p>\n<p><strong>Tiempo De La Muestra:<\/strong>\u00a0 \u00a0 \u00a0 \u00a0 \u00a0 \u00a0 \u00a0 \u00a0 \u00a0 \u00a0 \u00a0 \u00a0 \u00a0 5-10 D\u00edas H\u00e1biles<\/p>\n<p><strong>Pedido M\u00ednimo:<\/strong>\u00a0 \u00a0 \u00a0 \u00a0 \u00a0 \u00a0 \u00a0 \u00a0 \u00a0 \u00a0 \u00a0 100 Piezas<\/p>\n<p><strong>Forma de pago:<\/strong>\u00a0 \u00a0 \u00a0 \u00a0 \u00a0 \u00a0 \u00a0 \u00a0 \u00a0 \u00a0 \u00a0 \u00a0 \u00a0 \u00a0 \u00a0 \u00a0 \u00a0 Transferencia bancaria, PayPal<\/p>\n<p><strong>Origen:<\/strong>\u00a0 \u00a0 \u00a0 \u00a0 \u00a0 \u00a0 \u00a0 \u00a0 \u00a0 \u00a0 \u00a0 \u00a0 \u00a0 \u00a0 \u00a0 \u00a0 \u00a0 \u00a0 \u00a0 \u00a0 Shenzhen, China<\/p>\n<p><strong>Modelo<\/strong>\u00a0 \u00a0 \u00a0 \u00a0 \u00a0 \u00a0 \u00a0 \u00a0 \u00a0 \u00a0 \u00a0 \u00a0 \u00a0 \u00a0 \u00a0 \u00a0 \u00a0 \u00a0 \u00a0 \u00a0 J-C4002<\/p>\n<\/div>","protected":false},"featured_media":8905,"template":"","meta":{"_eb_attr":""},"product_brand":[],"product_cat":[668],"product_tag":[],"class_list":{"0":"post-8904","1":"product","2":"type-product","3":"status-publish","4":"has-post-thumbnail","6":"product_cat-usb-type-c-cable","8":"first","9":"instock","10":"shipping-taxable","11":"product-type-simple"},"yoast_head":"<!-- This site is optimized with the Yoast SEO Premium plugin v23.7 (Yoast SEO v23.7) - https:\/\/yoast.com\/wordpress\/plugins\/seo\/ -->\n<title>Mini USB to USB C Adapter Cable \u2013 Type-C Converter Cord for Legacy Devices Wholesale - Professional USB cable manufacturer<\/title>\n<meta name=\"robots\" content=\"index, follow, max-snippet:-1, max-image-preview:large, max-video-preview:-1\" \/>\n<link rel=\"canonical\" href=\"https:\/\/www.wjwsy.com\/es\/producto\/mini-usb-to-usb-c-adapter-cable-type-c-converter-cord-for-legacy-devices-wholesale\/\" \/>\n<meta property=\"og:locale\" content=\"es_ES\" \/>\n<meta property=\"og:type\" content=\"article\" \/>\n<meta property=\"og:title\" content=\"Mini USB to USB C Adapter Cable \u2013 Type-C Converter Cord for Legacy Devices Wholesale\" \/>\n<meta property=\"og:description\" content=\"Trade Terms:\u00a0 \u00a0 \u00a0 \u00a0 \u00a0 \u00a0 \u00a0 \u00a0 \u00a0 \u00a0 \u00a0 \u00a0 \u00a0 FOB Shenzhen  OEM\/ODM:\u00a0 \u00a0 \u00a0 \u00a0 \u00a0 \u00a0 \u00a0 \u00a0 \u00a0 \u00a0 \u00a0 \u00a0 \u00a0 \u00a0 \u00a0 \u00a0Yes  Production:\u00a0 \u00a0 \u00a0 \u00a0 \u00a0 \u00a0 \u00a0 \u00a0 \u00a0 \u00a0 \u00a0 \u00a0 \u00a0 \u00a0 \u00a0 600,000PCS\/Month  Sample Time:\u00a0 \u00a0 \u00a0 \u00a0 \u00a0 \u00a0 \u00a0 \u00a0 \u00a0 \u00a0 \u00a0 \u00a0 \u00a0 5-10 Working Days  Minimum Order:\u00a0 \u00a0 \u00a0 \u00a0 \u00a0 \u00a0 \u00a0 \u00a0 \u00a0 \u00a0 \u00a0 100 Pieces  Payment:\u00a0 \u00a0 \u00a0 \u00a0 \u00a0 \u00a0 \u00a0 \u00a0 \u00a0 \u00a0 \u00a0 \u00a0 \u00a0 \u00a0 \u00a0 \u00a0 \u00a0 T\/T, PayPal  Origin:\u00a0 \u00a0 \u00a0 \u00a0 \u00a0 \u00a0 \u00a0 \u00a0 \u00a0 \u00a0 \u00a0 \u00a0 \u00a0 \u00a0 \u00a0 \u00a0 \u00a0 \u00a0 \u00a0 \u00a0 Shenzhen China  Model\u00a0 \u00a0 \u00a0 \u00a0 \u00a0 \u00a0 \u00a0 \u00a0 \u00a0 \u00a0 \u00a0 \u00a0 \u00a0 \u00a0 \u00a0 \u00a0 \u00a0 \u00a0 \u00a0 \u00a0 J-C4002\" \/>\n<meta property=\"og:url\" content=\"https:\/\/www.wjwsy.com\/es\/producto\/mini-usb-to-usb-c-adapter-cable-type-c-converter-cord-for-legacy-devices-wholesale\/\" \/>\n<meta property=\"og:site_name\" content=\"Professional USB cable manufacturer\" \/>\n<meta property=\"article:modified_time\" content=\"2026-03-13T02:14:17+00:00\" \/>\n<meta property=\"og:image\" content=\"https:\/\/www.wjwsy.com\/wp-content\/uploads\/2025\/07\/J-C4002-1.jpg\" \/>\n\t<meta property=\"og:image:width\" content=\"750\" \/>\n\t<meta property=\"og:image:height\" content=\"600\" \/>\n\t<meta property=\"og:image:type\" content=\"image\/jpeg\" \/>\n<meta name=\"twitter:card\" content=\"summary_large_image\" \/>\n<meta name=\"twitter:label1\" content=\"Tiempo de lectura\" \/>\n\t<meta name=\"twitter:data1\" content=\"1 minuto\" \/>\n<script type=\"application\/ld+json\" class=\"yoast-schema-graph\">{\"@context\":\"https:\/\/schema.org\",\"@graph\":[{\"@type\":\"WebPage\",\"@id\":\"https:\/\/www.wjwsy.com\/product\/mini-usb-to-usb-c-adapter-cable-type-c-converter-cord-for-legacy-devices-wholesale\/\",\"url\":\"https:\/\/www.wjwsy.com\/product\/mini-usb-to-usb-c-adapter-cable-type-c-converter-cord-for-legacy-devices-wholesale\/\",\"name\":\"Mini USB to USB C Adapter Cable \u2013 Type-C Converter Cord for Legacy Devices Wholesale - Professional USB cable manufacturer\",\"isPartOf\":{\"@id\":\"https:\/\/www.wjwsy.com\/#website\"},\"primaryImageOfPage\":{\"@id\":\"https:\/\/www.wjwsy.com\/product\/mini-usb-to-usb-c-adapter-cable-type-c-converter-cord-for-legacy-devices-wholesale\/#primaryimage\"},\"image\":{\"@id\":\"https:\/\/www.wjwsy.com\/product\/mini-usb-to-usb-c-adapter-cable-type-c-converter-cord-for-legacy-devices-wholesale\/#primaryimage\"},\"thumbnailUrl\":\"https:\/\/www.wjwsy.com\/wp-content\/uploads\/2025\/07\/J-C4002-1.jpg\",\"datePublished\":\"2025-07-14T03:35:12+00:00\",\"dateModified\":\"2026-03-13T02:14:17+00:00\",\"breadcrumb\":{\"@id\":\"https:\/\/www.wjwsy.com\/product\/mini-usb-to-usb-c-adapter-cable-type-c-converter-cord-for-legacy-devices-wholesale\/#breadcrumb\"},\"inLanguage\":\"es\",\"potentialAction\":[{\"@type\":\"ReadAction\",\"target\":[\"https:\/\/www.wjwsy.com\/product\/mini-usb-to-usb-c-adapter-cable-type-c-converter-cord-for-legacy-devices-wholesale\/\"]}]},{\"@type\":\"ImageObject\",\"inLanguage\":\"es\",\"@id\":\"https:\/\/www.wjwsy.com\/product\/mini-usb-to-usb-c-adapter-cable-type-c-converter-cord-for-legacy-devices-wholesale\/#primaryimage\",\"url\":\"https:\/\/www.wjwsy.com\/wp-content\/uploads\/2025\/07\/J-C4002-1.jpg\",\"contentUrl\":\"https:\/\/www.wjwsy.com\/wp-content\/uploads\/2025\/07\/J-C4002-1.jpg\",\"width\":750,\"height\":600},{\"@type\":\"BreadcrumbList\",\"@id\":\"https:\/\/www.wjwsy.com\/product\/mini-usb-to-usb-c-adapter-cable-type-c-converter-cord-for-legacy-devices-wholesale\/#breadcrumb\",\"itemListElement\":[{\"@type\":\"ListItem\",\"position\":1,\"name\":\"\u9996\u9875\",\"item\":\"https:\/\/www.wjwsy.com\/\"},{\"@type\":\"ListItem\",\"position\":2,\"name\":\"Products\",\"item\":\"https:\/\/www.wjwsy.com\/design-editor__trashed\/\"},{\"@type\":\"ListItem\",\"position\":3,\"name\":\"USB Type C Cable Wholesale \u2013 Fast Charging &amp; Data Transfer Cables for European Brands\",\"item\":\"https:\/\/www.wjwsy.com\/category\/usb-type-c-cable\/\"},{\"@type\":\"ListItem\",\"position\":4,\"name\":\"Mini USB to USB C Adapter Cable \u2013 Type-C Converter Cord for Legacy Devices Wholesale\"}]},{\"@type\":\"WebSite\",\"@id\":\"https:\/\/www.wjwsy.com\/#website\",\"url\":\"https:\/\/www.wjwsy.com\/\",\"name\":\"wjwsy.com\",\"description\":\"Delivering High-Quality, Reliable USB Cables for Every Industry\",\"publisher\":{\"@id\":\"https:\/\/www.wjwsy.com\/#organization\"},\"potentialAction\":[{\"@type\":\"SearchAction\",\"target\":{\"@type\":\"EntryPoint\",\"urlTemplate\":\"https:\/\/www.wjwsy.com\/?s={search_term_string}\"},\"query-input\":{\"@type\":\"PropertyValueSpecification\",\"valueRequired\":true,\"valueName\":\"search_term_string\"}}],\"inLanguage\":\"es\"},{\"@type\":\"Organization\",\"@id\":\"https:\/\/www.wjwsy.com\/#organization\",\"name\":\"wjwsy.com\",\"url\":\"https:\/\/www.wjwsy.com\/\",\"logo\":{\"@type\":\"ImageObject\",\"inLanguage\":\"es\",\"@id\":\"https:\/\/www.wjwsy.com\/#\/schema\/logo\/image\/\",\"url\":\"\",\"contentUrl\":\"\",\"caption\":\"wjwsy.com\"},\"image\":{\"@id\":\"https:\/\/www.wjwsy.com\/#\/schema\/logo\/image\/\"}}]}<\/script>\n<!-- \/ Yoast SEO Premium plugin. -->","yoast_head_json":{"title":"Mini USB to USB C Adapter Cable \u2013 Type-C Converter Cord for Legacy Devices Wholesale - Professional USB cable manufacturer","robots":{"index":"index","follow":"follow","max-snippet":"max-snippet:-1","max-image-preview":"max-image-preview:large","max-video-preview":"max-video-preview:-1"},"canonical":"https:\/\/www.wjwsy.com\/es\/producto\/mini-usb-to-usb-c-adapter-cable-type-c-converter-cord-for-legacy-devices-wholesale\/","og_locale":"es_ES","og_type":"article","og_title":"Mini USB to USB C Adapter Cable \u2013 Type-C Converter Cord for Legacy Devices Wholesale","og_description":"Trade Terms:\u00a0 \u00a0 \u00a0 \u00a0 \u00a0 \u00a0 \u00a0 \u00a0 \u00a0 \u00a0 \u00a0 \u00a0 \u00a0 FOB Shenzhen  OEM\/ODM:\u00a0 \u00a0 \u00a0 \u00a0 \u00a0 \u00a0 \u00a0 \u00a0 \u00a0 \u00a0 \u00a0 \u00a0 \u00a0 \u00a0 \u00a0 \u00a0Yes  Production:\u00a0 \u00a0 \u00a0 \u00a0 \u00a0 \u00a0 \u00a0 \u00a0 \u00a0 \u00a0 \u00a0 \u00a0 \u00a0 \u00a0 \u00a0 600,000PCS\/Month  Sample Time:\u00a0 \u00a0 \u00a0 \u00a0 \u00a0 \u00a0 \u00a0 \u00a0 \u00a0 \u00a0 \u00a0 \u00a0 \u00a0 5-10 Working Days  Minimum Order:\u00a0 \u00a0 \u00a0 \u00a0 \u00a0 \u00a0 \u00a0 \u00a0 \u00a0 \u00a0 \u00a0 100 Pieces  Payment:\u00a0 \u00a0 \u00a0 \u00a0 \u00a0 \u00a0 \u00a0 \u00a0 \u00a0 \u00a0 \u00a0 \u00a0 \u00a0 \u00a0 \u00a0 \u00a0 \u00a0 T\/T, PayPal  Origin:\u00a0 \u00a0 \u00a0 \u00a0 \u00a0 \u00a0 \u00a0 \u00a0 \u00a0 \u00a0 \u00a0 \u00a0 \u00a0 \u00a0 \u00a0 \u00a0 \u00a0 \u00a0 \u00a0 \u00a0 Shenzhen China  Model\u00a0 \u00a0 \u00a0 \u00a0 \u00a0 \u00a0 \u00a0 \u00a0 \u00a0 \u00a0 \u00a0 \u00a0 \u00a0 \u00a0 \u00a0 \u00a0 \u00a0 \u00a0 \u00a0 \u00a0 J-C4002","og_url":"https:\/\/www.wjwsy.com\/es\/producto\/mini-usb-to-usb-c-adapter-cable-type-c-converter-cord-for-legacy-devices-wholesale\/","og_site_name":"Professional USB cable manufacturer","article_modified_time":"2026-03-13T02:14:17+00:00","og_image":[{"width":750,"height":600,"url":"https:\/\/www.wjwsy.com\/wp-content\/uploads\/2025\/07\/J-C4002-1.jpg","type":"image\/jpeg"}],"twitter_card":"summary_large_image","twitter_misc":{"Tiempo de lectura":"1 minuto"},"schema":{"@context":"https:\/\/schema.org","@graph":[{"@type":"WebPage","@id":"https:\/\/www.wjwsy.com\/product\/mini-usb-to-usb-c-adapter-cable-type-c-converter-cord-for-legacy-devices-wholesale\/","url":"https:\/\/www.wjwsy.com\/product\/mini-usb-to-usb-c-adapter-cable-type-c-converter-cord-for-legacy-devices-wholesale\/","name":"Mini USB to USB C Adapter Cable \u2013 Type-C Converter Cord for Legacy Devices Wholesale - Professional USB cable manufacturer","isPartOf":{"@id":"https:\/\/www.wjwsy.com\/#website"},"primaryImageOfPage":{"@id":"https:\/\/www.wjwsy.com\/product\/mini-usb-to-usb-c-adapter-cable-type-c-converter-cord-for-legacy-devices-wholesale\/#primaryimage"},"image":{"@id":"https:\/\/www.wjwsy.com\/product\/mini-usb-to-usb-c-adapter-cable-type-c-converter-cord-for-legacy-devices-wholesale\/#primaryimage"},"thumbnailUrl":"https:\/\/www.wjwsy.com\/wp-content\/uploads\/2025\/07\/J-C4002-1.jpg","datePublished":"2025-07-14T03:35:12+00:00","dateModified":"2026-03-13T02:14:17+00:00","breadcrumb":{"@id":"https:\/\/www.wjwsy.com\/product\/mini-usb-to-usb-c-adapter-cable-type-c-converter-cord-for-legacy-devices-wholesale\/#breadcrumb"},"inLanguage":"es","potentialAction":[{"@type":"ReadAction","target":["https:\/\/www.wjwsy.com\/product\/mini-usb-to-usb-c-adapter-cable-type-c-converter-cord-for-legacy-devices-wholesale\/"]}]},{"@type":"ImageObject","inLanguage":"es","@id":"https:\/\/www.wjwsy.com\/product\/mini-usb-to-usb-c-adapter-cable-type-c-converter-cord-for-legacy-devices-wholesale\/#primaryimage","url":"https:\/\/www.wjwsy.com\/wp-content\/uploads\/2025\/07\/J-C4002-1.jpg","contentUrl":"https:\/\/www.wjwsy.com\/wp-content\/uploads\/2025\/07\/J-C4002-1.jpg","width":750,"height":600},{"@type":"BreadcrumbList","@id":"https:\/\/www.wjwsy.com\/product\/mini-usb-to-usb-c-adapter-cable-type-c-converter-cord-for-legacy-devices-wholesale\/#breadcrumb","itemListElement":[{"@type":"ListItem","position":1,"name":"\u9996\u9875","item":"https:\/\/www.wjwsy.com\/"},{"@type":"ListItem","position":2,"name":"Products","item":"https:\/\/www.wjwsy.com\/design-editor__trashed\/"},{"@type":"ListItem","position":3,"name":"USB Type C Cable Wholesale \u2013 Fast Charging &amp; Data Transfer Cables for European Brands","item":"https:\/\/www.wjwsy.com\/category\/usb-type-c-cable\/"},{"@type":"ListItem","position":4,"name":"Mini USB to USB C Adapter Cable \u2013 Type-C Converter Cord for Legacy Devices Wholesale"}]},{"@type":"WebSite","@id":"https:\/\/www.wjwsy.com\/#website","url":"https:\/\/www.wjwsy.com\/","name":"wjwsy.com","description":"Delivering High-Quality, Reliable USB Cables for Every Industry","publisher":{"@id":"https:\/\/www.wjwsy.com\/#organization"},"potentialAction":[{"@type":"SearchAction","target":{"@type":"EntryPoint","urlTemplate":"https:\/\/www.wjwsy.com\/?s={search_term_string}"},"query-input":{"@type":"PropertyValueSpecification","valueRequired":true,"valueName":"search_term_string"}}],"inLanguage":"es"},{"@type":"Organization","@id":"https:\/\/www.wjwsy.com\/#organization","name":"wjwsy.com","url":"https:\/\/www.wjwsy.com\/","logo":{"@type":"ImageObject","inLanguage":"es","@id":"https:\/\/www.wjwsy.com\/#\/schema\/logo\/image\/","url":"","contentUrl":"","caption":"wjwsy.com"},"image":{"@id":"https:\/\/www.wjwsy.com\/#\/schema\/logo\/image\/"}}]}},"_links":{"self":[{"href":"https:\/\/www.wjwsy.com\/es\/wp-json\/wp\/v2\/product\/8904","targetHints":{"allow":["GET"]}}],"collection":[{"href":"https:\/\/www.wjwsy.com\/es\/wp-json\/wp\/v2\/product"}],"about":[{"href":"https:\/\/www.wjwsy.com\/es\/wp-json\/wp\/v2\/types\/product"}],"wp:featuredmedia":[{"embeddable":true,"href":"https:\/\/www.wjwsy.com\/es\/wp-json\/wp\/v2\/media\/8905"}],"wp:attachment":[{"href":"https:\/\/www.wjwsy.com\/es\/wp-json\/wp\/v2\/media?parent=8904"}],"wp:term":[{"taxonomy":"product_brand","embeddable":true,"href":"https:\/\/www.wjwsy.com\/es\/wp-json\/wp\/v2\/product_brand?post=8904"},{"taxonomy":"product_cat","embeddable":true,"href":"https:\/\/www.wjwsy.com\/es\/wp-json\/wp\/v2\/product_cat?post=8904"},{"taxonomy":"product_tag","embeddable":true,"href":"https:\/\/www.wjwsy.com\/es\/wp-json\/wp\/v2\/product_tag?post=8904"}],"curies":[{"name":"wp","href":"https:\/\/api.w.org\/{rel}","templated":true}]}}