{"id":8563,"date":"2025-06-12T05:51:39","date_gmt":"2025-06-12T05:51:39","guid":{"rendered":"https:\/\/www.wjwsy.com\/?post_type=product&#038;p=8563"},"modified":"2026-03-27T07:57:05","modified_gmt":"2026-03-27T07:57:05","slug":"usb-c-male-to-usb-c-female-otg-adapter-with-usb-a-power-charge-port-converter-cable","status":"publish","type":"product","link":"https:\/\/www.wjwsy.com\/es\/producto\/usb-c-male-to-usb-c-female-otg-adapter-with-usb-a-power-charge-port-converter-cable\/","title":{"rendered":"USB Macho a USB Hembra OTG Adaptador con USB de Alimentaci\u00f3n Puerto de Carga del Convertidor de Cable"},"content":{"rendered":"<div class=\"column mcb-column mcb-item-7qyi8ycen four-fifth laptop-four-fifth tablet-four-fifth mobile-one column_heading\">\n<div class=\"mcb-column-inner mfn-module-wrapper mcb-column-inner-7qyi8ycen mcb-item-heading-inner\">\n<h4 class=\"title\">Detalles T\u00e9cnicos:<\/h4>\n<\/div>\n<\/div>\n<div class=\"column mcb-column mcb-item-4ilcjjmik one laptop-one tablet-one mobile-one column_list_2\">\n<div class=\"mcb-column-inner mfn-module-wrapper mcb-column-inner-4ilcjjmik mcb-item-list_2-inner\">\n<p><i class=\"icon-dot\" aria-hidden=\"true\"><\/i>Interfaz de entrada: tipo c macho<\/p>\n<p><i class=\"icon-dot\" aria-hidden=\"true\"><\/i>Interfaz de salida: tipo c femenino + usb hembra<\/p>\n<p><i class=\"icon-dot\" aria-hidden=\"true\"><\/i>Aplicaci\u00f3n: la expansi\u00f3n adaptador de<\/p>\n<p><i class=\"icon-dot\" aria-hidden=\"true\"><\/i>Funci\u00f3n: carga, OTG<\/p>\n<p>Voltaje de funcionamiento: 5 V<\/p>\n<p><i class=\"icon-dot\" aria-hidden=\"true\"><\/i>Longitud: 30 cm<\/p>\n<p><i class=\"icon-dot\" aria-hidden=\"true\"><\/i>Color: negro<i class=\"icon-dot\" aria-hidden=\"true\"><\/i><\/p>\n<p><i class=\"icon-dot\" aria-hidden=\"true\"><\/i>Inspecci\u00f3n: inspecci\u00f3n de control de calidad al 100 % antes del env\u00edo.<\/p>\n<\/div>\n<\/div>","protected":false},"excerpt":{"rendered":"<div class=\"trade-terms\">\n<p><strong>T\u00e9rminos De Comercio<\/strong>: FOB Shenzhen<\/p>\n<div class=\"trade-terms\">\n<p><strong>OEM\/ODM:<\/strong>\u00a0 \u00a0 \u00a0 \u00a0 \u00a0 \u00a0 \u00a0 \u00a0 \u00a0 \u00a0 \u00a0 \u00a0 \u00a0 \u00a0 \u00a0 S\u00ed<\/p>\n<p><strong>Producci\u00f3n:<\/strong>\u00a0 \u00a0 \u00a0 \u00a0 \u00a0 \u00a0 \u00a0 \u00a0 \u00a0 \u00a0 \u00a0 \u00a0 \u00a0 \u00a0 \u00a0600,000 UNIDADES\/Mes<\/p>\n<p><strong>Tiempo De La Muestra:<\/strong>\u00a0 \u00a0 \u00a0 \u00a0 \u00a0 \u00a0 \u00a0 \u00a0 \u00a0 \u00a0 \u00a0 \u00a0 \u00a05-10 D\u00edas H\u00e1biles<\/p>\n<p><strong>Pedido M\u00ednimo:<\/strong>\u00a0 \u00a0 \u00a0 \u00a0 \u00a0 \u00a0 \u00a0 \u00a0 \u00a0 \u00a0 \u00a0100 Piezas<\/p>\n<p><strong>Forma de pago:<\/strong>\u00a0 \u00a0 \u00a0 \u00a0 \u00a0 \u00a0 \u00a0 \u00a0 \u00a0 \u00a0 \u00a0 \u00a0 \u00a0 \u00a0 \u00a0 \u00a0 \u00a0 Transferencia bancaria, PayPal<\/p>\n<p><strong>Origen:<\/strong>\u00a0 \u00a0 \u00a0 \u00a0 \u00a0 \u00a0 \u00a0 \u00a0 \u00a0 \u00a0 \u00a0 \u00a0 \u00a0 \u00a0 \u00a0 \u00a0 \u00a0 \u00a0 \u00a0 \u00a0 Shenzhen, China<\/p>\n<p><strong>Modelo J-C4003<\/strong><\/p>\n<\/div>\n<\/div>","protected":false},"featured_media":8886,"template":"","meta":{"_eb_attr":""},"product_brand":[],"product_cat":[725],"product_tag":[],"class_list":{"0":"post-8563","1":"product","2":"type-product","3":"status-publish","4":"has-post-thumbnail","6":"product_cat-complex","8":"first","9":"instock","10":"shipping-taxable","11":"product-type-simple"},"yoast_head":"<!-- This site is optimized with the Yoast SEO Premium plugin v23.7 (Yoast SEO v23.7) - https:\/\/yoast.com\/wordpress\/plugins\/seo\/ -->\n<title>USB C Male to USB C Female OTG Adapter \u2013 with USB A Power Charge Port Converter Cable - Professional USB cable manufacturer<\/title>\n<meta name=\"robots\" content=\"index, follow, max-snippet:-1, max-image-preview:large, max-video-preview:-1\" \/>\n<link rel=\"canonical\" href=\"https:\/\/www.wjwsy.com\/es\/producto\/usb-c-male-to-usb-c-female-otg-adapter-with-usb-a-power-charge-port-converter-cable\/\" \/>\n<meta property=\"og:locale\" content=\"es_ES\" \/>\n<meta property=\"og:type\" content=\"article\" \/>\n<meta property=\"og:title\" content=\"USB C Male to USB C Female OTG Adapter \u2013 with USB A Power Charge Port Converter Cable\" \/>\n<meta property=\"og:description\" content=\"Trade Terms:\u00a0 \u00a0 \u00a0 \u00a0 \u00a0 \u00a0 \u00a0 \u00a0 \u00a0 \u00a0 \u00a0 \u00a0 \u00a0FOB Shenzhen   OEM\/ODM:\u00a0 \u00a0 \u00a0 \u00a0 \u00a0 \u00a0 \u00a0 \u00a0 \u00a0 \u00a0 \u00a0 \u00a0 \u00a0 \u00a0 \u00a0 Yes  Production:\u00a0 \u00a0 \u00a0 \u00a0 \u00a0 \u00a0 \u00a0 \u00a0 \u00a0 \u00a0 \u00a0 \u00a0 \u00a0 \u00a0 \u00a0600,000PCS\/Month  Sample Time:\u00a0 \u00a0 \u00a0 \u00a0 \u00a0 \u00a0 \u00a0 \u00a0 \u00a0 \u00a0 \u00a0 \u00a0 \u00a05-10 Working Days  Minimum Order:\u00a0 \u00a0 \u00a0 \u00a0 \u00a0 \u00a0 \u00a0 \u00a0 \u00a0 \u00a0 \u00a0100 Pieces  Payment:\u00a0 \u00a0 \u00a0 \u00a0 \u00a0 \u00a0 \u00a0 \u00a0 \u00a0 \u00a0 \u00a0 \u00a0 \u00a0 \u00a0 \u00a0 \u00a0 \u00a0 T\/T, PayPal  Origin:\u00a0 \u00a0 \u00a0 \u00a0 \u00a0 \u00a0 \u00a0 \u00a0 \u00a0 \u00a0 \u00a0 \u00a0 \u00a0 \u00a0 \u00a0 \u00a0 \u00a0 \u00a0 \u00a0 \u00a0 Shenzhen China  Model\u00a0 \u00a0 \u00a0 \u00a0 \u00a0 \u00a0 \u00a0 \u00a0 \u00a0 \u00a0 \u00a0 \u00a0 \u00a0 \u00a0 \u00a0 \u00a0 \u00a0 \u00a0 \u00a0 \u00a0 \u00a0J-C4003\" \/>\n<meta property=\"og:url\" content=\"https:\/\/www.wjwsy.com\/es\/producto\/usb-c-male-to-usb-c-female-otg-adapter-with-usb-a-power-charge-port-converter-cable\/\" \/>\n<meta property=\"og:site_name\" content=\"Professional USB cable manufacturer\" \/>\n<meta property=\"article:modified_time\" content=\"2026-03-27T07:57:05+00:00\" \/>\n<meta property=\"og:image\" content=\"https:\/\/www.wjwsy.com\/wp-content\/uploads\/2025\/06\/fa43c1ea-9d9b-4044-87aa-b0da77b0ca011-2.png\" \/>\n\t<meta property=\"og:image:width\" content=\"750\" \/>\n\t<meta property=\"og:image:height\" content=\"598\" \/>\n\t<meta property=\"og:image:type\" content=\"image\/png\" \/>\n<meta name=\"twitter:card\" content=\"summary_large_image\" \/>\n<meta name=\"twitter:label1\" content=\"Tiempo de lectura\" \/>\n\t<meta name=\"twitter:data1\" content=\"1 minuto\" \/>\n<script type=\"application\/ld+json\" class=\"yoast-schema-graph\">{\"@context\":\"https:\/\/schema.org\",\"@graph\":[{\"@type\":\"WebPage\",\"@id\":\"https:\/\/www.wjwsy.com\/product\/usb-c-male-to-usb-c-female-otg-adapter-with-usb-a-power-charge-port-converter-cable\/\",\"url\":\"https:\/\/www.wjwsy.com\/product\/usb-c-male-to-usb-c-female-otg-adapter-with-usb-a-power-charge-port-converter-cable\/\",\"name\":\"USB C Male to USB C Female OTG Adapter \u2013 with USB A Power Charge Port Converter Cable - Professional USB cable manufacturer\",\"isPartOf\":{\"@id\":\"https:\/\/www.wjwsy.com\/#website\"},\"primaryImageOfPage\":{\"@id\":\"https:\/\/www.wjwsy.com\/product\/usb-c-male-to-usb-c-female-otg-adapter-with-usb-a-power-charge-port-converter-cable\/#primaryimage\"},\"image\":{\"@id\":\"https:\/\/www.wjwsy.com\/product\/usb-c-male-to-usb-c-female-otg-adapter-with-usb-a-power-charge-port-converter-cable\/#primaryimage\"},\"thumbnailUrl\":\"https:\/\/www.wjwsy.com\/wp-content\/uploads\/2025\/06\/fa43c1ea-9d9b-4044-87aa-b0da77b0ca011-2.png\",\"datePublished\":\"2025-06-12T05:51:39+00:00\",\"dateModified\":\"2026-03-27T07:57:05+00:00\",\"breadcrumb\":{\"@id\":\"https:\/\/www.wjwsy.com\/product\/usb-c-male-to-usb-c-female-otg-adapter-with-usb-a-power-charge-port-converter-cable\/#breadcrumb\"},\"inLanguage\":\"es\",\"potentialAction\":[{\"@type\":\"ReadAction\",\"target\":[\"https:\/\/www.wjwsy.com\/product\/usb-c-male-to-usb-c-female-otg-adapter-with-usb-a-power-charge-port-converter-cable\/\"]}]},{\"@type\":\"ImageObject\",\"inLanguage\":\"es\",\"@id\":\"https:\/\/www.wjwsy.com\/product\/usb-c-male-to-usb-c-female-otg-adapter-with-usb-a-power-charge-port-converter-cable\/#primaryimage\",\"url\":\"https:\/\/www.wjwsy.com\/wp-content\/uploads\/2025\/06\/fa43c1ea-9d9b-4044-87aa-b0da77b0ca011-2.png\",\"contentUrl\":\"https:\/\/www.wjwsy.com\/wp-content\/uploads\/2025\/06\/fa43c1ea-9d9b-4044-87aa-b0da77b0ca011-2.png\",\"width\":750,\"height\":598},{\"@type\":\"BreadcrumbList\",\"@id\":\"https:\/\/www.wjwsy.com\/product\/usb-c-male-to-usb-c-female-otg-adapter-with-usb-a-power-charge-port-converter-cable\/#breadcrumb\",\"itemListElement\":[{\"@type\":\"ListItem\",\"position\":1,\"name\":\"\u9996\u9875\",\"item\":\"https:\/\/www.wjwsy.com\/\"},{\"@type\":\"ListItem\",\"position\":2,\"name\":\"Products\",\"item\":\"https:\/\/www.wjwsy.com\/design-editor__trashed\/\"},{\"@type\":\"ListItem\",\"position\":3,\"name\":\"Multi Charging Cable Manufacturer \u2013 3-in-1 &amp; 4-in-1 Universal Cables for European Brands\",\"item\":\"https:\/\/www.wjwsy.com\/category\/complex\/\"},{\"@type\":\"ListItem\",\"position\":4,\"name\":\"USB C Male to USB C Female OTG Adapter \u2013 with USB A Power Charge Port Converter Cable\"}]},{\"@type\":\"WebSite\",\"@id\":\"https:\/\/www.wjwsy.com\/#website\",\"url\":\"https:\/\/www.wjwsy.com\/\",\"name\":\"wjwsy.com\",\"description\":\"Delivering High-Quality, Reliable USB Cables for Every Industry\",\"publisher\":{\"@id\":\"https:\/\/www.wjwsy.com\/#organization\"},\"potentialAction\":[{\"@type\":\"SearchAction\",\"target\":{\"@type\":\"EntryPoint\",\"urlTemplate\":\"https:\/\/www.wjwsy.com\/?s={search_term_string}\"},\"query-input\":{\"@type\":\"PropertyValueSpecification\",\"valueRequired\":true,\"valueName\":\"search_term_string\"}}],\"inLanguage\":\"es\"},{\"@type\":\"Organization\",\"@id\":\"https:\/\/www.wjwsy.com\/#organization\",\"name\":\"wjwsy.com\",\"url\":\"https:\/\/www.wjwsy.com\/\",\"logo\":{\"@type\":\"ImageObject\",\"inLanguage\":\"es\",\"@id\":\"https:\/\/www.wjwsy.com\/#\/schema\/logo\/image\/\",\"url\":\"\",\"contentUrl\":\"\",\"caption\":\"wjwsy.com\"},\"image\":{\"@id\":\"https:\/\/www.wjwsy.com\/#\/schema\/logo\/image\/\"}}]}<\/script>\n<!-- \/ Yoast SEO Premium plugin. -->","yoast_head_json":{"title":"USB C Male to USB C Female OTG Adapter \u2013 with USB A Power Charge Port Converter Cable - Professional USB cable manufacturer","robots":{"index":"index","follow":"follow","max-snippet":"max-snippet:-1","max-image-preview":"max-image-preview:large","max-video-preview":"max-video-preview:-1"},"canonical":"https:\/\/www.wjwsy.com\/es\/producto\/usb-c-male-to-usb-c-female-otg-adapter-with-usb-a-power-charge-port-converter-cable\/","og_locale":"es_ES","og_type":"article","og_title":"USB C Male to USB C Female OTG Adapter \u2013 with USB A Power Charge Port Converter Cable","og_description":"Trade Terms:\u00a0 \u00a0 \u00a0 \u00a0 \u00a0 \u00a0 \u00a0 \u00a0 \u00a0 \u00a0 \u00a0 \u00a0 \u00a0FOB Shenzhen   OEM\/ODM:\u00a0 \u00a0 \u00a0 \u00a0 \u00a0 \u00a0 \u00a0 \u00a0 \u00a0 \u00a0 \u00a0 \u00a0 \u00a0 \u00a0 \u00a0 Yes  Production:\u00a0 \u00a0 \u00a0 \u00a0 \u00a0 \u00a0 \u00a0 \u00a0 \u00a0 \u00a0 \u00a0 \u00a0 \u00a0 \u00a0 \u00a0600,000PCS\/Month  Sample Time:\u00a0 \u00a0 \u00a0 \u00a0 \u00a0 \u00a0 \u00a0 \u00a0 \u00a0 \u00a0 \u00a0 \u00a0 \u00a05-10 Working Days  Minimum Order:\u00a0 \u00a0 \u00a0 \u00a0 \u00a0 \u00a0 \u00a0 \u00a0 \u00a0 \u00a0 \u00a0100 Pieces  Payment:\u00a0 \u00a0 \u00a0 \u00a0 \u00a0 \u00a0 \u00a0 \u00a0 \u00a0 \u00a0 \u00a0 \u00a0 \u00a0 \u00a0 \u00a0 \u00a0 \u00a0 T\/T, PayPal  Origin:\u00a0 \u00a0 \u00a0 \u00a0 \u00a0 \u00a0 \u00a0 \u00a0 \u00a0 \u00a0 \u00a0 \u00a0 \u00a0 \u00a0 \u00a0 \u00a0 \u00a0 \u00a0 \u00a0 \u00a0 Shenzhen China  Model\u00a0 \u00a0 \u00a0 \u00a0 \u00a0 \u00a0 \u00a0 \u00a0 \u00a0 \u00a0 \u00a0 \u00a0 \u00a0 \u00a0 \u00a0 \u00a0 \u00a0 \u00a0 \u00a0 \u00a0 \u00a0J-C4003","og_url":"https:\/\/www.wjwsy.com\/es\/producto\/usb-c-male-to-usb-c-female-otg-adapter-with-usb-a-power-charge-port-converter-cable\/","og_site_name":"Professional USB cable manufacturer","article_modified_time":"2026-03-27T07:57:05+00:00","og_image":[{"width":750,"height":598,"url":"https:\/\/www.wjwsy.com\/wp-content\/uploads\/2025\/06\/fa43c1ea-9d9b-4044-87aa-b0da77b0ca011-2.png","type":"image\/png"}],"twitter_card":"summary_large_image","twitter_misc":{"Tiempo de lectura":"1 minuto"},"schema":{"@context":"https:\/\/schema.org","@graph":[{"@type":"WebPage","@id":"https:\/\/www.wjwsy.com\/product\/usb-c-male-to-usb-c-female-otg-adapter-with-usb-a-power-charge-port-converter-cable\/","url":"https:\/\/www.wjwsy.com\/product\/usb-c-male-to-usb-c-female-otg-adapter-with-usb-a-power-charge-port-converter-cable\/","name":"USB C Male to USB C Female OTG Adapter \u2013 with USB A Power Charge Port Converter Cable - Professional USB cable manufacturer","isPartOf":{"@id":"https:\/\/www.wjwsy.com\/#website"},"primaryImageOfPage":{"@id":"https:\/\/www.wjwsy.com\/product\/usb-c-male-to-usb-c-female-otg-adapter-with-usb-a-power-charge-port-converter-cable\/#primaryimage"},"image":{"@id":"https:\/\/www.wjwsy.com\/product\/usb-c-male-to-usb-c-female-otg-adapter-with-usb-a-power-charge-port-converter-cable\/#primaryimage"},"thumbnailUrl":"https:\/\/www.wjwsy.com\/wp-content\/uploads\/2025\/06\/fa43c1ea-9d9b-4044-87aa-b0da77b0ca011-2.png","datePublished":"2025-06-12T05:51:39+00:00","dateModified":"2026-03-27T07:57:05+00:00","breadcrumb":{"@id":"https:\/\/www.wjwsy.com\/product\/usb-c-male-to-usb-c-female-otg-adapter-with-usb-a-power-charge-port-converter-cable\/#breadcrumb"},"inLanguage":"es","potentialAction":[{"@type":"ReadAction","target":["https:\/\/www.wjwsy.com\/product\/usb-c-male-to-usb-c-female-otg-adapter-with-usb-a-power-charge-port-converter-cable\/"]}]},{"@type":"ImageObject","inLanguage":"es","@id":"https:\/\/www.wjwsy.com\/product\/usb-c-male-to-usb-c-female-otg-adapter-with-usb-a-power-charge-port-converter-cable\/#primaryimage","url":"https:\/\/www.wjwsy.com\/wp-content\/uploads\/2025\/06\/fa43c1ea-9d9b-4044-87aa-b0da77b0ca011-2.png","contentUrl":"https:\/\/www.wjwsy.com\/wp-content\/uploads\/2025\/06\/fa43c1ea-9d9b-4044-87aa-b0da77b0ca011-2.png","width":750,"height":598},{"@type":"BreadcrumbList","@id":"https:\/\/www.wjwsy.com\/product\/usb-c-male-to-usb-c-female-otg-adapter-with-usb-a-power-charge-port-converter-cable\/#breadcrumb","itemListElement":[{"@type":"ListItem","position":1,"name":"\u9996\u9875","item":"https:\/\/www.wjwsy.com\/"},{"@type":"ListItem","position":2,"name":"Products","item":"https:\/\/www.wjwsy.com\/design-editor__trashed\/"},{"@type":"ListItem","position":3,"name":"Multi Charging Cable Manufacturer \u2013 3-in-1 &amp; 4-in-1 Universal Cables for European Brands","item":"https:\/\/www.wjwsy.com\/category\/complex\/"},{"@type":"ListItem","position":4,"name":"USB C Male to USB C Female OTG Adapter \u2013 with USB A Power Charge Port Converter Cable"}]},{"@type":"WebSite","@id":"https:\/\/www.wjwsy.com\/#website","url":"https:\/\/www.wjwsy.com\/","name":"wjwsy.com","description":"Delivering High-Quality, Reliable USB Cables for Every Industry","publisher":{"@id":"https:\/\/www.wjwsy.com\/#organization"},"potentialAction":[{"@type":"SearchAction","target":{"@type":"EntryPoint","urlTemplate":"https:\/\/www.wjwsy.com\/?s={search_term_string}"},"query-input":{"@type":"PropertyValueSpecification","valueRequired":true,"valueName":"search_term_string"}}],"inLanguage":"es"},{"@type":"Organization","@id":"https:\/\/www.wjwsy.com\/#organization","name":"wjwsy.com","url":"https:\/\/www.wjwsy.com\/","logo":{"@type":"ImageObject","inLanguage":"es","@id":"https:\/\/www.wjwsy.com\/#\/schema\/logo\/image\/","url":"","contentUrl":"","caption":"wjwsy.com"},"image":{"@id":"https:\/\/www.wjwsy.com\/#\/schema\/logo\/image\/"}}]}},"_links":{"self":[{"href":"https:\/\/www.wjwsy.com\/es\/wp-json\/wp\/v2\/product\/8563","targetHints":{"allow":["GET"]}}],"collection":[{"href":"https:\/\/www.wjwsy.com\/es\/wp-json\/wp\/v2\/product"}],"about":[{"href":"https:\/\/www.wjwsy.com\/es\/wp-json\/wp\/v2\/types\/product"}],"wp:featuredmedia":[{"embeddable":true,"href":"https:\/\/www.wjwsy.com\/es\/wp-json\/wp\/v2\/media\/8886"}],"wp:attachment":[{"href":"https:\/\/www.wjwsy.com\/es\/wp-json\/wp\/v2\/media?parent=8563"}],"wp:term":[{"taxonomy":"product_brand","embeddable":true,"href":"https:\/\/www.wjwsy.com\/es\/wp-json\/wp\/v2\/product_brand?post=8563"},{"taxonomy":"product_cat","embeddable":true,"href":"https:\/\/www.wjwsy.com\/es\/wp-json\/wp\/v2\/product_cat?post=8563"},{"taxonomy":"product_tag","embeddable":true,"href":"https:\/\/www.wjwsy.com\/es\/wp-json\/wp\/v2\/product_tag?post=8563"}],"curies":[{"name":"wp","href":"https:\/\/api.w.org\/{rel}","templated":true}]}}