{"id":8385,"date":"2025-06-10T03:56:53","date_gmt":"2025-06-10T03:56:53","guid":{"rendered":"https:\/\/www.wjwsy.com\/?post_type=product&#038;p=8385"},"modified":"2026-04-21T08:57:11","modified_gmt":"2026-04-21T08:57:11","slug":"5v-1a-power-adapter-wall-charger-for-led-strip-ip-camera-speaker-ce-rohs-certified-oem","status":"publish","type":"product","link":"https:\/\/www.wjwsy.com\/es\/producto\/5v-1a-power-adapter-wall-charger-for-led-strip-ip-camera-speaker-ce-rohs-certified-oem\/","title":{"rendered":"5V 1A Adaptador de corriente Cargador de Pared para Tiras de LED\/C\u00e1mara IP\/Altavoz CE RoHS Certificado OEM"},"content":{"rendered":"","protected":false},"excerpt":{"rendered":"<p>Interfaz: DC o de TIPO C, o MICRO<br \/>\nEntrada: 100-240V, 50\/60Hz, 0.6 a<br \/>\nSalida: 5V-1.0 a<br \/>\nProtecci\u00f3n: sobreintensidad de corriente, sobrecarga, protecci\u00f3n del cortocircuito de la funci\u00f3n<br \/>\nColor: blanco, negro<br \/>\nUS\/JP\/AU tama\u00f1o: 50*35*42MM<\/p>","protected":false},"featured_media":8386,"template":"","meta":{"_eb_attr":""},"product_brand":[],"product_cat":[1244],"product_tag":[],"class_list":{"0":"post-8385","1":"product","2":"type-product","3":"status-publish","4":"has-post-thumbnail","6":"product_cat-charger","8":"first","9":"instock","10":"shipping-taxable","11":"product-type-simple"},"yoast_head":"<!-- This site is optimized with the Yoast SEO Premium plugin v23.7 (Yoast SEO v23.7) - https:\/\/yoast.com\/wordpress\/plugins\/seo\/ -->\n<title>5V 1A Power Adapter \u2013 Wall Charger for LED Strip\/IP Camera\/Speaker CE RoHS Certified OEM - Professional USB cable manufacturer<\/title>\n<meta name=\"robots\" content=\"index, follow, max-snippet:-1, max-image-preview:large, max-video-preview:-1\" \/>\n<link rel=\"canonical\" href=\"https:\/\/www.wjwsy.com\/es\/producto\/5v-1a-power-adapter-wall-charger-for-led-strip-ip-camera-speaker-ce-rohs-certified-oem\/\" \/>\n<meta property=\"og:locale\" content=\"es_ES\" \/>\n<meta property=\"og:type\" content=\"article\" \/>\n<meta property=\"og:title\" content=\"5V 1A Power Adapter \u2013 Wall Charger for LED Strip\/IP Camera\/Speaker CE RoHS Certified OEM\" \/>\n<meta property=\"og:description\" content=\"Interface: DC or TYPE-C or MICRO Input: 100-240V, 50\/60Hz, 0.6A Output: 5V-1.0A Protection: overcurrent, overload, short circuit protection function Color: white, black US\/JP\/AU size: 50*35*42MM\" \/>\n<meta property=\"og:url\" content=\"https:\/\/www.wjwsy.com\/es\/producto\/5v-1a-power-adapter-wall-charger-for-led-strip-ip-camera-speaker-ce-rohs-certified-oem\/\" \/>\n<meta property=\"og:site_name\" content=\"Professional USB cable manufacturer\" \/>\n<meta property=\"article:modified_time\" content=\"2026-04-21T08:57:11+00:00\" \/>\n<meta property=\"og:image\" content=\"https:\/\/www.wjwsy.com\/wp-content\/uploads\/2025\/06\/ga-0501000c-2.jpg\" \/>\n\t<meta property=\"og:image:width\" content=\"750\" \/>\n\t<meta property=\"og:image:height\" content=\"600\" \/>\n\t<meta property=\"og:image:type\" content=\"image\/jpeg\" \/>\n<meta name=\"twitter:card\" content=\"summary_large_image\" \/>\n<meta name=\"twitter:label1\" content=\"Tiempo de lectura\" \/>\n\t<meta name=\"twitter:data1\" content=\"1 minuto\" \/>\n<script type=\"application\/ld+json\" class=\"yoast-schema-graph\">{\"@context\":\"https:\/\/schema.org\",\"@graph\":[{\"@type\":\"WebPage\",\"@id\":\"https:\/\/www.wjwsy.com\/product\/5v-1a-power-adapter-wall-charger-for-led-strip-ip-camera-speaker-ce-rohs-certified-oem\/\",\"url\":\"https:\/\/www.wjwsy.com\/product\/5v-1a-power-adapter-wall-charger-for-led-strip-ip-camera-speaker-ce-rohs-certified-oem\/\",\"name\":\"5V 1A Power Adapter \u2013 Wall Charger for LED Strip\/IP Camera\/Speaker CE RoHS Certified OEM - Professional USB cable manufacturer\",\"isPartOf\":{\"@id\":\"https:\/\/www.wjwsy.com\/#website\"},\"primaryImageOfPage\":{\"@id\":\"https:\/\/www.wjwsy.com\/product\/5v-1a-power-adapter-wall-charger-for-led-strip-ip-camera-speaker-ce-rohs-certified-oem\/#primaryimage\"},\"image\":{\"@id\":\"https:\/\/www.wjwsy.com\/product\/5v-1a-power-adapter-wall-charger-for-led-strip-ip-camera-speaker-ce-rohs-certified-oem\/#primaryimage\"},\"thumbnailUrl\":\"https:\/\/www.wjwsy.com\/wp-content\/uploads\/2025\/06\/ga-0501000c-2.jpg\",\"datePublished\":\"2025-06-10T03:56:53+00:00\",\"dateModified\":\"2026-04-21T08:57:11+00:00\",\"breadcrumb\":{\"@id\":\"https:\/\/www.wjwsy.com\/product\/5v-1a-power-adapter-wall-charger-for-led-strip-ip-camera-speaker-ce-rohs-certified-oem\/#breadcrumb\"},\"inLanguage\":\"es\",\"potentialAction\":[{\"@type\":\"ReadAction\",\"target\":[\"https:\/\/www.wjwsy.com\/product\/5v-1a-power-adapter-wall-charger-for-led-strip-ip-camera-speaker-ce-rohs-certified-oem\/\"]}]},{\"@type\":\"ImageObject\",\"inLanguage\":\"es\",\"@id\":\"https:\/\/www.wjwsy.com\/product\/5v-1a-power-adapter-wall-charger-for-led-strip-ip-camera-speaker-ce-rohs-certified-oem\/#primaryimage\",\"url\":\"https:\/\/www.wjwsy.com\/wp-content\/uploads\/2025\/06\/ga-0501000c-2.jpg\",\"contentUrl\":\"https:\/\/www.wjwsy.com\/wp-content\/uploads\/2025\/06\/ga-0501000c-2.jpg\",\"width\":750,\"height\":600,\"caption\":\"5V 1A Power Adapter\"},{\"@type\":\"BreadcrumbList\",\"@id\":\"https:\/\/www.wjwsy.com\/product\/5v-1a-power-adapter-wall-charger-for-led-strip-ip-camera-speaker-ce-rohs-certified-oem\/#breadcrumb\",\"itemListElement\":[{\"@type\":\"ListItem\",\"position\":1,\"name\":\"\u9996\u9875\",\"item\":\"https:\/\/www.wjwsy.com\/\"},{\"@type\":\"ListItem\",\"position\":2,\"name\":\"Products\",\"item\":\"https:\/\/www.wjwsy.com\/design-editor__trashed\/\"},{\"@type\":\"ListItem\",\"position\":3,\"name\":\"Charger\",\"item\":\"https:\/\/www.wjwsy.com\/category\/charger\/\"},{\"@type\":\"ListItem\",\"position\":4,\"name\":\"5V 1A Power Adapter \u2013 Wall Charger for LED Strip\/IP Camera\/Speaker CE RoHS Certified OEM\"}]},{\"@type\":\"WebSite\",\"@id\":\"https:\/\/www.wjwsy.com\/#website\",\"url\":\"https:\/\/www.wjwsy.com\/\",\"name\":\"wjwsy.com\",\"description\":\"Delivering High-Quality, Reliable USB Cables for Every Industry\",\"publisher\":{\"@id\":\"https:\/\/www.wjwsy.com\/#organization\"},\"potentialAction\":[{\"@type\":\"SearchAction\",\"target\":{\"@type\":\"EntryPoint\",\"urlTemplate\":\"https:\/\/www.wjwsy.com\/?s={search_term_string}\"},\"query-input\":{\"@type\":\"PropertyValueSpecification\",\"valueRequired\":true,\"valueName\":\"search_term_string\"}}],\"inLanguage\":\"es\"},{\"@type\":\"Organization\",\"@id\":\"https:\/\/www.wjwsy.com\/#organization\",\"name\":\"wjwsy.com\",\"url\":\"https:\/\/www.wjwsy.com\/\",\"logo\":{\"@type\":\"ImageObject\",\"inLanguage\":\"es\",\"@id\":\"https:\/\/www.wjwsy.com\/#\/schema\/logo\/image\/\",\"url\":\"\",\"contentUrl\":\"\",\"caption\":\"wjwsy.com\"},\"image\":{\"@id\":\"https:\/\/www.wjwsy.com\/#\/schema\/logo\/image\/\"}}]}<\/script>\n<!-- \/ Yoast SEO Premium plugin. -->","yoast_head_json":{"title":"5V 1A Power Adapter \u2013 Wall Charger for LED Strip\/IP Camera\/Speaker CE RoHS Certified OEM - Professional USB cable manufacturer","robots":{"index":"index","follow":"follow","max-snippet":"max-snippet:-1","max-image-preview":"max-image-preview:large","max-video-preview":"max-video-preview:-1"},"canonical":"https:\/\/www.wjwsy.com\/es\/producto\/5v-1a-power-adapter-wall-charger-for-led-strip-ip-camera-speaker-ce-rohs-certified-oem\/","og_locale":"es_ES","og_type":"article","og_title":"5V 1A Power Adapter \u2013 Wall Charger for LED Strip\/IP Camera\/Speaker CE RoHS Certified OEM","og_description":"Interface: DC or TYPE-C or MICRO Input: 100-240V, 50\/60Hz, 0.6A Output: 5V-1.0A Protection: overcurrent, overload, short circuit protection function Color: white, black US\/JP\/AU size: 50*35*42MM","og_url":"https:\/\/www.wjwsy.com\/es\/producto\/5v-1a-power-adapter-wall-charger-for-led-strip-ip-camera-speaker-ce-rohs-certified-oem\/","og_site_name":"Professional USB cable manufacturer","article_modified_time":"2026-04-21T08:57:11+00:00","og_image":[{"width":750,"height":600,"url":"https:\/\/www.wjwsy.com\/wp-content\/uploads\/2025\/06\/ga-0501000c-2.jpg","type":"image\/jpeg"}],"twitter_card":"summary_large_image","twitter_misc":{"Tiempo de lectura":"1 minuto"},"schema":{"@context":"https:\/\/schema.org","@graph":[{"@type":"WebPage","@id":"https:\/\/www.wjwsy.com\/product\/5v-1a-power-adapter-wall-charger-for-led-strip-ip-camera-speaker-ce-rohs-certified-oem\/","url":"https:\/\/www.wjwsy.com\/product\/5v-1a-power-adapter-wall-charger-for-led-strip-ip-camera-speaker-ce-rohs-certified-oem\/","name":"5V 1A Power Adapter \u2013 Wall Charger for LED Strip\/IP Camera\/Speaker CE RoHS Certified OEM - Professional USB cable manufacturer","isPartOf":{"@id":"https:\/\/www.wjwsy.com\/#website"},"primaryImageOfPage":{"@id":"https:\/\/www.wjwsy.com\/product\/5v-1a-power-adapter-wall-charger-for-led-strip-ip-camera-speaker-ce-rohs-certified-oem\/#primaryimage"},"image":{"@id":"https:\/\/www.wjwsy.com\/product\/5v-1a-power-adapter-wall-charger-for-led-strip-ip-camera-speaker-ce-rohs-certified-oem\/#primaryimage"},"thumbnailUrl":"https:\/\/www.wjwsy.com\/wp-content\/uploads\/2025\/06\/ga-0501000c-2.jpg","datePublished":"2025-06-10T03:56:53+00:00","dateModified":"2026-04-21T08:57:11+00:00","breadcrumb":{"@id":"https:\/\/www.wjwsy.com\/product\/5v-1a-power-adapter-wall-charger-for-led-strip-ip-camera-speaker-ce-rohs-certified-oem\/#breadcrumb"},"inLanguage":"es","potentialAction":[{"@type":"ReadAction","target":["https:\/\/www.wjwsy.com\/product\/5v-1a-power-adapter-wall-charger-for-led-strip-ip-camera-speaker-ce-rohs-certified-oem\/"]}]},{"@type":"ImageObject","inLanguage":"es","@id":"https:\/\/www.wjwsy.com\/product\/5v-1a-power-adapter-wall-charger-for-led-strip-ip-camera-speaker-ce-rohs-certified-oem\/#primaryimage","url":"https:\/\/www.wjwsy.com\/wp-content\/uploads\/2025\/06\/ga-0501000c-2.jpg","contentUrl":"https:\/\/www.wjwsy.com\/wp-content\/uploads\/2025\/06\/ga-0501000c-2.jpg","width":750,"height":600,"caption":"5V 1A Power Adapter"},{"@type":"BreadcrumbList","@id":"https:\/\/www.wjwsy.com\/product\/5v-1a-power-adapter-wall-charger-for-led-strip-ip-camera-speaker-ce-rohs-certified-oem\/#breadcrumb","itemListElement":[{"@type":"ListItem","position":1,"name":"\u9996\u9875","item":"https:\/\/www.wjwsy.com\/"},{"@type":"ListItem","position":2,"name":"Products","item":"https:\/\/www.wjwsy.com\/design-editor__trashed\/"},{"@type":"ListItem","position":3,"name":"Charger","item":"https:\/\/www.wjwsy.com\/category\/charger\/"},{"@type":"ListItem","position":4,"name":"5V 1A Power Adapter \u2013 Wall Charger for LED Strip\/IP Camera\/Speaker CE RoHS Certified OEM"}]},{"@type":"WebSite","@id":"https:\/\/www.wjwsy.com\/#website","url":"https:\/\/www.wjwsy.com\/","name":"wjwsy.com","description":"Delivering High-Quality, Reliable USB Cables for Every Industry","publisher":{"@id":"https:\/\/www.wjwsy.com\/#organization"},"potentialAction":[{"@type":"SearchAction","target":{"@type":"EntryPoint","urlTemplate":"https:\/\/www.wjwsy.com\/?s={search_term_string}"},"query-input":{"@type":"PropertyValueSpecification","valueRequired":true,"valueName":"search_term_string"}}],"inLanguage":"es"},{"@type":"Organization","@id":"https:\/\/www.wjwsy.com\/#organization","name":"wjwsy.com","url":"https:\/\/www.wjwsy.com\/","logo":{"@type":"ImageObject","inLanguage":"es","@id":"https:\/\/www.wjwsy.com\/#\/schema\/logo\/image\/","url":"","contentUrl":"","caption":"wjwsy.com"},"image":{"@id":"https:\/\/www.wjwsy.com\/#\/schema\/logo\/image\/"}}]}},"_links":{"self":[{"href":"https:\/\/www.wjwsy.com\/es\/wp-json\/wp\/v2\/product\/8385","targetHints":{"allow":["GET"]}}],"collection":[{"href":"https:\/\/www.wjwsy.com\/es\/wp-json\/wp\/v2\/product"}],"about":[{"href":"https:\/\/www.wjwsy.com\/es\/wp-json\/wp\/v2\/types\/product"}],"wp:featuredmedia":[{"embeddable":true,"href":"https:\/\/www.wjwsy.com\/es\/wp-json\/wp\/v2\/media\/8386"}],"wp:attachment":[{"href":"https:\/\/www.wjwsy.com\/es\/wp-json\/wp\/v2\/media?parent=8385"}],"wp:term":[{"taxonomy":"product_brand","embeddable":true,"href":"https:\/\/www.wjwsy.com\/es\/wp-json\/wp\/v2\/product_brand?post=8385"},{"taxonomy":"product_cat","embeddable":true,"href":"https:\/\/www.wjwsy.com\/es\/wp-json\/wp\/v2\/product_cat?post=8385"},{"taxonomy":"product_tag","embeddable":true,"href":"https:\/\/www.wjwsy.com\/es\/wp-json\/wp\/v2\/product_tag?post=8385"}],"curies":[{"name":"wp","href":"https:\/\/api.w.org\/{rel}","templated":true}]}}