{"id":8314,"date":"2025-06-09T02:36:32","date_gmt":"2025-06-09T02:36:32","guid":{"rendered":"https:\/\/www.wjwsy.com\/?post_type=product&#038;p=8314"},"modified":"2026-03-13T05:47:32","modified_gmt":"2026-03-13T05:47:32","slug":"usb-a-male-to-mini-usb-5p-cable-data-sync-charging-cord-for-cameras-gps-mp3-players-oem-manufacturer","status":"publish","type":"product","link":"https:\/\/www.wjwsy.com\/es\/producto\/usb-a-male-to-mini-usb-5p-cable-data-sync-charging-cord-for-cameras-gps-mp3-players-oem-manufacturer\/","title":{"rendered":"USB a Macho a Mini USB 5P \u2013 Cable de Sincronizaci\u00f3n de Datos y Carga Cable para C\u00e1maras\/GPS\/MP3 OEM de Fabricante"},"content":{"rendered":"<div class=\"column mcb-column mcb-item-7qyi8ycen four-fifth laptop-four-fifth tablet-four-fifth mobile-one column_heading\">\n<div class=\"mcb-column-inner mfn-module-wrapper mcb-column-inner-7qyi8ycen mcb-item-heading-inner\">\n<h4 class=\"title\">Detalles T\u00e9cnicos:<\/h4>\n<\/div>\n<\/div>\n<div class=\"column mcb-column mcb-item-4ilcjjmik one laptop-one tablet-one mobile-one column_list_2\">\n<div class=\"mcb-column-inner mfn-module-wrapper mcb-column-inner-4ilcjjmik mcb-item-list_2-inner\">\n<p><i class=\"icon-dot\" aria-hidden=\"true\"><\/i>Interfaz de entrada: USB<\/p>\n<p><i class=\"icon-dot\" aria-hidden=\"true\"><\/i>Interfaz de salida: USB MINI5p<\/p>\n<p><i class=\"icon-dot\" aria-hidden=\"true\"><\/i>Aplicaci\u00f3n: Mini5p dispositivo de interfaz<\/p>\n<p><i class=\"icon-dot\" aria-hidden=\"true\"><\/i>USB est\u00e1ndar: USB 2.0<\/p>\n<p><i class=\"icon-dot\" aria-hidden=\"true\"><\/i>Funci\u00f3n: carga + transmisi\u00f3n de datos<\/p>\n<p><i class=\"icon-dot\" aria-hidden=\"true\"><\/i>Voltaje de funcionamiento: 5 V<\/p>\n<p><i class=\"icon-dot\" aria-hidden=\"true\"><\/i>Los datos de transmisi\u00f3n: \u2264480Mbps<\/p>\n<p><i class=\"icon-dot\" aria-hidden=\"true\"><\/i>Longitud: modificado para requisitos particulares longitud seg\u00fan sea necesario<\/p>\n<p>Color: blanco\/negro\/adaptadas seg\u00fan sea necesario<\/p>\n<p>Material de la funda: PVC<\/p>\n<p><i class=\"icon-dot\" aria-hidden=\"true\"><\/i>MOQ: 5000<\/p>\n<p><i class=\"icon-dot\" aria-hidden=\"true\"><\/i>Inspecci\u00f3n: inspecci\u00f3n de control de calidad al 100 % antes del env\u00edo.<\/p>\n<\/div>\n<\/div>","protected":false},"excerpt":{"rendered":"<div class=\"trade-terms\">\n<p><strong>T\u00e9rminos De Comercio<\/strong>: FOB Shenzhen<\/p>\n<div class=\"trade-terms\">\n<p><strong>OEM\/ODM:<\/strong>\u00a0 \u00a0 \u00a0 \u00a0 \u00a0 \u00a0 \u00a0 \u00a0 \u00a0 \u00a0 \u00a0 \u00a0 \u00a0 \u00a0 \u00a0 S\u00ed<\/p>\n<p><strong>Producci\u00f3n:<\/strong>\u00a0 \u00a0 \u00a0 \u00a0 \u00a0 \u00a0 \u00a0 \u00a0 \u00a0 \u00a0 \u00a0 \u00a0 \u00a0 \u00a0 \u00a0600,000 UNIDADES\/Mes<\/p>\n<p><strong>Tiempo De La Muestra:<\/strong>\u00a0 \u00a0 \u00a0 \u00a0 \u00a0 \u00a0 \u00a0 \u00a0 \u00a0 \u00a0 \u00a0 \u00a0 \u00a05-10 D\u00edas H\u00e1biles<\/p>\n<p><strong>Pedido M\u00ednimo:<\/strong>\u00a0 \u00a0 \u00a0 \u00a0 \u00a0 \u00a0 \u00a0 \u00a0 \u00a0 \u00a0 \u00a03000 Piezas<\/p>\n<p><strong>Forma de pago:<\/strong>\u00a0 \u00a0 \u00a0 \u00a0 \u00a0 \u00a0 \u00a0 \u00a0 \u00a0 \u00a0 \u00a0 \u00a0 \u00a0 \u00a0 \u00a0 \u00a0 \u00a0 Transferencia bancaria, PayPal<\/p>\n<p><strong>Origen:<\/strong>\u00a0 \u00a0 \u00a0 \u00a0 \u00a0 \u00a0 \u00a0 \u00a0 \u00a0 \u00a0 \u00a0 \u00a0 \u00a0 \u00a0 \u00a0 \u00a0 \u00a0 \u00a0 \u00a0 \u00a0 Shenzhen, China<\/p>\n<p><strong>Modelo<\/strong>\u00a0 \u00a0 \u00a0 \u00a0 \u00a0 \u00a0 \u00a0 \u00a0 \u00a0 \u00a0 \u00a0 \u00a0 \u00a0 \u00a0 \u00a0 \u00a0 \u00a0 \u00a0 \u00a0 \u00a0 \u00a0RC-104<\/p>\n<\/div>\n<\/div>","protected":false},"featured_media":8315,"template":"","meta":{"_eb_attr":""},"product_brand":[],"product_cat":[725],"product_tag":[],"class_list":{"0":"post-8314","1":"product","2":"type-product","3":"status-publish","4":"has-post-thumbnail","6":"product_cat-complex","8":"first","9":"instock","10":"shipping-taxable","11":"product-type-simple"},"yoast_head":"<!-- This site is optimized with the Yoast SEO Premium plugin v23.7 (Yoast SEO v23.7) - https:\/\/yoast.com\/wordpress\/plugins\/seo\/ -->\n<title>USB A Male to Mini USB 5P Cable \u2013 Data Sync &amp; Charging Cord for Cameras\/GPS\/MP3 Players OEM Manufacturer - Professional USB cable manufacturer<\/title>\n<meta name=\"robots\" content=\"index, follow, max-snippet:-1, max-image-preview:large, max-video-preview:-1\" \/>\n<link rel=\"canonical\" href=\"https:\/\/www.wjwsy.com\/es\/producto\/usb-a-male-to-mini-usb-5p-cable-data-sync-charging-cord-for-cameras-gps-mp3-players-oem-manufacturer\/\" \/>\n<meta property=\"og:locale\" content=\"es_ES\" \/>\n<meta property=\"og:type\" content=\"article\" \/>\n<meta property=\"og:title\" content=\"USB A Male to Mini USB 5P Cable \u2013 Data Sync &amp; Charging Cord for Cameras\/GPS\/MP3 Players OEM Manufacturer\" \/>\n<meta property=\"og:description\" content=\"Trade Terms:\u00a0 \u00a0 \u00a0 \u00a0 \u00a0 \u00a0 \u00a0 \u00a0 \u00a0 \u00a0 \u00a0 \u00a0 \u00a0FOB Shenzhen   OEM\/ODM:\u00a0 \u00a0 \u00a0 \u00a0 \u00a0 \u00a0 \u00a0 \u00a0 \u00a0 \u00a0 \u00a0 \u00a0 \u00a0 \u00a0 \u00a0 Yes  Production:\u00a0 \u00a0 \u00a0 \u00a0 \u00a0 \u00a0 \u00a0 \u00a0 \u00a0 \u00a0 \u00a0 \u00a0 \u00a0 \u00a0 \u00a0600,000PCS\/Month  Sample Time:\u00a0 \u00a0 \u00a0 \u00a0 \u00a0 \u00a0 \u00a0 \u00a0 \u00a0 \u00a0 \u00a0 \u00a0 \u00a05-10 Working Days  Minimum Order:\u00a0 \u00a0 \u00a0 \u00a0 \u00a0 \u00a0 \u00a0 \u00a0 \u00a0 \u00a0 \u00a03000 Pieces  Payment:\u00a0 \u00a0 \u00a0 \u00a0 \u00a0 \u00a0 \u00a0 \u00a0 \u00a0 \u00a0 \u00a0 \u00a0 \u00a0 \u00a0 \u00a0 \u00a0 \u00a0 T\/T, PayPal  Origin:\u00a0 \u00a0 \u00a0 \u00a0 \u00a0 \u00a0 \u00a0 \u00a0 \u00a0 \u00a0 \u00a0 \u00a0 \u00a0 \u00a0 \u00a0 \u00a0 \u00a0 \u00a0 \u00a0 \u00a0 Shenzhen China  Model\u00a0 \u00a0 \u00a0 \u00a0 \u00a0 \u00a0 \u00a0 \u00a0 \u00a0 \u00a0 \u00a0 \u00a0 \u00a0 \u00a0 \u00a0 \u00a0 \u00a0 \u00a0 \u00a0 \u00a0 \u00a0RC-104\" \/>\n<meta property=\"og:url\" content=\"https:\/\/www.wjwsy.com\/es\/producto\/usb-a-male-to-mini-usb-5p-cable-data-sync-charging-cord-for-cameras-gps-mp3-players-oem-manufacturer\/\" \/>\n<meta property=\"og:site_name\" content=\"Professional USB cable manufacturer\" \/>\n<meta property=\"article:modified_time\" content=\"2026-03-13T05:47:32+00:00\" \/>\n<meta property=\"og:image\" content=\"https:\/\/www.wjwsy.com\/wp-content\/uploads\/2025\/06\/usb-a-male-to-mini-b-5p-usb-cable.jpg\" \/>\n\t<meta property=\"og:image:width\" content=\"750\" \/>\n\t<meta property=\"og:image:height\" content=\"600\" \/>\n\t<meta property=\"og:image:type\" content=\"image\/jpeg\" \/>\n<meta name=\"twitter:card\" content=\"summary_large_image\" \/>\n<meta name=\"twitter:label1\" content=\"Tiempo de lectura\" \/>\n\t<meta name=\"twitter:data1\" content=\"1 minuto\" \/>\n<script type=\"application\/ld+json\" class=\"yoast-schema-graph\">{\"@context\":\"https:\/\/schema.org\",\"@graph\":[{\"@type\":\"WebPage\",\"@id\":\"https:\/\/www.wjwsy.com\/product\/usb-a-male-to-mini-usb-5p-cable-data-sync-charging-cord-for-cameras-gps-mp3-players-oem-manufacturer\/\",\"url\":\"https:\/\/www.wjwsy.com\/product\/usb-a-male-to-mini-usb-5p-cable-data-sync-charging-cord-for-cameras-gps-mp3-players-oem-manufacturer\/\",\"name\":\"USB A Male to Mini USB 5P Cable \u2013 Data Sync & Charging Cord for Cameras\/GPS\/MP3 Players OEM Manufacturer - Professional USB cable manufacturer\",\"isPartOf\":{\"@id\":\"https:\/\/www.wjwsy.com\/#website\"},\"primaryImageOfPage\":{\"@id\":\"https:\/\/www.wjwsy.com\/product\/usb-a-male-to-mini-usb-5p-cable-data-sync-charging-cord-for-cameras-gps-mp3-players-oem-manufacturer\/#primaryimage\"},\"image\":{\"@id\":\"https:\/\/www.wjwsy.com\/product\/usb-a-male-to-mini-usb-5p-cable-data-sync-charging-cord-for-cameras-gps-mp3-players-oem-manufacturer\/#primaryimage\"},\"thumbnailUrl\":\"https:\/\/www.wjwsy.com\/wp-content\/uploads\/2025\/06\/usb-a-male-to-mini-b-5p-usb-cable.jpg\",\"datePublished\":\"2025-06-09T02:36:32+00:00\",\"dateModified\":\"2026-03-13T05:47:32+00:00\",\"breadcrumb\":{\"@id\":\"https:\/\/www.wjwsy.com\/product\/usb-a-male-to-mini-usb-5p-cable-data-sync-charging-cord-for-cameras-gps-mp3-players-oem-manufacturer\/#breadcrumb\"},\"inLanguage\":\"es\",\"potentialAction\":[{\"@type\":\"ReadAction\",\"target\":[\"https:\/\/www.wjwsy.com\/product\/usb-a-male-to-mini-usb-5p-cable-data-sync-charging-cord-for-cameras-gps-mp3-players-oem-manufacturer\/\"]}]},{\"@type\":\"ImageObject\",\"inLanguage\":\"es\",\"@id\":\"https:\/\/www.wjwsy.com\/product\/usb-a-male-to-mini-usb-5p-cable-data-sync-charging-cord-for-cameras-gps-mp3-players-oem-manufacturer\/#primaryimage\",\"url\":\"https:\/\/www.wjwsy.com\/wp-content\/uploads\/2025\/06\/usb-a-male-to-mini-b-5p-usb-cable.jpg\",\"contentUrl\":\"https:\/\/www.wjwsy.com\/wp-content\/uploads\/2025\/06\/usb-a-male-to-mini-b-5p-usb-cable.jpg\",\"width\":750,\"height\":600},{\"@type\":\"BreadcrumbList\",\"@id\":\"https:\/\/www.wjwsy.com\/product\/usb-a-male-to-mini-usb-5p-cable-data-sync-charging-cord-for-cameras-gps-mp3-players-oem-manufacturer\/#breadcrumb\",\"itemListElement\":[{\"@type\":\"ListItem\",\"position\":1,\"name\":\"\u9996\u9875\",\"item\":\"https:\/\/www.wjwsy.com\/\"},{\"@type\":\"ListItem\",\"position\":2,\"name\":\"Products\",\"item\":\"https:\/\/www.wjwsy.com\/design-editor__trashed\/\"},{\"@type\":\"ListItem\",\"position\":3,\"name\":\"Multi Charging Cable Manufacturer \u2013 3-in-1 &amp; 4-in-1 Universal Cables for European Brands\",\"item\":\"https:\/\/www.wjwsy.com\/category\/complex\/\"},{\"@type\":\"ListItem\",\"position\":4,\"name\":\"USB A Male to Mini USB 5P Cable \u2013 Data Sync &#038; Charging Cord for Cameras\/GPS\/MP3 Players OEM Manufacturer\"}]},{\"@type\":\"WebSite\",\"@id\":\"https:\/\/www.wjwsy.com\/#website\",\"url\":\"https:\/\/www.wjwsy.com\/\",\"name\":\"wjwsy.com\",\"description\":\"Delivering High-Quality, Reliable USB Cables for Every Industry\",\"publisher\":{\"@id\":\"https:\/\/www.wjwsy.com\/#organization\"},\"potentialAction\":[{\"@type\":\"SearchAction\",\"target\":{\"@type\":\"EntryPoint\",\"urlTemplate\":\"https:\/\/www.wjwsy.com\/?s={search_term_string}\"},\"query-input\":{\"@type\":\"PropertyValueSpecification\",\"valueRequired\":true,\"valueName\":\"search_term_string\"}}],\"inLanguage\":\"es\"},{\"@type\":\"Organization\",\"@id\":\"https:\/\/www.wjwsy.com\/#organization\",\"name\":\"wjwsy.com\",\"url\":\"https:\/\/www.wjwsy.com\/\",\"logo\":{\"@type\":\"ImageObject\",\"inLanguage\":\"es\",\"@id\":\"https:\/\/www.wjwsy.com\/#\/schema\/logo\/image\/\",\"url\":\"\",\"contentUrl\":\"\",\"caption\":\"wjwsy.com\"},\"image\":{\"@id\":\"https:\/\/www.wjwsy.com\/#\/schema\/logo\/image\/\"}}]}<\/script>\n<!-- \/ Yoast SEO Premium plugin. -->","yoast_head_json":{"title":"USB A Male to Mini USB 5P Cable \u2013 Data Sync & Charging Cord for Cameras\/GPS\/MP3 Players OEM Manufacturer - Professional USB cable manufacturer","robots":{"index":"index","follow":"follow","max-snippet":"max-snippet:-1","max-image-preview":"max-image-preview:large","max-video-preview":"max-video-preview:-1"},"canonical":"https:\/\/www.wjwsy.com\/es\/producto\/usb-a-male-to-mini-usb-5p-cable-data-sync-charging-cord-for-cameras-gps-mp3-players-oem-manufacturer\/","og_locale":"es_ES","og_type":"article","og_title":"USB A Male to Mini USB 5P Cable \u2013 Data Sync & Charging Cord for Cameras\/GPS\/MP3 Players OEM Manufacturer","og_description":"Trade Terms:\u00a0 \u00a0 \u00a0 \u00a0 \u00a0 \u00a0 \u00a0 \u00a0 \u00a0 \u00a0 \u00a0 \u00a0 \u00a0FOB Shenzhen   OEM\/ODM:\u00a0 \u00a0 \u00a0 \u00a0 \u00a0 \u00a0 \u00a0 \u00a0 \u00a0 \u00a0 \u00a0 \u00a0 \u00a0 \u00a0 \u00a0 Yes  Production:\u00a0 \u00a0 \u00a0 \u00a0 \u00a0 \u00a0 \u00a0 \u00a0 \u00a0 \u00a0 \u00a0 \u00a0 \u00a0 \u00a0 \u00a0600,000PCS\/Month  Sample Time:\u00a0 \u00a0 \u00a0 \u00a0 \u00a0 \u00a0 \u00a0 \u00a0 \u00a0 \u00a0 \u00a0 \u00a0 \u00a05-10 Working Days  Minimum Order:\u00a0 \u00a0 \u00a0 \u00a0 \u00a0 \u00a0 \u00a0 \u00a0 \u00a0 \u00a0 \u00a03000 Pieces  Payment:\u00a0 \u00a0 \u00a0 \u00a0 \u00a0 \u00a0 \u00a0 \u00a0 \u00a0 \u00a0 \u00a0 \u00a0 \u00a0 \u00a0 \u00a0 \u00a0 \u00a0 T\/T, PayPal  Origin:\u00a0 \u00a0 \u00a0 \u00a0 \u00a0 \u00a0 \u00a0 \u00a0 \u00a0 \u00a0 \u00a0 \u00a0 \u00a0 \u00a0 \u00a0 \u00a0 \u00a0 \u00a0 \u00a0 \u00a0 Shenzhen China  Model\u00a0 \u00a0 \u00a0 \u00a0 \u00a0 \u00a0 \u00a0 \u00a0 \u00a0 \u00a0 \u00a0 \u00a0 \u00a0 \u00a0 \u00a0 \u00a0 \u00a0 \u00a0 \u00a0 \u00a0 \u00a0RC-104","og_url":"https:\/\/www.wjwsy.com\/es\/producto\/usb-a-male-to-mini-usb-5p-cable-data-sync-charging-cord-for-cameras-gps-mp3-players-oem-manufacturer\/","og_site_name":"Professional USB cable manufacturer","article_modified_time":"2026-03-13T05:47:32+00:00","og_image":[{"width":750,"height":600,"url":"https:\/\/www.wjwsy.com\/wp-content\/uploads\/2025\/06\/usb-a-male-to-mini-b-5p-usb-cable.jpg","type":"image\/jpeg"}],"twitter_card":"summary_large_image","twitter_misc":{"Tiempo de lectura":"1 minuto"},"schema":{"@context":"https:\/\/schema.org","@graph":[{"@type":"WebPage","@id":"https:\/\/www.wjwsy.com\/product\/usb-a-male-to-mini-usb-5p-cable-data-sync-charging-cord-for-cameras-gps-mp3-players-oem-manufacturer\/","url":"https:\/\/www.wjwsy.com\/product\/usb-a-male-to-mini-usb-5p-cable-data-sync-charging-cord-for-cameras-gps-mp3-players-oem-manufacturer\/","name":"USB A Male to Mini USB 5P Cable \u2013 Data Sync & Charging Cord for Cameras\/GPS\/MP3 Players OEM Manufacturer - Professional USB cable manufacturer","isPartOf":{"@id":"https:\/\/www.wjwsy.com\/#website"},"primaryImageOfPage":{"@id":"https:\/\/www.wjwsy.com\/product\/usb-a-male-to-mini-usb-5p-cable-data-sync-charging-cord-for-cameras-gps-mp3-players-oem-manufacturer\/#primaryimage"},"image":{"@id":"https:\/\/www.wjwsy.com\/product\/usb-a-male-to-mini-usb-5p-cable-data-sync-charging-cord-for-cameras-gps-mp3-players-oem-manufacturer\/#primaryimage"},"thumbnailUrl":"https:\/\/www.wjwsy.com\/wp-content\/uploads\/2025\/06\/usb-a-male-to-mini-b-5p-usb-cable.jpg","datePublished":"2025-06-09T02:36:32+00:00","dateModified":"2026-03-13T05:47:32+00:00","breadcrumb":{"@id":"https:\/\/www.wjwsy.com\/product\/usb-a-male-to-mini-usb-5p-cable-data-sync-charging-cord-for-cameras-gps-mp3-players-oem-manufacturer\/#breadcrumb"},"inLanguage":"es","potentialAction":[{"@type":"ReadAction","target":["https:\/\/www.wjwsy.com\/product\/usb-a-male-to-mini-usb-5p-cable-data-sync-charging-cord-for-cameras-gps-mp3-players-oem-manufacturer\/"]}]},{"@type":"ImageObject","inLanguage":"es","@id":"https:\/\/www.wjwsy.com\/product\/usb-a-male-to-mini-usb-5p-cable-data-sync-charging-cord-for-cameras-gps-mp3-players-oem-manufacturer\/#primaryimage","url":"https:\/\/www.wjwsy.com\/wp-content\/uploads\/2025\/06\/usb-a-male-to-mini-b-5p-usb-cable.jpg","contentUrl":"https:\/\/www.wjwsy.com\/wp-content\/uploads\/2025\/06\/usb-a-male-to-mini-b-5p-usb-cable.jpg","width":750,"height":600},{"@type":"BreadcrumbList","@id":"https:\/\/www.wjwsy.com\/product\/usb-a-male-to-mini-usb-5p-cable-data-sync-charging-cord-for-cameras-gps-mp3-players-oem-manufacturer\/#breadcrumb","itemListElement":[{"@type":"ListItem","position":1,"name":"\u9996\u9875","item":"https:\/\/www.wjwsy.com\/"},{"@type":"ListItem","position":2,"name":"Products","item":"https:\/\/www.wjwsy.com\/design-editor__trashed\/"},{"@type":"ListItem","position":3,"name":"Multi Charging Cable Manufacturer \u2013 3-in-1 &amp; 4-in-1 Universal Cables for European Brands","item":"https:\/\/www.wjwsy.com\/category\/complex\/"},{"@type":"ListItem","position":4,"name":"USB A Male to Mini USB 5P Cable \u2013 Data Sync &#038; Charging Cord for Cameras\/GPS\/MP3 Players OEM Manufacturer"}]},{"@type":"WebSite","@id":"https:\/\/www.wjwsy.com\/#website","url":"https:\/\/www.wjwsy.com\/","name":"wjwsy.com","description":"Delivering High-Quality, Reliable USB Cables for Every Industry","publisher":{"@id":"https:\/\/www.wjwsy.com\/#organization"},"potentialAction":[{"@type":"SearchAction","target":{"@type":"EntryPoint","urlTemplate":"https:\/\/www.wjwsy.com\/?s={search_term_string}"},"query-input":{"@type":"PropertyValueSpecification","valueRequired":true,"valueName":"search_term_string"}}],"inLanguage":"es"},{"@type":"Organization","@id":"https:\/\/www.wjwsy.com\/#organization","name":"wjwsy.com","url":"https:\/\/www.wjwsy.com\/","logo":{"@type":"ImageObject","inLanguage":"es","@id":"https:\/\/www.wjwsy.com\/#\/schema\/logo\/image\/","url":"","contentUrl":"","caption":"wjwsy.com"},"image":{"@id":"https:\/\/www.wjwsy.com\/#\/schema\/logo\/image\/"}}]}},"_links":{"self":[{"href":"https:\/\/www.wjwsy.com\/es\/wp-json\/wp\/v2\/product\/8314","targetHints":{"allow":["GET"]}}],"collection":[{"href":"https:\/\/www.wjwsy.com\/es\/wp-json\/wp\/v2\/product"}],"about":[{"href":"https:\/\/www.wjwsy.com\/es\/wp-json\/wp\/v2\/types\/product"}],"wp:featuredmedia":[{"embeddable":true,"href":"https:\/\/www.wjwsy.com\/es\/wp-json\/wp\/v2\/media\/8315"}],"wp:attachment":[{"href":"https:\/\/www.wjwsy.com\/es\/wp-json\/wp\/v2\/media?parent=8314"}],"wp:term":[{"taxonomy":"product_brand","embeddable":true,"href":"https:\/\/www.wjwsy.com\/es\/wp-json\/wp\/v2\/product_brand?post=8314"},{"taxonomy":"product_cat","embeddable":true,"href":"https:\/\/www.wjwsy.com\/es\/wp-json\/wp\/v2\/product_cat?post=8314"},{"taxonomy":"product_tag","embeddable":true,"href":"https:\/\/www.wjwsy.com\/es\/wp-json\/wp\/v2\/product_tag?post=8314"}],"curies":[{"name":"wp","href":"https:\/\/api.w.org\/{rel}","templated":true}]}}