{"id":6625,"date":"2025-04-22T08:45:44","date_gmt":"2025-04-22T08:45:44","guid":{"rendered":"https:\/\/www.wjwsy.com\/?post_type=product&#038;p=6625"},"modified":"2026-04-16T07:22:46","modified_gmt":"2026-04-16T07:22:46","slug":"5v-1a-power-adapter-with-cable-wall-plug-charger-for-led-lights-tablet-ip-camera-oem","status":"publish","type":"product","link":"https:\/\/www.wjwsy.com\/es\/producto\/5v-1a-power-adapter-with-cable-wall-plug-charger-for-led-lights-tablet-ip-camera-oem\/","title":{"rendered":"5V 1A Adaptador de Alimentaci\u00f3n con Cable \u2013 Cargador de Enchufe de la Pared para las Luces LED\/Tablet\/IP de la C\u00e1mara del OEM"},"content":{"rendered":"<div class=\"trade-terms\">\n<div class=\"column mcb-column mcb-item-cnmrscmcf four-fifth laptop-four-fifth tablet-four-fifth mobile-one column_heading\">\n<div class=\"mcb-column-inner mfn-module-wrapper mcb-column-inner-cnmrscmcf mcb-item-heading-inner\">\n<div class=\"column mcb-column mcb-item-cnmrscmcf four-fifth laptop-four-fifth tablet-four-fifth mobile-one column_heading\">\n<div class=\"mcb-column-inner mfn-module-wrapper mcb-column-inner-cnmrscmcf mcb-item-heading-inner\">\n<h4 class=\"title\">Descripci\u00f3n<\/h4>\n<\/div>\n<\/div>\n<div class=\"column mcb-column mcb-item-fcmgus7vi one laptop-one tablet-one mobile-one column_list_2\">\n<div class=\"mcb-column-inner mfn-module-wrapper mcb-column-inner-fcmgus7vi mcb-item-list_2-inner\">\n<h5>Interfaz: USB<\/h5>\n<h5>Entrada: 100-240V, 50\/60Hz, 0.4 a<\/h5>\n<h5>Salida: 5V-1.0 a<\/h5>\n<h5>Protecci\u00f3n: sobreintensidad de corriente, sobrecarga, protecci\u00f3n del cortocircuito de la funci\u00f3n<\/h5>\n<h5>Color: Blanco, Negro<\/h5>\n<h5>Tama\u00f1o: 58*31.5*22.5 MM<\/h5>\n<h5>Peso neto: 26.3 g<\/h5>\n<\/div>\n<\/div>\n<\/div>\n<\/div>\n<\/div>","protected":false},"excerpt":{"rendered":"<div class=\"trade-terms\">\n<p><strong>T\u00e9rminos De Comercio<\/strong>: FOB Shenzhen<\/p>\n<p><strong>OEM\/ODM:<\/strong>\u00a0 \u00a0 \u00a0 \u00a0 \u00a0 \u00a0 \u00a0 \u00a0 \u00a0 \u00a0 \u00a0 \u00a0 \u00a0 \u00a0 \u00a0 \u00a0 \u00a0 S\u00ed<\/p>\n<p><strong>Producci\u00f3n:<\/strong>\u00a0 \u00a0 \u00a0 \u00a0 \u00a0 \u00a0 \u00a0 \u00a0 \u00a0 \u00a0 \u00a0 \u00a0 \u00a0 \u00a0 \u00a0 \u00a0 \u00a0600,000 UNIDADES\/Mes<\/p>\n<p><strong>Tiempo De La Muestra:<\/strong>\u00a0 \u00a0 \u00a0 \u00a0 \u00a0 \u00a0 \u00a0 \u00a0 \u00a0 \u00a0 \u00a0 \u00a0 \u00a0 \u00a0 \u00a05-10 D\u00edas H\u00e1biles<\/p>\n<p><strong>Pedido M\u00ednimo:<\/strong>\u00a0 \u00a0 \u00a0 \u00a0 \u00a0 \u00a0 \u00a0 \u00a0 \u00a0 \u00a0 \u00a0 \u00a0 1000 Piezas<\/p>\n<p><strong>Forma de pago:<\/strong>\u00a0 \u00a0 \u00a0 \u00a0 \u00a0 \u00a0 \u00a0 \u00a0 \u00a0 \u00a0 \u00a0 \u00a0 \u00a0 \u00a0 \u00a0 \u00a0 \u00a0 \u00a0 \u00a0Transferencia bancaria, PayPal<\/p>\n<p><strong>Origen:<\/strong>\u00a0 \u00a0 \u00a0 \u00a0 \u00a0 \u00a0 \u00a0 \u00a0 \u00a0 \u00a0 \u00a0 \u00a0 \u00a0 \u00a0 \u00a0 \u00a0 \u00a0 \u00a0 \u00a0 \u00a0 \u00a0 \u00a0Shenzhen, China<\/p>\n<p><strong>Modelo<\/strong>\u00a0 \u00a0 \u00a0 \u00a0 \u00a0 \u00a0 \u00a0 \u00a0 \u00a0 \u00a0 \u00a0 \u00a0 \u00a0 \u00a0 \u00a0 \u00a0 \u00a0 \u00a0 \u00a0 \u00a0 \u00a0 \u00a0 <a href=\"#\">GAT-0501000<\/a><\/p>\n<\/div>","protected":false},"featured_media":8046,"template":"","meta":{"_eb_attr":""},"product_brand":[],"product_cat":[1244],"product_tag":[],"class_list":{"0":"post-6625","1":"product","2":"type-product","3":"status-publish","4":"has-post-thumbnail","6":"product_cat-charger","8":"first","9":"instock","10":"shipping-taxable","11":"product-type-simple"},"yoast_head":"<!-- This site is optimized with the Yoast SEO Premium plugin v23.7 (Yoast SEO v23.7) - https:\/\/yoast.com\/wordpress\/plugins\/seo\/ -->\n<title>5V 1A Power Adapter with Cable \u2013 Wall Plug Charger for LED Lights\/Tablet\/IP Camera OEM - Professional USB cable manufacturer<\/title>\n<meta name=\"robots\" content=\"index, follow, max-snippet:-1, max-image-preview:large, max-video-preview:-1\" \/>\n<link rel=\"canonical\" href=\"https:\/\/www.wjwsy.com\/es\/producto\/5v-1a-power-adapter-with-cable-wall-plug-charger-for-led-lights-tablet-ip-camera-oem\/\" \/>\n<meta property=\"og:locale\" content=\"es_ES\" \/>\n<meta property=\"og:type\" content=\"article\" \/>\n<meta property=\"og:title\" content=\"5V 1A Power Adapter with Cable \u2013 Wall Plug Charger for LED Lights\/Tablet\/IP Camera OEM\" \/>\n<meta property=\"og:description\" content=\"Trade Terms:\u00a0 \u00a0 \u00a0 \u00a0 \u00a0 \u00a0 \u00a0 \u00a0 \u00a0 \u00a0 \u00a0 \u00a0 \u00a0 \u00a0 \u00a0FOB Shenzhen  OEM\/ODM:\u00a0 \u00a0 \u00a0 \u00a0 \u00a0 \u00a0 \u00a0 \u00a0 \u00a0 \u00a0 \u00a0 \u00a0 \u00a0 \u00a0 \u00a0 \u00a0 \u00a0 Yes  Production:\u00a0 \u00a0 \u00a0 \u00a0 \u00a0 \u00a0 \u00a0 \u00a0 \u00a0 \u00a0 \u00a0 \u00a0 \u00a0 \u00a0 \u00a0 \u00a0 \u00a0600,000PCS\/Month  Sample Time:\u00a0 \u00a0 \u00a0 \u00a0 \u00a0 \u00a0 \u00a0 \u00a0 \u00a0 \u00a0 \u00a0 \u00a0 \u00a0 \u00a0 \u00a05-10 Working Days  Minimum Order:\u00a0 \u00a0 \u00a0 \u00a0 \u00a0 \u00a0 \u00a0 \u00a0 \u00a0 \u00a0 \u00a0 \u00a0 1000 Pieces  Payment:\u00a0 \u00a0 \u00a0 \u00a0 \u00a0 \u00a0 \u00a0 \u00a0 \u00a0 \u00a0 \u00a0 \u00a0 \u00a0 \u00a0 \u00a0 \u00a0 \u00a0 \u00a0 \u00a0T\/T, PayPal  Origin:\u00a0 \u00a0 \u00a0 \u00a0 \u00a0 \u00a0 \u00a0 \u00a0 \u00a0 \u00a0 \u00a0 \u00a0 \u00a0 \u00a0 \u00a0 \u00a0 \u00a0 \u00a0 \u00a0 \u00a0 \u00a0 \u00a0Shenzhen China  Model\u00a0 \u00a0 \u00a0 \u00a0 \u00a0 \u00a0 \u00a0 \u00a0 \u00a0 \u00a0 \u00a0 \u00a0 \u00a0 \u00a0 \u00a0 \u00a0 \u00a0 \u00a0 \u00a0 \u00a0 \u00a0 \u00a0 GAT-0501000\" \/>\n<meta property=\"og:url\" content=\"https:\/\/www.wjwsy.com\/es\/producto\/5v-1a-power-adapter-with-cable-wall-plug-charger-for-led-lights-tablet-ip-camera-oem\/\" \/>\n<meta property=\"og:site_name\" content=\"Professional USB cable manufacturer\" \/>\n<meta property=\"article:modified_time\" content=\"2026-04-16T07:22:46+00:00\" \/>\n<meta property=\"og:image\" content=\"https:\/\/www.wjwsy.com\/wp-content\/uploads\/2025\/04\/gat-0501000-3.jpg\" \/>\n\t<meta property=\"og:image:width\" content=\"750\" \/>\n\t<meta property=\"og:image:height\" content=\"601\" \/>\n\t<meta property=\"og:image:type\" content=\"image\/jpeg\" \/>\n<meta name=\"twitter:card\" content=\"summary_large_image\" \/>\n<meta name=\"twitter:label1\" content=\"Tiempo de lectura\" \/>\n\t<meta name=\"twitter:data1\" content=\"1 minuto\" \/>\n<script type=\"application\/ld+json\" class=\"yoast-schema-graph\">{\"@context\":\"https:\/\/schema.org\",\"@graph\":[{\"@type\":\"WebPage\",\"@id\":\"https:\/\/www.wjwsy.com\/product\/5v-1a-power-adapter-with-cable-wall-plug-charger-for-led-lights-tablet-ip-camera-oem\/\",\"url\":\"https:\/\/www.wjwsy.com\/product\/5v-1a-power-adapter-with-cable-wall-plug-charger-for-led-lights-tablet-ip-camera-oem\/\",\"name\":\"5V 1A Power Adapter with Cable \u2013 Wall Plug Charger for LED Lights\/Tablet\/IP Camera OEM - Professional USB cable manufacturer\",\"isPartOf\":{\"@id\":\"https:\/\/www.wjwsy.com\/#website\"},\"primaryImageOfPage\":{\"@id\":\"https:\/\/www.wjwsy.com\/product\/5v-1a-power-adapter-with-cable-wall-plug-charger-for-led-lights-tablet-ip-camera-oem\/#primaryimage\"},\"image\":{\"@id\":\"https:\/\/www.wjwsy.com\/product\/5v-1a-power-adapter-with-cable-wall-plug-charger-for-led-lights-tablet-ip-camera-oem\/#primaryimage\"},\"thumbnailUrl\":\"https:\/\/www.wjwsy.com\/wp-content\/uploads\/2025\/04\/gat-0501000-3.jpg\",\"datePublished\":\"2025-04-22T08:45:44+00:00\",\"dateModified\":\"2026-04-16T07:22:46+00:00\",\"breadcrumb\":{\"@id\":\"https:\/\/www.wjwsy.com\/product\/5v-1a-power-adapter-with-cable-wall-plug-charger-for-led-lights-tablet-ip-camera-oem\/#breadcrumb\"},\"inLanguage\":\"es\",\"potentialAction\":[{\"@type\":\"ReadAction\",\"target\":[\"https:\/\/www.wjwsy.com\/product\/5v-1a-power-adapter-with-cable-wall-plug-charger-for-led-lights-tablet-ip-camera-oem\/\"]}]},{\"@type\":\"ImageObject\",\"inLanguage\":\"es\",\"@id\":\"https:\/\/www.wjwsy.com\/product\/5v-1a-power-adapter-with-cable-wall-plug-charger-for-led-lights-tablet-ip-camera-oem\/#primaryimage\",\"url\":\"https:\/\/www.wjwsy.com\/wp-content\/uploads\/2025\/04\/gat-0501000-3.jpg\",\"contentUrl\":\"https:\/\/www.wjwsy.com\/wp-content\/uploads\/2025\/04\/gat-0501000-3.jpg\",\"width\":750,\"height\":601,\"caption\":\"5V 1A Power Adapter with Cable\"},{\"@type\":\"BreadcrumbList\",\"@id\":\"https:\/\/www.wjwsy.com\/product\/5v-1a-power-adapter-with-cable-wall-plug-charger-for-led-lights-tablet-ip-camera-oem\/#breadcrumb\",\"itemListElement\":[{\"@type\":\"ListItem\",\"position\":1,\"name\":\"\u9996\u9875\",\"item\":\"https:\/\/www.wjwsy.com\/\"},{\"@type\":\"ListItem\",\"position\":2,\"name\":\"Products\",\"item\":\"https:\/\/www.wjwsy.com\/design-editor__trashed\/\"},{\"@type\":\"ListItem\",\"position\":3,\"name\":\"USB Charger Manufacturer \u2013 GaN Fast Chargers &amp; Power Adapters for European Brands\",\"item\":\"https:\/\/www.wjwsy.com\/category\/charger\/\"},{\"@type\":\"ListItem\",\"position\":4,\"name\":\"5V 1A Power Adapter with Cable \u2013 Wall Plug Charger for LED Lights\/Tablet\/IP Camera OEM\"}]},{\"@type\":\"WebSite\",\"@id\":\"https:\/\/www.wjwsy.com\/#website\",\"url\":\"https:\/\/www.wjwsy.com\/\",\"name\":\"wjwsy.com\",\"description\":\"Delivering High-Quality, Reliable USB Cables for Every Industry\",\"publisher\":{\"@id\":\"https:\/\/www.wjwsy.com\/#organization\"},\"potentialAction\":[{\"@type\":\"SearchAction\",\"target\":{\"@type\":\"EntryPoint\",\"urlTemplate\":\"https:\/\/www.wjwsy.com\/?s={search_term_string}\"},\"query-input\":{\"@type\":\"PropertyValueSpecification\",\"valueRequired\":true,\"valueName\":\"search_term_string\"}}],\"inLanguage\":\"es\"},{\"@type\":\"Organization\",\"@id\":\"https:\/\/www.wjwsy.com\/#organization\",\"name\":\"wjwsy.com\",\"url\":\"https:\/\/www.wjwsy.com\/\",\"logo\":{\"@type\":\"ImageObject\",\"inLanguage\":\"es\",\"@id\":\"https:\/\/www.wjwsy.com\/#\/schema\/logo\/image\/\",\"url\":\"\",\"contentUrl\":\"\",\"caption\":\"wjwsy.com\"},\"image\":{\"@id\":\"https:\/\/www.wjwsy.com\/#\/schema\/logo\/image\/\"}}]}<\/script>\n<!-- \/ Yoast SEO Premium plugin. -->","yoast_head_json":{"title":"5V 1A Power Adapter with Cable \u2013 Wall Plug Charger for LED Lights\/Tablet\/IP Camera OEM - Professional USB cable manufacturer","robots":{"index":"index","follow":"follow","max-snippet":"max-snippet:-1","max-image-preview":"max-image-preview:large","max-video-preview":"max-video-preview:-1"},"canonical":"https:\/\/www.wjwsy.com\/es\/producto\/5v-1a-power-adapter-with-cable-wall-plug-charger-for-led-lights-tablet-ip-camera-oem\/","og_locale":"es_ES","og_type":"article","og_title":"5V 1A Power Adapter with Cable \u2013 Wall Plug Charger for LED Lights\/Tablet\/IP Camera OEM","og_description":"Trade Terms:\u00a0 \u00a0 \u00a0 \u00a0 \u00a0 \u00a0 \u00a0 \u00a0 \u00a0 \u00a0 \u00a0 \u00a0 \u00a0 \u00a0 \u00a0FOB Shenzhen  OEM\/ODM:\u00a0 \u00a0 \u00a0 \u00a0 \u00a0 \u00a0 \u00a0 \u00a0 \u00a0 \u00a0 \u00a0 \u00a0 \u00a0 \u00a0 \u00a0 \u00a0 \u00a0 Yes  Production:\u00a0 \u00a0 \u00a0 \u00a0 \u00a0 \u00a0 \u00a0 \u00a0 \u00a0 \u00a0 \u00a0 \u00a0 \u00a0 \u00a0 \u00a0 \u00a0 \u00a0600,000PCS\/Month  Sample Time:\u00a0 \u00a0 \u00a0 \u00a0 \u00a0 \u00a0 \u00a0 \u00a0 \u00a0 \u00a0 \u00a0 \u00a0 \u00a0 \u00a0 \u00a05-10 Working Days  Minimum Order:\u00a0 \u00a0 \u00a0 \u00a0 \u00a0 \u00a0 \u00a0 \u00a0 \u00a0 \u00a0 \u00a0 \u00a0 1000 Pieces  Payment:\u00a0 \u00a0 \u00a0 \u00a0 \u00a0 \u00a0 \u00a0 \u00a0 \u00a0 \u00a0 \u00a0 \u00a0 \u00a0 \u00a0 \u00a0 \u00a0 \u00a0 \u00a0 \u00a0T\/T, PayPal  Origin:\u00a0 \u00a0 \u00a0 \u00a0 \u00a0 \u00a0 \u00a0 \u00a0 \u00a0 \u00a0 \u00a0 \u00a0 \u00a0 \u00a0 \u00a0 \u00a0 \u00a0 \u00a0 \u00a0 \u00a0 \u00a0 \u00a0Shenzhen China  Model\u00a0 \u00a0 \u00a0 \u00a0 \u00a0 \u00a0 \u00a0 \u00a0 \u00a0 \u00a0 \u00a0 \u00a0 \u00a0 \u00a0 \u00a0 \u00a0 \u00a0 \u00a0 \u00a0 \u00a0 \u00a0 \u00a0 GAT-0501000","og_url":"https:\/\/www.wjwsy.com\/es\/producto\/5v-1a-power-adapter-with-cable-wall-plug-charger-for-led-lights-tablet-ip-camera-oem\/","og_site_name":"Professional USB cable manufacturer","article_modified_time":"2026-04-16T07:22:46+00:00","og_image":[{"width":750,"height":601,"url":"https:\/\/www.wjwsy.com\/wp-content\/uploads\/2025\/04\/gat-0501000-3.jpg","type":"image\/jpeg"}],"twitter_card":"summary_large_image","twitter_misc":{"Tiempo de lectura":"1 minuto"},"schema":{"@context":"https:\/\/schema.org","@graph":[{"@type":"WebPage","@id":"https:\/\/www.wjwsy.com\/product\/5v-1a-power-adapter-with-cable-wall-plug-charger-for-led-lights-tablet-ip-camera-oem\/","url":"https:\/\/www.wjwsy.com\/product\/5v-1a-power-adapter-with-cable-wall-plug-charger-for-led-lights-tablet-ip-camera-oem\/","name":"5V 1A Power Adapter with Cable \u2013 Wall Plug Charger for LED Lights\/Tablet\/IP Camera OEM - Professional USB cable manufacturer","isPartOf":{"@id":"https:\/\/www.wjwsy.com\/#website"},"primaryImageOfPage":{"@id":"https:\/\/www.wjwsy.com\/product\/5v-1a-power-adapter-with-cable-wall-plug-charger-for-led-lights-tablet-ip-camera-oem\/#primaryimage"},"image":{"@id":"https:\/\/www.wjwsy.com\/product\/5v-1a-power-adapter-with-cable-wall-plug-charger-for-led-lights-tablet-ip-camera-oem\/#primaryimage"},"thumbnailUrl":"https:\/\/www.wjwsy.com\/wp-content\/uploads\/2025\/04\/gat-0501000-3.jpg","datePublished":"2025-04-22T08:45:44+00:00","dateModified":"2026-04-16T07:22:46+00:00","breadcrumb":{"@id":"https:\/\/www.wjwsy.com\/product\/5v-1a-power-adapter-with-cable-wall-plug-charger-for-led-lights-tablet-ip-camera-oem\/#breadcrumb"},"inLanguage":"es","potentialAction":[{"@type":"ReadAction","target":["https:\/\/www.wjwsy.com\/product\/5v-1a-power-adapter-with-cable-wall-plug-charger-for-led-lights-tablet-ip-camera-oem\/"]}]},{"@type":"ImageObject","inLanguage":"es","@id":"https:\/\/www.wjwsy.com\/product\/5v-1a-power-adapter-with-cable-wall-plug-charger-for-led-lights-tablet-ip-camera-oem\/#primaryimage","url":"https:\/\/www.wjwsy.com\/wp-content\/uploads\/2025\/04\/gat-0501000-3.jpg","contentUrl":"https:\/\/www.wjwsy.com\/wp-content\/uploads\/2025\/04\/gat-0501000-3.jpg","width":750,"height":601,"caption":"5V 1A Power Adapter with Cable"},{"@type":"BreadcrumbList","@id":"https:\/\/www.wjwsy.com\/product\/5v-1a-power-adapter-with-cable-wall-plug-charger-for-led-lights-tablet-ip-camera-oem\/#breadcrumb","itemListElement":[{"@type":"ListItem","position":1,"name":"\u9996\u9875","item":"https:\/\/www.wjwsy.com\/"},{"@type":"ListItem","position":2,"name":"Products","item":"https:\/\/www.wjwsy.com\/design-editor__trashed\/"},{"@type":"ListItem","position":3,"name":"USB Charger Manufacturer \u2013 GaN Fast Chargers &amp; Power Adapters for European Brands","item":"https:\/\/www.wjwsy.com\/category\/charger\/"},{"@type":"ListItem","position":4,"name":"5V 1A Power Adapter with Cable \u2013 Wall Plug Charger for LED Lights\/Tablet\/IP Camera OEM"}]},{"@type":"WebSite","@id":"https:\/\/www.wjwsy.com\/#website","url":"https:\/\/www.wjwsy.com\/","name":"wjwsy.com","description":"Delivering High-Quality, Reliable USB Cables for Every Industry","publisher":{"@id":"https:\/\/www.wjwsy.com\/#organization"},"potentialAction":[{"@type":"SearchAction","target":{"@type":"EntryPoint","urlTemplate":"https:\/\/www.wjwsy.com\/?s={search_term_string}"},"query-input":{"@type":"PropertyValueSpecification","valueRequired":true,"valueName":"search_term_string"}}],"inLanguage":"es"},{"@type":"Organization","@id":"https:\/\/www.wjwsy.com\/#organization","name":"wjwsy.com","url":"https:\/\/www.wjwsy.com\/","logo":{"@type":"ImageObject","inLanguage":"es","@id":"https:\/\/www.wjwsy.com\/#\/schema\/logo\/image\/","url":"","contentUrl":"","caption":"wjwsy.com"},"image":{"@id":"https:\/\/www.wjwsy.com\/#\/schema\/logo\/image\/"}}]}},"_links":{"self":[{"href":"https:\/\/www.wjwsy.com\/es\/wp-json\/wp\/v2\/product\/6625","targetHints":{"allow":["GET"]}}],"collection":[{"href":"https:\/\/www.wjwsy.com\/es\/wp-json\/wp\/v2\/product"}],"about":[{"href":"https:\/\/www.wjwsy.com\/es\/wp-json\/wp\/v2\/types\/product"}],"wp:featuredmedia":[{"embeddable":true,"href":"https:\/\/www.wjwsy.com\/es\/wp-json\/wp\/v2\/media\/8046"}],"wp:attachment":[{"href":"https:\/\/www.wjwsy.com\/es\/wp-json\/wp\/v2\/media?parent=6625"}],"wp:term":[{"taxonomy":"product_brand","embeddable":true,"href":"https:\/\/www.wjwsy.com\/es\/wp-json\/wp\/v2\/product_brand?post=6625"},{"taxonomy":"product_cat","embeddable":true,"href":"https:\/\/www.wjwsy.com\/es\/wp-json\/wp\/v2\/product_cat?post=6625"},{"taxonomy":"product_tag","embeddable":true,"href":"https:\/\/www.wjwsy.com\/es\/wp-json\/wp\/v2\/product_tag?post=6625"}],"curies":[{"name":"wp","href":"https:\/\/api.w.org\/{rel}","templated":true}]}}