{"id":6196,"date":"2025-04-16T06:03:30","date_gmt":"2025-04-16T06:03:30","guid":{"rendered":"https:\/\/www.wjwsy.com\/?post_type=product&#038;p=6196"},"modified":"2026-03-27T08:05:59","modified_gmt":"2026-03-27T08:05:59","slug":"thunderbolt-4-compatible-usb4-cable-pd-240w-8k-video-type-c-data-cord-oem","status":"publish","type":"product","link":"https:\/\/www.wjwsy.com\/es\/producto\/thunderbolt-4-compatible-usb4-cable-pd-240w-8k-video-type-c-data-cord-oem\/","title":{"rendered":"Thunderbolt 4 Compatible USB4 Cable DP \u2013 240W 8K Tipo de Video-C Cable de Datos OEM"},"content":{"rendered":"<h2 class=\"title\">Detalles T\u00e9cnicos:<\/h2>\n<p><span class=\"mfn-list-desc\">Interfaz de entrada: USB C<\/span><\/p>\n<p><i class=\"icon-dot\" aria-hidden=\"true\"><\/i><span class=\"mfn-list-desc\">Interfaz de salida: USB C<\/span><\/p>\n<p><i class=\"icon-dot\" aria-hidden=\"true\"><\/i><span class=\"mfn-list-desc\">Aplicaci\u00f3n:los Dispositivos con el Tipo-C interfaz<\/span><\/p>\n<p><i class=\"icon-dot\" aria-hidden=\"true\"><\/i><span class=\"mfn-list-desc\">USB est\u00e1ndar: USB 3.2<\/span><\/p>\n<p><i class=\"icon-dot\" aria-hidden=\"true\"><\/i><span class=\"mfn-list-desc\">Funci\u00f3n: Carga + transmisi\u00f3n de datos + de audio y de v\u00eddeo de transmisi\u00f3n<\/span><\/p>\n<p><i class=\"icon-dot\" aria-hidden=\"true\"><\/i><span class=\"mfn-list-desc\">Tensi\u00f3n de carga: 48V5.0A iso (Max)<\/span><\/p>\n<p><i class=\"icon-dot\" aria-hidden=\"true\"><\/i><span class=\"mfn-list-desc\">Transmisi\u00f3n de datos: 40 gbps<\/span><\/p>\n<p><i class=\"icon-dot\" aria-hidden=\"true\"><\/i><span class=\"mfn-list-desc\">Longitud: 0,5 M\/1.0 M\/2.0 M<\/span><\/p>\n<p><i class=\"icon-dot\" aria-hidden=\"true\"><\/i><span class=\"mfn-list-desc\">Color: Negro<\/span><\/p>\n<p><i class=\"icon-dot\" aria-hidden=\"true\"><\/i><span class=\"mfn-list-desc\">Material de la vaina: PVC+de la Aleaci\u00f3n de Aluminio<\/span><\/p>\n<p><i class=\"icon-dot\" aria-hidden=\"true\"><\/i><span class=\"mfn-list-desc\">Capa de blindaje: papel de Aluminio<\/span><i class=\"icon-dot\" aria-hidden=\"true\"><\/i><\/p>\n<p><i class=\"icon-dot\" aria-hidden=\"true\"><\/i><span class=\"mfn-list-desc\">Inspecci\u00f3n: inspecci\u00f3n de control de calidad al 100 % antes del env\u00edo.<\/span><\/p>","protected":false},"excerpt":{"rendered":"<p><strong>T\u00e9rminos De Comercio<\/strong>: FOB Shenzhen<\/p>\n<p><strong>OEM\/ODM:<\/strong>\u00a0 \u00a0 \u00a0 \u00a0 \u00a0 \u00a0 \u00a0 \u00a0 \u00a0 \u00a0 \u00a0 \u00a0 \u00a0 \u00a0 \u00a0 \u00a0 \u00a0 S\u00ed<\/p>\n<p><strong>Producci\u00f3n:<\/strong>\u00a0 \u00a0 \u00a0 \u00a0 \u00a0 \u00a0 \u00a0 \u00a0 \u00a0 \u00a0 \u00a0 \u00a0 \u00a0 \u00a0 \u00a0 \u00a0 \u00a0600,000 UNIDADES\/Mes<\/p>\n<p><strong>Tiempo De La Muestra:<\/strong>\u00a0 \u00a0 \u00a0 \u00a0 \u00a0 \u00a0 \u00a0 \u00a0 \u00a0 \u00a0 \u00a0 \u00a0 \u00a0 \u00a0 \u00a05-10 D\u00edas H\u00e1biles<\/p>\n<p><strong>Pedido M\u00ednimo:<\/strong>\u00a0 \u00a0 \u00a0 \u00a0 \u00a0 \u00a0 \u00a0 \u00a0 \u00a0 \u00a0 \u00a0 \u00a0 50 Piezas<\/p>\n<p><strong>Forma de pago:<\/strong>\u00a0 \u00a0 \u00a0 \u00a0 \u00a0 \u00a0 \u00a0 \u00a0 \u00a0 \u00a0 \u00a0 \u00a0 \u00a0 \u00a0 \u00a0 \u00a0 \u00a0 \u00a0 \u00a0Transferencia bancaria, PayPal<\/p>\n<p><strong>Origen:<\/strong>\u00a0 \u00a0 \u00a0 \u00a0 \u00a0 \u00a0 \u00a0 \u00a0 \u00a0 \u00a0 \u00a0 \u00a0 \u00a0 \u00a0 \u00a0 \u00a0 \u00a0 \u00a0 \u00a0 \u00a0 \u00a0 \u00a0Shenzhen, China<\/p>\n<p><strong>Modelo<\/strong>\u00a0 \u00a0 \u00a0 \u00a0 \u00a0 \u00a0 \u00a0 \u00a0 \u00a0 \u00a0 \u00a0 \u00a0 \u00a0 \u00a0 \u00a0 \u00a0 \u00a0 \u00a0 \u00a0 \u00a0 \u00a0\u00a0 J-C1014<\/p>","protected":false},"featured_media":8862,"template":"","meta":{"_eb_attr":""},"product_brand":[],"product_cat":[668],"product_tag":[],"class_list":{"0":"post-6196","1":"product","2":"type-product","3":"status-publish","4":"has-post-thumbnail","6":"product_cat-usb-type-c-cable","8":"first","9":"instock","10":"shipping-taxable","11":"product-type-simple"},"yoast_head":"<!-- This site is optimized with the Yoast SEO Premium plugin v23.7 (Yoast SEO v23.7) - https:\/\/yoast.com\/wordpress\/plugins\/seo\/ -->\n<title>Thunderbolt 4 Compatible USB4 Cable \u2013 PD 240W 8K Video Type-C Data Cord OEM - Professional USB cable manufacturer<\/title>\n<meta name=\"description\" content=\"Wholesale Thunderbolt 4 compatible USB4 PD240W Type-C data cable supporting 8K video and fast charging. Durable, ideal for bulk orders and OEM customization\" \/>\n<meta name=\"robots\" content=\"index, follow, max-snippet:-1, max-image-preview:large, max-video-preview:-1\" \/>\n<link rel=\"canonical\" href=\"https:\/\/www.wjwsy.com\/es\/producto\/thunderbolt-4-compatible-usb4-cable-pd-240w-8k-video-type-c-data-cord-oem\/\" \/>\n<meta property=\"og:locale\" content=\"es_ES\" \/>\n<meta property=\"og:type\" content=\"article\" \/>\n<meta property=\"og:title\" content=\"Thunderbolt 4 Compatible USB4 Cable \u2013 PD 240W 8K Video Type-C Data Cord OEM\" \/>\n<meta property=\"og:description\" content=\"Wholesale Thunderbolt 4 compatible USB4 PD240W Type-C data cable supporting 8K video and fast charging. Durable, ideal for bulk orders and OEM customization\" \/>\n<meta property=\"og:url\" content=\"https:\/\/www.wjwsy.com\/es\/producto\/thunderbolt-4-compatible-usb4-cable-pd-240w-8k-video-type-c-data-cord-oem\/\" \/>\n<meta property=\"og:site_name\" content=\"Professional USB cable manufacturer\" \/>\n<meta property=\"article:modified_time\" content=\"2026-03-27T08:05:59+00:00\" \/>\n<meta property=\"og:image\" content=\"https:\/\/www.wjwsy.com\/wp-content\/uploads\/2025\/04\/8-4.jpg\" \/>\n\t<meta property=\"og:image:width\" content=\"750\" \/>\n\t<meta property=\"og:image:height\" content=\"600\" \/>\n\t<meta property=\"og:image:type\" content=\"image\/jpeg\" \/>\n<meta name=\"twitter:card\" content=\"summary_large_image\" \/>\n<meta name=\"twitter:label1\" content=\"Tiempo de lectura\" \/>\n\t<meta name=\"twitter:data1\" content=\"1 minuto\" \/>\n<script type=\"application\/ld+json\" class=\"yoast-schema-graph\">{\"@context\":\"https:\/\/schema.org\",\"@graph\":[{\"@type\":\"WebPage\",\"@id\":\"https:\/\/www.wjwsy.com\/product\/thunderbolt-4-compatible-usb4-cable-pd-240w-8k-video-type-c-data-cord-oem\/\",\"url\":\"https:\/\/www.wjwsy.com\/product\/thunderbolt-4-compatible-usb4-cable-pd-240w-8k-video-type-c-data-cord-oem\/\",\"name\":\"Thunderbolt 4 Compatible USB4 Cable \u2013 PD 240W 8K Video Type-C Data Cord OEM - Professional USB cable manufacturer\",\"isPartOf\":{\"@id\":\"https:\/\/www.wjwsy.com\/#website\"},\"primaryImageOfPage\":{\"@id\":\"https:\/\/www.wjwsy.com\/product\/thunderbolt-4-compatible-usb4-cable-pd-240w-8k-video-type-c-data-cord-oem\/#primaryimage\"},\"image\":{\"@id\":\"https:\/\/www.wjwsy.com\/product\/thunderbolt-4-compatible-usb4-cable-pd-240w-8k-video-type-c-data-cord-oem\/#primaryimage\"},\"thumbnailUrl\":\"https:\/\/www.wjwsy.com\/wp-content\/uploads\/2025\/04\/8-4.jpg\",\"datePublished\":\"2025-04-16T06:03:30+00:00\",\"dateModified\":\"2026-03-27T08:05:59+00:00\",\"description\":\"Wholesale Thunderbolt 4 compatible USB4 PD240W Type-C data cable supporting 8K video and fast charging. Durable, ideal for bulk orders and OEM customization\",\"breadcrumb\":{\"@id\":\"https:\/\/www.wjwsy.com\/product\/thunderbolt-4-compatible-usb4-cable-pd-240w-8k-video-type-c-data-cord-oem\/#breadcrumb\"},\"inLanguage\":\"es\",\"potentialAction\":[{\"@type\":\"ReadAction\",\"target\":[\"https:\/\/www.wjwsy.com\/product\/thunderbolt-4-compatible-usb4-cable-pd-240w-8k-video-type-c-data-cord-oem\/\"]}]},{\"@type\":\"ImageObject\",\"inLanguage\":\"es\",\"@id\":\"https:\/\/www.wjwsy.com\/product\/thunderbolt-4-compatible-usb4-cable-pd-240w-8k-video-type-c-data-cord-oem\/#primaryimage\",\"url\":\"https:\/\/www.wjwsy.com\/wp-content\/uploads\/2025\/04\/8-4.jpg\",\"contentUrl\":\"https:\/\/www.wjwsy.com\/wp-content\/uploads\/2025\/04\/8-4.jpg\",\"width\":750,\"height\":600},{\"@type\":\"BreadcrumbList\",\"@id\":\"https:\/\/www.wjwsy.com\/product\/thunderbolt-4-compatible-usb4-cable-pd-240w-8k-video-type-c-data-cord-oem\/#breadcrumb\",\"itemListElement\":[{\"@type\":\"ListItem\",\"position\":1,\"name\":\"\u9996\u9875\",\"item\":\"https:\/\/www.wjwsy.com\/\"},{\"@type\":\"ListItem\",\"position\":2,\"name\":\"Products\",\"item\":\"https:\/\/www.wjwsy.com\/design-editor__trashed\/\"},{\"@type\":\"ListItem\",\"position\":3,\"name\":\"USB Type C Cable Wholesale \u2013 Fast Charging &amp; Data Transfer Cables for European Brands\",\"item\":\"https:\/\/www.wjwsy.com\/category\/usb-type-c-cable\/\"},{\"@type\":\"ListItem\",\"position\":4,\"name\":\"Thunderbolt 4 Compatible USB4 Cable \u2013 PD 240W 8K Video Type-C Data Cord OEM\"}]},{\"@type\":\"WebSite\",\"@id\":\"https:\/\/www.wjwsy.com\/#website\",\"url\":\"https:\/\/www.wjwsy.com\/\",\"name\":\"wjwsy.com\",\"description\":\"Delivering High-Quality, Reliable USB Cables for Every Industry\",\"publisher\":{\"@id\":\"https:\/\/www.wjwsy.com\/#organization\"},\"potentialAction\":[{\"@type\":\"SearchAction\",\"target\":{\"@type\":\"EntryPoint\",\"urlTemplate\":\"https:\/\/www.wjwsy.com\/?s={search_term_string}\"},\"query-input\":{\"@type\":\"PropertyValueSpecification\",\"valueRequired\":true,\"valueName\":\"search_term_string\"}}],\"inLanguage\":\"es\"},{\"@type\":\"Organization\",\"@id\":\"https:\/\/www.wjwsy.com\/#organization\",\"name\":\"wjwsy.com\",\"url\":\"https:\/\/www.wjwsy.com\/\",\"logo\":{\"@type\":\"ImageObject\",\"inLanguage\":\"es\",\"@id\":\"https:\/\/www.wjwsy.com\/#\/schema\/logo\/image\/\",\"url\":\"\",\"contentUrl\":\"\",\"caption\":\"wjwsy.com\"},\"image\":{\"@id\":\"https:\/\/www.wjwsy.com\/#\/schema\/logo\/image\/\"}}]}<\/script>\n<!-- \/ Yoast SEO Premium plugin. -->","yoast_head_json":{"title":"Thunderbolt 4 Compatible USB4 Cable \u2013 PD 240W 8K Video Type-C Data Cord OEM - Professional USB cable manufacturer","description":"Wholesale Thunderbolt 4 compatible USB4 PD240W Type-C data cable supporting 8K video and fast charging. Durable, ideal for bulk orders and OEM customization","robots":{"index":"index","follow":"follow","max-snippet":"max-snippet:-1","max-image-preview":"max-image-preview:large","max-video-preview":"max-video-preview:-1"},"canonical":"https:\/\/www.wjwsy.com\/es\/producto\/thunderbolt-4-compatible-usb4-cable-pd-240w-8k-video-type-c-data-cord-oem\/","og_locale":"es_ES","og_type":"article","og_title":"Thunderbolt 4 Compatible USB4 Cable \u2013 PD 240W 8K Video Type-C Data Cord OEM","og_description":"Wholesale Thunderbolt 4 compatible USB4 PD240W Type-C data cable supporting 8K video and fast charging. Durable, ideal for bulk orders and OEM customization","og_url":"https:\/\/www.wjwsy.com\/es\/producto\/thunderbolt-4-compatible-usb4-cable-pd-240w-8k-video-type-c-data-cord-oem\/","og_site_name":"Professional USB cable manufacturer","article_modified_time":"2026-03-27T08:05:59+00:00","og_image":[{"width":750,"height":600,"url":"https:\/\/www.wjwsy.com\/wp-content\/uploads\/2025\/04\/8-4.jpg","type":"image\/jpeg"}],"twitter_card":"summary_large_image","twitter_misc":{"Tiempo de lectura":"1 minuto"},"schema":{"@context":"https:\/\/schema.org","@graph":[{"@type":"WebPage","@id":"https:\/\/www.wjwsy.com\/product\/thunderbolt-4-compatible-usb4-cable-pd-240w-8k-video-type-c-data-cord-oem\/","url":"https:\/\/www.wjwsy.com\/product\/thunderbolt-4-compatible-usb4-cable-pd-240w-8k-video-type-c-data-cord-oem\/","name":"Thunderbolt 4 Compatible USB4 Cable \u2013 PD 240W 8K Video Type-C Data Cord OEM - Professional USB cable manufacturer","isPartOf":{"@id":"https:\/\/www.wjwsy.com\/#website"},"primaryImageOfPage":{"@id":"https:\/\/www.wjwsy.com\/product\/thunderbolt-4-compatible-usb4-cable-pd-240w-8k-video-type-c-data-cord-oem\/#primaryimage"},"image":{"@id":"https:\/\/www.wjwsy.com\/product\/thunderbolt-4-compatible-usb4-cable-pd-240w-8k-video-type-c-data-cord-oem\/#primaryimage"},"thumbnailUrl":"https:\/\/www.wjwsy.com\/wp-content\/uploads\/2025\/04\/8-4.jpg","datePublished":"2025-04-16T06:03:30+00:00","dateModified":"2026-03-27T08:05:59+00:00","description":"Wholesale Thunderbolt 4 compatible USB4 PD240W Type-C data cable supporting 8K video and fast charging. Durable, ideal for bulk orders and OEM customization","breadcrumb":{"@id":"https:\/\/www.wjwsy.com\/product\/thunderbolt-4-compatible-usb4-cable-pd-240w-8k-video-type-c-data-cord-oem\/#breadcrumb"},"inLanguage":"es","potentialAction":[{"@type":"ReadAction","target":["https:\/\/www.wjwsy.com\/product\/thunderbolt-4-compatible-usb4-cable-pd-240w-8k-video-type-c-data-cord-oem\/"]}]},{"@type":"ImageObject","inLanguage":"es","@id":"https:\/\/www.wjwsy.com\/product\/thunderbolt-4-compatible-usb4-cable-pd-240w-8k-video-type-c-data-cord-oem\/#primaryimage","url":"https:\/\/www.wjwsy.com\/wp-content\/uploads\/2025\/04\/8-4.jpg","contentUrl":"https:\/\/www.wjwsy.com\/wp-content\/uploads\/2025\/04\/8-4.jpg","width":750,"height":600},{"@type":"BreadcrumbList","@id":"https:\/\/www.wjwsy.com\/product\/thunderbolt-4-compatible-usb4-cable-pd-240w-8k-video-type-c-data-cord-oem\/#breadcrumb","itemListElement":[{"@type":"ListItem","position":1,"name":"\u9996\u9875","item":"https:\/\/www.wjwsy.com\/"},{"@type":"ListItem","position":2,"name":"Products","item":"https:\/\/www.wjwsy.com\/design-editor__trashed\/"},{"@type":"ListItem","position":3,"name":"USB Type C Cable Wholesale \u2013 Fast Charging &amp; Data Transfer Cables for European Brands","item":"https:\/\/www.wjwsy.com\/category\/usb-type-c-cable\/"},{"@type":"ListItem","position":4,"name":"Thunderbolt 4 Compatible USB4 Cable \u2013 PD 240W 8K Video Type-C Data Cord OEM"}]},{"@type":"WebSite","@id":"https:\/\/www.wjwsy.com\/#website","url":"https:\/\/www.wjwsy.com\/","name":"wjwsy.com","description":"Delivering High-Quality, Reliable USB Cables for Every Industry","publisher":{"@id":"https:\/\/www.wjwsy.com\/#organization"},"potentialAction":[{"@type":"SearchAction","target":{"@type":"EntryPoint","urlTemplate":"https:\/\/www.wjwsy.com\/?s={search_term_string}"},"query-input":{"@type":"PropertyValueSpecification","valueRequired":true,"valueName":"search_term_string"}}],"inLanguage":"es"},{"@type":"Organization","@id":"https:\/\/www.wjwsy.com\/#organization","name":"wjwsy.com","url":"https:\/\/www.wjwsy.com\/","logo":{"@type":"ImageObject","inLanguage":"es","@id":"https:\/\/www.wjwsy.com\/#\/schema\/logo\/image\/","url":"","contentUrl":"","caption":"wjwsy.com"},"image":{"@id":"https:\/\/www.wjwsy.com\/#\/schema\/logo\/image\/"}}]}},"_links":{"self":[{"href":"https:\/\/www.wjwsy.com\/es\/wp-json\/wp\/v2\/product\/6196","targetHints":{"allow":["GET"]}}],"collection":[{"href":"https:\/\/www.wjwsy.com\/es\/wp-json\/wp\/v2\/product"}],"about":[{"href":"https:\/\/www.wjwsy.com\/es\/wp-json\/wp\/v2\/types\/product"}],"wp:featuredmedia":[{"embeddable":true,"href":"https:\/\/www.wjwsy.com\/es\/wp-json\/wp\/v2\/media\/8862"}],"wp:attachment":[{"href":"https:\/\/www.wjwsy.com\/es\/wp-json\/wp\/v2\/media?parent=6196"}],"wp:term":[{"taxonomy":"product_brand","embeddable":true,"href":"https:\/\/www.wjwsy.com\/es\/wp-json\/wp\/v2\/product_brand?post=6196"},{"taxonomy":"product_cat","embeddable":true,"href":"https:\/\/www.wjwsy.com\/es\/wp-json\/wp\/v2\/product_cat?post=6196"},{"taxonomy":"product_tag","embeddable":true,"href":"https:\/\/www.wjwsy.com\/es\/wp-json\/wp\/v2\/product_tag?post=6196"}],"curies":[{"name":"wp","href":"https:\/\/api.w.org\/{rel}","templated":true}]}}