{"id":3244,"date":"2024-12-31T02:54:10","date_gmt":"2024-12-31T02:54:10","guid":{"rendered":"https:\/\/www.wjwsy.com\/?post_type=product&#038;p=3244"},"modified":"2026-03-27T08:10:18","modified_gmt":"2026-03-27T08:10:18","slug":"usb-c-to-usb-3-0-otg-adapter-cable-type-c-host-converter-cord-for-phones-tablets-wholesale","status":"publish","type":"product","link":"https:\/\/www.wjwsy.com\/es\/producto\/usb-c-to-usb-3-0-otg-adapter-cable-type-c-host-converter-cord-for-phones-tablets-wholesale\/","title":{"rendered":"USB a USB 3.0 OTG Adaptador de Cable \u2013 Tipo-C Host Convertidor de Cable para Tel\u00e9fonos\/Tabletas Mayorista"},"content":{"rendered":"<div class=\"column mcb-column mcb-item-pomluivw four-fifth laptop-four-fifth tablet-four-fifth mobile-one column_heading\">\n<div class=\"mcb-column-inner mfn-module-wrapper mcb-column-inner-pomluivw mcb-item-heading-inner\">\n<h2 class=\"title\">Detalles T\u00e9cnicos:<\/h2>\n<\/div>\n<\/div>\n<div class=\"column mcb-column mcb-item-dgcxgaqbs one laptop-one tablet-one mobile-one column_list_2\">\n<div class=\"mcb-column-inner mfn-module-wrapper mcb-column-inner-dgcxgaqbs mcb-item-list_2-inner\">\n<p><i class=\"icon-dot\" aria-hidden=\"true\"><\/i><span class=\"mfn-list-desc\">Interfaz de entrada: USB C<\/span><\/p>\n<p><i class=\"icon-dot\" aria-hidden=\"true\"><\/i><span class=\"mfn-list-desc\">Interfaz de salida: USB AF<\/span><\/p>\n<p><i class=\"icon-dot\" aria-hidden=\"true\"><\/i><span class=\"mfn-list-desc\">Aplicaci\u00f3n:los Dispositivos con el Tipo-C interfaz<\/span><\/p>\n<p><i class=\"icon-dot\" aria-hidden=\"true\"><\/i><span class=\"mfn-list-desc\">USB est\u00e1ndar: USB 3.2<\/span><\/p>\n<p><i class=\"icon-dot\" aria-hidden=\"true\"><\/i><span class=\"mfn-list-desc\">Funci\u00f3n: Carga + transmisi\u00f3n de datos + de audio y de v\u00eddeo de transmisi\u00f3n<\/span><\/p>\n<p><i class=\"icon-dot\" aria-hidden=\"true\"><\/i><span class=\"mfn-list-desc\">Voltaje de funcionamiento: 20V\/5A(Max)<\/span><\/p>\n<p><i class=\"icon-dot\" aria-hidden=\"true\"><\/i><span class=\"mfn-list-desc\">Transmisi\u00f3n de datos: 10 gbps<\/span><\/p>\n<p><i class=\"icon-dot\" aria-hidden=\"true\"><\/i><span class=\"mfn-list-desc\">Longitud: 0,5 M<\/span><\/p>\n<p><i class=\"icon-dot\" aria-hidden=\"true\"><\/i><span class=\"mfn-list-desc\">Color: negro<\/span><\/p>\n<p><i class=\"icon-dot\" aria-hidden=\"true\"><\/i><span class=\"mfn-list-desc\">Material de la vaina: PVC+nylon trenzado+de la aleaci\u00f3n de aluminio<\/span><\/p>\n<p><i class=\"icon-dot\" aria-hidden=\"true\"><\/i><span class=\"mfn-list-desc\">Capa de blindaje: papel de Aluminio<\/span><i class=\"icon-dot\" aria-hidden=\"true\"><\/i><\/p>\n<p><i class=\"icon-dot\" aria-hidden=\"true\"><\/i><span class=\"mfn-list-desc\">Inspecci\u00f3n: inspecci\u00f3n de control de calidad al 100 % antes del env\u00edo.<\/span><\/p>\n<\/div>\n<\/div>","protected":false},"excerpt":{"rendered":"<div class=\"trade-terms\">\n<p><strong>T\u00e9rminos De Comercio<\/strong>: FOB Shenzhen<\/p>\n<p><strong>OEM\/ODM:<\/strong>\u00a0 \u00a0 \u00a0 \u00a0 \u00a0 \u00a0 \u00a0 \u00a0 \u00a0 \u00a0 \u00a0 \u00a0 \u00a0 \u00a0 \u00a0 \u00a0 \u00a0 S\u00ed<\/p>\n<p><strong>Producci\u00f3n:<\/strong>\u00a0 \u00a0 \u00a0 \u00a0 \u00a0 \u00a0 \u00a0 \u00a0 \u00a0 \u00a0 \u00a0 \u00a0 \u00a0 \u00a0 \u00a0 \u00a0 \u00a0600,000 UNIDADES\/Mes<\/p>\n<p><strong>Tiempo De La Muestra:<\/strong>\u00a0 \u00a0 \u00a0 \u00a0 \u00a0 \u00a0 \u00a0 \u00a0 \u00a0 \u00a0 \u00a0 \u00a0 \u00a0 \u00a0 \u00a05-10 D\u00edas H\u00e1biles<\/p>\n<p><strong>Pedido M\u00ednimo:<\/strong>\u00a0 \u00a0 \u00a0 \u00a0 \u00a0 \u00a0 \u00a0 \u00a0 \u00a0 \u00a0 \u00a0 \u00a0 50 Piezas<\/p>\n<p><strong>Forma de pago:<\/strong>\u00a0 \u00a0 \u00a0 \u00a0 \u00a0 \u00a0 \u00a0 \u00a0 \u00a0 \u00a0 \u00a0 \u00a0 \u00a0 \u00a0 \u00a0 \u00a0 \u00a0 \u00a0 \u00a0Transferencia bancaria, PayPal<\/p>\n<p><strong>Origen:<\/strong>\u00a0 \u00a0 \u00a0 \u00a0 \u00a0 \u00a0 \u00a0 \u00a0 \u00a0 \u00a0 \u00a0 \u00a0 \u00a0 \u00a0 \u00a0 \u00a0 \u00a0 \u00a0 \u00a0 \u00a0 \u00a0 \u00a0Shenzhen, China<\/p>\n<p><strong>Modelo<\/strong>\u00a0 \u00a0 \u00a0 \u00a0 \u00a0 \u00a0 \u00a0 \u00a0 \u00a0 \u00a0 \u00a0 \u00a0 \u00a0 \u00a0 \u00a0 \u00a0 \u00a0 \u00a0 \u00a0 \u00a0 \u00a0\u00a0 J-C4004<\/p>\n<\/div>","protected":false},"featured_media":8880,"template":"","meta":{"_eb_attr":""},"product_brand":[],"product_cat":[668],"product_tag":[],"class_list":{"0":"post-3244","1":"product","2":"type-product","3":"status-publish","4":"has-post-thumbnail","6":"product_cat-usb-type-c-cable","8":"first","9":"instock","10":"shipping-taxable","11":"product-type-simple"},"yoast_head":"<!-- This site is optimized with the Yoast SEO Premium plugin v23.7 (Yoast SEO v23.7) - https:\/\/yoast.com\/wordpress\/plugins\/seo\/ -->\n<title>USB C to USB 3.0 OTG Adapter Cable \u2013 Type-C Host Converter Cord for Phones\/Tablets Wholesale - Professional USB cable manufacturer<\/title>\n<meta name=\"description\" content=\"Wholesale USB C to USB A OTG Adapter Cable with USB 3.1, 10Gbps high-speed data transfer. Durable and ideal for bulk orders and OEM customization.\" \/>\n<meta name=\"robots\" content=\"index, follow, max-snippet:-1, max-image-preview:large, max-video-preview:-1\" \/>\n<link rel=\"canonical\" href=\"https:\/\/www.wjwsy.com\/es\/producto\/usb-c-to-usb-3-0-otg-adapter-cable-type-c-host-converter-cord-for-phones-tablets-wholesale\/\" \/>\n<meta property=\"og:locale\" content=\"es_ES\" \/>\n<meta property=\"og:type\" content=\"article\" \/>\n<meta property=\"og:title\" content=\"USB C to USB 3.0 OTG Adapter Cable \u2013 Type-C Host Converter Cord for Phones\/Tablets Wholesale\" \/>\n<meta property=\"og:description\" content=\"Wholesale USB C to USB A OTG Adapter Cable with USB 3.1, 10Gbps high-speed data transfer. Durable and ideal for bulk orders and OEM customization.\" \/>\n<meta property=\"og:url\" content=\"https:\/\/www.wjwsy.com\/es\/producto\/usb-c-to-usb-3-0-otg-adapter-cable-type-c-host-converter-cord-for-phones-tablets-wholesale\/\" \/>\n<meta property=\"og:site_name\" content=\"Professional USB cable manufacturer\" \/>\n<meta property=\"article:modified_time\" content=\"2026-03-27T08:10:18+00:00\" \/>\n<meta property=\"og:image\" content=\"https:\/\/www.wjwsy.com\/wp-content\/uploads\/2024\/12\/J-C4003-1.jpg\" \/>\n\t<meta property=\"og:image:width\" content=\"750\" \/>\n\t<meta property=\"og:image:height\" content=\"600\" \/>\n\t<meta property=\"og:image:type\" content=\"image\/jpeg\" \/>\n<meta name=\"twitter:card\" content=\"summary_large_image\" \/>\n<meta name=\"twitter:label1\" content=\"Tiempo de lectura\" \/>\n\t<meta name=\"twitter:data1\" content=\"1 minuto\" \/>\n<script type=\"application\/ld+json\" class=\"yoast-schema-graph\">{\"@context\":\"https:\/\/schema.org\",\"@graph\":[{\"@type\":\"WebPage\",\"@id\":\"https:\/\/www.wjwsy.com\/product\/usb-c-to-usb-3-0-otg-adapter-cable-type-c-host-converter-cord-for-phones-tablets-wholesale\/\",\"url\":\"https:\/\/www.wjwsy.com\/product\/usb-c-to-usb-3-0-otg-adapter-cable-type-c-host-converter-cord-for-phones-tablets-wholesale\/\",\"name\":\"USB C to USB 3.0 OTG Adapter Cable \u2013 Type-C Host Converter Cord for Phones\/Tablets Wholesale - Professional USB cable manufacturer\",\"isPartOf\":{\"@id\":\"https:\/\/www.wjwsy.com\/#website\"},\"primaryImageOfPage\":{\"@id\":\"https:\/\/www.wjwsy.com\/product\/usb-c-to-usb-3-0-otg-adapter-cable-type-c-host-converter-cord-for-phones-tablets-wholesale\/#primaryimage\"},\"image\":{\"@id\":\"https:\/\/www.wjwsy.com\/product\/usb-c-to-usb-3-0-otg-adapter-cable-type-c-host-converter-cord-for-phones-tablets-wholesale\/#primaryimage\"},\"thumbnailUrl\":\"https:\/\/www.wjwsy.com\/wp-content\/uploads\/2024\/12\/J-C4003-1.jpg\",\"datePublished\":\"2024-12-31T02:54:10+00:00\",\"dateModified\":\"2026-03-27T08:10:18+00:00\",\"description\":\"Wholesale USB C to USB A OTG Adapter Cable with USB 3.1, 10Gbps high-speed data transfer. Durable and ideal for bulk orders and OEM customization.\",\"breadcrumb\":{\"@id\":\"https:\/\/www.wjwsy.com\/product\/usb-c-to-usb-3-0-otg-adapter-cable-type-c-host-converter-cord-for-phones-tablets-wholesale\/#breadcrumb\"},\"inLanguage\":\"es\",\"potentialAction\":[{\"@type\":\"ReadAction\",\"target\":[\"https:\/\/www.wjwsy.com\/product\/usb-c-to-usb-3-0-otg-adapter-cable-type-c-host-converter-cord-for-phones-tablets-wholesale\/\"]}]},{\"@type\":\"ImageObject\",\"inLanguage\":\"es\",\"@id\":\"https:\/\/www.wjwsy.com\/product\/usb-c-to-usb-3-0-otg-adapter-cable-type-c-host-converter-cord-for-phones-tablets-wholesale\/#primaryimage\",\"url\":\"https:\/\/www.wjwsy.com\/wp-content\/uploads\/2024\/12\/J-C4003-1.jpg\",\"contentUrl\":\"https:\/\/www.wjwsy.com\/wp-content\/uploads\/2024\/12\/J-C4003-1.jpg\",\"width\":750,\"height\":600},{\"@type\":\"BreadcrumbList\",\"@id\":\"https:\/\/www.wjwsy.com\/product\/usb-c-to-usb-3-0-otg-adapter-cable-type-c-host-converter-cord-for-phones-tablets-wholesale\/#breadcrumb\",\"itemListElement\":[{\"@type\":\"ListItem\",\"position\":1,\"name\":\"\u9996\u9875\",\"item\":\"https:\/\/www.wjwsy.com\/\"},{\"@type\":\"ListItem\",\"position\":2,\"name\":\"Products\",\"item\":\"https:\/\/www.wjwsy.com\/design-editor__trashed\/\"},{\"@type\":\"ListItem\",\"position\":3,\"name\":\"USB Type C Cable Wholesale \u2013 Fast Charging &amp; Data Transfer Cables for European Brands\",\"item\":\"https:\/\/www.wjwsy.com\/category\/usb-type-c-cable\/\"},{\"@type\":\"ListItem\",\"position\":4,\"name\":\"USB C to USB 3.0 OTG Adapter Cable \u2013 Type-C Host Converter Cord for Phones\/Tablets Wholesale\"}]},{\"@type\":\"WebSite\",\"@id\":\"https:\/\/www.wjwsy.com\/#website\",\"url\":\"https:\/\/www.wjwsy.com\/\",\"name\":\"wjwsy.com\",\"description\":\"Delivering High-Quality, Reliable USB Cables for Every Industry\",\"publisher\":{\"@id\":\"https:\/\/www.wjwsy.com\/#organization\"},\"potentialAction\":[{\"@type\":\"SearchAction\",\"target\":{\"@type\":\"EntryPoint\",\"urlTemplate\":\"https:\/\/www.wjwsy.com\/?s={search_term_string}\"},\"query-input\":{\"@type\":\"PropertyValueSpecification\",\"valueRequired\":true,\"valueName\":\"search_term_string\"}}],\"inLanguage\":\"es\"},{\"@type\":\"Organization\",\"@id\":\"https:\/\/www.wjwsy.com\/#organization\",\"name\":\"wjwsy.com\",\"url\":\"https:\/\/www.wjwsy.com\/\",\"logo\":{\"@type\":\"ImageObject\",\"inLanguage\":\"es\",\"@id\":\"https:\/\/www.wjwsy.com\/#\/schema\/logo\/image\/\",\"url\":\"\",\"contentUrl\":\"\",\"caption\":\"wjwsy.com\"},\"image\":{\"@id\":\"https:\/\/www.wjwsy.com\/#\/schema\/logo\/image\/\"}}]}<\/script>\n<!-- \/ Yoast SEO Premium plugin. -->","yoast_head_json":{"title":"USB C to USB 3.0 OTG Adapter Cable \u2013 Type-C Host Converter Cord for Phones\/Tablets Wholesale - Professional USB cable manufacturer","description":"Wholesale USB C to USB A OTG Adapter Cable with USB 3.1, 10Gbps high-speed data transfer. Durable and ideal for bulk orders and OEM customization.","robots":{"index":"index","follow":"follow","max-snippet":"max-snippet:-1","max-image-preview":"max-image-preview:large","max-video-preview":"max-video-preview:-1"},"canonical":"https:\/\/www.wjwsy.com\/es\/producto\/usb-c-to-usb-3-0-otg-adapter-cable-type-c-host-converter-cord-for-phones-tablets-wholesale\/","og_locale":"es_ES","og_type":"article","og_title":"USB C to USB 3.0 OTG Adapter Cable \u2013 Type-C Host Converter Cord for Phones\/Tablets Wholesale","og_description":"Wholesale USB C to USB A OTG Adapter Cable with USB 3.1, 10Gbps high-speed data transfer. Durable and ideal for bulk orders and OEM customization.","og_url":"https:\/\/www.wjwsy.com\/es\/producto\/usb-c-to-usb-3-0-otg-adapter-cable-type-c-host-converter-cord-for-phones-tablets-wholesale\/","og_site_name":"Professional USB cable manufacturer","article_modified_time":"2026-03-27T08:10:18+00:00","og_image":[{"width":750,"height":600,"url":"https:\/\/www.wjwsy.com\/wp-content\/uploads\/2024\/12\/J-C4003-1.jpg","type":"image\/jpeg"}],"twitter_card":"summary_large_image","twitter_misc":{"Tiempo de lectura":"1 minuto"},"schema":{"@context":"https:\/\/schema.org","@graph":[{"@type":"WebPage","@id":"https:\/\/www.wjwsy.com\/product\/usb-c-to-usb-3-0-otg-adapter-cable-type-c-host-converter-cord-for-phones-tablets-wholesale\/","url":"https:\/\/www.wjwsy.com\/product\/usb-c-to-usb-3-0-otg-adapter-cable-type-c-host-converter-cord-for-phones-tablets-wholesale\/","name":"USB C to USB 3.0 OTG Adapter Cable \u2013 Type-C Host Converter Cord for Phones\/Tablets Wholesale - Professional USB cable manufacturer","isPartOf":{"@id":"https:\/\/www.wjwsy.com\/#website"},"primaryImageOfPage":{"@id":"https:\/\/www.wjwsy.com\/product\/usb-c-to-usb-3-0-otg-adapter-cable-type-c-host-converter-cord-for-phones-tablets-wholesale\/#primaryimage"},"image":{"@id":"https:\/\/www.wjwsy.com\/product\/usb-c-to-usb-3-0-otg-adapter-cable-type-c-host-converter-cord-for-phones-tablets-wholesale\/#primaryimage"},"thumbnailUrl":"https:\/\/www.wjwsy.com\/wp-content\/uploads\/2024\/12\/J-C4003-1.jpg","datePublished":"2024-12-31T02:54:10+00:00","dateModified":"2026-03-27T08:10:18+00:00","description":"Wholesale USB C to USB A OTG Adapter Cable with USB 3.1, 10Gbps high-speed data transfer. Durable and ideal for bulk orders and OEM customization.","breadcrumb":{"@id":"https:\/\/www.wjwsy.com\/product\/usb-c-to-usb-3-0-otg-adapter-cable-type-c-host-converter-cord-for-phones-tablets-wholesale\/#breadcrumb"},"inLanguage":"es","potentialAction":[{"@type":"ReadAction","target":["https:\/\/www.wjwsy.com\/product\/usb-c-to-usb-3-0-otg-adapter-cable-type-c-host-converter-cord-for-phones-tablets-wholesale\/"]}]},{"@type":"ImageObject","inLanguage":"es","@id":"https:\/\/www.wjwsy.com\/product\/usb-c-to-usb-3-0-otg-adapter-cable-type-c-host-converter-cord-for-phones-tablets-wholesale\/#primaryimage","url":"https:\/\/www.wjwsy.com\/wp-content\/uploads\/2024\/12\/J-C4003-1.jpg","contentUrl":"https:\/\/www.wjwsy.com\/wp-content\/uploads\/2024\/12\/J-C4003-1.jpg","width":750,"height":600},{"@type":"BreadcrumbList","@id":"https:\/\/www.wjwsy.com\/product\/usb-c-to-usb-3-0-otg-adapter-cable-type-c-host-converter-cord-for-phones-tablets-wholesale\/#breadcrumb","itemListElement":[{"@type":"ListItem","position":1,"name":"\u9996\u9875","item":"https:\/\/www.wjwsy.com\/"},{"@type":"ListItem","position":2,"name":"Products","item":"https:\/\/www.wjwsy.com\/design-editor__trashed\/"},{"@type":"ListItem","position":3,"name":"USB Type C Cable Wholesale \u2013 Fast Charging &amp; Data Transfer Cables for European Brands","item":"https:\/\/www.wjwsy.com\/category\/usb-type-c-cable\/"},{"@type":"ListItem","position":4,"name":"USB C to USB 3.0 OTG Adapter Cable \u2013 Type-C Host Converter Cord for Phones\/Tablets Wholesale"}]},{"@type":"WebSite","@id":"https:\/\/www.wjwsy.com\/#website","url":"https:\/\/www.wjwsy.com\/","name":"wjwsy.com","description":"Delivering High-Quality, Reliable USB Cables for Every Industry","publisher":{"@id":"https:\/\/www.wjwsy.com\/#organization"},"potentialAction":[{"@type":"SearchAction","target":{"@type":"EntryPoint","urlTemplate":"https:\/\/www.wjwsy.com\/?s={search_term_string}"},"query-input":{"@type":"PropertyValueSpecification","valueRequired":true,"valueName":"search_term_string"}}],"inLanguage":"es"},{"@type":"Organization","@id":"https:\/\/www.wjwsy.com\/#organization","name":"wjwsy.com","url":"https:\/\/www.wjwsy.com\/","logo":{"@type":"ImageObject","inLanguage":"es","@id":"https:\/\/www.wjwsy.com\/#\/schema\/logo\/image\/","url":"","contentUrl":"","caption":"wjwsy.com"},"image":{"@id":"https:\/\/www.wjwsy.com\/#\/schema\/logo\/image\/"}}]}},"_links":{"self":[{"href":"https:\/\/www.wjwsy.com\/es\/wp-json\/wp\/v2\/product\/3244","targetHints":{"allow":["GET"]}}],"collection":[{"href":"https:\/\/www.wjwsy.com\/es\/wp-json\/wp\/v2\/product"}],"about":[{"href":"https:\/\/www.wjwsy.com\/es\/wp-json\/wp\/v2\/types\/product"}],"wp:featuredmedia":[{"embeddable":true,"href":"https:\/\/www.wjwsy.com\/es\/wp-json\/wp\/v2\/media\/8880"}],"wp:attachment":[{"href":"https:\/\/www.wjwsy.com\/es\/wp-json\/wp\/v2\/media?parent=3244"}],"wp:term":[{"taxonomy":"product_brand","embeddable":true,"href":"https:\/\/www.wjwsy.com\/es\/wp-json\/wp\/v2\/product_brand?post=3244"},{"taxonomy":"product_cat","embeddable":true,"href":"https:\/\/www.wjwsy.com\/es\/wp-json\/wp\/v2\/product_cat?post=3244"},{"taxonomy":"product_tag","embeddable":true,"href":"https:\/\/www.wjwsy.com\/es\/wp-json\/wp\/v2\/product_tag?post=3244"}],"curies":[{"name":"wp","href":"https:\/\/api.w.org\/{rel}","templated":true}]}}