{"id":3239,"date":"2024-12-31T02:41:25","date_gmt":"2024-12-31T02:41:25","guid":{"rendered":"https:\/\/www.wjwsy.com\/?post_type=product&#038;p=3239"},"modified":"2026-03-13T03:18:05","modified_gmt":"2026-03-13T03:18:05","slug":"90-right-angle-usb-a-to-lightning-cable-braided-mfi-certified-fast-charging-cord-for-iphone-ipad-gaming-oem","status":"publish","type":"product","link":"https:\/\/www.wjwsy.com\/es\/producto\/90-right-angle-usb-a-to-lightning-cable-braided-mfi-certified-fast-charging-cord-for-iphone-ipad-gaming-oem\/","title":{"rendered":"90\u00b0 de \u00c1ngulo recto USB a Lightning Cable Trenzado MFi Certificado R\u00e1pida Cable de Carga para iPhone\/iPad Juegos de OEM"},"content":{"rendered":"<div class=\"mcb-wrap-background-overlay\"><span style=\"font-size: 21px;\">Detalles T\u00e9cnicos:<\/span><\/div>\n<div class=\"column mcb-column mcb-item-e8ema6li8 one laptop-one tablet-one mobile-one column_list_2\">\n<div class=\"mcb-column-inner mfn-module-wrapper mcb-column-inner-e8ema6li8 mcb-item-list_2-inner\">\n<p><i class=\"icon-dot\" aria-hidden=\"true\"><\/i>Interfaz de entrada: USB<\/p>\n<p><i class=\"icon-dot\" aria-hidden=\"true\"><\/i>Interfaz de salida: Rayo<\/p>\n<p><i class=\"icon-dot\" aria-hidden=\"true\"><\/i>Aplicaci\u00f3n: dispositivo IOS<\/p>\n<p><i class=\"icon-dot\" aria-hidden=\"true\"><\/i>USB est\u00e1ndar: USB 2.0<\/p>\n<p><i class=\"icon-dot\" aria-hidden=\"true\"><\/i>Funci\u00f3n: carga + transmisi\u00f3n de datos<\/p>\n<p><i class=\"icon-dot\" aria-hidden=\"true\"><\/i><span class=\"mfn-list-desc\">Voltaje de funcionamiento: 5V<\/span><\/p>\n<p><i class=\"icon-dot\" aria-hidden=\"true\"><\/i><span class=\"mfn-list-desc\">Los datos de transmisi\u00f3n: \u2264480Mbps<\/span><\/p>\n<p><i class=\"icon-dot\" aria-hidden=\"true\"><\/i><span class=\"mfn-list-desc\">Longitud: 1.0 M\/1,5 M\/2.0 M<\/span><\/p>\n<p><i class=\"icon-dot\" aria-hidden=\"true\"><\/i><span class=\"mfn-list-desc\">Color: Negro<\/span><\/p>\n<p><i class=\"icon-dot\" aria-hidden=\"true\"><\/i><span class=\"mfn-list-desc\">Material de la vaina: PVC+nylon trenzado+de la aleaci\u00f3n de aluminio<\/span><\/p>\n<p><i class=\"icon-dot\" aria-hidden=\"true\"><\/i><span class=\"mfn-list-desc\">Capa de blindaje: papel de Aluminio<\/span><\/p>\n<p><i class=\"icon-dot\" aria-hidden=\"true\"><\/i><span class=\"mfn-list-desc\">MOQ\uff1a1000<\/span><i class=\"icon-dot\" aria-hidden=\"true\"><\/i><\/p>\n<p><span class=\"mfn-list-desc\">Inspecci\u00f3n: inspecci\u00f3n de control de calidad al 100 % antes del env\u00edo.<\/span><\/p>\n<\/div>\n<\/div>","protected":false},"excerpt":{"rendered":"<div class=\"trade-terms\">\n<div class=\"trade-terms\">\n<p><strong>T\u00e9rminos De Comercio<\/strong>: FOB Shenzhen<\/p>\n<p><strong>OEM\/ODM:<\/strong>\u00a0 \u00a0 \u00a0 \u00a0 \u00a0 \u00a0 \u00a0 \u00a0 \u00a0 \u00a0 \u00a0 \u00a0 \u00a0 \u00a0 \u00a0 \u00a0 \u00a0 S\u00ed<\/p>\n<p><strong>Producci\u00f3n:<\/strong>\u00a0 \u00a0 \u00a0 \u00a0 \u00a0 \u00a0 \u00a0 \u00a0 \u00a0 \u00a0 \u00a0 \u00a0 \u00a0 \u00a0 \u00a0 \u00a0 \u00a0600,000 UNIDADES\/Mes<\/p>\n<p><strong>Tiempo De La Muestra:<\/strong>\u00a0 \u00a0 \u00a0 \u00a0 \u00a0 \u00a0 \u00a0 \u00a0 \u00a0 \u00a0 \u00a0 \u00a0 \u00a0 \u00a0 \u00a05-10 D\u00edas H\u00e1biles<\/p>\n<p><strong>Pedido M\u00ednimo:<\/strong>\u00a0 \u00a0 \u00a0 \u00a0 \u00a0 \u00a0 \u00a0 \u00a0 \u00a0 \u00a0 \u00a0 \u00a0 1000 Piezas<\/p>\n<p><strong>Forma de pago:<\/strong>\u00a0 \u00a0 \u00a0 \u00a0 \u00a0 \u00a0 \u00a0 \u00a0 \u00a0 \u00a0 \u00a0 \u00a0 \u00a0 \u00a0 \u00a0 \u00a0 \u00a0 \u00a0 \u00a0Transferencia bancaria, PayPal<\/p>\n<p><strong>Origen:<\/strong>\u00a0 \u00a0 \u00a0 \u00a0 \u00a0 \u00a0 \u00a0 \u00a0 \u00a0 \u00a0 \u00a0 \u00a0 \u00a0 \u00a0 \u00a0 \u00a0 \u00a0 \u00a0 \u00a0 \u00a0 \u00a0 \u00a0Shenzhen, China<\/p>\n<p><strong>Modelo<\/strong>\u00a0 \u00a0 \u00a0 \u00a0 \u00a0 \u00a0 \u00a0 \u00a0 \u00a0 \u00a0 \u00a0 \u00a0 \u00a0 \u00a0 \u00a0 \u00a0 \u00a0 \u00a0 \u00a0 \u00a0 \u00a0\u00a0 J-L2001<\/p>\n<\/div>\n<\/div>","protected":false},"featured_media":8979,"template":"","meta":{"_eb_attr":""},"product_brand":[],"product_cat":[724],"product_tag":[],"class_list":{"0":"post-3239","1":"product","2":"type-product","3":"status-publish","4":"has-post-thumbnail","6":"product_cat-lightning-cable","8":"first","9":"instock","10":"shipping-taxable","11":"product-type-simple"},"yoast_head":"<!-- This site is optimized with the Yoast SEO Premium plugin v23.7 (Yoast SEO v23.7) - https:\/\/yoast.com\/wordpress\/plugins\/seo\/ -->\n<title>90\u00b0 Right Angle USB A to Lightning Cable \u2013 Braided MFi Certified Fast Charging Cord for iPhone\/iPad Gaming OEM - Professional USB cable manufacturer<\/title>\n<meta name=\"description\" content=\"Wholesale 90 Degree USB A to Lightning Cable with durable braided nylon design, supports fast charging and data transfer. Ideal for bulk orders and OEM.\" \/>\n<meta name=\"robots\" content=\"index, follow, max-snippet:-1, max-image-preview:large, max-video-preview:-1\" \/>\n<link rel=\"canonical\" href=\"https:\/\/www.wjwsy.com\/es\/producto\/90-right-angle-usb-a-to-lightning-cable-braided-mfi-certified-fast-charging-cord-for-iphone-ipad-gaming-oem\/\" \/>\n<meta property=\"og:locale\" content=\"es_ES\" \/>\n<meta property=\"og:type\" content=\"article\" \/>\n<meta property=\"og:title\" content=\"90\u00b0 Right Angle USB A to Lightning Cable \u2013 Braided MFi Certified Fast Charging Cord for iPhone\/iPad Gaming OEM\" \/>\n<meta property=\"og:description\" content=\"Wholesale 90 Degree USB A to Lightning Cable with durable braided nylon design, supports fast charging and data transfer. Ideal for bulk orders and OEM.\" \/>\n<meta property=\"og:url\" content=\"https:\/\/www.wjwsy.com\/es\/producto\/90-right-angle-usb-a-to-lightning-cable-braided-mfi-certified-fast-charging-cord-for-iphone-ipad-gaming-oem\/\" \/>\n<meta property=\"og:site_name\" content=\"Professional USB cable manufacturer\" \/>\n<meta property=\"article:modified_time\" content=\"2026-03-13T03:18:05+00:00\" \/>\n<meta property=\"og:image\" content=\"https:\/\/www.wjwsy.com\/wp-content\/uploads\/2024\/12\/J-L2001-1.jpg\" \/>\n\t<meta property=\"og:image:width\" content=\"750\" \/>\n\t<meta property=\"og:image:height\" content=\"600\" \/>\n\t<meta property=\"og:image:type\" content=\"image\/jpeg\" \/>\n<meta name=\"twitter:card\" content=\"summary_large_image\" \/>\n<meta name=\"twitter:label1\" content=\"Tiempo de lectura\" \/>\n\t<meta name=\"twitter:data1\" content=\"1 minuto\" \/>\n<script type=\"application\/ld+json\" class=\"yoast-schema-graph\">{\"@context\":\"https:\/\/schema.org\",\"@graph\":[{\"@type\":\"WebPage\",\"@id\":\"https:\/\/www.wjwsy.com\/product\/90-right-angle-usb-a-to-lightning-cable-braided-mfi-certified-fast-charging-cord-for-iphone-ipad-gaming-oem\/\",\"url\":\"https:\/\/www.wjwsy.com\/product\/90-right-angle-usb-a-to-lightning-cable-braided-mfi-certified-fast-charging-cord-for-iphone-ipad-gaming-oem\/\",\"name\":\"90\u00b0 Right Angle USB A to Lightning Cable \u2013 Braided MFi Certified Fast Charging Cord for iPhone\/iPad Gaming OEM - Professional USB cable manufacturer\",\"isPartOf\":{\"@id\":\"https:\/\/www.wjwsy.com\/#website\"},\"primaryImageOfPage\":{\"@id\":\"https:\/\/www.wjwsy.com\/product\/90-right-angle-usb-a-to-lightning-cable-braided-mfi-certified-fast-charging-cord-for-iphone-ipad-gaming-oem\/#primaryimage\"},\"image\":{\"@id\":\"https:\/\/www.wjwsy.com\/product\/90-right-angle-usb-a-to-lightning-cable-braided-mfi-certified-fast-charging-cord-for-iphone-ipad-gaming-oem\/#primaryimage\"},\"thumbnailUrl\":\"https:\/\/www.wjwsy.com\/wp-content\/uploads\/2024\/12\/J-L2001-1.jpg\",\"datePublished\":\"2024-12-31T02:41:25+00:00\",\"dateModified\":\"2026-03-13T03:18:05+00:00\",\"description\":\"Wholesale 90 Degree USB A to Lightning Cable with durable braided nylon design, supports fast charging and data transfer. Ideal for bulk orders and OEM.\",\"breadcrumb\":{\"@id\":\"https:\/\/www.wjwsy.com\/product\/90-right-angle-usb-a-to-lightning-cable-braided-mfi-certified-fast-charging-cord-for-iphone-ipad-gaming-oem\/#breadcrumb\"},\"inLanguage\":\"es\",\"potentialAction\":[{\"@type\":\"ReadAction\",\"target\":[\"https:\/\/www.wjwsy.com\/product\/90-right-angle-usb-a-to-lightning-cable-braided-mfi-certified-fast-charging-cord-for-iphone-ipad-gaming-oem\/\"]}]},{\"@type\":\"ImageObject\",\"inLanguage\":\"es\",\"@id\":\"https:\/\/www.wjwsy.com\/product\/90-right-angle-usb-a-to-lightning-cable-braided-mfi-certified-fast-charging-cord-for-iphone-ipad-gaming-oem\/#primaryimage\",\"url\":\"https:\/\/www.wjwsy.com\/wp-content\/uploads\/2024\/12\/J-L2001-1.jpg\",\"contentUrl\":\"https:\/\/www.wjwsy.com\/wp-content\/uploads\/2024\/12\/J-L2001-1.jpg\",\"width\":750,\"height\":600},{\"@type\":\"BreadcrumbList\",\"@id\":\"https:\/\/www.wjwsy.com\/product\/90-right-angle-usb-a-to-lightning-cable-braided-mfi-certified-fast-charging-cord-for-iphone-ipad-gaming-oem\/#breadcrumb\",\"itemListElement\":[{\"@type\":\"ListItem\",\"position\":1,\"name\":\"\u9996\u9875\",\"item\":\"https:\/\/www.wjwsy.com\/\"},{\"@type\":\"ListItem\",\"position\":2,\"name\":\"Products\",\"item\":\"https:\/\/www.wjwsy.com\/design-editor__trashed\/\"},{\"@type\":\"ListItem\",\"position\":3,\"name\":\"MFi Certified Lightning Cable Manufacturer \u2013 iPhone Charging Cables for European Brands\",\"item\":\"https:\/\/www.wjwsy.com\/category\/lightning-cable\/\"},{\"@type\":\"ListItem\",\"position\":4,\"name\":\"90\u00b0 Right Angle USB A to Lightning Cable \u2013 Braided MFi Certified Fast Charging Cord for iPhone\/iPad Gaming OEM\"}]},{\"@type\":\"WebSite\",\"@id\":\"https:\/\/www.wjwsy.com\/#website\",\"url\":\"https:\/\/www.wjwsy.com\/\",\"name\":\"wjwsy.com\",\"description\":\"Delivering High-Quality, Reliable USB Cables for Every Industry\",\"publisher\":{\"@id\":\"https:\/\/www.wjwsy.com\/#organization\"},\"potentialAction\":[{\"@type\":\"SearchAction\",\"target\":{\"@type\":\"EntryPoint\",\"urlTemplate\":\"https:\/\/www.wjwsy.com\/?s={search_term_string}\"},\"query-input\":{\"@type\":\"PropertyValueSpecification\",\"valueRequired\":true,\"valueName\":\"search_term_string\"}}],\"inLanguage\":\"es\"},{\"@type\":\"Organization\",\"@id\":\"https:\/\/www.wjwsy.com\/#organization\",\"name\":\"wjwsy.com\",\"url\":\"https:\/\/www.wjwsy.com\/\",\"logo\":{\"@type\":\"ImageObject\",\"inLanguage\":\"es\",\"@id\":\"https:\/\/www.wjwsy.com\/#\/schema\/logo\/image\/\",\"url\":\"\",\"contentUrl\":\"\",\"caption\":\"wjwsy.com\"},\"image\":{\"@id\":\"https:\/\/www.wjwsy.com\/#\/schema\/logo\/image\/\"}}]}<\/script>\n<!-- \/ Yoast SEO Premium plugin. -->","yoast_head_json":{"title":"90\u00b0 Right Angle USB A to Lightning Cable \u2013 Braided MFi Certified Fast Charging Cord for iPhone\/iPad Gaming OEM - Professional USB cable manufacturer","description":"Wholesale 90 Degree USB A to Lightning Cable with durable braided nylon design, supports fast charging and data transfer. Ideal for bulk orders and OEM.","robots":{"index":"index","follow":"follow","max-snippet":"max-snippet:-1","max-image-preview":"max-image-preview:large","max-video-preview":"max-video-preview:-1"},"canonical":"https:\/\/www.wjwsy.com\/es\/producto\/90-right-angle-usb-a-to-lightning-cable-braided-mfi-certified-fast-charging-cord-for-iphone-ipad-gaming-oem\/","og_locale":"es_ES","og_type":"article","og_title":"90\u00b0 Right Angle USB A to Lightning Cable \u2013 Braided MFi Certified Fast Charging Cord for iPhone\/iPad Gaming OEM","og_description":"Wholesale 90 Degree USB A to Lightning Cable with durable braided nylon design, supports fast charging and data transfer. Ideal for bulk orders and OEM.","og_url":"https:\/\/www.wjwsy.com\/es\/producto\/90-right-angle-usb-a-to-lightning-cable-braided-mfi-certified-fast-charging-cord-for-iphone-ipad-gaming-oem\/","og_site_name":"Professional USB cable manufacturer","article_modified_time":"2026-03-13T03:18:05+00:00","og_image":[{"width":750,"height":600,"url":"https:\/\/www.wjwsy.com\/wp-content\/uploads\/2024\/12\/J-L2001-1.jpg","type":"image\/jpeg"}],"twitter_card":"summary_large_image","twitter_misc":{"Tiempo de lectura":"1 minuto"},"schema":{"@context":"https:\/\/schema.org","@graph":[{"@type":"WebPage","@id":"https:\/\/www.wjwsy.com\/product\/90-right-angle-usb-a-to-lightning-cable-braided-mfi-certified-fast-charging-cord-for-iphone-ipad-gaming-oem\/","url":"https:\/\/www.wjwsy.com\/product\/90-right-angle-usb-a-to-lightning-cable-braided-mfi-certified-fast-charging-cord-for-iphone-ipad-gaming-oem\/","name":"90\u00b0 Right Angle USB A to Lightning Cable \u2013 Braided MFi Certified Fast Charging Cord for iPhone\/iPad Gaming OEM - Professional USB cable manufacturer","isPartOf":{"@id":"https:\/\/www.wjwsy.com\/#website"},"primaryImageOfPage":{"@id":"https:\/\/www.wjwsy.com\/product\/90-right-angle-usb-a-to-lightning-cable-braided-mfi-certified-fast-charging-cord-for-iphone-ipad-gaming-oem\/#primaryimage"},"image":{"@id":"https:\/\/www.wjwsy.com\/product\/90-right-angle-usb-a-to-lightning-cable-braided-mfi-certified-fast-charging-cord-for-iphone-ipad-gaming-oem\/#primaryimage"},"thumbnailUrl":"https:\/\/www.wjwsy.com\/wp-content\/uploads\/2024\/12\/J-L2001-1.jpg","datePublished":"2024-12-31T02:41:25+00:00","dateModified":"2026-03-13T03:18:05+00:00","description":"Wholesale 90 Degree USB A to Lightning Cable with durable braided nylon design, supports fast charging and data transfer. Ideal for bulk orders and OEM.","breadcrumb":{"@id":"https:\/\/www.wjwsy.com\/product\/90-right-angle-usb-a-to-lightning-cable-braided-mfi-certified-fast-charging-cord-for-iphone-ipad-gaming-oem\/#breadcrumb"},"inLanguage":"es","potentialAction":[{"@type":"ReadAction","target":["https:\/\/www.wjwsy.com\/product\/90-right-angle-usb-a-to-lightning-cable-braided-mfi-certified-fast-charging-cord-for-iphone-ipad-gaming-oem\/"]}]},{"@type":"ImageObject","inLanguage":"es","@id":"https:\/\/www.wjwsy.com\/product\/90-right-angle-usb-a-to-lightning-cable-braided-mfi-certified-fast-charging-cord-for-iphone-ipad-gaming-oem\/#primaryimage","url":"https:\/\/www.wjwsy.com\/wp-content\/uploads\/2024\/12\/J-L2001-1.jpg","contentUrl":"https:\/\/www.wjwsy.com\/wp-content\/uploads\/2024\/12\/J-L2001-1.jpg","width":750,"height":600},{"@type":"BreadcrumbList","@id":"https:\/\/www.wjwsy.com\/product\/90-right-angle-usb-a-to-lightning-cable-braided-mfi-certified-fast-charging-cord-for-iphone-ipad-gaming-oem\/#breadcrumb","itemListElement":[{"@type":"ListItem","position":1,"name":"\u9996\u9875","item":"https:\/\/www.wjwsy.com\/"},{"@type":"ListItem","position":2,"name":"Products","item":"https:\/\/www.wjwsy.com\/design-editor__trashed\/"},{"@type":"ListItem","position":3,"name":"MFi Certified Lightning Cable Manufacturer \u2013 iPhone Charging Cables for European Brands","item":"https:\/\/www.wjwsy.com\/category\/lightning-cable\/"},{"@type":"ListItem","position":4,"name":"90\u00b0 Right Angle USB A to Lightning Cable \u2013 Braided MFi Certified Fast Charging Cord for iPhone\/iPad Gaming OEM"}]},{"@type":"WebSite","@id":"https:\/\/www.wjwsy.com\/#website","url":"https:\/\/www.wjwsy.com\/","name":"wjwsy.com","description":"Delivering High-Quality, Reliable USB Cables for Every Industry","publisher":{"@id":"https:\/\/www.wjwsy.com\/#organization"},"potentialAction":[{"@type":"SearchAction","target":{"@type":"EntryPoint","urlTemplate":"https:\/\/www.wjwsy.com\/?s={search_term_string}"},"query-input":{"@type":"PropertyValueSpecification","valueRequired":true,"valueName":"search_term_string"}}],"inLanguage":"es"},{"@type":"Organization","@id":"https:\/\/www.wjwsy.com\/#organization","name":"wjwsy.com","url":"https:\/\/www.wjwsy.com\/","logo":{"@type":"ImageObject","inLanguage":"es","@id":"https:\/\/www.wjwsy.com\/#\/schema\/logo\/image\/","url":"","contentUrl":"","caption":"wjwsy.com"},"image":{"@id":"https:\/\/www.wjwsy.com\/#\/schema\/logo\/image\/"}}]}},"_links":{"self":[{"href":"https:\/\/www.wjwsy.com\/es\/wp-json\/wp\/v2\/product\/3239","targetHints":{"allow":["GET"]}}],"collection":[{"href":"https:\/\/www.wjwsy.com\/es\/wp-json\/wp\/v2\/product"}],"about":[{"href":"https:\/\/www.wjwsy.com\/es\/wp-json\/wp\/v2\/types\/product"}],"wp:featuredmedia":[{"embeddable":true,"href":"https:\/\/www.wjwsy.com\/es\/wp-json\/wp\/v2\/media\/8979"}],"wp:attachment":[{"href":"https:\/\/www.wjwsy.com\/es\/wp-json\/wp\/v2\/media?parent=3239"}],"wp:term":[{"taxonomy":"product_brand","embeddable":true,"href":"https:\/\/www.wjwsy.com\/es\/wp-json\/wp\/v2\/product_brand?post=3239"},{"taxonomy":"product_cat","embeddable":true,"href":"https:\/\/www.wjwsy.com\/es\/wp-json\/wp\/v2\/product_cat?post=3239"},{"taxonomy":"product_tag","embeddable":true,"href":"https:\/\/www.wjwsy.com\/es\/wp-json\/wp\/v2\/product_tag?post=3239"}],"curies":[{"name":"wp","href":"https:\/\/api.w.org\/{rel}","templated":true}]}}