{"id":3224,"date":"2024-12-30T08:05:41","date_gmt":"2024-12-30T08:05:41","guid":{"rendered":"https:\/\/www.wjwsy.com\/?post_type=product&#038;p=3224"},"modified":"2026-03-13T02:12:45","modified_gmt":"2026-03-13T02:12:45","slug":"magnetic-pd-100w-usb-c-to-lightning-cable-magnetic-fast-charging-cord-usb-3-0-data-oem","status":"publish","type":"product","link":"https:\/\/www.wjwsy.com\/es\/producto\/magnetic-pd-100w-usb-c-to-lightning-cable-magnetic-fast-charging-cord-usb-3-0-data-oem\/","title":{"rendered":"Magn\u00e9tico PD 100W USB a Lightning Cable Magn\u00e9tico de Carga R\u00e1pida Cable de Datos USB 3.0) OEM"},"content":{"rendered":"<div class=\"column mcb-column mcb-item-uacns2ks4 four-fifth laptop-four-fifth tablet-four-fifth mobile-one column_heading\">\n<div class=\"mcb-column-inner mfn-module-wrapper mcb-column-inner-uacns2ks4 mcb-item-heading-inner\">\n<div class=\"column mcb-column mcb-item-uacns2ks4 four-fifth laptop-four-fifth tablet-four-fifth mobile-one column_heading\">\n<div class=\"mcb-column-inner mfn-module-wrapper mcb-column-inner-uacns2ks4 mcb-item-heading-inner\">\n<h2 class=\"title\">Descripci\u00f3n<\/h2>\n<\/div>\n<\/div>\n<div class=\"column mcb-column mcb-item-mowthmv1 one laptop-one tablet-one mobile-one column_list_2\">\n<div class=\"mcb-column-inner mfn-module-wrapper mcb-column-inner-mowthmv1 mcb-item-list_2-inner\">\n<p><i class=\"icon-dot\" aria-hidden=\"true\"><\/i><span class=\"mfn-list-desc\">Interfaz de entrada: USB C<\/span><\/p>\n<p><i class=\"icon-dot\" aria-hidden=\"true\"><\/i><span class=\"mfn-list-desc\">Interfaz de salida: Rayo<\/span><\/p>\n<p><i class=\"icon-dot\" aria-hidden=\"true\"><\/i><span class=\"mfn-list-desc\">Aplicaci\u00f3n:los dispositivos IOS<\/span><\/p>\n<p><i class=\"icon-dot\" aria-hidden=\"true\"><\/i><span class=\"mfn-list-desc\">USB est\u00e1ndar: USB 3.0<\/span><\/p>\n<p><i class=\"icon-dot\" aria-hidden=\"true\"><\/i><span class=\"mfn-list-desc\">Funci\u00f3n: Carga + transmisi\u00f3n de Datos<\/span><\/p>\n<p><i class=\"icon-dot\" aria-hidden=\"true\"><\/i><span class=\"mfn-list-desc\">Voltaje de funcionamiento: 5V4.0A(Max)<\/span><\/p>\n<p><i class=\"icon-dot\" aria-hidden=\"true\"><\/i><span class=\"mfn-list-desc\">Transmisi\u00f3n de datos: 5Gbps<\/span><\/p>\n<p><i class=\"icon-dot\" aria-hidden=\"true\"><\/i><span class=\"mfn-list-desc\">Longitud: 1M\/1.5 M\/2.0 M<\/span><\/p>\n<p><i class=\"icon-dot\" aria-hidden=\"true\"><\/i><span class=\"mfn-list-desc\">Color: Negro\/Blanco\/Azul<\/span><\/p>\n<p><i class=\"icon-dot\" aria-hidden=\"true\"><\/i><span class=\"mfn-list-desc\">Material de la vaina: PVC+nylon trenzado+de la aleaci\u00f3n de aluminio<\/span><\/p>\n<p><i class=\"icon-dot\" aria-hidden=\"true\"><\/i><span class=\"mfn-list-desc\">Capa de blindaje: papel de Aluminio<\/span><\/p>\n<p><i class=\"icon-dot\" aria-hidden=\"true\"><\/i><span class=\"mfn-list-desc\">Inspecci\u00f3n: inspecci\u00f3n de control de calidad al 100 % antes del env\u00edo.<\/span><\/p>\n<\/div>\n<\/div>\n<\/div>\n<\/div>","protected":false},"excerpt":{"rendered":"<div class=\"trade-terms\">\n<div class=\"trade-terms\">\n<p><strong>T\u00e9rminos De Comercio<\/strong>: FOB Shenzhen<\/p>\n<p><strong>OEM\/ODM:<\/strong>\u00a0 \u00a0 \u00a0 \u00a0 \u00a0 \u00a0 \u00a0 \u00a0 \u00a0 \u00a0 \u00a0 \u00a0 \u00a0 \u00a0 \u00a0 \u00a0 \u00a0 S\u00ed<\/p>\n<p><strong>Producci\u00f3n:<\/strong>\u00a0 \u00a0 \u00a0 \u00a0 \u00a0 \u00a0 \u00a0 \u00a0 \u00a0 \u00a0 \u00a0 \u00a0 \u00a0 \u00a0 \u00a0 \u00a0 \u00a0600,000 UNIDADES\/Mes<\/p>\n<p><strong>Tiempo De La Muestra:<\/strong>\u00a0 \u00a0 \u00a0 \u00a0 \u00a0 \u00a0 \u00a0 \u00a0 \u00a0 \u00a0 \u00a0 \u00a0 \u00a0 \u00a0 \u00a05-10 D\u00edas H\u00e1biles<\/p>\n<p><strong>Pedido M\u00ednimo:<\/strong>\u00a0 \u00a0 \u00a0 \u00a0 \u00a0 \u00a0 \u00a0 \u00a0 \u00a0 \u00a0 \u00a0 \u00a0 100 Piezas<\/p>\n<p><strong>Forma de pago:<\/strong>\u00a0 \u00a0 \u00a0 \u00a0 \u00a0 \u00a0 \u00a0 \u00a0 \u00a0 \u00a0 \u00a0 \u00a0 \u00a0 \u00a0 \u00a0 \u00a0 \u00a0 \u00a0 \u00a0Transferencia bancaria, PayPal<\/p>\n<p><strong>Origen:<\/strong>\u00a0 \u00a0 \u00a0 \u00a0 \u00a0 \u00a0 \u00a0 \u00a0 \u00a0 \u00a0 \u00a0 \u00a0 \u00a0 \u00a0 \u00a0 \u00a0 \u00a0 \u00a0 \u00a0 \u00a0 \u00a0 \u00a0Shenzhen, China<\/p>\n<p><strong>Modelo<\/strong>\u00a0 \u00a0 \u00a0 \u00a0 \u00a0 \u00a0 \u00a0 \u00a0 \u00a0 \u00a0 \u00a0 \u00a0 \u00a0 \u00a0 \u00a0 \u00a0 \u00a0 \u00a0 \u00a0 \u00a0 \u00a0\u00a0 J-C1011<\/p>\n<\/div>\n<\/div>","protected":false},"featured_media":8816,"template":"","meta":{"_eb_attr":""},"product_brand":[],"product_cat":[724,723,668],"product_tag":[],"class_list":{"0":"post-3224","1":"product","2":"type-product","3":"status-publish","4":"has-post-thumbnail","6":"product_cat-lightning-cable","7":"product_cat-usb-c-to-lightning-cable","8":"product_cat-usb-type-c-cable","10":"first","11":"instock","12":"shipping-taxable","13":"product-type-simple"},"yoast_head":"<!-- This site is optimized with the Yoast SEO Premium plugin v23.7 (Yoast SEO v23.7) - https:\/\/yoast.com\/wordpress\/plugins\/seo\/ -->\n<title>Magnetic PD 100W USB C to Lightning Cable \u2013 Magnetic Fast Charging Cord (USB 3.0 Data) OEM - Professional USB cable manufacturer<\/title>\n<meta name=\"description\" content=\"Wholesale RC-305B16 USB Cable with durable design, fast charging, and stable data transfer. Perfect for bulk orders and OEM customization.\" \/>\n<meta name=\"robots\" content=\"index, follow, max-snippet:-1, max-image-preview:large, max-video-preview:-1\" \/>\n<link rel=\"canonical\" href=\"https:\/\/www.wjwsy.com\/es\/producto\/magnetic-pd-100w-usb-c-to-lightning-cable-magnetic-fast-charging-cord-usb-3-0-data-oem\/\" \/>\n<meta property=\"og:locale\" content=\"es_ES\" \/>\n<meta property=\"og:type\" content=\"article\" \/>\n<meta property=\"og:title\" content=\"Magnetic PD 100W USB C to Lightning Cable \u2013 Magnetic Fast Charging Cord (USB 3.0 Data) OEM\" \/>\n<meta property=\"og:description\" content=\"Wholesale RC-305B16 USB Cable with durable design, fast charging, and stable data transfer. Perfect for bulk orders and OEM customization.\" \/>\n<meta property=\"og:url\" content=\"https:\/\/www.wjwsy.com\/es\/producto\/magnetic-pd-100w-usb-c-to-lightning-cable-magnetic-fast-charging-cord-usb-3-0-data-oem\/\" \/>\n<meta property=\"og:site_name\" content=\"Professional USB cable manufacturer\" \/>\n<meta property=\"article:modified_time\" content=\"2026-03-13T02:12:45+00:00\" \/>\n<meta property=\"og:image\" content=\"https:\/\/www.wjwsy.com\/wp-content\/uploads\/2024\/12\/J-C1011-1.jpg\" \/>\n\t<meta property=\"og:image:width\" content=\"750\" \/>\n\t<meta property=\"og:image:height\" content=\"600\" \/>\n\t<meta property=\"og:image:type\" content=\"image\/jpeg\" \/>\n<meta name=\"twitter:card\" content=\"summary_large_image\" \/>\n<meta name=\"twitter:label1\" content=\"Tiempo de lectura\" \/>\n\t<meta name=\"twitter:data1\" content=\"1 minuto\" \/>\n<script type=\"application\/ld+json\" class=\"yoast-schema-graph\">{\"@context\":\"https:\/\/schema.org\",\"@graph\":[{\"@type\":\"WebPage\",\"@id\":\"https:\/\/www.wjwsy.com\/product\/magnetic-pd-100w-usb-c-to-lightning-cable-magnetic-fast-charging-cord-usb-3-0-data-oem\/\",\"url\":\"https:\/\/www.wjwsy.com\/product\/magnetic-pd-100w-usb-c-to-lightning-cable-magnetic-fast-charging-cord-usb-3-0-data-oem\/\",\"name\":\"Magnetic PD 100W USB C to Lightning Cable \u2013 Magnetic Fast Charging Cord (USB 3.0 Data) OEM - Professional USB cable manufacturer\",\"isPartOf\":{\"@id\":\"https:\/\/www.wjwsy.com\/#website\"},\"primaryImageOfPage\":{\"@id\":\"https:\/\/www.wjwsy.com\/product\/magnetic-pd-100w-usb-c-to-lightning-cable-magnetic-fast-charging-cord-usb-3-0-data-oem\/#primaryimage\"},\"image\":{\"@id\":\"https:\/\/www.wjwsy.com\/product\/magnetic-pd-100w-usb-c-to-lightning-cable-magnetic-fast-charging-cord-usb-3-0-data-oem\/#primaryimage\"},\"thumbnailUrl\":\"https:\/\/www.wjwsy.com\/wp-content\/uploads\/2024\/12\/J-C1011-1.jpg\",\"datePublished\":\"2024-12-30T08:05:41+00:00\",\"dateModified\":\"2026-03-13T02:12:45+00:00\",\"description\":\"Wholesale RC-305B16 USB Cable with durable design, fast charging, and stable data transfer. Perfect for bulk orders and OEM customization.\",\"breadcrumb\":{\"@id\":\"https:\/\/www.wjwsy.com\/product\/magnetic-pd-100w-usb-c-to-lightning-cable-magnetic-fast-charging-cord-usb-3-0-data-oem\/#breadcrumb\"},\"inLanguage\":\"es\",\"potentialAction\":[{\"@type\":\"ReadAction\",\"target\":[\"https:\/\/www.wjwsy.com\/product\/magnetic-pd-100w-usb-c-to-lightning-cable-magnetic-fast-charging-cord-usb-3-0-data-oem\/\"]}]},{\"@type\":\"ImageObject\",\"inLanguage\":\"es\",\"@id\":\"https:\/\/www.wjwsy.com\/product\/magnetic-pd-100w-usb-c-to-lightning-cable-magnetic-fast-charging-cord-usb-3-0-data-oem\/#primaryimage\",\"url\":\"https:\/\/www.wjwsy.com\/wp-content\/uploads\/2024\/12\/J-C1011-1.jpg\",\"contentUrl\":\"https:\/\/www.wjwsy.com\/wp-content\/uploads\/2024\/12\/J-C1011-1.jpg\",\"width\":750,\"height\":600},{\"@type\":\"BreadcrumbList\",\"@id\":\"https:\/\/www.wjwsy.com\/product\/magnetic-pd-100w-usb-c-to-lightning-cable-magnetic-fast-charging-cord-usb-3-0-data-oem\/#breadcrumb\",\"itemListElement\":[{\"@type\":\"ListItem\",\"position\":1,\"name\":\"\u9996\u9875\",\"item\":\"https:\/\/www.wjwsy.com\/\"},{\"@type\":\"ListItem\",\"position\":2,\"name\":\"Products\",\"item\":\"https:\/\/www.wjwsy.com\/design-editor__trashed\/\"},{\"@type\":\"ListItem\",\"position\":3,\"name\":\"USB Type C Cable Wholesale \u2013 Fast Charging &amp; Data Transfer Cables for European Brands\",\"item\":\"https:\/\/www.wjwsy.com\/category\/usb-type-c-cable\/\"},{\"@type\":\"ListItem\",\"position\":4,\"name\":\"Magnetic PD 100W USB C to Lightning Cable \u2013 Magnetic Fast Charging Cord (USB 3.0 Data) OEM\"}]},{\"@type\":\"WebSite\",\"@id\":\"https:\/\/www.wjwsy.com\/#website\",\"url\":\"https:\/\/www.wjwsy.com\/\",\"name\":\"wjwsy.com\",\"description\":\"Delivering High-Quality, Reliable USB Cables for Every Industry\",\"publisher\":{\"@id\":\"https:\/\/www.wjwsy.com\/#organization\"},\"potentialAction\":[{\"@type\":\"SearchAction\",\"target\":{\"@type\":\"EntryPoint\",\"urlTemplate\":\"https:\/\/www.wjwsy.com\/?s={search_term_string}\"},\"query-input\":{\"@type\":\"PropertyValueSpecification\",\"valueRequired\":true,\"valueName\":\"search_term_string\"}}],\"inLanguage\":\"es\"},{\"@type\":\"Organization\",\"@id\":\"https:\/\/www.wjwsy.com\/#organization\",\"name\":\"wjwsy.com\",\"url\":\"https:\/\/www.wjwsy.com\/\",\"logo\":{\"@type\":\"ImageObject\",\"inLanguage\":\"es\",\"@id\":\"https:\/\/www.wjwsy.com\/#\/schema\/logo\/image\/\",\"url\":\"\",\"contentUrl\":\"\",\"caption\":\"wjwsy.com\"},\"image\":{\"@id\":\"https:\/\/www.wjwsy.com\/#\/schema\/logo\/image\/\"}}]}<\/script>\n<!-- \/ Yoast SEO Premium plugin. -->","yoast_head_json":{"title":"Magnetic PD 100W USB C to Lightning Cable \u2013 Magnetic Fast Charging Cord (USB 3.0 Data) OEM - Professional USB cable manufacturer","description":"Wholesale RC-305B16 USB Cable with durable design, fast charging, and stable data transfer. Perfect for bulk orders and OEM customization.","robots":{"index":"index","follow":"follow","max-snippet":"max-snippet:-1","max-image-preview":"max-image-preview:large","max-video-preview":"max-video-preview:-1"},"canonical":"https:\/\/www.wjwsy.com\/es\/producto\/magnetic-pd-100w-usb-c-to-lightning-cable-magnetic-fast-charging-cord-usb-3-0-data-oem\/","og_locale":"es_ES","og_type":"article","og_title":"Magnetic PD 100W USB C to Lightning Cable \u2013 Magnetic Fast Charging Cord (USB 3.0 Data) OEM","og_description":"Wholesale RC-305B16 USB Cable with durable design, fast charging, and stable data transfer. Perfect for bulk orders and OEM customization.","og_url":"https:\/\/www.wjwsy.com\/es\/producto\/magnetic-pd-100w-usb-c-to-lightning-cable-magnetic-fast-charging-cord-usb-3-0-data-oem\/","og_site_name":"Professional USB cable manufacturer","article_modified_time":"2026-03-13T02:12:45+00:00","og_image":[{"width":750,"height":600,"url":"https:\/\/www.wjwsy.com\/wp-content\/uploads\/2024\/12\/J-C1011-1.jpg","type":"image\/jpeg"}],"twitter_card":"summary_large_image","twitter_misc":{"Tiempo de lectura":"1 minuto"},"schema":{"@context":"https:\/\/schema.org","@graph":[{"@type":"WebPage","@id":"https:\/\/www.wjwsy.com\/product\/magnetic-pd-100w-usb-c-to-lightning-cable-magnetic-fast-charging-cord-usb-3-0-data-oem\/","url":"https:\/\/www.wjwsy.com\/product\/magnetic-pd-100w-usb-c-to-lightning-cable-magnetic-fast-charging-cord-usb-3-0-data-oem\/","name":"Magnetic PD 100W USB C to Lightning Cable \u2013 Magnetic Fast Charging Cord (USB 3.0 Data) OEM - Professional USB cable manufacturer","isPartOf":{"@id":"https:\/\/www.wjwsy.com\/#website"},"primaryImageOfPage":{"@id":"https:\/\/www.wjwsy.com\/product\/magnetic-pd-100w-usb-c-to-lightning-cable-magnetic-fast-charging-cord-usb-3-0-data-oem\/#primaryimage"},"image":{"@id":"https:\/\/www.wjwsy.com\/product\/magnetic-pd-100w-usb-c-to-lightning-cable-magnetic-fast-charging-cord-usb-3-0-data-oem\/#primaryimage"},"thumbnailUrl":"https:\/\/www.wjwsy.com\/wp-content\/uploads\/2024\/12\/J-C1011-1.jpg","datePublished":"2024-12-30T08:05:41+00:00","dateModified":"2026-03-13T02:12:45+00:00","description":"Wholesale RC-305B16 USB Cable with durable design, fast charging, and stable data transfer. Perfect for bulk orders and OEM customization.","breadcrumb":{"@id":"https:\/\/www.wjwsy.com\/product\/magnetic-pd-100w-usb-c-to-lightning-cable-magnetic-fast-charging-cord-usb-3-0-data-oem\/#breadcrumb"},"inLanguage":"es","potentialAction":[{"@type":"ReadAction","target":["https:\/\/www.wjwsy.com\/product\/magnetic-pd-100w-usb-c-to-lightning-cable-magnetic-fast-charging-cord-usb-3-0-data-oem\/"]}]},{"@type":"ImageObject","inLanguage":"es","@id":"https:\/\/www.wjwsy.com\/product\/magnetic-pd-100w-usb-c-to-lightning-cable-magnetic-fast-charging-cord-usb-3-0-data-oem\/#primaryimage","url":"https:\/\/www.wjwsy.com\/wp-content\/uploads\/2024\/12\/J-C1011-1.jpg","contentUrl":"https:\/\/www.wjwsy.com\/wp-content\/uploads\/2024\/12\/J-C1011-1.jpg","width":750,"height":600},{"@type":"BreadcrumbList","@id":"https:\/\/www.wjwsy.com\/product\/magnetic-pd-100w-usb-c-to-lightning-cable-magnetic-fast-charging-cord-usb-3-0-data-oem\/#breadcrumb","itemListElement":[{"@type":"ListItem","position":1,"name":"\u9996\u9875","item":"https:\/\/www.wjwsy.com\/"},{"@type":"ListItem","position":2,"name":"Products","item":"https:\/\/www.wjwsy.com\/design-editor__trashed\/"},{"@type":"ListItem","position":3,"name":"USB Type C Cable Wholesale \u2013 Fast Charging &amp; Data Transfer Cables for European Brands","item":"https:\/\/www.wjwsy.com\/category\/usb-type-c-cable\/"},{"@type":"ListItem","position":4,"name":"Magnetic PD 100W USB C to Lightning Cable \u2013 Magnetic Fast Charging Cord (USB 3.0 Data) OEM"}]},{"@type":"WebSite","@id":"https:\/\/www.wjwsy.com\/#website","url":"https:\/\/www.wjwsy.com\/","name":"wjwsy.com","description":"Delivering High-Quality, Reliable USB Cables for Every Industry","publisher":{"@id":"https:\/\/www.wjwsy.com\/#organization"},"potentialAction":[{"@type":"SearchAction","target":{"@type":"EntryPoint","urlTemplate":"https:\/\/www.wjwsy.com\/?s={search_term_string}"},"query-input":{"@type":"PropertyValueSpecification","valueRequired":true,"valueName":"search_term_string"}}],"inLanguage":"es"},{"@type":"Organization","@id":"https:\/\/www.wjwsy.com\/#organization","name":"wjwsy.com","url":"https:\/\/www.wjwsy.com\/","logo":{"@type":"ImageObject","inLanguage":"es","@id":"https:\/\/www.wjwsy.com\/#\/schema\/logo\/image\/","url":"","contentUrl":"","caption":"wjwsy.com"},"image":{"@id":"https:\/\/www.wjwsy.com\/#\/schema\/logo\/image\/"}}]}},"_links":{"self":[{"href":"https:\/\/www.wjwsy.com\/es\/wp-json\/wp\/v2\/product\/3224","targetHints":{"allow":["GET"]}}],"collection":[{"href":"https:\/\/www.wjwsy.com\/es\/wp-json\/wp\/v2\/product"}],"about":[{"href":"https:\/\/www.wjwsy.com\/es\/wp-json\/wp\/v2\/types\/product"}],"wp:featuredmedia":[{"embeddable":true,"href":"https:\/\/www.wjwsy.com\/es\/wp-json\/wp\/v2\/media\/8816"}],"wp:attachment":[{"href":"https:\/\/www.wjwsy.com\/es\/wp-json\/wp\/v2\/media?parent=3224"}],"wp:term":[{"taxonomy":"product_brand","embeddable":true,"href":"https:\/\/www.wjwsy.com\/es\/wp-json\/wp\/v2\/product_brand?post=3224"},{"taxonomy":"product_cat","embeddable":true,"href":"https:\/\/www.wjwsy.com\/es\/wp-json\/wp\/v2\/product_cat?post=3224"},{"taxonomy":"product_tag","embeddable":true,"href":"https:\/\/www.wjwsy.com\/es\/wp-json\/wp\/v2\/product_tag?post=3224"}],"curies":[{"name":"wp","href":"https:\/\/api.w.org\/{rel}","templated":true}]}}