{"id":3182,"date":"2024-12-24T06:08:20","date_gmt":"2024-12-24T06:08:20","guid":{"rendered":"https:\/\/www.wjwsy.com\/?post_type=product&#038;p=3182"},"modified":"2026-03-27T10:01:39","modified_gmt":"2026-03-27T10:01:39","slug":"240w-usb-c-charging-cable-soft-silicone-fast-charge-cord-for-macbook-ipad-usb-3-0-data-sync-wholesale","status":"publish","type":"product","link":"https:\/\/www.wjwsy.com\/es\/producto\/240w-usb-c-charging-cable-soft-silicone-fast-charge-cord-for-macbook-ipad-usb-3-0-data-sync-wholesale\/","title":{"rendered":"240W USB Cable de Carga de Suave Silicona de Carga R\u00e1pida de la M\u00e9dula para MacBook\/iPad (USB 3.0 de Sincronizaci\u00f3n de Datos) Mayorista"},"content":{"rendered":"<div class=\"column mcb-column mcb-item-ai2p9973 four-fifth laptop-four-fifth tablet-four-fifth mobile-one column_heading\">\n<div class=\"mcb-column-inner mfn-module-wrapper mcb-column-inner-ai2p9973 mcb-item-heading-inner\">\n<h2 class=\"title\">Detalles T\u00e9cnicos:<\/h2>\n<\/div>\n<\/div>\n<div class=\"column mcb-column mcb-item-fk3zqur4 one laptop-one tablet-one mobile-one column_list_2\">\n<div class=\"mcb-column-inner mfn-module-wrapper mcb-column-inner-fk3zqur4 mcb-item-list_2-inner\">\n<p><i class=\"icon-dot\" aria-hidden=\"true\"><\/i><span class=\"mfn-list-desc\">Interfaz de entrada: USB C<\/span><\/p>\n<p><i class=\"icon-dot\" aria-hidden=\"true\"><\/i><span class=\"mfn-list-desc\">Interfaz de salida: USB C o Rayo<\/span><\/p>\n<p><i class=\"icon-dot\" aria-hidden=\"true\"><\/i><span class=\"mfn-list-desc\">Aplicaci\u00f3n:Tipo-C\/IOS dispositivo de interfaz<\/span><\/p>\n<p><i class=\"icon-dot\" aria-hidden=\"true\"><\/i><span class=\"mfn-list-desc\">USB est\u00e1ndar: USB 3.0<\/span><\/p>\n<p><i class=\"icon-dot\" aria-hidden=\"true\"><\/i><span class=\"mfn-list-desc\">Funci\u00f3n: Carga + transmisi\u00f3n de Datos<\/span><\/p>\n<p><i class=\"icon-dot\" aria-hidden=\"true\"><\/i><span class=\"mfn-list-desc\">Voltaje de funcionamiento: 5V-48V(CtoC 240W) 5V-12V(CtoL 30W)<\/span><\/p>\n<p><i class=\"icon-dot\" aria-hidden=\"true\"><\/i><span class=\"mfn-list-desc\">Los datos de transmisi\u00f3n: \u2264480Mbps<\/span><\/p>\n<p><i class=\"icon-dot\" aria-hidden=\"true\"><\/i><span class=\"mfn-list-desc\">Longitud: 150CM<\/span><\/p>\n<p><i class=\"icon-dot\" aria-hidden=\"true\"><\/i><span class=\"mfn-list-desc\">Color: amarillo<\/span><\/p>\n<p><i class=\"icon-dot\" aria-hidden=\"true\"><\/i><span class=\"mfn-list-desc\">Vaina de material: aleaci\u00f3n de Zinc+Silicona+TPE<\/span><\/p>\n<p><i class=\"icon-dot\" aria-hidden=\"true\"><\/i><span class=\"mfn-list-desc\">Capa de blindaje: papel de Aluminio<\/span><i class=\"icon-dot\" aria-hidden=\"true\"><\/i><\/p>\n<p><i class=\"icon-dot\" aria-hidden=\"true\"><\/i><span class=\"mfn-list-desc\">Inspecci\u00f3n: inspecci\u00f3n de control de calidad al 100 % antes del env\u00edo.<\/span><\/p>\n<\/div>\n<\/div>","protected":false},"excerpt":{"rendered":"<div class=\"trade-terms\">\n<p><strong>T\u00e9rminos De Comercio<\/strong>: FOB Shenzhen<\/p>\n<p><strong>OEM\/ODM:<\/strong>\u00a0 \u00a0 \u00a0 \u00a0 \u00a0 \u00a0 \u00a0 \u00a0 \u00a0 \u00a0 \u00a0 \u00a0 \u00a0 \u00a0 \u00a0 \u00a0S\u00ed<\/p>\n<p><strong>Producci\u00f3n:<\/strong>\u00a0 \u00a0 \u00a0 \u00a0 \u00a0 \u00a0 \u00a0 \u00a0 \u00a0 \u00a0 \u00a0 \u00a0 \u00a0 \u00a0 \u00a0600,000 UNIDADES\/Mes<\/p>\n<p><strong>Tiempo De La Muestra:<\/strong>\u00a0 \u00a0 \u00a0 \u00a0 \u00a0 \u00a0 \u00a0 \u00a0 \u00a0 \u00a0 \u00a0 \u00a0 \u00a05-10 D\u00edas H\u00e1biles<\/p>\n<p><strong>Pedido M\u00ednimo:<\/strong>\u00a0 \u00a0 \u00a0 \u00a0 \u00a0 \u00a0 \u00a0 \u00a0 \u00a0 \u00a0 \u00a050 Piezas<\/p>\n<p><strong>Forma de pago:<\/strong>\u00a0 \u00a0 \u00a0 \u00a0 \u00a0 \u00a0 \u00a0 \u00a0 \u00a0 \u00a0 \u00a0 \u00a0 \u00a0 \u00a0 \u00a0 \u00a0 \u00a0 Transferencia bancaria, PayPal<\/p>\n<p><strong>Origen:<\/strong>\u00a0 \u00a0 \u00a0 \u00a0 \u00a0 \u00a0 \u00a0 \u00a0 \u00a0 \u00a0 \u00a0 \u00a0 \u00a0 \u00a0 \u00a0 \u00a0 \u00a0 \u00a0 \u00a0 \u00a0 Shenzhen, China<\/p>\n<p><strong>Modelo<\/strong>\u00a0 \u00a0 \u00a0 \u00a0 \u00a0 \u00a0 \u00a0 \u00a0 \u00a0 \u00a0 \u00a0 \u00a0 \u00a0 \u00a0 \u00a0 \u00a0 \u00a0 \u00a0 \u00a0 \u00a0 J-C1008<\/p>\n<\/div>","protected":false},"featured_media":8802,"template":"","meta":{"_eb_attr":""},"product_brand":[],"product_cat":[668],"product_tag":[],"class_list":{"0":"post-3182","1":"product","2":"type-product","3":"status-publish","4":"has-post-thumbnail","6":"product_cat-usb-type-c-cable","8":"first","9":"instock","10":"shipping-taxable","11":"product-type-simple"},"yoast_head":"<!-- This site is optimized with the Yoast SEO Premium plugin v23.7 (Yoast SEO v23.7) - https:\/\/yoast.com\/wordpress\/plugins\/seo\/ -->\n<title>240W USB C Charging Cable \u2013 Soft Silicone Fast Charge Cord for MacBook\/iPad (USB 3.0 Data Sync) Wholesale - Professional USB cable manufacturer<\/title>\n<meta name=\"description\" content=\"Durable Liquid Silicone 240W USB-C Cable with 5A PD charging and flexible soft-touch design. Perfect for laptops, hubs, and wholesale supply.\" \/>\n<meta name=\"robots\" content=\"index, follow, max-snippet:-1, max-image-preview:large, max-video-preview:-1\" \/>\n<link rel=\"canonical\" href=\"https:\/\/www.wjwsy.com\/es\/producto\/240w-usb-c-charging-cable-soft-silicone-fast-charge-cord-for-macbook-ipad-usb-3-0-data-sync-wholesale\/\" \/>\n<meta property=\"og:locale\" content=\"es_ES\" \/>\n<meta property=\"og:type\" content=\"article\" \/>\n<meta property=\"og:title\" content=\"240W USB C Charging Cable \u2013 Soft Silicone Fast Charge Cord for MacBook\/iPad (USB 3.0 Data Sync) Wholesale\" \/>\n<meta property=\"og:description\" content=\"Durable Liquid Silicone 240W USB-C Cable with 5A PD charging and flexible soft-touch design. Perfect for laptops, hubs, and wholesale supply.\" \/>\n<meta property=\"og:url\" content=\"https:\/\/www.wjwsy.com\/es\/producto\/240w-usb-c-charging-cable-soft-silicone-fast-charge-cord-for-macbook-ipad-usb-3-0-data-sync-wholesale\/\" \/>\n<meta property=\"og:site_name\" content=\"Professional USB cable manufacturer\" \/>\n<meta property=\"article:modified_time\" content=\"2026-03-27T10:01:39+00:00\" \/>\n<meta property=\"og:image\" content=\"https:\/\/www.wjwsy.com\/wp-content\/uploads\/2024\/12\/J-C1008-1.jpg\" \/>\n\t<meta property=\"og:image:width\" content=\"750\" \/>\n\t<meta property=\"og:image:height\" content=\"600\" \/>\n\t<meta property=\"og:image:type\" content=\"image\/jpeg\" \/>\n<meta name=\"twitter:card\" content=\"summary_large_image\" \/>\n<meta name=\"twitter:label1\" content=\"Tiempo de lectura\" \/>\n\t<meta name=\"twitter:data1\" content=\"1 minuto\" \/>\n<script type=\"application\/ld+json\" class=\"yoast-schema-graph\">{\"@context\":\"https:\/\/schema.org\",\"@graph\":[{\"@type\":\"WebPage\",\"@id\":\"https:\/\/www.wjwsy.com\/product\/240w-usb-c-charging-cable-soft-silicone-fast-charge-cord-for-macbook-ipad-usb-3-0-data-sync-wholesale\/\",\"url\":\"https:\/\/www.wjwsy.com\/product\/240w-usb-c-charging-cable-soft-silicone-fast-charge-cord-for-macbook-ipad-usb-3-0-data-sync-wholesale\/\",\"name\":\"240W USB C Charging Cable \u2013 Soft Silicone Fast Charge Cord for MacBook\/iPad (USB 3.0 Data Sync) Wholesale - Professional USB cable manufacturer\",\"isPartOf\":{\"@id\":\"https:\/\/www.wjwsy.com\/#website\"},\"primaryImageOfPage\":{\"@id\":\"https:\/\/www.wjwsy.com\/product\/240w-usb-c-charging-cable-soft-silicone-fast-charge-cord-for-macbook-ipad-usb-3-0-data-sync-wholesale\/#primaryimage\"},\"image\":{\"@id\":\"https:\/\/www.wjwsy.com\/product\/240w-usb-c-charging-cable-soft-silicone-fast-charge-cord-for-macbook-ipad-usb-3-0-data-sync-wholesale\/#primaryimage\"},\"thumbnailUrl\":\"https:\/\/www.wjwsy.com\/wp-content\/uploads\/2024\/12\/J-C1008-1.jpg\",\"datePublished\":\"2024-12-24T06:08:20+00:00\",\"dateModified\":\"2026-03-27T10:01:39+00:00\",\"description\":\"Durable Liquid Silicone 240W USB-C Cable with 5A PD charging and flexible soft-touch design. Perfect for laptops, hubs, and wholesale supply.\",\"breadcrumb\":{\"@id\":\"https:\/\/www.wjwsy.com\/product\/240w-usb-c-charging-cable-soft-silicone-fast-charge-cord-for-macbook-ipad-usb-3-0-data-sync-wholesale\/#breadcrumb\"},\"inLanguage\":\"es\",\"potentialAction\":[{\"@type\":\"ReadAction\",\"target\":[\"https:\/\/www.wjwsy.com\/product\/240w-usb-c-charging-cable-soft-silicone-fast-charge-cord-for-macbook-ipad-usb-3-0-data-sync-wholesale\/\"]}]},{\"@type\":\"ImageObject\",\"inLanguage\":\"es\",\"@id\":\"https:\/\/www.wjwsy.com\/product\/240w-usb-c-charging-cable-soft-silicone-fast-charge-cord-for-macbook-ipad-usb-3-0-data-sync-wholesale\/#primaryimage\",\"url\":\"https:\/\/www.wjwsy.com\/wp-content\/uploads\/2024\/12\/J-C1008-1.jpg\",\"contentUrl\":\"https:\/\/www.wjwsy.com\/wp-content\/uploads\/2024\/12\/J-C1008-1.jpg\",\"width\":750,\"height\":600},{\"@type\":\"BreadcrumbList\",\"@id\":\"https:\/\/www.wjwsy.com\/product\/240w-usb-c-charging-cable-soft-silicone-fast-charge-cord-for-macbook-ipad-usb-3-0-data-sync-wholesale\/#breadcrumb\",\"itemListElement\":[{\"@type\":\"ListItem\",\"position\":1,\"name\":\"\u9996\u9875\",\"item\":\"https:\/\/www.wjwsy.com\/\"},{\"@type\":\"ListItem\",\"position\":2,\"name\":\"Products\",\"item\":\"https:\/\/www.wjwsy.com\/design-editor__trashed\/\"},{\"@type\":\"ListItem\",\"position\":3,\"name\":\"USB Type C Cable Wholesale \u2013 Fast Charging &amp; Data Transfer Cables for European Brands\",\"item\":\"https:\/\/www.wjwsy.com\/category\/usb-type-c-cable\/\"},{\"@type\":\"ListItem\",\"position\":4,\"name\":\"240W USB C Charging Cable \u2013 Soft Silicone Fast Charge Cord for MacBook\/iPad (USB 3.0 Data Sync) Wholesale\"}]},{\"@type\":\"WebSite\",\"@id\":\"https:\/\/www.wjwsy.com\/#website\",\"url\":\"https:\/\/www.wjwsy.com\/\",\"name\":\"wjwsy.com\",\"description\":\"Delivering High-Quality, Reliable USB Cables for Every Industry\",\"publisher\":{\"@id\":\"https:\/\/www.wjwsy.com\/#organization\"},\"potentialAction\":[{\"@type\":\"SearchAction\",\"target\":{\"@type\":\"EntryPoint\",\"urlTemplate\":\"https:\/\/www.wjwsy.com\/?s={search_term_string}\"},\"query-input\":{\"@type\":\"PropertyValueSpecification\",\"valueRequired\":true,\"valueName\":\"search_term_string\"}}],\"inLanguage\":\"es\"},{\"@type\":\"Organization\",\"@id\":\"https:\/\/www.wjwsy.com\/#organization\",\"name\":\"wjwsy.com\",\"url\":\"https:\/\/www.wjwsy.com\/\",\"logo\":{\"@type\":\"ImageObject\",\"inLanguage\":\"es\",\"@id\":\"https:\/\/www.wjwsy.com\/#\/schema\/logo\/image\/\",\"url\":\"\",\"contentUrl\":\"\",\"caption\":\"wjwsy.com\"},\"image\":{\"@id\":\"https:\/\/www.wjwsy.com\/#\/schema\/logo\/image\/\"}}]}<\/script>\n<!-- \/ Yoast SEO Premium plugin. -->","yoast_head_json":{"title":"240W USB C Charging Cable \u2013 Soft Silicone Fast Charge Cord for MacBook\/iPad (USB 3.0 Data Sync) Wholesale - Professional USB cable manufacturer","description":"Durable Liquid Silicone 240W USB-C Cable with 5A PD charging and flexible soft-touch design. Perfect for laptops, hubs, and wholesale supply.","robots":{"index":"index","follow":"follow","max-snippet":"max-snippet:-1","max-image-preview":"max-image-preview:large","max-video-preview":"max-video-preview:-1"},"canonical":"https:\/\/www.wjwsy.com\/es\/producto\/240w-usb-c-charging-cable-soft-silicone-fast-charge-cord-for-macbook-ipad-usb-3-0-data-sync-wholesale\/","og_locale":"es_ES","og_type":"article","og_title":"240W USB C Charging Cable \u2013 Soft Silicone Fast Charge Cord for MacBook\/iPad (USB 3.0 Data Sync) Wholesale","og_description":"Durable Liquid Silicone 240W USB-C Cable with 5A PD charging and flexible soft-touch design. Perfect for laptops, hubs, and wholesale supply.","og_url":"https:\/\/www.wjwsy.com\/es\/producto\/240w-usb-c-charging-cable-soft-silicone-fast-charge-cord-for-macbook-ipad-usb-3-0-data-sync-wholesale\/","og_site_name":"Professional USB cable manufacturer","article_modified_time":"2026-03-27T10:01:39+00:00","og_image":[{"width":750,"height":600,"url":"https:\/\/www.wjwsy.com\/wp-content\/uploads\/2024\/12\/J-C1008-1.jpg","type":"image\/jpeg"}],"twitter_card":"summary_large_image","twitter_misc":{"Tiempo de lectura":"1 minuto"},"schema":{"@context":"https:\/\/schema.org","@graph":[{"@type":"WebPage","@id":"https:\/\/www.wjwsy.com\/product\/240w-usb-c-charging-cable-soft-silicone-fast-charge-cord-for-macbook-ipad-usb-3-0-data-sync-wholesale\/","url":"https:\/\/www.wjwsy.com\/product\/240w-usb-c-charging-cable-soft-silicone-fast-charge-cord-for-macbook-ipad-usb-3-0-data-sync-wholesale\/","name":"240W USB C Charging Cable \u2013 Soft Silicone Fast Charge Cord for MacBook\/iPad (USB 3.0 Data Sync) Wholesale - Professional USB cable manufacturer","isPartOf":{"@id":"https:\/\/www.wjwsy.com\/#website"},"primaryImageOfPage":{"@id":"https:\/\/www.wjwsy.com\/product\/240w-usb-c-charging-cable-soft-silicone-fast-charge-cord-for-macbook-ipad-usb-3-0-data-sync-wholesale\/#primaryimage"},"image":{"@id":"https:\/\/www.wjwsy.com\/product\/240w-usb-c-charging-cable-soft-silicone-fast-charge-cord-for-macbook-ipad-usb-3-0-data-sync-wholesale\/#primaryimage"},"thumbnailUrl":"https:\/\/www.wjwsy.com\/wp-content\/uploads\/2024\/12\/J-C1008-1.jpg","datePublished":"2024-12-24T06:08:20+00:00","dateModified":"2026-03-27T10:01:39+00:00","description":"Durable Liquid Silicone 240W USB-C Cable with 5A PD charging and flexible soft-touch design. Perfect for laptops, hubs, and wholesale supply.","breadcrumb":{"@id":"https:\/\/www.wjwsy.com\/product\/240w-usb-c-charging-cable-soft-silicone-fast-charge-cord-for-macbook-ipad-usb-3-0-data-sync-wholesale\/#breadcrumb"},"inLanguage":"es","potentialAction":[{"@type":"ReadAction","target":["https:\/\/www.wjwsy.com\/product\/240w-usb-c-charging-cable-soft-silicone-fast-charge-cord-for-macbook-ipad-usb-3-0-data-sync-wholesale\/"]}]},{"@type":"ImageObject","inLanguage":"es","@id":"https:\/\/www.wjwsy.com\/product\/240w-usb-c-charging-cable-soft-silicone-fast-charge-cord-for-macbook-ipad-usb-3-0-data-sync-wholesale\/#primaryimage","url":"https:\/\/www.wjwsy.com\/wp-content\/uploads\/2024\/12\/J-C1008-1.jpg","contentUrl":"https:\/\/www.wjwsy.com\/wp-content\/uploads\/2024\/12\/J-C1008-1.jpg","width":750,"height":600},{"@type":"BreadcrumbList","@id":"https:\/\/www.wjwsy.com\/product\/240w-usb-c-charging-cable-soft-silicone-fast-charge-cord-for-macbook-ipad-usb-3-0-data-sync-wholesale\/#breadcrumb","itemListElement":[{"@type":"ListItem","position":1,"name":"\u9996\u9875","item":"https:\/\/www.wjwsy.com\/"},{"@type":"ListItem","position":2,"name":"Products","item":"https:\/\/www.wjwsy.com\/design-editor__trashed\/"},{"@type":"ListItem","position":3,"name":"USB Type C Cable Wholesale \u2013 Fast Charging &amp; Data Transfer Cables for European Brands","item":"https:\/\/www.wjwsy.com\/category\/usb-type-c-cable\/"},{"@type":"ListItem","position":4,"name":"240W USB C Charging Cable \u2013 Soft Silicone Fast Charge Cord for MacBook\/iPad (USB 3.0 Data Sync) Wholesale"}]},{"@type":"WebSite","@id":"https:\/\/www.wjwsy.com\/#website","url":"https:\/\/www.wjwsy.com\/","name":"wjwsy.com","description":"Delivering High-Quality, Reliable USB Cables for Every Industry","publisher":{"@id":"https:\/\/www.wjwsy.com\/#organization"},"potentialAction":[{"@type":"SearchAction","target":{"@type":"EntryPoint","urlTemplate":"https:\/\/www.wjwsy.com\/?s={search_term_string}"},"query-input":{"@type":"PropertyValueSpecification","valueRequired":true,"valueName":"search_term_string"}}],"inLanguage":"es"},{"@type":"Organization","@id":"https:\/\/www.wjwsy.com\/#organization","name":"wjwsy.com","url":"https:\/\/www.wjwsy.com\/","logo":{"@type":"ImageObject","inLanguage":"es","@id":"https:\/\/www.wjwsy.com\/#\/schema\/logo\/image\/","url":"","contentUrl":"","caption":"wjwsy.com"},"image":{"@id":"https:\/\/www.wjwsy.com\/#\/schema\/logo\/image\/"}}]}},"_links":{"self":[{"href":"https:\/\/www.wjwsy.com\/es\/wp-json\/wp\/v2\/product\/3182","targetHints":{"allow":["GET"]}}],"collection":[{"href":"https:\/\/www.wjwsy.com\/es\/wp-json\/wp\/v2\/product"}],"about":[{"href":"https:\/\/www.wjwsy.com\/es\/wp-json\/wp\/v2\/types\/product"}],"wp:featuredmedia":[{"embeddable":true,"href":"https:\/\/www.wjwsy.com\/es\/wp-json\/wp\/v2\/media\/8802"}],"wp:attachment":[{"href":"https:\/\/www.wjwsy.com\/es\/wp-json\/wp\/v2\/media?parent=3182"}],"wp:term":[{"taxonomy":"product_brand","embeddable":true,"href":"https:\/\/www.wjwsy.com\/es\/wp-json\/wp\/v2\/product_brand?post=3182"},{"taxonomy":"product_cat","embeddable":true,"href":"https:\/\/www.wjwsy.com\/es\/wp-json\/wp\/v2\/product_cat?post=3182"},{"taxonomy":"product_tag","embeddable":true,"href":"https:\/\/www.wjwsy.com\/es\/wp-json\/wp\/v2\/product_tag?post=3182"}],"curies":[{"name":"wp","href":"https:\/\/api.w.org\/{rel}","templated":true}]}}