{"id":3138,"date":"2024-12-20T03:55:24","date_gmt":"2024-12-20T03:55:24","guid":{"rendered":"https:\/\/www.wjwsy.com\/?post_type=product&#038;p=3138"},"modified":"2026-03-13T02:17:43","modified_gmt":"2026-03-13T02:17:43","slug":"6a-60w-usb-c-fast-charging-cable-high-current-type-c-charge-cord-for-tablets-wholesale","status":"publish","type":"product","link":"https:\/\/www.wjwsy.com\/es\/producto\/6a-60w-usb-c-fast-charging-cable-high-current-type-c-charge-cord-for-tablets-wholesale\/","title":{"rendered":"6A 60W USB de Carga R\u00e1pida Cable de Alta intensidad de Tipo C, Cable para Cargar para Tabletas Mayorista"},"content":{"rendered":"<div class=\"column mcb-column mcb-item-blad5mr9p four-fifth laptop-four-fifth tablet-four-fifth mobile-one column_heading\">\n<div class=\"mcb-column-inner mfn-module-wrapper mcb-column-inner-blad5mr9p mcb-item-heading-inner\">\n<h3 class=\"title\">Detalles T\u00e9cnicos:<\/h3>\n<\/div>\n<\/div>\n<div class=\"column mcb-column mcb-item-yb2vnenrf one laptop-one tablet-one mobile-one column_list_2\">\n<div class=\"mcb-column-inner mfn-module-wrapper mcb-column-inner-yb2vnenrf mcb-item-list_2-inner\">\n<h5><span class=\"mfn-list-desc\">Interfaz de entrada: USB<\/span><\/h5>\n<h5><i class=\"icon-dot\" aria-hidden=\"true\"><\/i><span class=\"mfn-list-desc\">Interfaz de salida: USB C<\/span><\/h5>\n<h5><i class=\"icon-dot\" aria-hidden=\"true\"><\/i><span class=\"mfn-list-desc\">Aplicaci\u00f3n:los Dispositivos con el Tipo-C interfaz<\/span><\/h5>\n<h5><i class=\"icon-dot\" aria-hidden=\"true\"><\/i><span class=\"mfn-list-desc\">USB est\u00e1ndar: USB 2.0<\/span><\/h5>\n<h5><i class=\"icon-dot\" aria-hidden=\"true\"><\/i><span class=\"mfn-list-desc\">Funci\u00f3n: Carga + transmisi\u00f3n de Datos<\/span><\/h5>\n<h5><i class=\"icon-dot\" aria-hidden=\"true\"><\/i><span class=\"mfn-list-desc\">Tensi\u00f3n de carga: 5v<\/span><\/h5>\n<h5><i class=\"icon-dot\" aria-hidden=\"true\"><\/i><span class=\"mfn-list-desc\">Los datos de transmisi\u00f3n: \u2264480Mbps<\/span><\/h5>\n<h5><i class=\"icon-dot\" aria-hidden=\"true\"><\/i><span class=\"mfn-list-desc\">Longitud: 1M\/1.5 M\/2.0 M<\/span><\/h5>\n<h5><i class=\"icon-dot\" aria-hidden=\"true\"><\/i><span class=\"mfn-list-desc\">Color: Naranja\/Gris\/Morado\/Verde\/Azul<\/span><\/h5>\n<h5><i class=\"icon-dot\" aria-hidden=\"true\"><\/i><span class=\"mfn-list-desc\">Material de la vaina: PVC+nylon trenzado<\/span><\/h5>\n<h5><i class=\"icon-dot\" aria-hidden=\"true\"><\/i><span class=\"mfn-list-desc\">Capa de blindaje: papel de Aluminio<\/span><i class=\"icon-dot\" aria-hidden=\"true\"><\/i><\/h5>\n<h5><span class=\"mfn-list-desc\">Inspecci\u00f3n: inspecci\u00f3n de control de calidad al 100 % antes del env\u00edo.<\/span><\/h5>\n<\/div>\n<\/div>","protected":false},"excerpt":{"rendered":"<div class=\"trade-terms\">\n<h5><strong>T\u00e9rminos De Comercio<\/strong>:\u00a0 \u00a0 \u00a0 \u00a0 \u00a0 \u00a0 \u00a0 \u00a0 \u00a0 \u00a0 \u00a0 \u00a0 \u00a0 <span style=\"color: #666699;\">\u00a0<span style=\"color: #999999;\">FOB Shenzhen<\/span><\/span><\/h5>\n<h5><strong>OEM\/ODM:<\/strong>\u00a0 \u00a0 \u00a0 \u00a0 \u00a0 \u00a0 \u00a0 \u00a0 \u00a0 \u00a0 \u00a0 \u00a0 \u00a0 \u00a0 \u00a0 \u00a0 <span style=\"color: #999999;\">S\u00ed<\/span><\/h5>\n<h5><strong>Producci\u00f3n:<\/strong>\u00a0 \u00a0 \u00a0 \u00a0 \u00a0 \u00a0 \u00a0 \u00a0 \u00a0 \u00a0 \u00a0 \u00a0 \u00a0 \u00a0 \u00a0 <span style=\"color: #999999;\">600,000 UNIDADES\/Mes<\/span><\/h5>\n<h5><strong>Tiempo De La Muestra:<\/strong>\u00a0 \u00a0 \u00a0 \u00a0 \u00a0 \u00a0 \u00a0 \u00a0 \u00a0 \u00a0 \u00a0 \u00a0 \u00a0 <span style=\"color: #999999;\">5-10 D\u00edas H\u00e1biles<\/span><\/h5>\n<h5><strong>Pedido M\u00ednimo:<\/strong>\u00a0 \u00a0 \u00a0 \u00a0 \u00a0 \u00a0 \u00a0 \u00a0 \u00a0 \u00a0 \u00a0<span style=\"color: #999999;\">1000 Piezas<\/span><\/h5>\n<h5><strong>Forma de pago:<\/strong>\u00a0 \u00a0 \u00a0 \u00a0 \u00a0 \u00a0 \u00a0 \u00a0 \u00a0 \u00a0 \u00a0 \u00a0 \u00a0 \u00a0 \u00a0 \u00a0 \u00a0 <span style=\"color: #999999;\">Transferencia bancaria, PayPal<\/span><\/h5>\n<h5><strong>Origen:<\/strong>\u00a0 \u00a0 \u00a0 \u00a0 \u00a0 \u00a0 \u00a0 \u00a0 \u00a0 \u00a0 \u00a0 \u00a0 \u00a0 \u00a0 \u00a0 \u00a0 \u00a0 \u00a0 \u00a0 \u00a0 <span style=\"color: #999999;\">Shenzhen, China<\/span><\/h5>\n<h5><strong>Modelo<\/strong>\u00a0 \u00a0 \u00a0 \u00a0 \u00a0 \u00a0 \u00a0 \u00a0 \u00a0 \u00a0 \u00a0 \u00a0 \u00a0 \u00a0 \u00a0 \u00a0 \u00a0 \u00a0 \u00a0 \u00a0 J-C1005<\/h5>\n<\/div>","protected":false},"featured_media":8784,"template":"","meta":{"_eb_attr":""},"product_brand":[],"product_cat":[724,669,668],"product_tag":[],"class_list":{"0":"post-3138","1":"product","2":"type-product","3":"status-publish","4":"has-post-thumbnail","6":"product_cat-lightning-cable","7":"product_cat-usb-a-to-usb-c-cable","8":"product_cat-usb-type-c-cable","10":"first","11":"instock","12":"shipping-taxable","13":"product-type-simple"},"yoast_head":"<!-- This site is optimized with the Yoast SEO Premium plugin v23.7 (Yoast SEO v23.7) - https:\/\/yoast.com\/wordpress\/plugins\/seo\/ -->\n<title>6A 60W USB C Fast Charging Cable \u2013 High-Current Type-C Charge Cord for Tablets Wholesale - Professional USB cable manufacturer<\/title>\n<meta name=\"description\" content=\"Wholesale Nylon Braided USB A to USB-C Cable with durable design, supporting fast charging and stable data transfer. Ideal for bulk orders and OEM.\" \/>\n<meta name=\"robots\" content=\"index, follow, max-snippet:-1, max-image-preview:large, max-video-preview:-1\" \/>\n<link rel=\"canonical\" href=\"https:\/\/www.wjwsy.com\/es\/producto\/6a-60w-usb-c-fast-charging-cable-high-current-type-c-charge-cord-for-tablets-wholesale\/\" \/>\n<meta property=\"og:locale\" content=\"es_ES\" \/>\n<meta property=\"og:type\" content=\"article\" \/>\n<meta property=\"og:title\" content=\"6A 60W USB C Fast Charging Cable \u2013 High-Current Type-C Charge Cord for Tablets Wholesale\" \/>\n<meta property=\"og:description\" content=\"Wholesale Nylon Braided USB A to USB-C Cable with durable design, supporting fast charging and stable data transfer. Ideal for bulk orders and OEM.\" \/>\n<meta property=\"og:url\" content=\"https:\/\/www.wjwsy.com\/es\/producto\/6a-60w-usb-c-fast-charging-cable-high-current-type-c-charge-cord-for-tablets-wholesale\/\" \/>\n<meta property=\"og:site_name\" content=\"Professional USB cable manufacturer\" \/>\n<meta property=\"article:modified_time\" content=\"2026-03-13T02:17:43+00:00\" \/>\n<meta property=\"og:image\" content=\"https:\/\/www.wjwsy.com\/wp-content\/uploads\/2024\/12\/J-C1005-3.jpg\" \/>\n\t<meta property=\"og:image:width\" content=\"750\" \/>\n\t<meta property=\"og:image:height\" content=\"600\" \/>\n\t<meta property=\"og:image:type\" content=\"image\/jpeg\" \/>\n<meta name=\"twitter:card\" content=\"summary_large_image\" \/>\n<meta name=\"twitter:label1\" content=\"Tiempo de lectura\" \/>\n\t<meta name=\"twitter:data1\" content=\"1 minuto\" \/>\n<script type=\"application\/ld+json\" class=\"yoast-schema-graph\">{\"@context\":\"https:\/\/schema.org\",\"@graph\":[{\"@type\":\"WebPage\",\"@id\":\"https:\/\/www.wjwsy.com\/product\/6a-60w-usb-c-fast-charging-cable-high-current-type-c-charge-cord-for-tablets-wholesale\/\",\"url\":\"https:\/\/www.wjwsy.com\/product\/6a-60w-usb-c-fast-charging-cable-high-current-type-c-charge-cord-for-tablets-wholesale\/\",\"name\":\"6A 60W USB C Fast Charging Cable \u2013 High-Current Type-C Charge Cord for Tablets Wholesale - Professional USB cable manufacturer\",\"isPartOf\":{\"@id\":\"https:\/\/www.wjwsy.com\/#website\"},\"primaryImageOfPage\":{\"@id\":\"https:\/\/www.wjwsy.com\/product\/6a-60w-usb-c-fast-charging-cable-high-current-type-c-charge-cord-for-tablets-wholesale\/#primaryimage\"},\"image\":{\"@id\":\"https:\/\/www.wjwsy.com\/product\/6a-60w-usb-c-fast-charging-cable-high-current-type-c-charge-cord-for-tablets-wholesale\/#primaryimage\"},\"thumbnailUrl\":\"https:\/\/www.wjwsy.com\/wp-content\/uploads\/2024\/12\/J-C1005-3.jpg\",\"datePublished\":\"2024-12-20T03:55:24+00:00\",\"dateModified\":\"2026-03-13T02:17:43+00:00\",\"description\":\"Wholesale Nylon Braided USB A to USB-C Cable with durable design, supporting fast charging and stable data transfer. Ideal for bulk orders and OEM.\",\"breadcrumb\":{\"@id\":\"https:\/\/www.wjwsy.com\/product\/6a-60w-usb-c-fast-charging-cable-high-current-type-c-charge-cord-for-tablets-wholesale\/#breadcrumb\"},\"inLanguage\":\"es\",\"potentialAction\":[{\"@type\":\"ReadAction\",\"target\":[\"https:\/\/www.wjwsy.com\/product\/6a-60w-usb-c-fast-charging-cable-high-current-type-c-charge-cord-for-tablets-wholesale\/\"]}]},{\"@type\":\"ImageObject\",\"inLanguage\":\"es\",\"@id\":\"https:\/\/www.wjwsy.com\/product\/6a-60w-usb-c-fast-charging-cable-high-current-type-c-charge-cord-for-tablets-wholesale\/#primaryimage\",\"url\":\"https:\/\/www.wjwsy.com\/wp-content\/uploads\/2024\/12\/J-C1005-3.jpg\",\"contentUrl\":\"https:\/\/www.wjwsy.com\/wp-content\/uploads\/2024\/12\/J-C1005-3.jpg\",\"width\":750,\"height\":600},{\"@type\":\"BreadcrumbList\",\"@id\":\"https:\/\/www.wjwsy.com\/product\/6a-60w-usb-c-fast-charging-cable-high-current-type-c-charge-cord-for-tablets-wholesale\/#breadcrumb\",\"itemListElement\":[{\"@type\":\"ListItem\",\"position\":1,\"name\":\"\u9996\u9875\",\"item\":\"https:\/\/www.wjwsy.com\/\"},{\"@type\":\"ListItem\",\"position\":2,\"name\":\"Products\",\"item\":\"https:\/\/www.wjwsy.com\/design-editor__trashed\/\"},{\"@type\":\"ListItem\",\"position\":3,\"name\":\"USB Type C Cable Wholesale \u2013 Fast Charging &amp; Data Transfer Cables for European Brands\",\"item\":\"https:\/\/www.wjwsy.com\/category\/usb-type-c-cable\/\"},{\"@type\":\"ListItem\",\"position\":4,\"name\":\"6A 60W USB C Fast Charging Cable \u2013 High-Current Type-C Charge Cord for Tablets Wholesale\"}]},{\"@type\":\"WebSite\",\"@id\":\"https:\/\/www.wjwsy.com\/#website\",\"url\":\"https:\/\/www.wjwsy.com\/\",\"name\":\"wjwsy.com\",\"description\":\"Delivering High-Quality, Reliable USB Cables for Every Industry\",\"publisher\":{\"@id\":\"https:\/\/www.wjwsy.com\/#organization\"},\"potentialAction\":[{\"@type\":\"SearchAction\",\"target\":{\"@type\":\"EntryPoint\",\"urlTemplate\":\"https:\/\/www.wjwsy.com\/?s={search_term_string}\"},\"query-input\":{\"@type\":\"PropertyValueSpecification\",\"valueRequired\":true,\"valueName\":\"search_term_string\"}}],\"inLanguage\":\"es\"},{\"@type\":\"Organization\",\"@id\":\"https:\/\/www.wjwsy.com\/#organization\",\"name\":\"wjwsy.com\",\"url\":\"https:\/\/www.wjwsy.com\/\",\"logo\":{\"@type\":\"ImageObject\",\"inLanguage\":\"es\",\"@id\":\"https:\/\/www.wjwsy.com\/#\/schema\/logo\/image\/\",\"url\":\"\",\"contentUrl\":\"\",\"caption\":\"wjwsy.com\"},\"image\":{\"@id\":\"https:\/\/www.wjwsy.com\/#\/schema\/logo\/image\/\"}}]}<\/script>\n<!-- \/ Yoast SEO Premium plugin. -->","yoast_head_json":{"title":"6A 60W USB C Fast Charging Cable \u2013 High-Current Type-C Charge Cord for Tablets Wholesale - Professional USB cable manufacturer","description":"Wholesale Nylon Braided USB A to USB-C Cable with durable design, supporting fast charging and stable data transfer. Ideal for bulk orders and OEM.","robots":{"index":"index","follow":"follow","max-snippet":"max-snippet:-1","max-image-preview":"max-image-preview:large","max-video-preview":"max-video-preview:-1"},"canonical":"https:\/\/www.wjwsy.com\/es\/producto\/6a-60w-usb-c-fast-charging-cable-high-current-type-c-charge-cord-for-tablets-wholesale\/","og_locale":"es_ES","og_type":"article","og_title":"6A 60W USB C Fast Charging Cable \u2013 High-Current Type-C Charge Cord for Tablets Wholesale","og_description":"Wholesale Nylon Braided USB A to USB-C Cable with durable design, supporting fast charging and stable data transfer. Ideal for bulk orders and OEM.","og_url":"https:\/\/www.wjwsy.com\/es\/producto\/6a-60w-usb-c-fast-charging-cable-high-current-type-c-charge-cord-for-tablets-wholesale\/","og_site_name":"Professional USB cable manufacturer","article_modified_time":"2026-03-13T02:17:43+00:00","og_image":[{"width":750,"height":600,"url":"https:\/\/www.wjwsy.com\/wp-content\/uploads\/2024\/12\/J-C1005-3.jpg","type":"image\/jpeg"}],"twitter_card":"summary_large_image","twitter_misc":{"Tiempo de lectura":"1 minuto"},"schema":{"@context":"https:\/\/schema.org","@graph":[{"@type":"WebPage","@id":"https:\/\/www.wjwsy.com\/product\/6a-60w-usb-c-fast-charging-cable-high-current-type-c-charge-cord-for-tablets-wholesale\/","url":"https:\/\/www.wjwsy.com\/product\/6a-60w-usb-c-fast-charging-cable-high-current-type-c-charge-cord-for-tablets-wholesale\/","name":"6A 60W USB C Fast Charging Cable \u2013 High-Current Type-C Charge Cord for Tablets Wholesale - Professional USB cable manufacturer","isPartOf":{"@id":"https:\/\/www.wjwsy.com\/#website"},"primaryImageOfPage":{"@id":"https:\/\/www.wjwsy.com\/product\/6a-60w-usb-c-fast-charging-cable-high-current-type-c-charge-cord-for-tablets-wholesale\/#primaryimage"},"image":{"@id":"https:\/\/www.wjwsy.com\/product\/6a-60w-usb-c-fast-charging-cable-high-current-type-c-charge-cord-for-tablets-wholesale\/#primaryimage"},"thumbnailUrl":"https:\/\/www.wjwsy.com\/wp-content\/uploads\/2024\/12\/J-C1005-3.jpg","datePublished":"2024-12-20T03:55:24+00:00","dateModified":"2026-03-13T02:17:43+00:00","description":"Wholesale Nylon Braided USB A to USB-C Cable with durable design, supporting fast charging and stable data transfer. Ideal for bulk orders and OEM.","breadcrumb":{"@id":"https:\/\/www.wjwsy.com\/product\/6a-60w-usb-c-fast-charging-cable-high-current-type-c-charge-cord-for-tablets-wholesale\/#breadcrumb"},"inLanguage":"es","potentialAction":[{"@type":"ReadAction","target":["https:\/\/www.wjwsy.com\/product\/6a-60w-usb-c-fast-charging-cable-high-current-type-c-charge-cord-for-tablets-wholesale\/"]}]},{"@type":"ImageObject","inLanguage":"es","@id":"https:\/\/www.wjwsy.com\/product\/6a-60w-usb-c-fast-charging-cable-high-current-type-c-charge-cord-for-tablets-wholesale\/#primaryimage","url":"https:\/\/www.wjwsy.com\/wp-content\/uploads\/2024\/12\/J-C1005-3.jpg","contentUrl":"https:\/\/www.wjwsy.com\/wp-content\/uploads\/2024\/12\/J-C1005-3.jpg","width":750,"height":600},{"@type":"BreadcrumbList","@id":"https:\/\/www.wjwsy.com\/product\/6a-60w-usb-c-fast-charging-cable-high-current-type-c-charge-cord-for-tablets-wholesale\/#breadcrumb","itemListElement":[{"@type":"ListItem","position":1,"name":"\u9996\u9875","item":"https:\/\/www.wjwsy.com\/"},{"@type":"ListItem","position":2,"name":"Products","item":"https:\/\/www.wjwsy.com\/design-editor__trashed\/"},{"@type":"ListItem","position":3,"name":"USB Type C Cable Wholesale \u2013 Fast Charging &amp; Data Transfer Cables for European Brands","item":"https:\/\/www.wjwsy.com\/category\/usb-type-c-cable\/"},{"@type":"ListItem","position":4,"name":"6A 60W USB C Fast Charging Cable \u2013 High-Current Type-C Charge Cord for Tablets Wholesale"}]},{"@type":"WebSite","@id":"https:\/\/www.wjwsy.com\/#website","url":"https:\/\/www.wjwsy.com\/","name":"wjwsy.com","description":"Delivering High-Quality, Reliable USB Cables for Every Industry","publisher":{"@id":"https:\/\/www.wjwsy.com\/#organization"},"potentialAction":[{"@type":"SearchAction","target":{"@type":"EntryPoint","urlTemplate":"https:\/\/www.wjwsy.com\/?s={search_term_string}"},"query-input":{"@type":"PropertyValueSpecification","valueRequired":true,"valueName":"search_term_string"}}],"inLanguage":"es"},{"@type":"Organization","@id":"https:\/\/www.wjwsy.com\/#organization","name":"wjwsy.com","url":"https:\/\/www.wjwsy.com\/","logo":{"@type":"ImageObject","inLanguage":"es","@id":"https:\/\/www.wjwsy.com\/#\/schema\/logo\/image\/","url":"","contentUrl":"","caption":"wjwsy.com"},"image":{"@id":"https:\/\/www.wjwsy.com\/#\/schema\/logo\/image\/"}}]}},"_links":{"self":[{"href":"https:\/\/www.wjwsy.com\/es\/wp-json\/wp\/v2\/product\/3138","targetHints":{"allow":["GET"]}}],"collection":[{"href":"https:\/\/www.wjwsy.com\/es\/wp-json\/wp\/v2\/product"}],"about":[{"href":"https:\/\/www.wjwsy.com\/es\/wp-json\/wp\/v2\/types\/product"}],"wp:featuredmedia":[{"embeddable":true,"href":"https:\/\/www.wjwsy.com\/es\/wp-json\/wp\/v2\/media\/8784"}],"wp:attachment":[{"href":"https:\/\/www.wjwsy.com\/es\/wp-json\/wp\/v2\/media?parent=3138"}],"wp:term":[{"taxonomy":"product_brand","embeddable":true,"href":"https:\/\/www.wjwsy.com\/es\/wp-json\/wp\/v2\/product_brand?post=3138"},{"taxonomy":"product_cat","embeddable":true,"href":"https:\/\/www.wjwsy.com\/es\/wp-json\/wp\/v2\/product_cat?post=3138"},{"taxonomy":"product_tag","embeddable":true,"href":"https:\/\/www.wjwsy.com\/es\/wp-json\/wp\/v2\/product_tag?post=3138"}],"curies":[{"name":"wp","href":"https:\/\/api.w.org\/{rel}","templated":true}]}}