{"id":684,"date":"2024-09-03T02:39:43","date_gmt":"2024-09-03T02:39:43","guid":{"rendered":"https:\/\/wjwsy.com\/?page_id=684"},"modified":"2025-11-07T07:43:33","modified_gmt":"2025-11-07T07:43:33","slug":"the-complete-guide-to-usb-cables-types-selection-and-applications","status":"publish","type":"page","link":"https:\/\/www.wjwsy.com\/es\/blog-2\/the-complete-guide-to-usb-cables-types-selection-and-applications\/","title":{"rendered":"Gu\u00eda de cables USB"},"content":{"rendered":"<h2><strong><b>Explicaci\u00f3n de las versiones USB<\/b><\/strong><\/h2>\n<p>En los \u00faltimos 25 a\u00f1os, ha habido varios cables USB diferentes e iteraciones, seg\u00fan el protocolo USB. El USB empez\u00f3 con la versi\u00f3n 1.0, que transfiere hasta 12Mbps y sali\u00f3 al mercado en 1995. La \u00faltima es la versi\u00f3n 4, que transfiere hasta 40 Gbps.<\/p>\n<p>StarTech.com sabe que los usuarios quieren el mejor USB para el trabajo, por eso ha creado una tabla a continuaci\u00f3n para ayudar a descifrar la velocidad y las capacidades de cada versi\u00f3n.<\/p>\n<table>\n<tbody>\n<tr>\n<td width=\"190\"><strong><b>USB tipo<\/b><\/strong><\/td>\n<td width=\"96\"><strong><b>\u00bfPuede soportar v\u00eddeo?<\/b><\/strong><\/td>\n<td width=\"111\"><strong><b>\u00bfPuede soportar el suministro de energ\u00eda?<\/b><\/strong><\/td>\n<td width=\"96\"><strong><b>Velocidad de transferencia de datos<\/b><\/strong><\/td>\n<\/tr>\n<tr>\n<td width=\"190\"><a href=\"https:\/\/uk.rs-online.com\/web\/c\/cables-wires\/computer-cable-assemblies\/usb-cables\/?applied-dimensions=4294845077\">USB 1.1<\/a>\u00a0(A toda velocidad)<\/td>\n<td width=\"96\"><strong><b>\u2718<\/b><\/strong><\/td>\n<td width=\"111\"><strong><b>\u2718<\/b><\/strong><\/td>\n<td width=\"96\">12 Mbps<\/td>\n<\/tr>\n<tr>\n<td width=\"190\"><a href=\"https:\/\/uk.rs-online.com\/web\/c\/cables-wires\/computer-cable-assemblies\/usb-cables\/?applied-dimensions=4294845120\">USB 2.0<\/a>\u00a0(Alta velocidad)<\/td>\n<td width=\"96\"><strong><b>\u2718<\/b><\/strong><\/td>\n<td width=\"111\"><strong><b>\u2714<\/b><\/strong><\/td>\n<td width=\"96\">480 Mbps<\/td>\n<\/tr>\n<tr>\n<td width=\"190\"><a href=\"https:\/\/uk.rs-online.com\/web\/c\/cables-wires\/computer-cable-assemblies\/usb-cables\/?applied-dimensions=4294709723\">USB 3.0<\/a>\u00a0(Supervelocidad)<\/td>\n<td width=\"96\"><strong><b>\u2714<\/b><\/strong><\/td>\n<td width=\"111\"><strong><b>\u2714<\/b><\/strong><\/td>\n<td width=\"96\">5 Gbps<\/td>\n<\/tr>\n<tr>\n<td width=\"190\"><a href=\"https:\/\/uk.rs-online.com\/web\/c\/cables-wires\/computer-cable-assemblies\/usb-cables\/?applied-dimensions=4293181699\">USB 3.1<\/a>\u00a0(Supervelocidad)<\/td>\n<td width=\"96\"><strong><b>\u2714<\/b><\/strong><\/td>\n<td width=\"111\"><strong><b>\u2714<\/b><\/strong><\/td>\n<td width=\"96\">10 Gpbs<\/td>\n<\/tr>\n<\/tbody>\n<\/table>\n<h2><strong><b>Explicaci\u00f3n de los tipos de USB<\/b><\/strong><\/h2>\n<p>Al igual que ocurre con las versiones USB, la forma de la conexi\u00f3n USB tambi\u00e9n ha experimentado cambios dr\u00e1sticos a lo largo de los a\u00f1os. Con cada nueva evoluci\u00f3n del tipo de USB, su factor de forma generalmente se hace m\u00e1s peque\u00f1o para adaptarse a los nuevos dispositivos mucho m\u00e1s delgados que son populares durante el tiempo de lanzamiento.<\/p>\n<p>El dise\u00f1o del USB C, que es el \u00faltimo lanzamiento de USB, es \u00fanico porque es el \u00fanico USB que encaja en otro tipo de puerto no creado espec\u00edficamente para \u00e9l:\u00a0<a href=\"https:\/\/uk.rs-online.com\/web\/c\/cables-wires\/computer-cable-assemblies\/usb-cables\/?applied-dimensions=4290907726,4291129913\"><strong><u><b>Thunderbolt 3<\/b><\/u><\/strong><\/a>. Ambos tienen la misma forma y los usuarios pueden emplear Thunderbolt 3 y\u00a0<a href=\"https:\/\/uk.rs-online.com\/web\/c\/cables-wires\/computer-cable-assemblies\/usb-cables\/?applied-dimensions=4290907726,4291221453,4291936532,4290985357,4290985389\"><strong><u><b>Cables USB C<\/b><\/u><\/strong><\/a>\u00a0y puertos indistintamente. Todos los dem\u00e1s tipos de conectores USB macho y hembra s\u00f3lo se adaptan a sus correspondientes puertos macho y hembra. Por ejemplo, un puerto USB de tipo b s\u00f3lo aceptar\u00e1 un\u00a0<a href=\"https:\/\/uk.rs-online.com\/web\/c\/cables-wires\/computer-cable-assemblies\/usb-cables\/?applied-dimensions=4290907726,4292078400\"><strong><u><b>USB tipo B<\/b><\/u><\/strong><\/a>\u00a0conector.<\/p>\n<p>La versi\u00f3n o velocidad de la tecnolog\u00eda viene dictada por el dispositivo anfitri\u00f3n, el perif\u00e9rico de conexi\u00f3n y la versi\u00f3n del cable USB, no por la forma del puerto.<\/p>\n<h3><strong><b>\u00bfQu\u00e9 significa \"retrocompatible\"?<\/b><\/strong><\/h3>\n<p>La retrocompatibilidad significa que la \u00faltima versi\u00f3n de algo sigue siendo capaz de utilizar versiones anteriores. Por ejemplo, un puerto USB A 3.0 es capaz de reconocer y utilizar un perif\u00e9rico USB A 2.0.<\/p>\n<p>Para el nuevo USB C, todav\u00eda es posible conectar dispositivos USB compatibles m\u00e1s antiguos a un puerto o host USB C, mediante un adaptador. StarTech.com ofrece una amplia gama de cables USB, que se pueden utilizar si el host y el perif\u00e9rico tienen diferentes tipos de puerto. Los adaptadores, o conectores, se pueden encontrar para todos los tipos de USB y no se limitan al USB C.<\/p>\n<p>Cuando se utilizan versiones USB anteriores, el rendimiento est\u00e1 limitado a la versi\u00f3n m\u00e1s antigua que se est\u00e9 utilizando. Por ejemplo, si quieres transferir archivos desde un disco duro con USB A 2.0 a un port\u00e1til con puertos USB A 3.0, la velocidad de transferencia (velocidades USB) se limitar\u00eda a 480 Mbps.<\/p>\n<h2><strong><b>\u00bfCu\u00e1ntos tipos de cables USB hay?<\/b><\/strong><\/h2>\n<p>A continuaci\u00f3n encontrar\u00e1 una breve explicaci\u00f3n de los tipos de USB m\u00e1s populares disponibles en el mercado:<\/p>\n<h3>USB tipo A<\/h3>\n<style>\/*! elementor - v3.23.0 - 05-08-2024 *\/<br \/>\n.elementor-widget-image{text-align:center}.elementor-widget-image a{display:inline-block}.elementor-widget-image a img[src$=\".svg\"]{width:48px}.elementor-widget-image img{vertical-align:middle;display:inline-block}<\/style>\n<p><img fetchpriority=\"high\" decoding=\"async\" src=\"https:\/\/wjwsy.com\/wp-content\/uploads\/2024\/09\/\u56fe\u724716-1.png\" sizes=\"(max-width:767px) 444px, 444px\" srcset=\"https:\/\/wjwsy.com\/wp-content\/uploads\/2024\/09\/\u56fe\u724716-1.png 444w, https:\/\/wjwsy.com\/wp-content\/uploads\/2024\/09\/\u56fe\u724716-1-300x300.png 300w, https:\/\/wjwsy.com\/wp-content\/uploads\/2024\/09\/\u56fe\u724716-1-150x150.png 150w, https:\/\/wjwsy.com\/wp-content\/uploads\/2024\/09\/\u56fe\u724716-1-75x75.png 75w\" alt=\"\" width=\"444\" height=\"444\" \/><\/p>\n<p>El conector USB A es el tipo de conector m\u00e1s conocido y utilizado. Tiene forma rectangular y s\u00f3lo puede insertarse en un sentido. Los cables y puertos USB A son compatibles con todas las dem\u00e1s versiones, desde USB 1.0 hasta los \u00faltimos est\u00e1ndares de cable USB. Este tipo de conexi\u00f3n por cable USB se suele utilizar para acoplar perif\u00e9ricos, como un rat\u00f3n, un teclado o un mando de juegos, a un host, como un ordenador o un concentrador de carga.<\/p>\n<p><strong><b>Se encuentra com\u00fanmente en:<\/b><\/strong><\/p>\n<ul>\n<li>Concentradores de carga de dispositivos m\u00f3viles<\/li>\n<li>Ordenadores y port\u00e1tiles<\/li>\n<li>Consolas de videojuegos<\/li>\n<li>Unidades flash y discos duros externos<\/li>\n<li>Ratones y teclados de ordenador<\/li>\n<li>Bases de conexi\u00f3n y adaptadores multipuerto<\/li>\n<\/ul>\n<h3>USB tipo B<\/h3>\n<p><img decoding=\"async\" src=\"https:\/\/wjwsy.com\/wp-content\/uploads\/2024\/09\/\u56fe\u724717-1.png\" sizes=\"(max-width:767px) 273px, 273px\" srcset=\"https:\/\/wjwsy.com\/wp-content\/uploads\/2024\/09\/\u56fe\u724717-1.png 273w, https:\/\/wjwsy.com\/wp-content\/uploads\/2024\/09\/\u56fe\u724717-1-84x75.png 84w\" alt=\"\" width=\"273\" height=\"245\" \/><\/p>\n<p>Los conectores USB de tipo B son compatibles con todas las versiones de USB, desde USB 1.1 hasta USB 3.1. Este puerto se encuentra sobre todo en los perif\u00e9ricos m\u00e1s grandes y potentes, como impresoras y esc\u00e1neres. El USB de tipo B es cada vez menos com\u00fan a medida que disminuye el tama\u00f1o de los dispositivos.<\/p>\n<p><strong><b>Se encuentra com\u00fanmente en:<\/b><\/strong><\/p>\n<ul>\n<li>Impresoras<\/li>\n<li>Esc\u00e1neres<\/li>\n<li>Carcasas de disco duro<\/li>\n<\/ul>\n<h3>USB Tipo C<\/h3>\n<p>USB-C es el \u00faltimo avance en conectividad USB y ha sido bautizado por muchos como \"a prueba de futuro\". Es convenientemente reversible y tiene una forma mucho m\u00e1s compacta en comparaci\u00f3n con los anteriores tipos de cable USB. Un cable USB C no solo se ocupa de los datos y la alimentaci\u00f3n, sino tambi\u00e9n del v\u00eddeo. Es compatible con m\u00faltiples protocolos y transporta se\u00f1ales DisplayPort y HDMI (cuando est\u00e1 en modo Alt), as\u00ed como Thunderbolt 3 para dispositivos equipados. Adem\u00e1s, al igual que otros USB, es compatible con versiones anteriores de USB 1.1, pero tambi\u00e9n funciona con los \u00faltimos dispositivos USB 3.2 Gen 2.2.<\/p>\n<p>Este tipo de conector tiene el mismo aspecto f\u00edsico que un puerto Thunderbolt 3. Los puertos y cables Thunderbolt 3 y USB C pueden utilizarse indistintamente para transferencia de datos, salida de energ\u00eda y v\u00eddeo. Cuando se utiliza un puerto Thunderbolt 3 con un cable USB C, los usuarios pueden cargar aparatos electr\u00f3nicos de tama\u00f1o completo con hasta 100 W de potencia de salida. A\u00fan mejor, la velocidad m\u00e1xima de transferencia de datos es de 40 Gbps con un puerto Thunderbolt 3, lo que significa que puede ser m\u00e1s productivo.<\/p>\n<p>Con otros\u00a0<a href=\"https:\/\/uk.rs-online.com\/web\/c\/cables-wires\/computer-cable-assemblies\/usb-cables\/?applied-dimensions=4290907726,4291612674\"><strong><u><b>Versiones USB hasta 3.1<\/b><\/u><\/strong><\/a>USB C admite una velocidad de transferencia m\u00e1xima de 10 Gbps.<\/p>\n<p><img decoding=\"async\" src=\"https:\/\/wjwsy.com\/wp-content\/uploads\/2024\/09\/\u56fe\u724718-1.png\" sizes=\"(max-width:767px) 480px, 500px\" srcset=\"https:\/\/wjwsy.com\/wp-content\/uploads\/2024\/09\/\u56fe\u724718-1.png 500w, https:\/\/wjwsy.com\/wp-content\/uploads\/2024\/09\/\u56fe\u724718-1-300x195.png 300w, https:\/\/wjwsy.com\/wp-content\/uploads\/2024\/09\/\u56fe\u724718-1-115x75.png 115w, https:\/\/wjwsy.com\/wp-content\/uploads\/2024\/09\/\u56fe\u724718-1-480x312.png 480w\" alt=\"\" width=\"500\" height=\"325\" \/><\/p>\n<p>Se encuentra com\u00fanmente en:<\/p>\n<ul>\n<li>Tel\u00e9fonos m\u00f3viles<\/li>\n<li>port\u00e1tiles<\/li>\n<li>Centros de carga<\/li>\n<li>Bases de conexi\u00f3n y adaptadores multipuerto<\/li>\n<\/ul>\n<h3>Mini USB<\/h3>\n<p><img loading=\"lazy\" decoding=\"async\" src=\"https:\/\/wjwsy.com\/wp-content\/uploads\/2024\/09\/\u56fe\u724719-1.png\" sizes=\"(max-width:767px) 480px, 500px\" srcset=\"https:\/\/wjwsy.com\/wp-content\/uploads\/2024\/09\/\u56fe\u724719-1.png 500w, https:\/\/wjwsy.com\/wp-content\/uploads\/2024\/09\/\u56fe\u724719-1-300x210.png 300w, https:\/\/wjwsy.com\/wp-content\/uploads\/2024\/09\/\u56fe\u724719-1-107x75.png 107w, https:\/\/wjwsy.com\/wp-content\/uploads\/2024\/09\/\u56fe\u724719-1-480x336.png 480w\" alt=\"\" width=\"500\" height=\"350\" \/><\/p>\n<p>Lanzado en 2000, el conector mini USB suele encontrarse en dispositivos como c\u00e1maras digitales para cargarlas. Es compatible con\u00a0<a href=\"https:\/\/uk.rs-online.com\/web\/c\/cables-wires\/computer-cable-assemblies\/usb-cables\/?applied-dimensions=4290907726,4291185038\"><strong><u><b>USB 2.0<\/b><\/u><\/strong><\/a>.<\/p>\n<p><strong><b>Se encuentra com\u00fanmente en:<\/b><\/strong><\/p>\n<ul>\n<li>Dispositivos heredados (tel\u00e9fonos m\u00f3viles antiguos y reproductores MP3)<\/li>\n<li>C\u00e1maras digitales<\/li>\n<\/ul>\n<h3>Micro USB<\/h3>\n<p><img loading=\"lazy\" decoding=\"async\" src=\"https:\/\/wjwsy.com\/wp-content\/uploads\/2024\/09\/\u56fe\u724720-1.png\" sizes=\"(max-width:767px) 480px, 500px\" srcset=\"https:\/\/wjwsy.com\/wp-content\/uploads\/2024\/09\/\u56fe\u724720-1.png 500w, https:\/\/wjwsy.com\/wp-content\/uploads\/2024\/09\/\u56fe\u724720-1-300x208.png 300w, https:\/\/wjwsy.com\/wp-content\/uploads\/2024\/09\/\u56fe\u724720-1-108x75.png 108w, https:\/\/wjwsy.com\/wp-content\/uploads\/2024\/09\/\u56fe\u724720-1-480x332.png 480w\" alt=\"\" width=\"500\" height=\"346\" \/><\/p>\n<p>M\u00e1s tarde, en 2007, se lanz\u00f3 el Micro USB. \u00bfQu\u00e9 es un Micro USB? Es un peque\u00f1o puerto que se encuentra en muchos dispositivos m\u00f3viles, incluidos tel\u00e9fonos m\u00f3viles y tabletas. Es compatible con USB 2.0 y 3.0.<\/p>\n<p><strong><b>Se encuentra com\u00fanmente en:<\/b><\/strong><\/p>\n<ul>\n<li>Tel\u00e9fonos m\u00f3viles Android<\/li>\n<li>C\u00e1maras digitales<\/li>\n<li>Dispositivos GPS<\/li>\n<li>eReaders<\/li>\n<\/ul>\n<h3>Conector Lightning<\/h3>\n<p><img loading=\"lazy\" decoding=\"async\" src=\"https:\/\/wjwsy.com\/wp-content\/uploads\/2024\/09\/\u56fe\u724721-1.png\" sizes=\"(max-width:767px) 480px, 500px\" srcset=\"https:\/\/wjwsy.com\/wp-content\/uploads\/2024\/09\/\u56fe\u724721-1.png 500w, https:\/\/wjwsy.com\/wp-content\/uploads\/2024\/09\/\u56fe\u724721-1-300x188.png 300w, https:\/\/wjwsy.com\/wp-content\/uploads\/2024\/09\/\u56fe\u724721-1-119x75.png 119w, https:\/\/wjwsy.com\/wp-content\/uploads\/2024\/09\/\u56fe\u724721-1-480x301.png 480w\" alt=\"\" width=\"500\" height=\"314\" \/><\/p>\n<p>El conector Lightning es exclusivo de los modernos dispositivos Apple y puede utilizarse para conectar teclados, auriculares y cargadores a iPhones, iPads y ordenadores Mac de sobremesa. Completamente reversible para mayor comodidad de conexi\u00f3n, el cable con conector Lightning es esencial para los dispositivos y accesorios Mac de \u00faltima generaci\u00f3n. Tambi\u00e9n hay adaptadores disponibles para convertir los conectores Lightning en puertos USB m\u00e1s convencionales.<\/p>","protected":false},"excerpt":{"rendered":"<p>USB Versions Explained Over the last 25 years, there have been several different USB cables and iterations, depending on the USB protocol. The USB started with<span class=\"excerpt-hellip\"> [...]<\/span><\/p>","protected":false},"author":1,"featured_media":1353,"parent":11,"menu_order":0,"comment_status":"closed","ping_status":"closed","template":"","meta":{"_eb_attr":"","footnotes":""},"class_list":["post-684","page","type-page","status-publish","has-post-thumbnail","hentry"],"yoast_head":"<!-- This site is optimized with the Yoast SEO Premium plugin v23.7 (Yoast SEO v23.7) - https:\/\/yoast.com\/wordpress\/plugins\/seo\/ -->\n<title>Professional USB cable manufacturer - The Guide to USB Cables<\/title>\n<meta name=\"description\" content=\"USB cable types and selection tips to help you quickly find the right connection solution for your devices.\" \/>\n<meta name=\"robots\" content=\"index, follow, max-snippet:-1, max-image-preview:large, max-video-preview:-1\" \/>\n<link rel=\"canonical\" href=\"https:\/\/www.wjwsy.com\/es\/blog-2\/the-complete-guide-to-usb-cables-types-selection-and-applications\/\" \/>\n<meta property=\"og:locale\" content=\"es_ES\" \/>\n<meta property=\"og:type\" content=\"article\" \/>\n<meta property=\"og:title\" content=\"Professional USB cable manufacturer - The Guide to USB Cables\" \/>\n<meta property=\"og:description\" content=\"USB cable types and selection tips to help you quickly find the right connection solution for your devices.\" \/>\n<meta property=\"og:url\" content=\"https:\/\/www.wjwsy.com\/es\/blog-2\/the-complete-guide-to-usb-cables-types-selection-and-applications\/\" \/>\n<meta property=\"og:site_name\" content=\"Professional USB cable manufacturer\" \/>\n<meta property=\"article:modified_time\" content=\"2025-11-07T07:43:33+00:00\" \/>\n<meta property=\"og:image\" content=\"https:\/\/www.wjwsy.com\/wp-content\/uploads\/2024\/09\/\u56fe\u724716-3.png\" \/>\n\t<meta property=\"og:image:width\" content=\"444\" \/>\n\t<meta property=\"og:image:height\" content=\"444\" \/>\n\t<meta property=\"og:image:type\" content=\"image\/png\" \/>\n<meta name=\"twitter:card\" content=\"summary_large_image\" \/>\n<meta name=\"twitter:label1\" content=\"Tiempo de lectura\" \/>\n\t<meta name=\"twitter:data1\" content=\"6 minutos\" \/>\n<script type=\"application\/ld+json\" class=\"yoast-schema-graph\">{\"@context\":\"https:\/\/schema.org\",\"@graph\":[{\"@type\":\"WebPage\",\"@id\":\"https:\/\/www.wjwsy.com\/blog-2\/the-complete-guide-to-usb-cables-types-selection-and-applications\/\",\"url\":\"https:\/\/www.wjwsy.com\/blog-2\/the-complete-guide-to-usb-cables-types-selection-and-applications\/\",\"name\":\"Professional USB cable manufacturer - The Guide to USB Cables\",\"isPartOf\":{\"@id\":\"https:\/\/www.wjwsy.com\/#website\"},\"primaryImageOfPage\":{\"@id\":\"https:\/\/www.wjwsy.com\/blog-2\/the-complete-guide-to-usb-cables-types-selection-and-applications\/#primaryimage\"},\"image\":{\"@id\":\"https:\/\/www.wjwsy.com\/blog-2\/the-complete-guide-to-usb-cables-types-selection-and-applications\/#primaryimage\"},\"thumbnailUrl\":\"https:\/\/www.wjwsy.com\/wp-content\/uploads\/2024\/09\/\u56fe\u724716-3.png\",\"datePublished\":\"2024-09-03T02:39:43+00:00\",\"dateModified\":\"2025-11-07T07:43:33+00:00\",\"description\":\"USB cable types and selection tips to help you quickly find the right connection solution for your devices.\",\"breadcrumb\":{\"@id\":\"https:\/\/www.wjwsy.com\/blog-2\/the-complete-guide-to-usb-cables-types-selection-and-applications\/#breadcrumb\"},\"inLanguage\":\"es\",\"potentialAction\":[{\"@type\":\"ReadAction\",\"target\":[\"https:\/\/www.wjwsy.com\/blog-2\/the-complete-guide-to-usb-cables-types-selection-and-applications\/\"]}]},{\"@type\":\"ImageObject\",\"inLanguage\":\"es\",\"@id\":\"https:\/\/www.wjwsy.com\/blog-2\/the-complete-guide-to-usb-cables-types-selection-and-applications\/#primaryimage\",\"url\":\"https:\/\/www.wjwsy.com\/wp-content\/uploads\/2024\/09\/\u56fe\u724716-3.png\",\"contentUrl\":\"https:\/\/www.wjwsy.com\/wp-content\/uploads\/2024\/09\/\u56fe\u724716-3.png\",\"width\":444,\"height\":444},{\"@type\":\"BreadcrumbList\",\"@id\":\"https:\/\/www.wjwsy.com\/blog-2\/the-complete-guide-to-usb-cables-types-selection-and-applications\/#breadcrumb\",\"itemListElement\":[{\"@type\":\"ListItem\",\"position\":1,\"name\":\"\u9996\u9875\",\"item\":\"https:\/\/www.wjwsy.com\/\"},{\"@type\":\"ListItem\",\"position\":2,\"name\":\"Blog\",\"item\":\"https:\/\/www.wjwsy.com\/blog-2\/\"},{\"@type\":\"ListItem\",\"position\":3,\"name\":\"The Guide to USB Cables\"}]},{\"@type\":\"WebSite\",\"@id\":\"https:\/\/www.wjwsy.com\/#website\",\"url\":\"https:\/\/www.wjwsy.com\/\",\"name\":\"wjwsy.com\",\"description\":\"Delivering High-Quality, Reliable USB Cables for Every Industry\",\"publisher\":{\"@id\":\"https:\/\/www.wjwsy.com\/#organization\"},\"potentialAction\":[{\"@type\":\"SearchAction\",\"target\":{\"@type\":\"EntryPoint\",\"urlTemplate\":\"https:\/\/www.wjwsy.com\/?s={search_term_string}\"},\"query-input\":{\"@type\":\"PropertyValueSpecification\",\"valueRequired\":true,\"valueName\":\"search_term_string\"}}],\"inLanguage\":\"es\"},{\"@type\":\"Organization\",\"@id\":\"https:\/\/www.wjwsy.com\/#organization\",\"name\":\"wjwsy.com\",\"url\":\"https:\/\/www.wjwsy.com\/\",\"logo\":{\"@type\":\"ImageObject\",\"inLanguage\":\"es\",\"@id\":\"https:\/\/www.wjwsy.com\/#\/schema\/logo\/image\/\",\"url\":\"\",\"contentUrl\":\"\",\"caption\":\"wjwsy.com\"},\"image\":{\"@id\":\"https:\/\/www.wjwsy.com\/#\/schema\/logo\/image\/\"}}]}<\/script>\n<!-- \/ Yoast SEO Premium plugin. -->","yoast_head_json":{"title":"Professional USB cable manufacturer - The Guide to USB Cables","description":"USB cable types and selection tips to help you quickly find the right connection solution for your devices.","robots":{"index":"index","follow":"follow","max-snippet":"max-snippet:-1","max-image-preview":"max-image-preview:large","max-video-preview":"max-video-preview:-1"},"canonical":"https:\/\/www.wjwsy.com\/es\/blog-2\/the-complete-guide-to-usb-cables-types-selection-and-applications\/","og_locale":"es_ES","og_type":"article","og_title":"Professional USB cable manufacturer - The Guide to USB Cables","og_description":"USB cable types and selection tips to help you quickly find the right connection solution for your devices.","og_url":"https:\/\/www.wjwsy.com\/es\/blog-2\/the-complete-guide-to-usb-cables-types-selection-and-applications\/","og_site_name":"Professional USB cable manufacturer","article_modified_time":"2025-11-07T07:43:33+00:00","og_image":[{"width":444,"height":444,"url":"https:\/\/www.wjwsy.com\/wp-content\/uploads\/2024\/09\/\u56fe\u724716-3.png","type":"image\/png"}],"twitter_card":"summary_large_image","twitter_misc":{"Tiempo de lectura":"6 minutos"},"schema":{"@context":"https:\/\/schema.org","@graph":[{"@type":"WebPage","@id":"https:\/\/www.wjwsy.com\/blog-2\/the-complete-guide-to-usb-cables-types-selection-and-applications\/","url":"https:\/\/www.wjwsy.com\/blog-2\/the-complete-guide-to-usb-cables-types-selection-and-applications\/","name":"Professional USB cable manufacturer - The Guide to USB Cables","isPartOf":{"@id":"https:\/\/www.wjwsy.com\/#website"},"primaryImageOfPage":{"@id":"https:\/\/www.wjwsy.com\/blog-2\/the-complete-guide-to-usb-cables-types-selection-and-applications\/#primaryimage"},"image":{"@id":"https:\/\/www.wjwsy.com\/blog-2\/the-complete-guide-to-usb-cables-types-selection-and-applications\/#primaryimage"},"thumbnailUrl":"https:\/\/www.wjwsy.com\/wp-content\/uploads\/2024\/09\/\u56fe\u724716-3.png","datePublished":"2024-09-03T02:39:43+00:00","dateModified":"2025-11-07T07:43:33+00:00","description":"USB cable types and selection tips to help you quickly find the right connection solution for your devices.","breadcrumb":{"@id":"https:\/\/www.wjwsy.com\/blog-2\/the-complete-guide-to-usb-cables-types-selection-and-applications\/#breadcrumb"},"inLanguage":"es","potentialAction":[{"@type":"ReadAction","target":["https:\/\/www.wjwsy.com\/blog-2\/the-complete-guide-to-usb-cables-types-selection-and-applications\/"]}]},{"@type":"ImageObject","inLanguage":"es","@id":"https:\/\/www.wjwsy.com\/blog-2\/the-complete-guide-to-usb-cables-types-selection-and-applications\/#primaryimage","url":"https:\/\/www.wjwsy.com\/wp-content\/uploads\/2024\/09\/\u56fe\u724716-3.png","contentUrl":"https:\/\/www.wjwsy.com\/wp-content\/uploads\/2024\/09\/\u56fe\u724716-3.png","width":444,"height":444},{"@type":"BreadcrumbList","@id":"https:\/\/www.wjwsy.com\/blog-2\/the-complete-guide-to-usb-cables-types-selection-and-applications\/#breadcrumb","itemListElement":[{"@type":"ListItem","position":1,"name":"\u9996\u9875","item":"https:\/\/www.wjwsy.com\/"},{"@type":"ListItem","position":2,"name":"Blog","item":"https:\/\/www.wjwsy.com\/blog-2\/"},{"@type":"ListItem","position":3,"name":"The Guide to USB Cables"}]},{"@type":"WebSite","@id":"https:\/\/www.wjwsy.com\/#website","url":"https:\/\/www.wjwsy.com\/","name":"wjwsy.com","description":"Delivering High-Quality, Reliable USB Cables for Every Industry","publisher":{"@id":"https:\/\/www.wjwsy.com\/#organization"},"potentialAction":[{"@type":"SearchAction","target":{"@type":"EntryPoint","urlTemplate":"https:\/\/www.wjwsy.com\/?s={search_term_string}"},"query-input":{"@type":"PropertyValueSpecification","valueRequired":true,"valueName":"search_term_string"}}],"inLanguage":"es"},{"@type":"Organization","@id":"https:\/\/www.wjwsy.com\/#organization","name":"wjwsy.com","url":"https:\/\/www.wjwsy.com\/","logo":{"@type":"ImageObject","inLanguage":"es","@id":"https:\/\/www.wjwsy.com\/#\/schema\/logo\/image\/","url":"","contentUrl":"","caption":"wjwsy.com"},"image":{"@id":"https:\/\/www.wjwsy.com\/#\/schema\/logo\/image\/"}}]}},"_links":{"self":[{"href":"https:\/\/www.wjwsy.com\/es\/wp-json\/wp\/v2\/pages\/684","targetHints":{"allow":["GET"]}}],"collection":[{"href":"https:\/\/www.wjwsy.com\/es\/wp-json\/wp\/v2\/pages"}],"about":[{"href":"https:\/\/www.wjwsy.com\/es\/wp-json\/wp\/v2\/types\/page"}],"author":[{"embeddable":true,"href":"https:\/\/www.wjwsy.com\/es\/wp-json\/wp\/v2\/users\/1"}],"replies":[{"embeddable":true,"href":"https:\/\/www.wjwsy.com\/es\/wp-json\/wp\/v2\/comments?post=684"}],"version-history":[{"count":0,"href":"https:\/\/www.wjwsy.com\/es\/wp-json\/wp\/v2\/pages\/684\/revisions"}],"up":[{"embeddable":true,"href":"https:\/\/www.wjwsy.com\/es\/wp-json\/wp\/v2\/pages\/11"}],"wp:featuredmedia":[{"embeddable":true,"href":"https:\/\/www.wjwsy.com\/es\/wp-json\/wp\/v2\/media\/1353"}],"wp:attachment":[{"href":"https:\/\/www.wjwsy.com\/es\/wp-json\/wp\/v2\/media?parent=684"}],"curies":[{"name":"wp","href":"https:\/\/api.w.org\/{rel}","templated":true}]}}