{"id":640,"date":"2024-09-03T02:13:14","date_gmt":"2024-09-03T02:13:14","guid":{"rendered":"https:\/\/wjwsy.com\/?page_id=640"},"modified":"2025-11-07T09:43:22","modified_gmt":"2025-11-07T09:43:22","slug":"usb-related-standards","status":"publish","type":"page","link":"https:\/\/www.wjwsy.com\/es\/blog-2\/usb-related-standards\/","title":{"rendered":"Normas relacionadas con USB"},"content":{"rendered":"<style>\/*! elementor - v3.23.0 - 05-08-2024 *\/\n.elementor-widget-image{text-align:center}.elementor-widget-image a{display:inline-block}.elementor-widget-image a img[src$=\".svg\"]{width:48px}.elementor-widget-image img{vertical-align:middle;display:inline-block}<\/style>\n<p>\t\t\t\t\t\t\t\t\t\t<img decoding=\"async\" width=\"220\" height=\"101\" src=\"https:\/\/wjwsy.com\/wp-content\/uploads\/2024\/09\/\u56fe\u72471-1.png\" alt=\"\" srcset=\"https:\/\/wjwsy.com\/wp-content\/uploads\/2024\/09\/\u56fe\u72471-1.png 220w, https:\/\/wjwsy.com\/wp-content\/uploads\/2024\/09\/\u56fe\u72471-1-150x69.png 150w\" sizes=\"(max-width:767px) 220px, 220px\" \/><br \/>\n\t\t\t\t\t\t\t\t\t\t\t\t\t<img decoding=\"async\" width=\"220\" height=\"101\" src=\"https:\/\/wjwsy.com\/wp-content\/uploads\/2024\/09\/\u56fe\u72472-1.png\" alt=\"\" srcset=\"https:\/\/wjwsy.com\/wp-content\/uploads\/2024\/09\/\u56fe\u72472-1.png 220w, https:\/\/wjwsy.com\/wp-content\/uploads\/2024\/09\/\u56fe\u72472-1-150x69.png 150w\" sizes=\"(max-width:767px) 220px, 220px\" \/>\t\t\t\t\t\t\t\t\t\t\t\t\t<\/p>\n<p><strong><b>USB4<\/b><\/strong><\/p>\n<p>Released on Aug 29, 2019, USB4\u2122 specification is a major update to USB technology to deliever the next-generation USB architecture that complements and builds upon the existing USB 3.2 and USB 2.0 architectures. The USB4\u2122 archetecture is based on the Thunderbolt\u2122 protocol specification recently contributed by Intel. It doubles the maximum aggregate bandwidth of USB and enables multiple simultaneous data and display protocols.<\/p>\n<p>Key characteristics of the USB4\u2122 solution includes:<\/p>\n<ul>\n<li>Two-lane operation using existing USB Type-C cables and up to 40Gbps operation over 40Gbps certified cables<\/li>\n<li>Multiple data and display protocols that efficiently share the maximum aggregate bandwidth<\/li>\n<li>Backward compatibility with USB 3.2, USB 2.0 and Thunderbolt 3<\/li>\n<\/ul>\n<p>As a contributor to the development of numerous USB standards, including being one of the main authors of USB Type C locking connector specification, Newnex has been actively participating activities for USB4 standard development and is working on USB4 enabled products.<\/p>\n<p>\t\t\t\t\t\t\t\t\t\t\t\t\t<img fetchpriority=\"high\" decoding=\"async\" width=\"384\" height=\"210\" src=\"https:\/\/wjwsy.com\/wp-content\/uploads\/2024\/09\/\u56fe\u72474-1.png\" alt=\"\" srcset=\"https:\/\/wjwsy.com\/wp-content\/uploads\/2024\/09\/\u56fe\u72474-1.png 384w, https:\/\/wjwsy.com\/wp-content\/uploads\/2024\/09\/\u56fe\u72474-1-300x164.png 300w, https:\/\/wjwsy.com\/wp-content\/uploads\/2024\/09\/\u56fe\u72474-1-137x75.png 137w\" sizes=\"(max-width:767px) 384px, 384px\" \/><br \/>\n\t\t\t\t\t\t\t\t\t\t\t\t\t<img loading=\"lazy\" decoding=\"async\" width=\"420\" height=\"241\" src=\"https:\/\/wjwsy.com\/wp-content\/uploads\/2024\/09\/\u56fe\u72475-1.png\" alt=\"\" srcset=\"https:\/\/wjwsy.com\/wp-content\/uploads\/2024\/09\/\u56fe\u72475-1.png 420w, https:\/\/wjwsy.com\/wp-content\/uploads\/2024\/09\/\u56fe\u72475-1-300x172.png 300w, https:\/\/wjwsy.com\/wp-content\/uploads\/2024\/09\/\u56fe\u72475-1-131x75.png 131w\" sizes=\"(max-width:767px) 420px, 420px\" \/>\t\t\t\t\t\t\t\t\t\t\t\t\t<\/p>\n<p><strong><b>USB 3.2 Gen 2 \u2012 SuperSpeed 10Gbps<\/b><\/strong><\/p>\n<p>First released in 2013, USB 3.1 Gen 2 is said to replace the USB 3.0 standard. The USB 3.1 standard came with two data transfer rate, 5Gbps SuperSpeed, also referred to as USB 3.1 Gen 1 and introduced a faster transfer rate called SuperSpeed 10 Gbps or SuperSpeed Plus, which increase the data signaling rate to 10 Gbps double the 5Gbps SuperSpeed, and reduced line encoding overhead to 3% by changing the encoding scheme to 128b\/132b. USB 3.1 is designed to be backward compatible to all previous USB generations, USB 2.0 and 3.0.<\/p>\n<p>Along with the USB 3.1 specification, a new type of USB connector end, USB C, was introduced to best support the USB 3.1 Gen 2 data rate and offered reversible plug orientation, 100W maximum PD (Power Delivery) standard and display alternate mode support. A full-featured Type-C male to male cable is also able to be reversible on host to device direction.<\/p>\n<p>\t\t\t\t\t\t\t\t\t\t\t\t\t<img loading=\"lazy\" decoding=\"async\" width=\"512\" height=\"202\" src=\"https:\/\/wjwsy.com\/wp-content\/uploads\/2024\/09\/\u56fe\u72476-1.png\" alt=\"\" srcset=\"https:\/\/wjwsy.com\/wp-content\/uploads\/2024\/09\/\u56fe\u72476-1.png 512w, https:\/\/wjwsy.com\/wp-content\/uploads\/2024\/09\/\u56fe\u72476-1-500x197.png 500w, https:\/\/wjwsy.com\/wp-content\/uploads\/2024\/09\/\u56fe\u72476-1-300x118.png 300w, https:\/\/wjwsy.com\/wp-content\/uploads\/2024\/09\/\u56fe\u72476-1-150x59.png 150w, https:\/\/wjwsy.com\/wp-content\/uploads\/2024\/09\/\u56fe\u72476-1-480x189.png 480w\" sizes=\"(max-width:767px) 480px, 512px\" \/><br \/>\n\t\t\t\t\t\t\t\t\t\t\t\t\t<img loading=\"lazy\" decoding=\"async\" width=\"301\" height=\"154\" src=\"https:\/\/wjwsy.com\/wp-content\/uploads\/2024\/09\/\u56fe\u72477-3.png\" alt=\"\" \/>\t\t\t\t\t\t\t\t\t\t\t\t\t<\/p>\n<p><strong><b>USB 3.0\/3.2 Gen 1 \u2012 SuperSpeed 5Gbps<\/b><\/strong><\/p>\n<p>First published in 2008, USB 3.0 offers the so called Super Speed data transmission speed up to 5 Gbps\/s, which is over 10 times faster than High Speed USB2.0 (480 Mbps\/sec). USB 3.0 significantly increases the data transfer throughput, power efficiency, and is backwards compatible with USB 2.0.<\/p>\n<p>With the ten times faster data transfer rate and improved power delivery, more industrial applications started to adopt USB 3.0 interface, such as high speed data transfer, medical and automation imaging sensor, video conference and surveillance security cameras, etc.<\/p>\n<p>Newnex has been actively participating in USB 3.0 technology development and leading the USB market by introducing a full line of innovative products.<\/p>\n<p>\t\t\t\t\t\t\t\t\t\t\t\t\t<img loading=\"lazy\" decoding=\"async\" width=\"300\" height=\"144\" src=\"https:\/\/wjwsy.com\/wp-content\/uploads\/2024\/09\/\u56fe\u72478-2-300x144.png\" alt=\"\" srcset=\"https:\/\/wjwsy.com\/wp-content\/uploads\/2024\/09\/\u56fe\u72478-2-300x144.png 300w, https:\/\/wjwsy.com\/wp-content\/uploads\/2024\/09\/\u56fe\u72478-2-150x72.png 150w, https:\/\/wjwsy.com\/wp-content\/uploads\/2024\/09\/\u56fe\u72478-2.png 475w\" sizes=\"(max-width:767px) 300px, 300px\" \/><br \/>\n\t\t\t\t\t\t\t\t\t\t\t\t\t<img loading=\"lazy\" decoding=\"async\" width=\"220\" height=\"101\" src=\"https:\/\/wjwsy.com\/wp-content\/uploads\/2024\/09\/\u56fe\u72479-1.png\" alt=\"\" srcset=\"https:\/\/wjwsy.com\/wp-content\/uploads\/2024\/09\/\u56fe\u72479-1.png 220w, https:\/\/wjwsy.com\/wp-content\/uploads\/2024\/09\/\u56fe\u72479-1-150x69.png 150w\" sizes=\"(max-width:767px) 220px, 220px\" \/>\t\t\t\t\t\t\t\t\t\t\t\t\t<\/p>\n<p><strong><b>USB 2.0 \u2012 High Speed<\/b><\/strong><\/p>\n<p>Having been around since the mid-1990s, the Universal Serial Bus (USB) interface is one of the most successful interfaces in the history of the computer hardware. Billions of PCs and PC peripherals\u2014such as the mouse, the keyboard, webcams, and many others\u2014have utilized USB technology to provide reliable connections, data communication, and power charging.<\/p>\n<p>Released in April 2000, the USB 2.0 specification increased the USB maximum data rate to 480 Mb\/s, also known as High Speed USB data rate, in addition to the USB 1.x Full Speed data rate of 12 Mb\/s. Despite the later USB generations, until today USB 2.0 still remains the most popular USB interface due to its low cost advantage and implementation easiness.<\/p>\n<p>As the technology advanced and market grew, some important features of USB technology, such as Mini USB and Micro USB connector, USB On-The-Go, Battery Charging and Power Delivery was defined and included into USB 2.0 standard package.<\/p>","protected":false},"excerpt":{"rendered":"<p>USB4 Publicada el 29 de agosto de 2019, la especificaci\u00f3n USB4\u2122 es una actualizaci\u00f3n importante de la tecnolog\u00eda USB para entregar la arquitectura USB de pr\u00f3xima generaci\u00f3n que complementa y se basa en<span class=\"excerpt-hellip\"> [...]<\/span><\/p>","protected":false},"author":1,"featured_media":1340,"parent":11,"menu_order":0,"comment_status":"closed","ping_status":"closed","template":"","meta":{"_eb_attr":"","footnotes":""},"class_list":["post-640","page","type-page","status-publish","has-post-thumbnail","hentry"],"yoast_head":"<!-- This site is optimized with the Yoast SEO Premium plugin v23.7 (Yoast SEO v23.7) - https:\/\/yoast.com\/wordpress\/plugins\/seo\/ -->\n<title>USB Standard - Professional USB cable manufacturer<\/title>\n<meta name=\"description\" content=\"Differences between USB 3.2, USB4, and Thunderbolt protocols: detailed explanation of transmission speed and power supply characteristics.\" \/>\n<meta name=\"robots\" content=\"index, follow, max-snippet:-1, max-image-preview:large, max-video-preview:-1\" \/>\n<link rel=\"canonical\" href=\"https:\/\/www.wjwsy.com\/es\/blog-2\/usb-related-standards\/\" \/>\n<meta property=\"og:locale\" content=\"es_ES\" \/>\n<meta property=\"og:type\" content=\"article\" \/>\n<meta property=\"og:title\" content=\"USB Standard - Professional USB cable manufacturer\" \/>\n<meta property=\"og:description\" content=\"Differences between USB 3.2, USB4, and Thunderbolt protocols: detailed explanation of transmission speed and power supply characteristics.\" \/>\n<meta property=\"og:url\" content=\"https:\/\/www.wjwsy.com\/es\/blog-2\/usb-related-standards\/\" \/>\n<meta property=\"og:site_name\" content=\"Professional USB cable manufacturer\" \/>\n<meta property=\"article:modified_time\" content=\"2025-11-07T09:43:22+00:00\" \/>\n<meta property=\"og:image\" content=\"https:\/\/www.wjwsy.com\/wp-content\/uploads\/2024\/09\/\u56fe\u72472-3.png\" \/>\n\t<meta property=\"og:image:width\" content=\"220\" \/>\n\t<meta property=\"og:image:height\" content=\"101\" \/>\n\t<meta property=\"og:image:type\" content=\"image\/png\" \/>\n<meta name=\"twitter:card\" content=\"summary_large_image\" \/>\n<meta name=\"twitter:label1\" content=\"Tiempo de lectura\" \/>\n\t<meta name=\"twitter:data1\" content=\"5 minutos\" \/>\n<script type=\"application\/ld+json\" class=\"yoast-schema-graph\">{\"@context\":\"https:\/\/schema.org\",\"@graph\":[{\"@type\":\"WebPage\",\"@id\":\"https:\/\/www.wjwsy.com\/blog-2\/usb-related-standards\/\",\"url\":\"https:\/\/www.wjwsy.com\/blog-2\/usb-related-standards\/\",\"name\":\"USB Standard - Professional USB cable manufacturer\",\"isPartOf\":{\"@id\":\"https:\/\/www.wjwsy.com\/#website\"},\"primaryImageOfPage\":{\"@id\":\"https:\/\/www.wjwsy.com\/blog-2\/usb-related-standards\/#primaryimage\"},\"image\":{\"@id\":\"https:\/\/www.wjwsy.com\/blog-2\/usb-related-standards\/#primaryimage\"},\"thumbnailUrl\":\"https:\/\/www.wjwsy.com\/wp-content\/uploads\/2024\/09\/\u56fe\u72472-3.png\",\"datePublished\":\"2024-09-03T02:13:14+00:00\",\"dateModified\":\"2025-11-07T09:43:22+00:00\",\"description\":\"Differences between USB 3.2, USB4, and Thunderbolt protocols: detailed explanation of transmission speed and power supply characteristics.\",\"breadcrumb\":{\"@id\":\"https:\/\/www.wjwsy.com\/blog-2\/usb-related-standards\/#breadcrumb\"},\"inLanguage\":\"es\",\"potentialAction\":[{\"@type\":\"ReadAction\",\"target\":[\"https:\/\/www.wjwsy.com\/blog-2\/usb-related-standards\/\"]}]},{\"@type\":\"ImageObject\",\"inLanguage\":\"es\",\"@id\":\"https:\/\/www.wjwsy.com\/blog-2\/usb-related-standards\/#primaryimage\",\"url\":\"https:\/\/www.wjwsy.com\/wp-content\/uploads\/2024\/09\/\u56fe\u72472-3.png\",\"contentUrl\":\"https:\/\/www.wjwsy.com\/wp-content\/uploads\/2024\/09\/\u56fe\u72472-3.png\",\"width\":220,\"height\":101},{\"@type\":\"BreadcrumbList\",\"@id\":\"https:\/\/www.wjwsy.com\/blog-2\/usb-related-standards\/#breadcrumb\",\"itemListElement\":[{\"@type\":\"ListItem\",\"position\":1,\"name\":\"\u9996\u9875\",\"item\":\"https:\/\/www.wjwsy.com\/\"},{\"@type\":\"ListItem\",\"position\":2,\"name\":\"Blog\",\"item\":\"https:\/\/www.wjwsy.com\/blog-2\/\"},{\"@type\":\"ListItem\",\"position\":3,\"name\":\"USB Related Standards\"}]},{\"@type\":\"WebSite\",\"@id\":\"https:\/\/www.wjwsy.com\/#website\",\"url\":\"https:\/\/www.wjwsy.com\/\",\"name\":\"wjwsy.com\",\"description\":\"Delivering High-Quality, Reliable USB Cables for Every Industry\",\"publisher\":{\"@id\":\"https:\/\/www.wjwsy.com\/#organization\"},\"potentialAction\":[{\"@type\":\"SearchAction\",\"target\":{\"@type\":\"EntryPoint\",\"urlTemplate\":\"https:\/\/www.wjwsy.com\/?s={search_term_string}\"},\"query-input\":{\"@type\":\"PropertyValueSpecification\",\"valueRequired\":true,\"valueName\":\"search_term_string\"}}],\"inLanguage\":\"es\"},{\"@type\":\"Organization\",\"@id\":\"https:\/\/www.wjwsy.com\/#organization\",\"name\":\"wjwsy.com\",\"url\":\"https:\/\/www.wjwsy.com\/\",\"logo\":{\"@type\":\"ImageObject\",\"inLanguage\":\"es\",\"@id\":\"https:\/\/www.wjwsy.com\/#\/schema\/logo\/image\/\",\"url\":\"\",\"contentUrl\":\"\",\"caption\":\"wjwsy.com\"},\"image\":{\"@id\":\"https:\/\/www.wjwsy.com\/#\/schema\/logo\/image\/\"}}]}<\/script>\n<!-- \/ Yoast SEO Premium plugin. -->","yoast_head_json":{"title":"USB Standard - Professional USB cable manufacturer","description":"Differences between USB 3.2, USB4, and Thunderbolt protocols: detailed explanation of transmission speed and power supply characteristics.","robots":{"index":"index","follow":"follow","max-snippet":"max-snippet:-1","max-image-preview":"max-image-preview:large","max-video-preview":"max-video-preview:-1"},"canonical":"https:\/\/www.wjwsy.com\/es\/blog-2\/usb-related-standards\/","og_locale":"es_ES","og_type":"article","og_title":"USB Standard - Professional USB cable manufacturer","og_description":"Differences between USB 3.2, USB4, and Thunderbolt protocols: detailed explanation of transmission speed and power supply characteristics.","og_url":"https:\/\/www.wjwsy.com\/es\/blog-2\/usb-related-standards\/","og_site_name":"Professional USB cable manufacturer","article_modified_time":"2025-11-07T09:43:22+00:00","og_image":[{"width":220,"height":101,"url":"https:\/\/www.wjwsy.com\/wp-content\/uploads\/2024\/09\/\u56fe\u72472-3.png","type":"image\/png"}],"twitter_card":"summary_large_image","twitter_misc":{"Tiempo de lectura":"5 minutos"},"schema":{"@context":"https:\/\/schema.org","@graph":[{"@type":"WebPage","@id":"https:\/\/www.wjwsy.com\/blog-2\/usb-related-standards\/","url":"https:\/\/www.wjwsy.com\/blog-2\/usb-related-standards\/","name":"USB Standard - Professional USB cable manufacturer","isPartOf":{"@id":"https:\/\/www.wjwsy.com\/#website"},"primaryImageOfPage":{"@id":"https:\/\/www.wjwsy.com\/blog-2\/usb-related-standards\/#primaryimage"},"image":{"@id":"https:\/\/www.wjwsy.com\/blog-2\/usb-related-standards\/#primaryimage"},"thumbnailUrl":"https:\/\/www.wjwsy.com\/wp-content\/uploads\/2024\/09\/\u56fe\u72472-3.png","datePublished":"2024-09-03T02:13:14+00:00","dateModified":"2025-11-07T09:43:22+00:00","description":"Differences between USB 3.2, USB4, and Thunderbolt protocols: detailed explanation of transmission speed and power supply characteristics.","breadcrumb":{"@id":"https:\/\/www.wjwsy.com\/blog-2\/usb-related-standards\/#breadcrumb"},"inLanguage":"es","potentialAction":[{"@type":"ReadAction","target":["https:\/\/www.wjwsy.com\/blog-2\/usb-related-standards\/"]}]},{"@type":"ImageObject","inLanguage":"es","@id":"https:\/\/www.wjwsy.com\/blog-2\/usb-related-standards\/#primaryimage","url":"https:\/\/www.wjwsy.com\/wp-content\/uploads\/2024\/09\/\u56fe\u72472-3.png","contentUrl":"https:\/\/www.wjwsy.com\/wp-content\/uploads\/2024\/09\/\u56fe\u72472-3.png","width":220,"height":101},{"@type":"BreadcrumbList","@id":"https:\/\/www.wjwsy.com\/blog-2\/usb-related-standards\/#breadcrumb","itemListElement":[{"@type":"ListItem","position":1,"name":"\u9996\u9875","item":"https:\/\/www.wjwsy.com\/"},{"@type":"ListItem","position":2,"name":"Blog","item":"https:\/\/www.wjwsy.com\/blog-2\/"},{"@type":"ListItem","position":3,"name":"USB Related Standards"}]},{"@type":"WebSite","@id":"https:\/\/www.wjwsy.com\/#website","url":"https:\/\/www.wjwsy.com\/","name":"wjwsy.com","description":"Delivering High-Quality, Reliable USB Cables for Every Industry","publisher":{"@id":"https:\/\/www.wjwsy.com\/#organization"},"potentialAction":[{"@type":"SearchAction","target":{"@type":"EntryPoint","urlTemplate":"https:\/\/www.wjwsy.com\/?s={search_term_string}"},"query-input":{"@type":"PropertyValueSpecification","valueRequired":true,"valueName":"search_term_string"}}],"inLanguage":"es"},{"@type":"Organization","@id":"https:\/\/www.wjwsy.com\/#organization","name":"wjwsy.com","url":"https:\/\/www.wjwsy.com\/","logo":{"@type":"ImageObject","inLanguage":"es","@id":"https:\/\/www.wjwsy.com\/#\/schema\/logo\/image\/","url":"","contentUrl":"","caption":"wjwsy.com"},"image":{"@id":"https:\/\/www.wjwsy.com\/#\/schema\/logo\/image\/"}}]}},"_links":{"self":[{"href":"https:\/\/www.wjwsy.com\/es\/wp-json\/wp\/v2\/pages\/640","targetHints":{"allow":["GET"]}}],"collection":[{"href":"https:\/\/www.wjwsy.com\/es\/wp-json\/wp\/v2\/pages"}],"about":[{"href":"https:\/\/www.wjwsy.com\/es\/wp-json\/wp\/v2\/types\/page"}],"author":[{"embeddable":true,"href":"https:\/\/www.wjwsy.com\/es\/wp-json\/wp\/v2\/users\/1"}],"replies":[{"embeddable":true,"href":"https:\/\/www.wjwsy.com\/es\/wp-json\/wp\/v2\/comments?post=640"}],"version-history":[{"count":0,"href":"https:\/\/www.wjwsy.com\/es\/wp-json\/wp\/v2\/pages\/640\/revisions"}],"up":[{"embeddable":true,"href":"https:\/\/www.wjwsy.com\/es\/wp-json\/wp\/v2\/pages\/11"}],"wp:featuredmedia":[{"embeddable":true,"href":"https:\/\/www.wjwsy.com\/es\/wp-json\/wp\/v2\/media\/1340"}],"wp:attachment":[{"href":"https:\/\/www.wjwsy.com\/es\/wp-json\/wp\/v2\/media?parent=640"}],"curies":[{"name":"wp","href":"https:\/\/api.w.org\/{rel}","templated":true}]}}