{"id":15368,"date":"2026-01-04T09:28:59","date_gmt":"2026-01-04T09:28:59","guid":{"rendered":"https:\/\/www.wjwsy.com\/?page_id=15368"},"modified":"2026-04-17T08:47:58","modified_gmt":"2026-04-17T08:47:58","slug":"faq","status":"publish","type":"page","link":"https:\/\/www.wjwsy.com\/es\/faq\/","title":{"rendered":"Preguntas frecuentes"},"content":{"rendered":"<div data-elementor-type=\"wp-page\" data-elementor-id=\"15368\" class=\"elementor elementor-15368\" data-elementor-post-type=\"page\">\n\t\t\t\t\t\t<section data-particle_enable=\"false\" data-particle-mobile-disabled=\"false\" class=\"elementor-section elementor-top-section elementor-element elementor-element-0adc68e elementor-section-stretched elementor-section-boxed elementor-section-height-default elementor-section-height-default\" data-id=\"0adc68e\" data-element_type=\"section\" data-settings=\"{&quot;stretch_section&quot;:&quot;section-stretched&quot;}\">\n\t\t\t\t\t\t<div class=\"elementor-container elementor-column-gap-default\">\n\t\t\t\t\t<div class=\"elementor-column elementor-col-100 elementor-top-column elementor-element elementor-element-89b7bf5\" data-id=\"89b7bf5\" data-element_type=\"column\">\n\t\t\t<div class=\"elementor-widget-wrap elementor-element-populated\">\n\t\t\t\t<div data-particle_enable=\"false\" data-particle-mobile-disabled=\"false\" class=\"elementor-element elementor-element-ea0d24d e-flex e-con-boxed e-con e-parent\" data-id=\"ea0d24d\" data-element_type=\"container\">\n\t\t\t\t\t<div class=\"e-con-inner\">\n\t\t\t\t<div class=\"elementor-element elementor-element-90e0da7 elementor-widget elementor-widget-mfn_faq\" data-id=\"90e0da7\" data-element_type=\"widget\" data-widget_type=\"mfn_faq.default\">\n\t\t\t\t<div class=\"elementor-widget-container\">\n\t\t\t\t\t<div class=\"faq\"><div class=\"mfn-acc faq_wrapper  openAll\"><div class=\"question\" tabindex=\"0\" role=\"link\"><div class=\"title\"><span class=\"num\">1<\/span><i class=\"icon-plus acc-icon-plus\" aria-hidden=\"true\"><\/i><i class=\"icon-minus acc-icon-minus\" aria-hidden=\"true\"><\/i>\u00bfQu\u00e9 te eligi\u00f3?<\/div><div class=\"answer\"><p>\u2460 Servicio OEM\/ODM \u2461 Respuesta r\u00e1pida \u2462 Entrega veloz \u2463 M\u00e1xima calidad \u2464 Excelente servicio \u2465 1 a\u00f1o de garant\u00eda<\/p><\/div><\/div>\n<div class=\"question\" tabindex=\"0\" role=\"link\"><div class=\"title\"><span class=\"num\">2<\/span><i class=\"icon-plus acc-icon-plus\" aria-hidden=\"true\"><\/i><i class=\"icon-minus acc-icon-minus\" aria-hidden=\"true\"><\/i>\u00bfCu\u00e1l es su MOQ?<\/div><div class=\"answer\"><p>Cada producto tiene un MOQ diferente. Para pedidos OEM, nuestro MOQ es de 1000 unidades, pero podemos aceptar una cantidad menor para los productos si los tenemos en stock.<\/p><\/div><\/div>\n<div class=\"question\" tabindex=\"0\" role=\"link\"><div class=\"title\"><span class=\"num\">3<\/span><i class=\"icon-plus acc-icon-plus\" aria-hidden=\"true\"><\/i><i class=\"icon-minus acc-icon-minus\" aria-hidden=\"true\"><\/i>\u00bfPueden imprimir nuestro logotipo en el producto?<\/div><div class=\"answer\"><p>S\u00ed, como fabricantes de cables de carga, ofrecemos servicios OEM\/ODM. Podemos imprimir su logotipo, nombre de empresa, etiqueta, etc., seg\u00fan sus necesidades. Nos enfocamos en ayudarle a consolidar su marca y expandir su mercado.<\/p><\/div><\/div>\n<div class=\"question\" tabindex=\"0\" role=\"link\"><div class=\"title\"><span class=\"num\">4<\/span><i class=\"icon-plus acc-icon-plus\" aria-hidden=\"true\"><\/i><i class=\"icon-minus acc-icon-minus\" aria-hidden=\"true\"><\/i>\u00bfQu\u00e9 tipo de embalaje ofrecen?<\/div><div class=\"answer\"><p>Disponemos de cajas de colores, bolsas con cierre herm\u00e9tico y bolsas OPP. El embalaje est\u00e1ndar es la bolsa con cierre herm\u00e9tico; si prefiere la caja de color, podemos enviarle el troquelado para que dise\u00f1e el embalaje con su logotipo.<\/p><\/div><\/div>\n<div class=\"question\" tabindex=\"0\" role=\"link\"><div class=\"title\"><span class=\"num\">5<\/span><i class=\"icon-plus acc-icon-plus\" aria-hidden=\"true\"><\/i><i class=\"icon-minus acc-icon-minus\" aria-hidden=\"true\"><\/i>\u00bfCu\u00e1l es el plazo de entrega del pedido?<\/div><div class=\"answer\"><p>Si lo tenemos en stock, el env\u00edo se puede preparar en 2 d\u00edas laborables. Para pedidos OEM, p\u00f3ngase en contacto con nosotros para obtener m\u00e1s informaci\u00f3n.<\/p><\/div><\/div>\n<div class=\"question\" tabindex=\"0\" role=\"link\"><div class=\"title\"><span class=\"num\">6<\/span><i class=\"icon-plus acc-icon-plus\" aria-hidden=\"true\"><\/i><i class=\"icon-minus acc-icon-minus\" aria-hidden=\"true\"><\/i>\u00bfPodr\u00eda obtener las muestras para la prueba antes de realizar el pedido?<\/div><div class=\"answer\"><p>Yes, we offer free samples for quality tests or other business purposes.<\/p><\/div><\/div>\n<div class=\"question\" tabindex=\"0\" role=\"link\"><div class=\"title\"><span class=\"num\">7<\/span><i class=\"icon-plus acc-icon-plus\" aria-hidden=\"true\"><\/i><i class=\"icon-minus acc-icon-minus\" aria-hidden=\"true\"><\/i>\u00bfDispone de la certificaci\u00f3n MFI\/CE\/RoHS?<\/div><div class=\"answer\"><p>\u00a0S\u00ed, contamos con las certificaciones MFI\/CE\/RoHS. P\u00f3ngase en contacto con nosotros para obtener m\u00e1s informaci\u00f3n.<\/p><\/div><\/div>\n<div class=\"question\" tabindex=\"0\" role=\"link\"><div class=\"title\"><span class=\"num\">8<\/span><i class=\"icon-plus acc-icon-plus\" aria-hidden=\"true\"><\/i><i class=\"icon-minus acc-icon-minus\" aria-hidden=\"true\"><\/i>\u00bfCu\u00e1les son las condiciones de pago?<\/div><div class=\"answer\"><p>Dep\u00f3sito del 30% por adelantado, el saldo restante contra inspecci\u00f3n antes del env\u00edo.<\/p><\/div><\/div>\n<div class=\"question\" tabindex=\"0\" role=\"link\"><div class=\"title\"><span class=\"num\">9<\/span><i class=\"icon-plus acc-icon-plus\" aria-hidden=\"true\"><\/i><i class=\"icon-minus acc-icon-minus\" aria-hidden=\"true\"><\/i>\u00bfQu\u00e9 m\u00e9todos de pago aceptan?<\/div><div class=\"answer\"><p>Paypal, TT<\/p><\/div><\/div>\n<div class=\"question\" tabindex=\"0\" role=\"link\"><div class=\"title\"><span class=\"num\">10<\/span><i class=\"icon-plus acc-icon-plus\" aria-hidden=\"true\"><\/i><i class=\"icon-minus acc-icon-minus\" aria-hidden=\"true\"><\/i>\u00bfCu\u00e1nto cuesta el env\u00edo?<\/div><div class=\"answer\"><p>El costo del env\u00edo depende del peso y volumen del paquete. Podemos enviarle su paquete por DHL\/UPS (3-5 d\u00edas)\/FedEx\/TNT\/EMS (5-7 d\u00edas)\/Mar\u00edtimo\/Ferrocarril (25-38 d\u00edas). Elegiremos la opci\u00f3n de env\u00edo m\u00e1s segura y conveniente seg\u00fan sus necesidades. Tambi\u00e9n podemos enviar su paquete al almac\u00e9n de su agente de transporte en Shenzhen.<\/p><\/div><\/div>\n<div class=\"question\" tabindex=\"0\" role=\"link\"><div class=\"title\"><span class=\"num\">11<\/span><i class=\"icon-plus acc-icon-plus\" aria-hidden=\"true\"><\/i><i class=\"icon-minus acc-icon-minus\" aria-hidden=\"true\"><\/i>How about a warranty:<\/div><div class=\"answer\"><p>We offer 12 months warranty.<\/p><\/div><\/div>\n<\/div><\/div>\n\t\t\t\t<\/div>\n\t\t\t\t<\/div>\n\t\t\t\t\t<\/div>\n\t\t\t\t<\/div>\n\t\t\t\t\t<\/div>\n\t\t<\/div>\n\t\t\t\t\t<\/div>\n\t\t<\/section>\n\t\t\t\t<section data-particle_enable=\"false\" data-particle-mobile-disabled=\"false\" class=\"elementor-section elementor-top-section elementor-element elementor-element-eaff3ff elementor-section-boxed elementor-section-height-default elementor-section-height-default\" data-id=\"eaff3ff\" data-element_type=\"section\">\n\t\t\t\t\t\t<div class=\"elementor-container elementor-column-gap-default\">\n\t\t\t\t\t<div class=\"elementor-column elementor-col-100 elementor-top-column elementor-element elementor-element-ff5283d\" data-id=\"ff5283d\" data-element_type=\"column\">\n\t\t\t<div class=\"elementor-widget-wrap elementor-element-populated\">\n\t\t\t\t<div data-particle_enable=\"false\" data-particle-mobile-disabled=\"false\" class=\"elementor-element elementor-element-7a2e4d9 e-grid e-con-boxed e-con e-parent\" data-id=\"7a2e4d9\" data-element_type=\"container\">\n\t\t\t\t\t<div class=\"e-con-inner\">\n\t\t\t\t<div class=\"elementor-element elementor-element-ca83398 elementor-align-center elementor-widget elementor-widget-button\" data-id=\"ca83398\" data-element_type=\"widget\" data-widget_type=\"button.default\">\n\t\t\t\t<div class=\"elementor-widget-container\">\n\t\t\t\t\t\t\t\t\t<div class=\"elementor-button-wrapper\">\n\t\t\t\t\t<a class=\"elementor-button elementor-button-link elementor-size-sm\" href=\"https:\/\/www.wjwsy.com\/es\/our-factory\/\">\n\t\t\t\t\t\t<span class=\"elementor-button-content-wrapper\">\n\t\t\t\t\t\t\t\t\t<span class=\"elementor-button-text\">Visita a la f\u00e1brica<\/span>\n\t\t\t\t\t<\/span>\n\t\t\t\t\t<\/a>\n\t\t\t\t<\/div>\n\t\t\t\t\t\t\t\t<\/div>\n\t\t\t\t<\/div>\n\t\t\t\t<div class=\"elementor-element elementor-element-9886a4b elementor-align-center elementor-widget elementor-widget-button\" data-id=\"9886a4b\" data-element_type=\"widget\" data-widget_type=\"button.default\">\n\t\t\t\t<div class=\"elementor-widget-container\">\n\t\t\t\t\t\t\t\t\t<div class=\"elementor-button-wrapper\">\n\t\t\t\t\t<a class=\"elementor-button elementor-button-link elementor-size-sm\" href=\"https:\/\/www.wjwsy.com\/es\/about-wjwsy\/product-quality-assurance-and-certification\/\">\n\t\t\t\t\t\t<span class=\"elementor-button-content-wrapper\">\n\t\t\t\t\t\t\t\t\t<span class=\"elementor-button-text\">Certificaci\u00f3n<\/span>\n\t\t\t\t\t<\/span>\n\t\t\t\t\t<\/a>\n\t\t\t\t<\/div>\n\t\t\t\t\t\t\t\t<\/div>\n\t\t\t\t<\/div>\n\t\t\t\t<div class=\"elementor-element elementor-element-6d4d204 elementor-align-center elementor-widget elementor-widget-button\" data-id=\"6d4d204\" data-element_type=\"widget\" data-widget_type=\"button.default\">\n\t\t\t\t<div class=\"elementor-widget-container\">\n\t\t\t\t\t\t\t\t\t<div class=\"elementor-button-wrapper\">\n\t\t\t\t\t<a class=\"elementor-button elementor-button-link elementor-size-sm\" href=\"https:\/\/www.wjwsy.com\/es\/contact-us\/\">\n\t\t\t\t\t\t<span class=\"elementor-button-content-wrapper\">\n\t\t\t\t\t\t\t\t\t<span class=\"elementor-button-text\">Cont\u00e1ctanos<\/span>\n\t\t\t\t\t<\/span>\n\t\t\t\t\t<\/a>\n\t\t\t\t<\/div>\n\t\t\t\t\t\t\t\t<\/div>\n\t\t\t\t<\/div>\n\t\t\t\t\t<\/div>\n\t\t\t\t<\/div>\n\t\t\t\t\t<\/div>\n\t\t<\/div>\n\t\t\t\t\t<\/div>\n\t\t<\/section>\n\t\t\t\t<section data-particle_enable=\"false\" data-particle-mobile-disabled=\"false\" class=\"elementor-section elementor-top-section elementor-element elementor-element-81eb835 elementor-section-boxed elementor-section-height-default elementor-section-height-default\" data-id=\"81eb835\" data-element_type=\"section\">\n\t\t\t\t\t\t<div class=\"elementor-container elementor-column-gap-default\">\n\t\t\t\t\t<div class=\"elementor-column elementor-col-100 elementor-top-column elementor-element elementor-element-5ec2f48\" data-id=\"5ec2f48\" data-element_type=\"column\">\n\t\t\t<div class=\"elementor-widget-wrap\">\n\t\t\t\t\t\t\t<\/div>\n\t\t<\/div>\n\t\t\t\t\t<\/div>\n\t\t<\/section>\n\t\t\t\t<\/div>","protected":false},"excerpt":{"rendered":"<p>1What choose you? \u2460OEM\/ODM Service\u00a0 \u00a0 \u00a0\u2461Prompt response \u00a0\u00a0\u00a0\u00a0\u00a0\u2462Fast delivery\u00a0 \u00a0 \u00a0 \u00a0\u2463Best Quality\u00a0 \u00a0 \u00a0 \u00a0 \u2464Excellent service\u00a0 \u00a0 \u00a0 \u00a0 \u24651 year warranty 2What<span class=\"excerpt-hellip\"> [...]<\/span><\/p>","protected":false},"author":1,"featured_media":0,"parent":0,"menu_order":0,"comment_status":"closed","ping_status":"closed","template":"","meta":{"_eb_attr":"","footnotes":""},"class_list":["post-15368","page","type-page","status-publish","hentry"],"yoast_head":"<!-- This site is optimized with the Yoast SEO Premium plugin v23.7 (Yoast SEO v23.7) - https:\/\/yoast.com\/wordpress\/plugins\/seo\/ -->\n<title>FAQ - Professional USB cable manufacturer<\/title>\n<meta name=\"robots\" content=\"index, follow, max-snippet:-1, max-image-preview:large, max-video-preview:-1\" \/>\n<link rel=\"canonical\" href=\"https:\/\/www.wjwsy.com\/es\/faq\/\" \/>\n<meta property=\"og:locale\" content=\"es_ES\" \/>\n<meta property=\"og:type\" content=\"article\" \/>\n<meta property=\"og:title\" content=\"FAQ - Professional USB cable manufacturer\" \/>\n<meta property=\"og:description\" content=\"1What choose you? \u2460OEM\/ODM Service\u00a0 \u00a0 \u00a0\u2461Prompt response \u00a0\u00a0\u00a0\u00a0\u00a0\u2462Fast delivery\u00a0 \u00a0 \u00a0 \u00a0\u2463Best Quality\u00a0 \u00a0 \u00a0 \u00a0 \u2464Excellent service\u00a0 \u00a0 \u00a0 \u00a0 \u24651 year warranty 2What [\u2026]\" \/>\n<meta property=\"og:url\" content=\"https:\/\/www.wjwsy.com\/es\/faq\/\" \/>\n<meta property=\"og:site_name\" content=\"Professional USB cable manufacturer\" \/>\n<meta property=\"article:modified_time\" content=\"2026-04-17T08:47:58+00:00\" \/>\n<meta name=\"twitter:card\" content=\"summary_large_image\" \/>\n<meta name=\"twitter:label1\" content=\"Tiempo de lectura\" \/>\n\t<meta name=\"twitter:data1\" content=\"2 minutos\" \/>\n<script type=\"application\/ld+json\" class=\"yoast-schema-graph\">{\"@context\":\"https:\/\/schema.org\",\"@graph\":[{\"@type\":\"WebPage\",\"@id\":\"https:\/\/www.wjwsy.com\/faq\/\",\"url\":\"https:\/\/www.wjwsy.com\/faq\/\",\"name\":\"FAQ - Professional USB cable manufacturer\",\"isPartOf\":{\"@id\":\"https:\/\/www.wjwsy.com\/#website\"},\"datePublished\":\"2026-01-04T09:28:59+00:00\",\"dateModified\":\"2026-04-17T08:47:58+00:00\",\"breadcrumb\":{\"@id\":\"https:\/\/www.wjwsy.com\/faq\/#breadcrumb\"},\"inLanguage\":\"es\",\"potentialAction\":[{\"@type\":\"ReadAction\",\"target\":[\"https:\/\/www.wjwsy.com\/faq\/\"]}]},{\"@type\":\"BreadcrumbList\",\"@id\":\"https:\/\/www.wjwsy.com\/faq\/#breadcrumb\",\"itemListElement\":[{\"@type\":\"ListItem\",\"position\":1,\"name\":\"\u9996\u9875\",\"item\":\"https:\/\/www.wjwsy.com\/\"},{\"@type\":\"ListItem\",\"position\":2,\"name\":\"FAQ\"}]},{\"@type\":\"WebSite\",\"@id\":\"https:\/\/www.wjwsy.com\/#website\",\"url\":\"https:\/\/www.wjwsy.com\/\",\"name\":\"wjwsy.com\",\"description\":\"Delivering High-Quality, Reliable USB Cables for Every Industry\",\"publisher\":{\"@id\":\"https:\/\/www.wjwsy.com\/#organization\"},\"potentialAction\":[{\"@type\":\"SearchAction\",\"target\":{\"@type\":\"EntryPoint\",\"urlTemplate\":\"https:\/\/www.wjwsy.com\/?s={search_term_string}\"},\"query-input\":{\"@type\":\"PropertyValueSpecification\",\"valueRequired\":true,\"valueName\":\"search_term_string\"}}],\"inLanguage\":\"es\"},{\"@type\":\"Organization\",\"@id\":\"https:\/\/www.wjwsy.com\/#organization\",\"name\":\"wjwsy.com\",\"url\":\"https:\/\/www.wjwsy.com\/\",\"logo\":{\"@type\":\"ImageObject\",\"inLanguage\":\"es\",\"@id\":\"https:\/\/www.wjwsy.com\/#\/schema\/logo\/image\/\",\"url\":\"\",\"contentUrl\":\"\",\"caption\":\"wjwsy.com\"},\"image\":{\"@id\":\"https:\/\/www.wjwsy.com\/#\/schema\/logo\/image\/\"}}]}<\/script>\n<!-- \/ Yoast SEO Premium plugin. -->","yoast_head_json":{"title":"FAQ - Professional USB cable manufacturer","robots":{"index":"index","follow":"follow","max-snippet":"max-snippet:-1","max-image-preview":"max-image-preview:large","max-video-preview":"max-video-preview:-1"},"canonical":"https:\/\/www.wjwsy.com\/es\/faq\/","og_locale":"es_ES","og_type":"article","og_title":"FAQ - Professional USB cable manufacturer","og_description":"1What choose you? \u2460OEM\/ODM Service\u00a0 \u00a0 \u00a0\u2461Prompt response \u00a0\u00a0\u00a0\u00a0\u00a0\u2462Fast delivery\u00a0 \u00a0 \u00a0 \u00a0\u2463Best Quality\u00a0 \u00a0 \u00a0 \u00a0 \u2464Excellent service\u00a0 \u00a0 \u00a0 \u00a0 \u24651 year warranty 2What [\u2026]","og_url":"https:\/\/www.wjwsy.com\/es\/faq\/","og_site_name":"Professional USB cable manufacturer","article_modified_time":"2026-04-17T08:47:58+00:00","twitter_card":"summary_large_image","twitter_misc":{"Tiempo de lectura":"2 minutos"},"schema":{"@context":"https:\/\/schema.org","@graph":[{"@type":"WebPage","@id":"https:\/\/www.wjwsy.com\/faq\/","url":"https:\/\/www.wjwsy.com\/faq\/","name":"FAQ - Professional USB cable manufacturer","isPartOf":{"@id":"https:\/\/www.wjwsy.com\/#website"},"datePublished":"2026-01-04T09:28:59+00:00","dateModified":"2026-04-17T08:47:58+00:00","breadcrumb":{"@id":"https:\/\/www.wjwsy.com\/faq\/#breadcrumb"},"inLanguage":"es","potentialAction":[{"@type":"ReadAction","target":["https:\/\/www.wjwsy.com\/faq\/"]}]},{"@type":"BreadcrumbList","@id":"https:\/\/www.wjwsy.com\/faq\/#breadcrumb","itemListElement":[{"@type":"ListItem","position":1,"name":"\u9996\u9875","item":"https:\/\/www.wjwsy.com\/"},{"@type":"ListItem","position":2,"name":"FAQ"}]},{"@type":"WebSite","@id":"https:\/\/www.wjwsy.com\/#website","url":"https:\/\/www.wjwsy.com\/","name":"wjwsy.com","description":"Delivering High-Quality, Reliable USB Cables for Every Industry","publisher":{"@id":"https:\/\/www.wjwsy.com\/#organization"},"potentialAction":[{"@type":"SearchAction","target":{"@type":"EntryPoint","urlTemplate":"https:\/\/www.wjwsy.com\/?s={search_term_string}"},"query-input":{"@type":"PropertyValueSpecification","valueRequired":true,"valueName":"search_term_string"}}],"inLanguage":"es"},{"@type":"Organization","@id":"https:\/\/www.wjwsy.com\/#organization","name":"wjwsy.com","url":"https:\/\/www.wjwsy.com\/","logo":{"@type":"ImageObject","inLanguage":"es","@id":"https:\/\/www.wjwsy.com\/#\/schema\/logo\/image\/","url":"","contentUrl":"","caption":"wjwsy.com"},"image":{"@id":"https:\/\/www.wjwsy.com\/#\/schema\/logo\/image\/"}}]}},"_links":{"self":[{"href":"https:\/\/www.wjwsy.com\/es\/wp-json\/wp\/v2\/pages\/15368","targetHints":{"allow":["GET"]}}],"collection":[{"href":"https:\/\/www.wjwsy.com\/es\/wp-json\/wp\/v2\/pages"}],"about":[{"href":"https:\/\/www.wjwsy.com\/es\/wp-json\/wp\/v2\/types\/page"}],"author":[{"embeddable":true,"href":"https:\/\/www.wjwsy.com\/es\/wp-json\/wp\/v2\/users\/1"}],"replies":[{"embeddable":true,"href":"https:\/\/www.wjwsy.com\/es\/wp-json\/wp\/v2\/comments?post=15368"}],"version-history":[{"count":0,"href":"https:\/\/www.wjwsy.com\/es\/wp-json\/wp\/v2\/pages\/15368\/revisions"}],"wp:attachment":[{"href":"https:\/\/www.wjwsy.com\/es\/wp-json\/wp\/v2\/media?parent=15368"}],"curies":[{"name":"wp","href":"https:\/\/api.w.org\/{rel}","templated":true}]}}